{"id":27,"date":"2025-02-04T10:02:28","date_gmt":"2025-02-04T10:02:28","guid":{"rendered":"https:\/\/emeraldsring.com\/?post_type=product&#038;p=27"},"modified":"2025-04-28T20:00:16","modified_gmt":"2025-04-28T15:00:16","slug":"elegant-s925-sterling-silver-hollow-water-foam-jade-ring-with-zircon-inlay","status":"publish","type":"product","link":"https:\/\/emeraldsring.com\/es\/producto\/elegant-s925-sterling-silver-hollow-water-foam-jade-ring-with-zircon-inlay\/","title":{"rendered":"Elegante S925 plata esterlina hueca espuma de agua jade anillo de bodas incrustaci\u00f3n de circ\u00f3n"},"content":{"rendered":"<div data-elementor-type=\"wp-post\" data-elementor-id=\"27\" class=\"elementor elementor-27\" data-elementor-post-type=\"product\">\n\t\t\t\t<div class=\"elementor-element elementor-element-279796b2 e-flex e-con-boxed e-con e-parent\" data-id=\"279796b2\" data-element_type=\"container\">\n\t\t\t\t\t<div class=\"e-con-inner\">\n\t\t<div class=\"elementor-element elementor-element-89d47b8 e-con-full e-flex e-con e-child\" data-id=\"89d47b8\" data-element_type=\"container\">\n\t\t\t\t<div class=\"elementor-element elementor-element-82d7429 elementor-widget elementor-widget-video\" data-id=\"82d7429\" data-element_type=\"widget\" data-settings=\"{&quot;youtube_url&quot;:&quot;https:\\\/\\\/www.youtube.com\\\/watch?v=fHmXKQ-CQoI&quot;,&quot;loop&quot;:&quot;yes&quot;,&quot;video_type&quot;:&quot;youtube&quot;,&quot;controls&quot;:&quot;yes&quot;}\" data-widget_type=\"video.default\">\n\t\t\t\t<div class=\"elementor-widget-container\">\n\t\t\t\t\t\t\t<div class=\"elementor-wrapper elementor-open-inline\">\n\t\t\t<div class=\"elementor-video\"><\/div>\t\t<\/div>\n\t\t\t\t\t\t<\/div>\n\t\t\t\t<\/div>\n\t\t\t\t<\/div>\n\t\t\t\t<div class=\"elementor-element elementor-element-28cb2517 elementor-widget elementor-widget-text-editor\" data-id=\"28cb2517\" data-element_type=\"widget\" data-widget_type=\"text-editor.default\">\n\t\t\t\t<div class=\"elementor-widget-container\">\n\t\t\t\t\t\t\t\t\t<p><strong>Visi\u00f3n general:<\/strong><br \/>A\u00f1ada un toque de elegancia atemporal a su colecci\u00f3n de joyas con este <strong>Anillo de esmeralda de plata de ley 925<\/strong>. Dise\u00f1ada con precisi\u00f3n y elaborada con materiales de alta calidad, esta pieza central de esmeralda de talla radiante se complementa con brillantes detalles de diamantes de alto carbono. Una pieza de lujo perfecta para compromisos, aniversarios o como accesorio para cualquier ocasi\u00f3n.<\/p><p><strong>Caracter\u00edsticas:<\/strong><\/p><ul><li><strong>Material de primera calidad:<\/strong> Fabricado en plata de ley 925, lo que garantiza su durabilidad, propiedades hipoalerg\u00e9nicas y un acabado pulido.<\/li><li><strong>Esmeralda talla radiante:<\/strong> La vibrante pieza central verde (9 mm x 11 mm) irradia elegancia y sofisticaci\u00f3n, convirti\u00e9ndola en un cautivador punto focal.<\/li><li><strong>Acentos de diamante de alto carbono:<\/strong> Realzan la chispa y el brillo del anillo, ofreciendo un aspecto lujoso sin renunciar a la asequibilidad.<\/li><li><strong>Dise\u00f1o c\u00f3modo:<\/strong> Ligero y perfectamente elaborado para un ajuste c\u00f3modo en cualquier dedo.<\/li><li><strong>Estilo vers\u00e1til:<\/strong> Adecuado para bodas, fiestas, aniversarios o para llevar a diario.<\/li><\/ul><p><strong>Especificaciones:<\/strong><\/p><ul><li><strong>Material:<\/strong> Plata de ley 925<\/li><li><strong>Piedra principal:<\/strong> Esmeralda talla radiante (9 mm x 11 mm)<\/li><li><strong>Piedras de acento:<\/strong> Diamantes con alto contenido en carbono<\/li><li><strong>Peso:<\/strong> Aproximadamente 5,0 g<\/li><li><strong>Estilo:<\/strong> Elegante y moderno<\/li><\/ul><p><strong>Instrucciones de cuidado:<\/strong><\/p><ul><li>Evite la exposici\u00f3n a productos qu\u00edmicos agresivos y perfumes.<\/li><li>Gu\u00e1rdelo en un joyero o en una bolsa de tela suave cuando no lo utilice.<\/li><li>Limpiar con un pa\u00f1o suave y seco para mantener el brillo.<\/li><\/ul><p><strong>Eleva tu look:<\/strong><br \/>Este anillo de esmeralda es el ep\u00edtome de la gracia y la belleza, dise\u00f1ado para mujeres que aprecian la joyer\u00eda refinada y lujosa. Tanto si asiste a un evento formal como si desea realzar su estilo cotidiano, esta pieza atraer\u00e1 todas las miradas y dejar\u00e1 una impresi\u00f3n duradera.<\/p><p>\u00a0<\/p>\t\t\t\t\t\t\t\t<\/div>\n\t\t\t\t<\/div>\n\t\t\t\t\t<\/div>\n\t\t\t\t<\/div>\n\t\t\t\t<\/div>","protected":false},"excerpt":{"rendered":"<p><strong>\u00bfPor qu\u00e9 elegir este anillo de esmeraldas?<\/strong><\/p>\n<ol>\n<li><strong>Elegancia atemporal:<\/strong> La gema esmeralda de talla radiante irradia lujo y clase, convirti\u00e9ndola en un complemento destacado para cualquier atuendo.<\/li>\n<li><strong>Artesan\u00eda exquisita:<\/strong> Cada detalle est\u00e1 meticulosamente elaborado, desde los detalles de diamantes de alto carbono hasta la banda de plata de ley pulida.<\/li>\n<li><strong>El regalo perfecto:<\/strong> Un regalo atento y sorprendente para sus seres queridos en ocasiones especiales como cumplea\u00f1os, compromisos, aniversarios o vacaciones.<\/li>\n<li><strong>Lujo asequible:<\/strong> Disfrute del aspecto de la joyer\u00eda de alta gama sin arruinarse.<\/li>\n<\/ol>","protected":false},"featured_media":104,"comment_status":"open","ping_status":"closed","template":"","meta":{"_kad_post_transparent":"","_kad_post_title":"","_kad_post_layout":"","_kad_post_sidebar_id":"","_kad_post_content_style":"","_kad_post_vertical_padding":"","_kad_post_feature":"","_kad_post_feature_position":"","_kad_post_header":false,"_kad_post_footer":false},"product_brand":[],"product_cat":[16,17,23,20,24,15],"product_tag":[25],"class_list":{"0":"post-27","1":"product","2":"type-product","3":"status-publish","4":"has-post-thumbnail","6":"product_cat-emerald-ring","7":"product_cat-engagement-ring","8":"product_cat-jade-ring","9":"product_cat-oval-ring","10":"product_cat-ring","11":"product_cat-rings","12":"product_tag-jade-ring","14":"first","15":"instock","16":"featured","17":"shipping-taxable","18":"purchasable","19":"product-type-variable","20":"entry","21":"content-bg","22":"loop-entry"},"aioseo_notices":[],"_links":{"self":[{"href":"https:\/\/emeraldsring.com\/es\/wp-json\/wp\/v2\/product\/27","targetHints":{"allow":["GET"]}}],"collection":[{"href":"https:\/\/emeraldsring.com\/es\/wp-json\/wp\/v2\/product"}],"about":[{"href":"https:\/\/emeraldsring.com\/es\/wp-json\/wp\/v2\/types\/product"}],"replies":[{"embeddable":true,"href":"https:\/\/emeraldsring.com\/es\/wp-json\/wp\/v2\/comments?post=27"}],"version-history":[{"count":10,"href":"https:\/\/emeraldsring.com\/es\/wp-json\/wp\/v2\/product\/27\/revisions"}],"predecessor-version":[{"id":1491,"href":"https:\/\/emeraldsring.com\/es\/wp-json\/wp\/v2\/product\/27\/revisions\/1491"}],"wp:featuredmedia":[{"embeddable":true,"href":"https:\/\/emeraldsring.com\/es\/wp-json\/wp\/v2\/media\/104"}],"wp:attachment":[{"href":"https:\/\/emeraldsring.com\/es\/wp-json\/wp\/v2\/media?parent=27"}],"wp:term":[{"taxonomy":"product_brand","embeddable":true,"href":"https:\/\/emeraldsring.com\/es\/wp-json\/wp\/v2\/product_brand?post=27"},{"taxonomy":"product_cat","embeddable":true,"href":"https:\/\/emeraldsring.com\/es\/wp-json\/wp\/v2\/product_cat?post=27"},{"taxonomy":"product_tag","embeddable":true,"href":"https:\/\/emeraldsring.com\/es\/wp-json\/wp\/v2\/product_tag?post=27"}],"curies":[{"name":"wp","href":"https:\/\/api.w.org\/{rel}","templated":true}]}}