{"id":28,"date":"2025-02-04T10:02:28","date_gmt":"2025-02-04T10:02:28","guid":{"rendered":"https:\/\/emeraldsring.com\/?post_type=product&#038;p=28"},"modified":"2025-04-28T20:00:13","modified_gmt":"2025-04-28T15:00:13","slug":"elegant-925-sterling-silver-oval-cut-emerald-ring","status":"publish","type":"product","link":"https:\/\/emeraldsring.com\/es\/producto\/elegant-925-sterling-silver-oval-cut-emerald-ring\/","title":{"rendered":"Elegante anillo de compromiso de plata de ley 925 con esmeralda de talla ovalada"},"content":{"rendered":"<div data-elementor-type=\"wp-post\" data-elementor-id=\"28\" class=\"elementor elementor-28\" data-elementor-post-type=\"product\">\n\t\t\t\t<div class=\"elementor-element elementor-element-5071e329 e-flex e-con-boxed e-con e-parent\" data-id=\"5071e329\" data-element_type=\"container\">\n\t\t\t\t\t<div class=\"e-con-inner\">\n\t\t<div class=\"elementor-element elementor-element-b6d7db2 e-con-full e-flex e-con e-child\" data-id=\"b6d7db2\" data-element_type=\"container\">\n\t\t\t\t<div class=\"elementor-element elementor-element-0397cee elementor-widget elementor-widget-video\" data-id=\"0397cee\" data-element_type=\"widget\" data-settings=\"{&quot;youtube_url&quot;:&quot;https:\\\/\\\/youtube.com\\\/watch?v=kpS02AI3ho4&quot;,&quot;loop&quot;:&quot;yes&quot;,&quot;video_type&quot;:&quot;youtube&quot;,&quot;controls&quot;:&quot;yes&quot;}\" data-widget_type=\"video.default\">\n\t\t\t\t<div class=\"elementor-widget-container\">\n\t\t\t\t\t\t\t<div class=\"elementor-wrapper elementor-open-inline\">\n\t\t\t<div class=\"elementor-video\"><\/div>\t\t<\/div>\n\t\t\t\t\t\t<\/div>\n\t\t\t\t<\/div>\n\t\t\t\t<\/div>\n\t\t\t\t<div class=\"elementor-element elementor-element-58130f9b elementor-widget elementor-widget-text-editor\" data-id=\"58130f9b\" data-element_type=\"widget\" data-widget_type=\"text-editor.default\">\n\t\t\t\t<div class=\"elementor-widget-container\">\n\t\t\t\t\t\t\t\t\t<p><strong>Visi\u00f3n general:<\/strong> Presentamos nuestro <strong>Anillo de esmeralda talla oval de plata de ley 925<\/strong>Una obra maestra que encarna la elegancia y la sofisticaci\u00f3n. Este anillo exhibe una vibrante esmeralda de talla ovalada en su centro, flanqueada por brillantes piedras de circonita c\u00fabica, todo ello engastado en plata de ley de alta calidad.<\/p><p><strong>Caracter\u00edsticas:<\/strong><\/p><ul><li><strong>Material de primera calidad:<\/strong> Fabricado en aut\u00e9ntica plata de ley 925, lo que garantiza su durabilidad y un acabado radiante.<\/li><li><strong>Esmeralda talla oval:<\/strong> La pieza central presenta una esmeralda oval meticulosamente tallada, famosa por su intenso tono verde y su claridad.<\/li><li><strong>Detalles de circonita c\u00fabica:<\/strong> Adornado con piedras de circonita c\u00fabica de alta calidad que realzan el brillo y el encanto del anillo.<\/li><li><strong>Dise\u00f1o atemporal:<\/strong> La cl\u00e1sica combinaci\u00f3n de esmeralda y plata de ley ofrece un accesorio vers\u00e1til apto para cualquier ocasi\u00f3n.<\/li><li><strong>Ajuste c\u00f3modo:<\/strong> Dise\u00f1ada con una banda suave para llevarla c\u00f3modamente todo el d\u00eda.<\/li><\/ul><p><strong>Especificaciones:<\/strong><\/p><ul><li><strong>Material:<\/strong> Plata de ley 925<\/li><li><strong>Piedra principal:<\/strong> Esmeralda talla oval<\/li><li><strong>Piedras de acento:<\/strong> Circonio c\u00fabico<\/li><li><strong>Tallas disponibles:<\/strong> Tallas de anillo US 5-9<\/li><li><strong>Ancho de banda:<\/strong> Aproximadamente 2 mm<\/li><\/ul><p><strong>Instrucciones de cuidado:<\/strong><\/p><ul><li><strong>Evite los productos qu\u00edmicos:<\/strong> Mant\u00e9ngase alejado de productos qu\u00edmicos y de limpieza agresivos para conservar el brillo del metal.<\/li><li><strong>Almacenamiento:<\/strong> Gu\u00e1rdelo en un estuche de joyer\u00eda suave para evitar que se raye o deslustre.<\/li><li><strong>Limpieza:<\/strong> Lustre suavemente con un pa\u00f1o suave para mantener el brillo y el resplandor.<\/li><\/ul><p><strong>Mejore su colecci\u00f3n de joyas:<\/strong><\/p><p>Este anillo de esmeraldas de plata de ley 925 es m\u00e1s que un accesorio: es una pieza que refleja gracia y estilo. Tanto si te lo regalas a ti misma como si se lo regalas a alguien especial, este anillo se convertir\u00e1 en un preciado complemento de cualquier colecci\u00f3n de joyas.<\/p><p><em>Nota: Debido a las caracter\u00edsticas naturales de las piedras preciosas, pueden producirse ligeras variaciones de color e inclusiones, lo que hace que cada anillo tenga una belleza \u00fanica.<\/em><\/p><p>\u00a0<\/p><p>\u00a0<\/p>\t\t\t\t\t\t\t\t<\/div>\n\t\t\t\t<\/div>\n\t\t\t\t\t<\/div>\n\t\t\t\t<\/div>\n\t\t\t\t<\/div>","protected":false},"excerpt":{"rendered":"<p><strong>\u00bfPor qu\u00e9 elegir este anillo de esmeraldas?<\/strong><\/p>\n<ol>\n<li><strong>Elegancia sin igual:<\/strong> La armoniosa mezcla de esmeralda y circonita c\u00fabica desprende un encanto atemporal.<\/li>\n<li><strong>Artesan\u00eda superior:<\/strong> Cada anillo se elabora meticulosamente para cumplir los m\u00e1s altos est\u00e1ndares de calidad.<\/li>\n<li><strong>Accesorio vers\u00e1til:<\/strong> Perfecta tanto para el d\u00eda a d\u00eda como para ocasiones especiales, a\u00f1ade un toque de sofisticaci\u00f3n a cualquier atuendo.<\/li>\n<li><strong>Un regalo bien pensado:<\/strong> Un regalo ideal para aniversarios, cumplea\u00f1os o como s\u00edmbolo de amor y compromiso.<\/li>\n<\/ol>","protected":false},"featured_media":112,"comment_status":"open","ping_status":"closed","template":"","meta":{"_kad_post_transparent":"","_kad_post_title":"","_kad_post_layout":"","_kad_post_sidebar_id":"","_kad_post_content_style":"","_kad_post_vertical_padding":"","_kad_post_feature":"","_kad_post_feature_position":"","_kad_post_header":false,"_kad_post_footer":false},"product_brand":[],"product_cat":[16,89,17,67,15],"product_tag":[18],"class_list":{"0":"post-28","1":"product","2":"type-product","3":"status-publish","4":"has-post-thumbnail","6":"product_cat-emerald-ring","7":"product_cat-engagement-and-wedding","8":"product_cat-engagement-ring","9":"product_cat-lab-grown-gemstones-ring","10":"product_cat-rings","11":"product_tag-emerald-ring","13":"first","14":"instock","15":"shipping-taxable","16":"purchasable","17":"product-type-variable","18":"entry","19":"content-bg","20":"loop-entry"},"aioseo_notices":[],"_links":{"self":[{"href":"https:\/\/emeraldsring.com\/es\/wp-json\/wp\/v2\/product\/28","targetHints":{"allow":["GET"]}}],"collection":[{"href":"https:\/\/emeraldsring.com\/es\/wp-json\/wp\/v2\/product"}],"about":[{"href":"https:\/\/emeraldsring.com\/es\/wp-json\/wp\/v2\/types\/product"}],"replies":[{"embeddable":true,"href":"https:\/\/emeraldsring.com\/es\/wp-json\/wp\/v2\/comments?post=28"}],"version-history":[{"count":14,"href":"https:\/\/emeraldsring.com\/es\/wp-json\/wp\/v2\/product\/28\/revisions"}],"predecessor-version":[{"id":1450,"href":"https:\/\/emeraldsring.com\/es\/wp-json\/wp\/v2\/product\/28\/revisions\/1450"}],"wp:featuredmedia":[{"embeddable":true,"href":"https:\/\/emeraldsring.com\/es\/wp-json\/wp\/v2\/media\/112"}],"wp:attachment":[{"href":"https:\/\/emeraldsring.com\/es\/wp-json\/wp\/v2\/media?parent=28"}],"wp:term":[{"taxonomy":"product_brand","embeddable":true,"href":"https:\/\/emeraldsring.com\/es\/wp-json\/wp\/v2\/product_brand?post=28"},{"taxonomy":"product_cat","embeddable":true,"href":"https:\/\/emeraldsring.com\/es\/wp-json\/wp\/v2\/product_cat?post=28"},{"taxonomy":"product_tag","embeddable":true,"href":"https:\/\/emeraldsring.com\/es\/wp-json\/wp\/v2\/product_tag?post=28"}],"curies":[{"name":"wp","href":"https:\/\/api.w.org\/{rel}","templated":true}]}}