{"id":29,"date":"2025-02-04T10:02:28","date_gmt":"2025-02-04T10:02:28","guid":{"rendered":"https:\/\/emeraldsring.com\/?post_type=product&#038;p=29"},"modified":"2025-04-28T20:00:14","modified_gmt":"2025-04-28T15:00:14","slug":"elegant-925-silver-plated-emerald-ring-with-high-ice-green-chalcedony","status":"publish","type":"product","link":"https:\/\/emeraldsring.com\/es\/producto\/elegant-925-silver-plated-emerald-ring-with-high-ice-green-chalcedony\/","title":{"rendered":"Elegante Anillo de Esmeralda ba\u00f1ado en Plata 925 con Calcedonia Verde Hielo Alta"},"content":{"rendered":"<div data-elementor-type=\"wp-post\" data-elementor-id=\"29\" class=\"elementor elementor-29\" data-elementor-post-type=\"product\">\n\t\t\t\t<div class=\"elementor-element elementor-element-368b9b84 e-flex e-con-boxed e-con e-parent\" data-id=\"368b9b84\" data-element_type=\"container\">\n\t\t\t\t\t<div class=\"e-con-inner\">\n\t\t<div class=\"elementor-element elementor-element-4810482 e-con-full e-flex e-con e-child\" data-id=\"4810482\" data-element_type=\"container\">\n\t\t\t\t<div class=\"elementor-element elementor-element-e40b941 elementor-widget elementor-widget-video\" data-id=\"e40b941\" data-element_type=\"widget\" data-settings=\"{&quot;youtube_url&quot;:&quot;https:\\\/\\\/youtube.com\\\/watch?v=wIGVcPmazNg&quot;,&quot;loop&quot;:&quot;yes&quot;,&quot;video_type&quot;:&quot;youtube&quot;,&quot;controls&quot;:&quot;yes&quot;}\" data-widget_type=\"video.default\">\n\t\t\t\t<div class=\"elementor-widget-container\">\n\t\t\t\t\t\t\t<div class=\"elementor-wrapper elementor-open-inline\">\n\t\t\t<div class=\"elementor-video\"><\/div>\t\t<\/div>\n\t\t\t\t\t\t<\/div>\n\t\t\t\t<\/div>\n\t\t\t\t<\/div>\n\t\t\t\t<div class=\"elementor-element elementor-element-574e2bcd elementor-widget elementor-widget-text-editor\" data-id=\"574e2bcd\" data-element_type=\"widget\" data-widget_type=\"text-editor.default\">\n\t\t\t\t<div class=\"elementor-widget-container\">\n\t\t\t\t\t\t\t\t\t<em>Visi\u00f3n general:<\/em> Presentamos nuestro elegante anillo de esmeralda chapado en plata 925, adornado con una gema de calcedonia verde hielo. Esta exquisita pieza est\u00e1 dise\u00f1ada para a\u00f1adir un toque de sofisticaci\u00f3n a cualquier conjunto, por lo que es perfecta para ocasiones especiales o para llevar a diario.\r\n\r\n<em>Caracter\u00edsticas:<\/em>\r\n<ul>\r\n \t<li><strong>Material:<\/strong> Chapado en plata 925 para un acabado duradero y brillante.<\/li>\r\n \t<li><strong>Piedra preciosa:<\/strong> Calcedonia verde hielo, conocida por su tono vibrante y su claridad.<\/li>\r\n \t<li><strong>Dise\u00f1o:<\/strong> Engaste cl\u00e1sico que resalta la belleza natural de la gema.<\/li>\r\n \t<li><strong>Tama\u00f1o:<\/strong> Disponible en varias tallas para garantizar un ajuste perfecto.<\/li>\r\n \t<li><strong>Ocasiones:<\/strong> Ideal para bodas, compromisos, aniversarios o como un regalo considerado.<\/li>\r\n<\/ul>\r\n<em>Instrucciones de cuidado:<\/em> Para mantener el brillo y la durabilidad del anillo, evite exponerlo a productos qu\u00edmicos agresivos y gu\u00e1rdelo en un joyero cuando no lo utilice. L\u00edmpielo suavemente con un pa\u00f1o suave para conservar su brillo.\r\n\r\n<em>Nota:<\/em> Consulte nuestra gu\u00eda de tallas para seleccionar la talla de anillo adecuada. Para cualquier consulta o ayuda, no dude en ponerse en contacto con nuestro equipo de atenci\u00f3n al cliente.\r\n\r\n<a href=\"https:\/\/emeraldring.shop\/wp-content\/uploads\/2022\/12\/Elegant-925-Silver-Plated-Emerald-Ring-with-High-Ice-Green-Chalcedony-1.jpg\"><img fetchpriority=\"high\" decoding=\"async\" src=\"https:\/\/emeraldring.shop\/wp-content\/uploads\/2022\/12\/Elegant-925-Silver-Plated-Emerald-Ring-with-High-Ice-Green-Chalcedony-1.jpg\" alt=\"Elegant 925 Silver Plated Emerald Ring with High Ice Green Chalcedony\" width=\"800\" height=\"800\" \/><\/a> <a href=\"https:\/\/emeraldring.shop\/wp-content\/uploads\/2022\/12\/Elegant-925-Silver-Plated-Emerald-Ring-with-High-Ice-Green-Chalcedony-3.jpg\"><img decoding=\"async\" src=\"https:\/\/emeraldring.shop\/wp-content\/uploads\/2022\/12\/Elegant-925-Silver-Plated-Emerald-Ring-with-High-Ice-Green-Chalcedony-3.jpg\" alt=\"Elegant 925 Silver Plated Emerald Ring with High Ice Green Chalcedony\" width=\"800\" height=\"800\" \/><\/a> <a href=\"https:\/\/emeraldring.shop\/wp-content\/uploads\/2022\/12\/Elegant-925-Silver-Plated-Emerald-Ring-with-High-Ice-Green-Chalcedony-4.jpg\"><img decoding=\"async\" src=\"https:\/\/emeraldring.shop\/wp-content\/uploads\/2022\/12\/Elegant-925-Silver-Plated-Emerald-Ring-with-High-Ice-Green-Chalcedony-4.jpg\" alt=\"Elegant 925 Silver Plated Emerald Ring with High Ice Green Chalcedony\" width=\"800\" height=\"800\" \/><\/a> <a href=\"https:\/\/emeraldring.shop\/wp-content\/uploads\/2022\/12\/Elegant-925-Silver-Plated-Emerald-Ring-with-High-Ice-Green-Chalcedony-7.jpg\"><img loading=\"lazy\" decoding=\"async\" src=\"https:\/\/emeraldring.shop\/wp-content\/uploads\/2022\/12\/Elegant-925-Silver-Plated-Emerald-Ring-with-High-Ice-Green-Chalcedony-7.jpg\" alt=\"Elegant 925 Silver Plated Emerald Ring with High Ice Green Chalcedony\" width=\"800\" height=\"800\" \/><\/a> <a href=\"https:\/\/emeraldring.shop\/wp-content\/uploads\/2022\/12\/Elegant-925-Silver-Plated-Emerald-Ring-with-High-Ice-Green-Chalcedony-8.jpg\"><img loading=\"lazy\" decoding=\"async\" src=\"https:\/\/emeraldring.shop\/wp-content\/uploads\/2022\/12\/Elegant-925-Silver-Plated-Emerald-Ring-with-High-Ice-Green-Chalcedony-8.jpg\" alt=\"Elegant 925 Silver Plated Emerald Ring with High Ice Green Chalcedony\" width=\"800\" height=\"800\" \/><\/a><a href=\"https:\/\/emeraldring.shop\/wp-content\/uploads\/2022\/12\/Elegant-925-Silver-Plated-Emerald-Ring-with-High-Ice-Green-Chalcedony-2.jpg\"><img loading=\"lazy\" decoding=\"async\" src=\"https:\/\/emeraldring.shop\/wp-content\/uploads\/2022\/12\/Elegant-925-Silver-Plated-Emerald-Ring-with-High-Ice-Green-Chalcedony-2.jpg\" alt=\"Elegant 925 Silver Plated Emerald Ring with High Ice Green Chalcedony\" width=\"800\" height=\"800\" \/><\/a> <a href=\"https:\/\/emeraldring.shop\/wp-content\/uploads\/2022\/12\/Elegant-925-Silver-Plated-Emerald-Ring-with-High-Ice-Green-Chalcedony-5.jpg\"><img loading=\"lazy\" decoding=\"async\" src=\"https:\/\/emeraldring.shop\/wp-content\/uploads\/2022\/12\/Elegant-925-Silver-Plated-Emerald-Ring-with-High-Ice-Green-Chalcedony-5.jpg\" alt=\"Elegant 925 Silver Plated Emerald Ring with High Ice Green Chalcedony\" width=\"800\" height=\"800\" \/><\/a> <a href=\"https:\/\/emeraldring.shop\/wp-content\/uploads\/2022\/12\/Elegant-925-Silver-Plated-Emerald-Ring-with-High-Ice-Green-Chalcedony-6.jpg\"><img loading=\"lazy\" decoding=\"async\" src=\"https:\/\/emeraldring.shop\/wp-content\/uploads\/2022\/12\/Elegant-925-Silver-Plated-Emerald-Ring-with-High-Ice-Green-Chalcedony-6.jpg\" alt=\"Elegant 925 Silver Plated Emerald Ring with High Ice Green Chalcedony\" width=\"800\" height=\"800\" \/><\/a>\t\t\t\t\t\t\t\t<\/div>\n\t\t\t\t<\/div>\n\t\t\t\t\t<\/div>\n\t\t\t\t<\/div>\n\t\t\t\t<\/div>","protected":false},"excerpt":{"rendered":"<p><em><strong>Por qu\u00e9 comprar<\/strong>:<\/em> Este anillo de esmeralda no es s\u00f3lo un s\u00edmbolo de elegancia, sino tambi\u00e9n un testimonio de fina artesan\u00eda. La piedra preciosa de calcedonia verde de alto hielo se selecciona cuidadosamente por su calidad y brillo, garantizando que cada anillo sea \u00fanico. Ya sea para celebrar una ocasi\u00f3n especial o simplemente para deleitarse con una hermosa pieza de joyer\u00eda, este anillo es un complemento atemporal para cualquier colecci\u00f3n.<\/p>","protected":false},"featured_media":122,"comment_status":"open","ping_status":"closed","template":"","meta":{"_kad_post_transparent":"","_kad_post_title":"","_kad_post_layout":"","_kad_post_sidebar_id":"","_kad_post_content_style":"","_kad_post_vertical_padding":"","_kad_post_feature":"","_kad_post_feature_position":"","_kad_post_header":false,"_kad_post_footer":false},"product_brand":[],"product_cat":[16,89,67,20,15,69],"product_tag":[18],"class_list":{"0":"post-29","1":"product","2":"type-product","3":"status-publish","4":"has-post-thumbnail","6":"product_cat-emerald-ring","7":"product_cat-engagement-and-wedding","8":"product_cat-lab-grown-gemstones-ring","9":"product_cat-oval-ring","10":"product_cat-rings","11":"product_cat-solitaire","12":"product_tag-emerald-ring","14":"first","15":"instock","16":"shipping-taxable","17":"purchasable","18":"product-type-variable","19":"entry","20":"content-bg","21":"loop-entry"},"aioseo_notices":[],"_links":{"self":[{"href":"https:\/\/emeraldsring.com\/es\/wp-json\/wp\/v2\/product\/29","targetHints":{"allow":["GET"]}}],"collection":[{"href":"https:\/\/emeraldsring.com\/es\/wp-json\/wp\/v2\/product"}],"about":[{"href":"https:\/\/emeraldsring.com\/es\/wp-json\/wp\/v2\/types\/product"}],"replies":[{"embeddable":true,"href":"https:\/\/emeraldsring.com\/es\/wp-json\/wp\/v2\/comments?post=29"}],"version-history":[{"count":4,"href":"https:\/\/emeraldsring.com\/es\/wp-json\/wp\/v2\/product\/29\/revisions"}],"predecessor-version":[{"id":1179,"href":"https:\/\/emeraldsring.com\/es\/wp-json\/wp\/v2\/product\/29\/revisions\/1179"}],"wp:featuredmedia":[{"embeddable":true,"href":"https:\/\/emeraldsring.com\/es\/wp-json\/wp\/v2\/media\/122"}],"wp:attachment":[{"href":"https:\/\/emeraldsring.com\/es\/wp-json\/wp\/v2\/media?parent=29"}],"wp:term":[{"taxonomy":"product_brand","embeddable":true,"href":"https:\/\/emeraldsring.com\/es\/wp-json\/wp\/v2\/product_brand?post=29"},{"taxonomy":"product_cat","embeddable":true,"href":"https:\/\/emeraldsring.com\/es\/wp-json\/wp\/v2\/product_cat?post=29"},{"taxonomy":"product_tag","embeddable":true,"href":"https:\/\/emeraldsring.com\/es\/wp-json\/wp\/v2\/product_tag?post=29"}],"curies":[{"name":"wp","href":"https:\/\/api.w.org\/{rel}","templated":true}]}}