{"id":30,"date":"2025-02-04T10:02:28","date_gmt":"2025-02-04T10:02:28","guid":{"rendered":"https:\/\/emeraldsring.com\/?post_type=product&#038;p=30"},"modified":"2025-03-03T11:32:02","modified_gmt":"2025-03-03T06:32:02","slug":"elegant-s925-sterling-silver-rectangular-emerald-ring","status":"publish","type":"product","link":"https:\/\/emeraldsring.com\/es\/producto\/elegant-s925-sterling-silver-rectangular-emerald-ring\/","title":{"rendered":"Elegante Anillo de Esmeralda Rectangular de Plata de Ley S925"},"content":{"rendered":"<div data-elementor-type=\"wp-post\" data-elementor-id=\"30\" class=\"elementor elementor-30\" data-elementor-post-type=\"product\">\n\t\t\t\t<div class=\"elementor-element elementor-element-4147143d e-flex e-con-boxed e-con e-parent\" data-id=\"4147143d\" data-element_type=\"container\">\n\t\t\t\t\t<div class=\"e-con-inner\">\n\t\t<div class=\"elementor-element elementor-element-d7213af e-con-full e-flex e-con e-child\" data-id=\"d7213af\" data-element_type=\"container\">\n\t\t\t\t<div class=\"elementor-element elementor-element-8f95213 elementor-widget elementor-widget-video\" data-id=\"8f95213\" data-element_type=\"widget\" data-settings=\"{&quot;youtube_url&quot;:&quot;https:\\\/\\\/www.youtube.com\\\/watch?v=F7SxMUS-hm8&quot;,&quot;loop&quot;:&quot;yes&quot;,&quot;video_type&quot;:&quot;youtube&quot;,&quot;controls&quot;:&quot;yes&quot;}\" data-widget_type=\"video.default\">\n\t\t\t\t<div class=\"elementor-widget-container\">\n\t\t\t\t\t\t\t<div class=\"elementor-wrapper elementor-open-inline\">\n\t\t\t<div class=\"elementor-video\"><\/div>\t\t<\/div>\n\t\t\t\t\t\t<\/div>\n\t\t\t\t<\/div>\n\t\t\t\t<\/div>\n\t\t\t\t<div class=\"elementor-element elementor-element-7baf55c9 elementor-widget elementor-widget-text-editor\" data-id=\"7baf55c9\" data-element_type=\"widget\" data-widget_type=\"text-editor.default\">\n\t\t\t\t<div class=\"elementor-widget-container\">\n\t\t\t\t\t\t\t\t\t<p data-start=\"336\" data-end=\"681\">Eleve su colecci\u00f3n de joyas con este anillo de plata de ley 925 bellamente elaborado, dise\u00f1ado con dos impresionantes piedras de esmeralda verde que brillan intensamente sobre la suave banda de plata pulida. El dise\u00f1o sutil pero sofisticado hace de este anillo un accesorio vers\u00e1til, perfecto tanto para ambientes informales como formales.<\/p><p data-start=\"683\" data-end=\"1022\">Este exquisito anillo est\u00e1 hecho de plata de ley 925 de alta calidad, ofreciendo una durabilidad duradera sin comprometer el estilo. Las esmeraldas, conocidas por su vibrante color y elegancia atemporal, a\u00f1aden un toque de lujo a esta pieza ya de por s\u00ed impresionante. Tanto si quiere darse un capricho como si busca el regalo perfecto, este anillo le impresionar\u00e1.<\/p><p data-start=\"1024\" data-end=\"1041\"><strong data-start=\"1024\" data-end=\"1041\">Caracter\u00edsticas principales:<\/strong><\/p><ul data-start=\"1042\" data-end=\"1260\"><li data-start=\"1042\" data-end=\"1081\">Fabricado en plata de ley 925 de primera calidad<\/li><li data-start=\"1082\" data-end=\"1125\">Presenta dos vibrantes piedras de esmeralda verde<\/li><li data-start=\"1126\" data-end=\"1155\">Dise\u00f1o elegante y atemporal<\/li><li data-start=\"1156\" data-end=\"1212\">Pieza vers\u00e1til para llevar a diario o en ocasiones especiales<\/li><li data-start=\"1213\" data-end=\"1260\">Disponible en varias tallas para un ajuste perfecto<\/li><\/ul><p data-start=\"1262\" data-end=\"1367\" data-is-last-node=\"\">A\u00f1ada hoy mismo este impresionante anillo de esmeralda a su colecci\u00f3n y experimente la elegancia y el lujo que aporta.<\/p>\t\t\t\t\t\t\t\t<\/div>\n\t\t\t\t<\/div>\n\t\t\t\t\t<\/div>\n\t\t\t\t<\/div>\n\t\t\t\t<\/div>","protected":false},"excerpt":{"rendered":"<p><strong>\u00bfPor qu\u00e9 elegir este anillo de esmeraldas?<\/strong><\/p>\n<ol>\n<li><strong>Elegancia sin igual:<\/strong> La armoniosa mezcla de plata de ley y esmeralda desprende un encanto atemporal.<\/li>\n<li><strong>Artesan\u00eda superior:<\/strong> Cada anillo se elabora meticulosamente para cumplir los m\u00e1s altos est\u00e1ndares de calidad.<\/li>\n<li><strong>Accesorio vers\u00e1til:<\/strong> Perfecta tanto para el d\u00eda a d\u00eda como para ocasiones especiales, a\u00f1ade un toque de sofisticaci\u00f3n a cualquier atuendo.<\/li>\n<li><strong>Un regalo bien pensado:<\/strong> Un regalo ideal para aniversarios, compromisos o como s\u00edmbolo de amor y compromiso.<\/li>\n<\/ol>","protected":false},"featured_media":132,"comment_status":"open","ping_status":"closed","template":"","meta":{"_kad_post_transparent":"","_kad_post_title":"","_kad_post_layout":"","_kad_post_sidebar_id":"","_kad_post_content_style":"","_kad_post_vertical_padding":"","_kad_post_feature":"","_kad_post_feature_position":"","_kad_post_header":false,"_kad_post_footer":false},"product_brand":[],"product_cat":[16,89,17,21,67,95,15],"product_tag":[18],"class_list":{"0":"post-30","1":"product","2":"type-product","3":"status-publish","4":"has-post-thumbnail","6":"product_cat-emerald-ring","7":"product_cat-engagement-and-wedding","8":"product_cat-engagement-ring","9":"product_cat-eternity-band","10":"product_cat-lab-grown-gemstones-ring","11":"product_cat-mens-rings","12":"product_cat-rings","13":"product_tag-emerald-ring","15":"first","16":"instock","17":"shipping-taxable","18":"purchasable","19":"product-type-variable","20":"entry","21":"content-bg","22":"loop-entry"},"aioseo_notices":[],"_links":{"self":[{"href":"https:\/\/emeraldsring.com\/es\/wp-json\/wp\/v2\/product\/30","targetHints":{"allow":["GET"]}}],"collection":[{"href":"https:\/\/emeraldsring.com\/es\/wp-json\/wp\/v2\/product"}],"about":[{"href":"https:\/\/emeraldsring.com\/es\/wp-json\/wp\/v2\/types\/product"}],"replies":[{"embeddable":true,"href":"https:\/\/emeraldsring.com\/es\/wp-json\/wp\/v2\/comments?post=30"}],"version-history":[{"count":11,"href":"https:\/\/emeraldsring.com\/es\/wp-json\/wp\/v2\/product\/30\/revisions"}],"predecessor-version":[{"id":1559,"href":"https:\/\/emeraldsring.com\/es\/wp-json\/wp\/v2\/product\/30\/revisions\/1559"}],"wp:featuredmedia":[{"embeddable":true,"href":"https:\/\/emeraldsring.com\/es\/wp-json\/wp\/v2\/media\/132"}],"wp:attachment":[{"href":"https:\/\/emeraldsring.com\/es\/wp-json\/wp\/v2\/media?parent=30"}],"wp:term":[{"taxonomy":"product_brand","embeddable":true,"href":"https:\/\/emeraldsring.com\/es\/wp-json\/wp\/v2\/product_brand?post=30"},{"taxonomy":"product_cat","embeddable":true,"href":"https:\/\/emeraldsring.com\/es\/wp-json\/wp\/v2\/product_cat?post=30"},{"taxonomy":"product_tag","embeddable":true,"href":"https:\/\/emeraldsring.com\/es\/wp-json\/wp\/v2\/product_tag?post=30"}],"curies":[{"name":"wp","href":"https:\/\/api.w.org\/{rel}","templated":true}]}}