{"id":31,"date":"2025-02-04T10:02:28","date_gmt":"2025-02-04T10:02:28","guid":{"rendered":"https:\/\/emeraldsring.com\/?post_type=product&#038;p=31"},"modified":"2025-04-28T20:00:19","modified_gmt":"2025-04-28T15:00:19","slug":"elegant-s925-sterling-silver-marquise-cut-yellow-zircon-ring","status":"publish","type":"product","link":"https:\/\/emeraldsring.com\/es\/producto\/elegant-s925-sterling-silver-marquise-cut-yellow-zircon-ring\/","title":{"rendered":"Elegante anillo de plata de ley S925 con circonita amarilla talla marquesa"},"content":{"rendered":"<p><em>Visi\u00f3n general:<\/em> Presentamos nuestro <strong>Anillo de plata de ley S925 con circonita amarilla talla marquesa<\/strong>Este anillo de plata de ley de alta calidad es una pieza asombrosa que combina la elegancia atemporal con la versatilidad moderna. Elaborado en plata de ley de alta calidad, este anillo incorpora una cautivadora circonita amarilla en talla marquesa, que lo convierte en el accesorio perfecto para cualquier ocasi\u00f3n.<\/p>\n<p><em>Caracter\u00edsticas:<\/em><\/p>\n<ul>\n<li><strong>Material de primera calidad:<\/strong> Fabricado en aut\u00e9ntica plata de ley S925, lo que garantiza su durabilidad y un acabado radiante.<\/li>\n<li><strong>Circ\u00f3n amarillo talla marquesa:<\/strong> La pieza central ostenta un circ\u00f3n amarillo bellamente facetado, conocido por su vibrante tonalidad y brillo.<\/li>\n<li><strong>Dise\u00f1o vers\u00e1til:<\/strong> Su dise\u00f1o liso y elegante lo hace adecuado tanto para ropa informal como formal.<\/li>\n<li><strong>Ajuste c\u00f3modo:<\/strong> Dise\u00f1ada con una banda suave para llevarla c\u00f3modamente todo el d\u00eda.<\/li>\n<li><strong>Atractivo personalizado:<\/strong> La exclusiva talla marquesa y la vibrante gema ofrecen un toque personalizado a su colecci\u00f3n de joyas.<\/li>\n<\/ul>\n<p><em>Instrucciones de cuidado:<\/em> Para mantener el brillo y la durabilidad del anillo, evite exponerlo a productos qu\u00edmicos agresivos y gu\u00e1rdelo en un joyero cuando no lo utilice. L\u00edmpielo suavemente con un pa\u00f1o suave para conservar su brillo.<\/p>\n<p><em>Nota:<\/em> Consulte nuestra gu\u00eda de tallas para seleccionar la talla de anillo adecuada. Para cualquier consulta o ayuda, no dude en ponerse en contacto con nuestro equipo de atenci\u00f3n al cliente.<\/p>\n<p><a href=\"https:\/\/emeraldring.shop\/wp-content\/uploads\/2022\/12\/Elegant-S925-Sterling-Silver-Marquise-Cut-Yellow-Zircon-Ring-2.jpg\"><img fetchpriority=\"high\" decoding=\"async\" src=\"https:\/\/emeraldring.shop\/wp-content\/uploads\/2022\/12\/Elegant-S925-Sterling-Silver-Marquise-Cut-Yellow-Zircon-Ring-2.jpg\" alt=\"Elegant S925 Sterling Silver Marquise-Cut Yellow Zircon Ring\" width=\"800\" height=\"800\" \/><\/a> <a href=\"https:\/\/emeraldring.shop\/wp-content\/uploads\/2022\/12\/Elegant-S925-Sterling-Silver-Marquise-Cut-Yellow-Zircon-Ring-3.jpg\"><img decoding=\"async\" src=\"https:\/\/emeraldring.shop\/wp-content\/uploads\/2022\/12\/Elegant-S925-Sterling-Silver-Marquise-Cut-Yellow-Zircon-Ring-3.jpg\" alt=\"Elegant S925 Sterling Silver Marquise-Cut Yellow Zircon Ring\" width=\"800\" height=\"800\" \/><\/a> <a href=\"https:\/\/emeraldring.shop\/wp-content\/uploads\/2022\/12\/Elegant-S925-Sterling-Silver-Marquise-Cut-Yellow-Zircon-Ring-4.jpg\"><img decoding=\"async\" src=\"https:\/\/emeraldring.shop\/wp-content\/uploads\/2022\/12\/Elegant-S925-Sterling-Silver-Marquise-Cut-Yellow-Zircon-Ring-4.jpg\" alt=\"Elegant S925 Sterling Silver Marquise-Cut Yellow Zircon Ring\" width=\"800\" height=\"800\" \/><\/a> <a href=\"https:\/\/emeraldring.shop\/wp-content\/uploads\/2022\/12\/Elegant-S925-Sterling-Silver-Marquise-Cut-Yellow-Zircon-Ring-5.jpg\"><img loading=\"lazy\" decoding=\"async\" src=\"https:\/\/emeraldring.shop\/wp-content\/uploads\/2022\/12\/Elegant-S925-Sterling-Silver-Marquise-Cut-Yellow-Zircon-Ring-5.jpg\" alt=\"Elegant S925 Sterling Silver Marquise-Cut Yellow Zircon Ring\" width=\"800\" height=\"800\" \/><\/a> <a href=\"https:\/\/emeraldring.shop\/wp-content\/uploads\/2022\/12\/Elegant-S925-Sterling-Silver-Marquise-Cut-Yellow-Zircon-Ring-7.jpg\"><img loading=\"lazy\" decoding=\"async\" src=\"https:\/\/emeraldring.shop\/wp-content\/uploads\/2022\/12\/Elegant-S925-Sterling-Silver-Marquise-Cut-Yellow-Zircon-Ring-7.jpg\" alt=\"Elegant S925 Sterling Silver Marquise-Cut Yellow Zircon Ring\" width=\"800\" height=\"800\" \/><\/a> <a href=\"https:\/\/emeraldring.shop\/wp-content\/uploads\/2022\/12\/Elegant-S925-Sterling-Silver-Marquise-Cut-Yellow-Zircon-Ring-6.jpg\"><img loading=\"lazy\" decoding=\"async\" src=\"https:\/\/emeraldring.shop\/wp-content\/uploads\/2022\/12\/Elegant-S925-Sterling-Silver-Marquise-Cut-Yellow-Zircon-Ring-6.jpg\" alt=\"Elegant S925 Sterling Silver Marquise-Cut Yellow Zircon Ring\" width=\"800\" height=\"800\" \/><\/a><a href=\"https:\/\/emeraldring.shop\/wp-content\/uploads\/2022\/12\/Elegant-S925-Sterling-Silver-Marquise-Cut-Yellow-Zircon-Ring-8.jpg\"><img loading=\"lazy\" decoding=\"async\" src=\"https:\/\/emeraldring.shop\/wp-content\/uploads\/2022\/12\/Elegant-S925-Sterling-Silver-Marquise-Cut-Yellow-Zircon-Ring-8.jpg\" alt=\"Elegant S925 Sterling Silver Marquise-Cut Yellow Zircon Ring\" width=\"800\" height=\"800\" \/><\/a> <a href=\"https:\/\/emeraldring.shop\/wp-content\/uploads\/2022\/12\/Elegant-S925-Sterling-Silver-Rectangular-Emerald-Ring-9.jpg\"><img loading=\"lazy\" decoding=\"async\" src=\"https:\/\/emeraldring.shop\/wp-content\/uploads\/2022\/12\/Elegant-S925-Sterling-Silver-Rectangular-Emerald-Ring-9.jpg\" alt=\"Elegant S925 Sterling Silver Rectangular Emerald Ring\" width=\"750\" height=\"656\" \/><\/a><\/p>","protected":false},"excerpt":{"rendered":"<p><em><strong>Por qu\u00e9 comprar<\/strong>:<\/em> Este anillo de circonita amarilla talla marquesa no s\u00f3lo es un s\u00edmbolo de elegancia, sino tambi\u00e9n un testimonio de artesan\u00eda fina. La vibrante gema y la banda de plata de ley crean una armoniosa combinaci\u00f3n que complementa cualquier atuendo. Tanto si desea darse un capricho como si busca un regalo bien pensado, este anillo es un complemento atemporal para cualquier colecci\u00f3n de joyas.<\/p>","protected":false},"featured_media":142,"comment_status":"open","ping_status":"closed","template":"","meta":{"_kad_post_transparent":"","_kad_post_title":"","_kad_post_layout":"","_kad_post_sidebar_id":"","_kad_post_content_style":"","_kad_post_vertical_padding":"","_kad_post_feature":"","_kad_post_feature_position":"","_kad_post_header":false,"_kad_post_footer":false},"product_brand":[],"product_cat":[89,17,67,26,15,27],"product_tag":[28],"class_list":{"0":"post-31","1":"product","2":"type-product","3":"status-publish","4":"has-post-thumbnail","6":"product_cat-engagement-and-wedding","7":"product_cat-engagement-ring","8":"product_cat-lab-grown-gemstones-ring","9":"product_cat-marquise-ring","10":"product_cat-rings","11":"product_cat-zircon-ring","12":"product_tag-zircon-ring","14":"first","15":"instock","16":"shipping-taxable","17":"purchasable","18":"product-type-variable","19":"entry","20":"content-bg","21":"loop-entry"},"aioseo_notices":[],"_links":{"self":[{"href":"https:\/\/emeraldsring.com\/es\/wp-json\/wp\/v2\/product\/31","targetHints":{"allow":["GET"]}}],"collection":[{"href":"https:\/\/emeraldsring.com\/es\/wp-json\/wp\/v2\/product"}],"about":[{"href":"https:\/\/emeraldsring.com\/es\/wp-json\/wp\/v2\/types\/product"}],"replies":[{"embeddable":true,"href":"https:\/\/emeraldsring.com\/es\/wp-json\/wp\/v2\/comments?post=31"}],"version-history":[{"count":2,"href":"https:\/\/emeraldsring.com\/es\/wp-json\/wp\/v2\/product\/31\/revisions"}],"predecessor-version":[{"id":965,"href":"https:\/\/emeraldsring.com\/es\/wp-json\/wp\/v2\/product\/31\/revisions\/965"}],"wp:featuredmedia":[{"embeddable":true,"href":"https:\/\/emeraldsring.com\/es\/wp-json\/wp\/v2\/media\/142"}],"wp:attachment":[{"href":"https:\/\/emeraldsring.com\/es\/wp-json\/wp\/v2\/media?parent=31"}],"wp:term":[{"taxonomy":"product_brand","embeddable":true,"href":"https:\/\/emeraldsring.com\/es\/wp-json\/wp\/v2\/product_brand?post=31"},{"taxonomy":"product_cat","embeddable":true,"href":"https:\/\/emeraldsring.com\/es\/wp-json\/wp\/v2\/product_cat?post=31"},{"taxonomy":"product_tag","embeddable":true,"href":"https:\/\/emeraldsring.com\/es\/wp-json\/wp\/v2\/product_tag?post=31"}],"curies":[{"name":"wp","href":"https:\/\/api.w.org\/{rel}","templated":true}]}}