{"id":32,"date":"2025-02-04T10:02:29","date_gmt":"2025-02-04T10:02:29","guid":{"rendered":"https:\/\/emeraldsring.com\/?post_type=product&#038;p=32"},"modified":"2025-04-28T19:59:57","modified_gmt":"2025-04-28T14:59:57","slug":"elegant-european-and-american-style-interwoven-emerald-ring","status":"publish","type":"product","link":"https:\/\/emeraldsring.com\/es\/producto\/elegant-european-and-american-style-interwoven-emerald-ring\/","title":{"rendered":"Elegante anillo de plata de ley 925 con diamantes talla esmeralda entrelazados"},"content":{"rendered":"<div data-elementor-type=\"wp-post\" data-elementor-id=\"32\" class=\"elementor elementor-32\" data-elementor-post-type=\"product\">\n\t\t\t\t<div class=\"elementor-element elementor-element-23860f0b e-flex e-con-boxed e-con e-parent\" data-id=\"23860f0b\" data-element_type=\"container\">\n\t\t\t\t\t<div class=\"e-con-inner\">\n\t\t<div class=\"elementor-element elementor-element-833c928 e-con-full e-flex e-con e-child\" data-id=\"833c928\" data-element_type=\"container\">\n\t\t\t\t<div class=\"elementor-element elementor-element-9c5ec22 elementor-widget elementor-widget-video\" data-id=\"9c5ec22\" data-element_type=\"widget\" data-settings=\"{&quot;youtube_url&quot;:&quot;https:\\\/\\\/youtube.com\\\/watch?v=cI4SJxatrMc&quot;,&quot;video_type&quot;:&quot;youtube&quot;,&quot;controls&quot;:&quot;yes&quot;}\" data-widget_type=\"video.default\">\n\t\t\t\t<div class=\"elementor-widget-container\">\n\t\t\t\t\t\t\t<div class=\"elementor-wrapper elementor-open-inline\">\n\t\t\t<div class=\"elementor-video\"><\/div>\t\t<\/div>\n\t\t\t\t\t\t<\/div>\n\t\t\t\t<\/div>\n\t\t\t\t<\/div>\n\t\t\t\t<div class=\"elementor-element elementor-element-7e5d6e44 elementor-widget elementor-widget-text-editor\" data-id=\"7e5d6e44\" data-element_type=\"widget\" data-widget_type=\"text-editor.default\">\n\t\t\t\t<div class=\"elementor-widget-container\">\n\t\t\t\t\t\t\t\t\t<p data-start=\"385\" data-end=\"833\">Del\u00e9itese con la belleza de nuestro Anillo de Diamantes Verdes de Plata de Ley 925, una impresionante pieza dise\u00f1ada para cautivar con su intrincada disposici\u00f3n de diamantes verdes y blancos. La alternancia de piedras verdes y claras crea un contraste fascinante, mientras que el engaste de plata de ley pulida garantiza que el anillo brille desde todos los \u00e1ngulos. Este anillo irradia lujo y sofisticaci\u00f3n, convirti\u00e9ndolo en el accesorio perfecto para cualquier ocasi\u00f3n.<\/p><p data-start=\"835\" data-end=\"1121\">Tanto si asiste a un evento especial, celebra un hito o simplemente realza su look diario, este anillo a\u00f1adir\u00e1 un toque elegante a su estilo. La artesan\u00eda de alta calidad y el dise\u00f1o atemporal garantizan que este anillo no sea solo un hermoso accesorio, sino un tesoro perdurable.<\/p><p data-start=\"1123\" data-end=\"1140\"><strong data-start=\"1123\" data-end=\"1140\">Caracter\u00edsticas principales:<\/strong><\/p><ul data-start=\"1141\" data-end=\"1402\"><li data-start=\"1141\" data-end=\"1180\">Fabricado en plata de ley 925 de primera calidad<\/li><li data-start=\"1181\" data-end=\"1243\">Con una deslumbrante combinaci\u00f3n de diamantes verdes y blancos<\/li><li data-start=\"1244\" data-end=\"1304\">Dise\u00f1o elegante y sofisticado adecuado para cualquier ocasi\u00f3n<\/li><li data-start=\"1305\" data-end=\"1352\">Disponible en varias tallas para un ajuste perfecto<\/li><li data-start=\"1353\" data-end=\"1402\">Un lujoso complemento para su colecci\u00f3n de joyas<\/li><\/ul><p data-start=\"1404\" data-end=\"1591\" data-is-last-node=\"\">A\u00f1ada este exquisito anillo de diamantes verdes a su colecci\u00f3n y experimente la elegancia que aporta en cada ocasi\u00f3n. No se lo pierda: \u00a1haga su pedido ahora y consiga una pieza \u00fanica que durar\u00e1 toda la vida!<\/p>\t\t\t\t\t\t\t\t<\/div>\n\t\t\t\t<\/div>\n\t\t\t\t\t<\/div>\n\t\t\t\t<\/div>\n\t\t\t\t<\/div>","protected":false},"excerpt":{"rendered":"<p><em>Por qu\u00e9 deber\u00edas comprarlo:<\/em> Este anillo de esmeraldas entrelazadas es m\u00e1s que una joya: es una declaraci\u00f3n de estilo y elegancia. Su dise\u00f1o \u00fanico y su vibrante gema lo convierten en un regalo perfecto para ti o para un ser querido, apto para ocasiones especiales o para llevar a diario.<\/p>","protected":false},"featured_media":152,"comment_status":"open","ping_status":"closed","template":"","meta":{"_kad_post_transparent":"","_kad_post_title":"","_kad_post_layout":"","_kad_post_sidebar_id":"","_kad_post_content_style":"","_kad_post_vertical_padding":"","_kad_post_feature":"","_kad_post_feature_position":"","_kad_post_header":false,"_kad_post_footer":false},"product_brand":[],"product_cat":[16,89,17,21,67,15],"product_tag":[18],"class_list":{"0":"post-32","1":"product","2":"type-product","3":"status-publish","4":"has-post-thumbnail","6":"product_cat-emerald-ring","7":"product_cat-engagement-and-wedding","8":"product_cat-engagement-ring","9":"product_cat-eternity-band","10":"product_cat-lab-grown-gemstones-ring","11":"product_cat-rings","12":"product_tag-emerald-ring","14":"first","15":"instock","16":"shipping-taxable","17":"purchasable","18":"product-type-variable","19":"entry","20":"content-bg","21":"loop-entry"},"aioseo_notices":[],"_links":{"self":[{"href":"https:\/\/emeraldsring.com\/es\/wp-json\/wp\/v2\/product\/32","targetHints":{"allow":["GET"]}}],"collection":[{"href":"https:\/\/emeraldsring.com\/es\/wp-json\/wp\/v2\/product"}],"about":[{"href":"https:\/\/emeraldsring.com\/es\/wp-json\/wp\/v2\/types\/product"}],"replies":[{"embeddable":true,"href":"https:\/\/emeraldsring.com\/es\/wp-json\/wp\/v2\/comments?post=32"}],"version-history":[{"count":5,"href":"https:\/\/emeraldsring.com\/es\/wp-json\/wp\/v2\/product\/32\/revisions"}],"predecessor-version":[{"id":1439,"href":"https:\/\/emeraldsring.com\/es\/wp-json\/wp\/v2\/product\/32\/revisions\/1439"}],"wp:featuredmedia":[{"embeddable":true,"href":"https:\/\/emeraldsring.com\/es\/wp-json\/wp\/v2\/media\/152"}],"wp:attachment":[{"href":"https:\/\/emeraldsring.com\/es\/wp-json\/wp\/v2\/media?parent=32"}],"wp:term":[{"taxonomy":"product_brand","embeddable":true,"href":"https:\/\/emeraldsring.com\/es\/wp-json\/wp\/v2\/product_brand?post=32"},{"taxonomy":"product_cat","embeddable":true,"href":"https:\/\/emeraldsring.com\/es\/wp-json\/wp\/v2\/product_cat?post=32"},{"taxonomy":"product_tag","embeddable":true,"href":"https:\/\/emeraldsring.com\/es\/wp-json\/wp\/v2\/product_tag?post=32"}],"curies":[{"name":"wp","href":"https:\/\/api.w.org\/{rel}","templated":true}]}}