{"id":35,"date":"2025-02-04T10:02:29","date_gmt":"2025-02-04T10:02:29","guid":{"rendered":"https:\/\/emeraldsring.com\/?post_type=product&#038;p=35"},"modified":"2025-04-29T18:15:51","modified_gmt":"2025-04-29T13:15:51","slug":"elegant-s925-sterling-silver-ring-with-white-and-green-zircon","status":"publish","type":"product","link":"https:\/\/emeraldsring.com\/es\/producto\/elegant-s925-sterling-silver-ring-with-white-and-green-zircon\/","title":{"rendered":"Elegante Anillo de Plata de Ley S925 con Circ\u00f3n Blanco y Verde"},"content":{"rendered":"<div data-elementor-type=\"wp-post\" data-elementor-id=\"35\" class=\"elementor elementor-35\" data-elementor-post-type=\"product\">\n\t\t\t\t<div class=\"elementor-element elementor-element-53077073 e-flex e-con-boxed e-con e-parent\" data-id=\"53077073\" data-element_type=\"container\">\n\t\t\t\t\t<div class=\"e-con-inner\">\n\t\t<div class=\"elementor-element elementor-element-da3c0fa e-con-full e-flex e-con e-child\" data-id=\"da3c0fa\" data-element_type=\"container\">\n\t\t\t\t<div class=\"elementor-element elementor-element-a900a96 elementor-widget elementor-widget-video\" data-id=\"a900a96\" data-element_type=\"widget\" data-settings=\"{&quot;youtube_url&quot;:&quot;https:\\\/\\\/www.youtube.com\\\/watch?v=hvxpTH98Nu8&quot;,&quot;loop&quot;:&quot;yes&quot;,&quot;video_type&quot;:&quot;youtube&quot;,&quot;controls&quot;:&quot;yes&quot;}\" data-widget_type=\"video.default\">\n\t\t\t\t<div class=\"elementor-widget-container\">\n\t\t\t\t\t\t\t<div class=\"elementor-wrapper elementor-open-inline\">\n\t\t\t<div class=\"elementor-video\"><\/div>\t\t<\/div>\n\t\t\t\t\t\t<\/div>\n\t\t\t\t<\/div>\n\t\t\t\t<\/div>\n\t\t\t\t<div class=\"elementor-element elementor-element-9b4af7a elementor-widget elementor-widget-text-editor\" data-id=\"9b4af7a\" data-element_type=\"widget\" data-widget_type=\"text-editor.default\">\n\t\t\t\t<div class=\"elementor-widget-container\">\n\t\t\t\t\t\t\t\t\t<p><strong>Caracter\u00edsticas principales:<\/strong><\/p><ul><li><strong>Material de primera calidad:<\/strong> Fabricado en plata de ley 925 de alta calidad, lo que garantiza su durabilidad y un brillo duradero.<\/li><li><strong>Deslumbrantes piedras de circ\u00f3n:<\/strong> Con brillantes piedras de circ\u00f3n blanco y verde, ofrece un aspecto lujoso sin un precio elevado.<\/li><li><strong>Dise\u00f1o vers\u00e1til:<\/strong> Adecuado para aniversarios, compromisos, bodas, fiestas o para llevar a diario.<\/li><li><strong>Tallas disponibles:<\/strong> Se ofrecen en varios tama\u00f1os, para satisfacer las distintas preferencias.<\/li><li><strong>Opciones de chapado:<\/strong> Disponible en ba\u00f1o de oro para combinar con su estilo.<\/li><\/ul><p><strong>\u00bfPor qu\u00e9 elegir este anillo?<\/strong><\/p><ul><li><strong>Lujo asequible:<\/strong> Experimente el aspecto de la joyer\u00eda de alta gama por una fracci\u00f3n del coste.<\/li><li><strong>El regalo perfecto:<\/strong> Un regalo ideal para aniversarios, cumplea\u00f1os u ocasiones especiales.<\/li><li><strong>Hipoalerg\u00e9nico:<\/strong> Fabricado con materiales adecuados para pieles sensibles.<\/li><\/ul><p><strong>Instrucciones de cuidado:<\/strong> Para mantener el brillo del anillo, evite exponerlo a productos qu\u00edmicos agresivos y l\u00edmpielo regularmente con un pa\u00f1o suave. Gu\u00e1rdelo en un joyero cuando no lo utilice para evitar ara\u00f1azos.<\/p><p>\u00a0<\/p>\t\t\t\t\t\t\t\t<\/div>\n\t\t\t\t<\/div>\n\t\t\t\t\t<\/div>\n\t\t\t\t<\/div>\n\t\t\t\t<\/div>","protected":false},"excerpt":{"rendered":"<p>Eleve su colecci\u00f3n de joyas con este exquisito anillo de plata de ley S925, adornado con impresionantes piedras de circ\u00f3n blanco y verde. Su dise\u00f1o atemporal combina a la perfecci\u00f3n la elegancia cl\u00e1sica con el estilo contempor\u00e1neo, por lo que es un accesorio vers\u00e1til para cualquier ocasi\u00f3n.<\/p>","protected":false},"featured_media":185,"comment_status":"open","ping_status":"closed","template":"","meta":{"_kad_post_transparent":"","_kad_post_title":"","_kad_post_layout":"","_kad_post_sidebar_id":"","_kad_post_content_style":"","_kad_post_vertical_padding":"","_kad_post_feature":"","_kad_post_feature_position":"","_kad_post_header":false,"_kad_post_footer":false},"product_brand":[],"product_cat":[15,16,89,17,67,57],"product_tag":[18],"class_list":{"0":"post-35","1":"product","2":"type-product","3":"status-publish","4":"has-post-thumbnail","6":"product_cat-rings","7":"product_cat-emerald-ring","8":"product_cat-engagement-and-wedding","9":"product_cat-engagement-ring","10":"product_cat-lab-grown-gemstones-ring","11":"product_cat-round","12":"product_tag-emerald-ring","14":"first","15":"instock","16":"featured","17":"shipping-taxable","18":"purchasable","19":"product-type-variable","20":"entry","21":"content-bg","22":"loop-entry"},"aioseo_notices":[],"_links":{"self":[{"href":"https:\/\/emeraldsring.com\/es\/wp-json\/wp\/v2\/product\/35","targetHints":{"allow":["GET"]}}],"collection":[{"href":"https:\/\/emeraldsring.com\/es\/wp-json\/wp\/v2\/product"}],"about":[{"href":"https:\/\/emeraldsring.com\/es\/wp-json\/wp\/v2\/types\/product"}],"replies":[{"embeddable":true,"href":"https:\/\/emeraldsring.com\/es\/wp-json\/wp\/v2\/comments?post=35"}],"version-history":[{"count":11,"href":"https:\/\/emeraldsring.com\/es\/wp-json\/wp\/v2\/product\/35\/revisions"}],"predecessor-version":[{"id":1440,"href":"https:\/\/emeraldsring.com\/es\/wp-json\/wp\/v2\/product\/35\/revisions\/1440"}],"wp:featuredmedia":[{"embeddable":true,"href":"https:\/\/emeraldsring.com\/es\/wp-json\/wp\/v2\/media\/185"}],"wp:attachment":[{"href":"https:\/\/emeraldsring.com\/es\/wp-json\/wp\/v2\/media?parent=35"}],"wp:term":[{"taxonomy":"product_brand","embeddable":true,"href":"https:\/\/emeraldsring.com\/es\/wp-json\/wp\/v2\/product_brand?post=35"},{"taxonomy":"product_cat","embeddable":true,"href":"https:\/\/emeraldsring.com\/es\/wp-json\/wp\/v2\/product_cat?post=35"},{"taxonomy":"product_tag","embeddable":true,"href":"https:\/\/emeraldsring.com\/es\/wp-json\/wp\/v2\/product_tag?post=35"}],"curies":[{"name":"wp","href":"https:\/\/api.w.org\/{rel}","templated":true}]}}