{"id":39,"date":"2025-02-04T10:02:29","date_gmt":"2025-02-04T10:02:29","guid":{"rendered":"https:\/\/emeraldsring.com\/?post_type=product&#038;p=39"},"modified":"2025-04-28T19:59:55","modified_gmt":"2025-04-28T14:59:55","slug":"exquisite-emerald-ring-elegant-design-for-engagement","status":"publish","type":"product","link":"https:\/\/emeraldsring.com\/es\/producto\/exquisite-emerald-ring-elegant-design-for-engagement\/","title":{"rendered":"Anillo de compromiso esmeralda talla exquisita con forma de coraz\u00f3n"},"content":{"rendered":"<div data-elementor-type=\"wp-post\" data-elementor-id=\"39\" class=\"elementor elementor-39\" data-elementor-post-type=\"product\">\n\t\t\t\t<div class=\"elementor-element elementor-element-5d27b73b e-flex e-con-boxed e-con e-parent\" data-id=\"5d27b73b\" data-element_type=\"container\">\n\t\t\t\t\t<div class=\"e-con-inner\">\n\t\t<div class=\"elementor-element elementor-element-2e323c7 e-flex e-con-boxed e-con e-child\" data-id=\"2e323c7\" data-element_type=\"container\">\n\t\t\t\t\t<div class=\"e-con-inner\">\n\t\t\t\t<div class=\"elementor-element elementor-element-0032deb elementor-widget elementor-widget-video\" data-id=\"0032deb\" data-element_type=\"widget\" data-settings=\"{&quot;youtube_url&quot;:&quot;https:\\\/\\\/www.youtube.com\\\/watch?v=FU7mSwE2B9Q&quot;,&quot;loop&quot;:&quot;yes&quot;,&quot;video_type&quot;:&quot;youtube&quot;,&quot;controls&quot;:&quot;yes&quot;}\" data-widget_type=\"video.default\">\n\t\t\t\t<div class=\"elementor-widget-container\">\n\t\t\t\t\t\t\t<div class=\"elementor-wrapper elementor-open-inline\">\n\t\t\t<div class=\"elementor-video\"><\/div>\t\t<\/div>\n\t\t\t\t\t\t<\/div>\n\t\t\t\t<\/div>\n\t\t\t\t\t<\/div>\n\t\t\t\t<\/div>\n\t\t\t\t<div class=\"elementor-element elementor-element-6716d915 elementor-widget elementor-widget-text-editor\" data-id=\"6716d915\" data-element_type=\"widget\" data-widget_type=\"text-editor.default\">\n\t\t\t\t<div class=\"elementor-widget-container\">\n\t\t\t\t\t\t\t\t\t<strong>Caracter\u00edsticas principales:<\/strong>\r\n<ul>\r\n \t<li><strong>Material de primera calidad<\/strong>: El anillo est\u00e1 fabricado con [especifique el material: por ejemplo, plata de ley, oro de 18 quilates] de alta calidad para garantizar su durabilidad y un acabado de lujo.<\/li>\r\n \t<li><strong>Esmeralda brillante<\/strong>: Con una vibrante gema esmeralda, cuidadosamente seleccionada por su claridad, color y brillo. La gema est\u00e1 h\u00e1bilmente tallada para realzar su belleza natural.<\/li>\r\n \t<li><strong>Dise\u00f1o elegante<\/strong>: El anillo presenta un dise\u00f1o atemporal, adecuado para compromisos, bodas, aniversarios u ocasiones especiales.<\/li>\r\n \t<li><strong>Ajuste c\u00f3modo<\/strong>: Dise\u00f1ado para la comodidad, lo que garantiza que se puede usar todos los d\u00edas sin comprometer el estilo.<\/li>\r\n<\/ul>\r\n<strong>\u00bfPor qu\u00e9 elegir nuestro anillo de esmeraldas?<\/strong>\r\n<ul>\r\n \t<li>Un regalo perfecto para los seres queridos, que simboliza el amor, la prosperidad y la sabidur\u00eda.<\/li>\r\n \t<li>A\u00f1ade un toque de lujo y clase a cualquier atuendo.<\/li>\r\n \t<li>Elaborado con precisi\u00f3n para proporcionar un acabado impecable que capta la atenci\u00f3n.<\/li>\r\n<\/ul>\r\n<strong>Especificaciones:<\/strong>\r\n<ul>\r\n \t<li>Material: [por ejemplo, oro de 18 quilates, platino]<\/li>\r\n \t<li>Piedra preciosa: Esmeralda natural<\/li>\r\n \t<li>Tallas disponibles: [por ejemplo, tallas US 5-9]<\/li>\r\n \t<li>Presentaci\u00f3n: Viene en una elegante caja de regalo, lista para regalar.<\/li>\r\n<\/ul>\r\nEste <strong>Anillo de esmeralda<\/strong> es m\u00e1s que una joya: es una declaraci\u00f3n de elegancia y amor. Ya sea para celebrar un momento especial o para darte un capricho, este anillo te impresionar\u00e1.\r\n\r\nP\u00eddalo ahora y deje que esta magn\u00edfica pieza forme parte de sus recuerdos m\u00e1s preciados.\r\n\r\n<a href=\"https:\/\/emeraldring.shop\/wp-content\/uploads\/2022\/12\/Exquisite-Emerald-Ring-Elegant-Design-for-Special-Occasions-1.jpg\"><img fetchpriority=\"high\" decoding=\"async\" src=\"https:\/\/emeraldring.shop\/wp-content\/uploads\/2022\/12\/Exquisite-Emerald-Ring-Elegant-Design-for-Special-Occasions-1.jpg\" alt=\"Exquisite Emerald Ring - Elegant Design for Engagement Occasions (1)\" width=\"800\" height=\"800\" \/><\/a> <a href=\"https:\/\/emeraldring.shop\/wp-content\/uploads\/2022\/12\/Exquisite-Emerald-Ring-Elegant-Design-for-Special-Occasions-10.jpg\"><img decoding=\"async\" src=\"https:\/\/emeraldring.shop\/wp-content\/uploads\/2022\/12\/Exquisite-Emerald-Ring-Elegant-Design-for-Special-Occasions-10.jpg\" alt=\"Exquisite Emerald Ring - Elegant Design for Engagement Occasions\" width=\"800\" height=\"800\" \/><\/a> <a href=\"https:\/\/emeraldring.shop\/wp-content\/uploads\/2022\/12\/Exquisite-Emerald-Ring-Elegant-Design-for-Special-Occasions-9.jpg\"><img decoding=\"async\" src=\"https:\/\/emeraldring.shop\/wp-content\/uploads\/2022\/12\/Exquisite-Emerald-Ring-Elegant-Design-for-Special-Occasions-9.jpg\" alt=\"Exquisite Emerald Ring - Elegant Design for Engagement Occasions\" width=\"800\" height=\"800\" \/><\/a> <a href=\"https:\/\/emeraldring.shop\/wp-content\/uploads\/2022\/12\/Exquisite-Emerald-Ring-Elegant-Design-for-Special-Occasions-8.jpg\"><img loading=\"lazy\" decoding=\"async\" src=\"https:\/\/emeraldring.shop\/wp-content\/uploads\/2022\/12\/Exquisite-Emerald-Ring-Elegant-Design-for-Special-Occasions-8.jpg\" alt=\"Exquisite Emerald Ring - Elegant Design for Engagement Occasions\" width=\"800\" height=\"800\" \/><\/a> <a href=\"https:\/\/emeraldring.shop\/wp-content\/uploads\/2022\/12\/Exquisite-Emerald-Ring-Elegant-Design-for-Special-Occasions-6.jpg\"><img loading=\"lazy\" decoding=\"async\" src=\"https:\/\/emeraldring.shop\/wp-content\/uploads\/2022\/12\/Exquisite-Emerald-Ring-Elegant-Design-for-Special-Occasions-6.jpg\" alt=\"Exquisite Emerald Ring - Elegant Design for Engagement Occasions\" width=\"800\" height=\"800\" \/><\/a> <a href=\"https:\/\/emeraldring.shop\/wp-content\/uploads\/2022\/12\/Exquisite-Emerald-Ring-Elegant-Design-for-Special-Occasions-5.jpg\"><img loading=\"lazy\" decoding=\"async\" src=\"https:\/\/emeraldring.shop\/wp-content\/uploads\/2022\/12\/Exquisite-Emerald-Ring-Elegant-Design-for-Special-Occasions-5.jpg\" alt=\"Exquisite Emerald Ring - Elegant Design for Engagement Occasions\" width=\"800\" height=\"800\" \/><\/a> <a href=\"https:\/\/emeraldring.shop\/wp-content\/uploads\/2022\/12\/Exquisite-Emerald-Ring-Elegant-Design-for-Special-Occasions-4.jpg\"><img loading=\"lazy\" decoding=\"async\" src=\"https:\/\/emeraldring.shop\/wp-content\/uploads\/2022\/12\/Exquisite-Emerald-Ring-Elegant-Design-for-Special-Occasions-4.jpg\" alt=\"Exquisite Emerald Ring - Elegant Design for Engagement Occasions\" width=\"800\" height=\"800\" \/><\/a> <a href=\"https:\/\/emeraldring.shop\/wp-content\/uploads\/2022\/12\/Exquisite-Emerald-Ring-Elegant-Design-for-Special-Occasions-3.jpg\"><img loading=\"lazy\" decoding=\"async\" src=\"https:\/\/emeraldring.shop\/wp-content\/uploads\/2022\/12\/Exquisite-Emerald-Ring-Elegant-Design-for-Special-Occasions-3.jpg\" alt=\"Exquisite Emerald Ring - Elegant Design for Engagement Occasions\" width=\"800\" height=\"800\" \/><\/a> <a href=\"https:\/\/emeraldring.shop\/wp-content\/uploads\/2022\/12\/Exquisite-Emerald-Ring-Elegant-Design-for-Special-Occasions-2.jpg\"><img loading=\"lazy\" decoding=\"async\" src=\"https:\/\/emeraldring.shop\/wp-content\/uploads\/2022\/12\/Exquisite-Emerald-Ring-Elegant-Design-for-Special-Occasions-2.jpg\" alt=\"Exquisite Emerald Ring - Elegant Design for Engagement Occasions\" width=\"800\" height=\"800\" \/><\/a>\t\t\t\t\t\t\t\t<\/div>\n\t\t\t\t<\/div>\n\t\t\t\t\t<\/div>\n\t\t\t\t<\/div>\n\t\t\t\t<\/div>","protected":false},"excerpt":{"rendered":"<p>Presentamos nuestro exquisito <strong>Anillo de esmeralda<\/strong>Una obra maestra que encarna la elegancia y la sofisticaci\u00f3n. Este anillo est\u00e1 dise\u00f1ado para aquellos que aprecian la artesan\u00eda fina y la belleza atemporal.<\/p>","protected":false},"featured_media":225,"comment_status":"open","ping_status":"closed","template":"","meta":{"_kad_post_transparent":"","_kad_post_title":"","_kad_post_layout":"","_kad_post_sidebar_id":"","_kad_post_content_style":"","_kad_post_vertical_padding":"","_kad_post_feature":"","_kad_post_feature_position":"","_kad_post_header":false,"_kad_post_footer":false},"product_brand":[],"product_cat":[16,89,17,44,67,15],"product_tag":[30,18,31],"class_list":{"0":"post-39","1":"product","2":"type-product","3":"status-publish","4":"has-post-thumbnail","6":"product_cat-emerald-ring","7":"product_cat-engagement-and-wedding","8":"product_cat-engagement-ring","9":"product_cat-heart-ring","10":"product_cat-lab-grown-gemstones-ring","11":"product_cat-rings","12":"product_tag-emerald-cut-engagement-rings","13":"product_tag-emerald-ring","14":"product_tag-engagement-ring","16":"first","17":"instock","18":"shipping-taxable","19":"purchasable","20":"product-type-variable","21":"entry","22":"content-bg","23":"loop-entry"},"aioseo_notices":[],"_links":{"self":[{"href":"https:\/\/emeraldsring.com\/es\/wp-json\/wp\/v2\/product\/39","targetHints":{"allow":["GET"]}}],"collection":[{"href":"https:\/\/emeraldsring.com\/es\/wp-json\/wp\/v2\/product"}],"about":[{"href":"https:\/\/emeraldsring.com\/es\/wp-json\/wp\/v2\/types\/product"}],"replies":[{"embeddable":true,"href":"https:\/\/emeraldsring.com\/es\/wp-json\/wp\/v2\/comments?post=39"}],"version-history":[{"count":5,"href":"https:\/\/emeraldsring.com\/es\/wp-json\/wp\/v2\/product\/39\/revisions"}],"predecessor-version":[{"id":1444,"href":"https:\/\/emeraldsring.com\/es\/wp-json\/wp\/v2\/product\/39\/revisions\/1444"}],"wp:featuredmedia":[{"embeddable":true,"href":"https:\/\/emeraldsring.com\/es\/wp-json\/wp\/v2\/media\/225"}],"wp:attachment":[{"href":"https:\/\/emeraldsring.com\/es\/wp-json\/wp\/v2\/media?parent=39"}],"wp:term":[{"taxonomy":"product_brand","embeddable":true,"href":"https:\/\/emeraldsring.com\/es\/wp-json\/wp\/v2\/product_brand?post=39"},{"taxonomy":"product_cat","embeddable":true,"href":"https:\/\/emeraldsring.com\/es\/wp-json\/wp\/v2\/product_cat?post=39"},{"taxonomy":"product_tag","embeddable":true,"href":"https:\/\/emeraldsring.com\/es\/wp-json\/wp\/v2\/product_tag?post=39"}],"curies":[{"name":"wp","href":"https:\/\/api.w.org\/{rel}","templated":true}]}}