{"id":40,"date":"2025-02-04T10:02:29","date_gmt":"2025-02-04T10:02:29","guid":{"rendered":"https:\/\/emeraldsring.com\/?post_type=product&#038;p=40"},"modified":"2025-03-03T11:31:39","modified_gmt":"2025-03-03T06:31:39","slug":"elegant-925-sterling-silver-eternity-band-with-emerald","status":"publish","type":"product","link":"https:\/\/emeraldsring.com\/es\/producto\/elegant-925-sterling-silver-eternity-band-with-emerald\/","title":{"rendered":"Elegante alianza de plata de ley 925 con esmeralda"},"content":{"rendered":"<div data-elementor-type=\"wp-post\" data-elementor-id=\"40\" class=\"elementor elementor-40\" data-elementor-post-type=\"product\">\n\t\t\t\t<div class=\"elementor-element elementor-element-5911d0d4 e-flex e-con-boxed e-con e-parent\" data-id=\"5911d0d4\" data-element_type=\"container\">\n\t\t\t\t\t<div class=\"e-con-inner\">\n\t\t<div class=\"elementor-element elementor-element-6c03046 e-con-full e-flex e-con e-child\" data-id=\"6c03046\" data-element_type=\"container\">\n\t\t\t\t<div class=\"elementor-element elementor-element-6a8365f elementor-widget elementor-widget-video\" data-id=\"6a8365f\" data-element_type=\"widget\" data-settings=\"{&quot;youtube_url&quot;:&quot;https:\\\/\\\/youtube.com\\\/watch?v=hPLNEoJ0cdE&quot;,&quot;loop&quot;:&quot;yes&quot;,&quot;video_type&quot;:&quot;youtube&quot;,&quot;controls&quot;:&quot;yes&quot;}\" data-widget_type=\"video.default\">\n\t\t\t\t<div class=\"elementor-widget-container\">\n\t\t\t\t\t\t\t<div class=\"elementor-wrapper elementor-open-inline\">\n\t\t\t<div class=\"elementor-video\"><\/div>\t\t<\/div>\n\t\t\t\t\t\t<\/div>\n\t\t\t\t<\/div>\n\t\t\t\t<\/div>\n\t\t\t\t<div class=\"elementor-element elementor-element-6576f0a6 elementor-widget elementor-widget-text-editor\" data-id=\"6576f0a6\" data-element_type=\"widget\" data-widget_type=\"text-editor.default\">\n\t\t\t\t<div class=\"elementor-widget-container\">\n\t\t\t\t\t\t\t\t\t<p><strong>Caracter\u00edsticas principales<\/strong><\/p><ol><li><strong>Materiales de primera calidad<\/strong>:<br \/>Elaborado en plata de ley 925 y chapado en oro blanco de 18 quilates, este anillo garantiza durabilidad y un lujoso brillo. Los materiales de primera calidad son resistentes al deslustre y mantienen su belleza con el paso del tiempo.<\/li><li><strong>Piedras preciosas sofisticadas<\/strong>:<ul><li><strong>Esmeraldas<\/strong>: Un tono verde vibrante simboliza la prosperidad, el amor y la renovaci\u00f3n.<\/li><li><strong>Circonio blanco<\/strong>: Irradia un brillo similar al de los diamantes, ofreciendo una alternativa lujosa pero asequible.<\/li><\/ul><\/li><li><strong>Dise\u00f1o del anillo de la eternidad<\/strong>:<br \/>La disposici\u00f3n circular de esmeraldas y circonitas blancas alternadas representa el amor eterno y la unidad, lo que la convierte en una pieza significativa para bodas, aniversarios o promesas.<\/li><li><strong>Artesan\u00eda excepcional<\/strong>:<br \/>Cada gema se engarza con seguridad mediante avanzadas t\u00e9cnicas de incrustaci\u00f3n, lo que garantiza un acabado impecable y un uso duradero.<\/li><li><strong>Dise\u00f1o c\u00f3modo<\/strong>:<br \/>Dise\u00f1ado para un ajuste c\u00f3modo, este anillo es perfecto para llevar a diario o en ocasiones especiales.<\/li><\/ol><p><strong>Especificaciones<\/strong><\/p><ul><li><strong>Material de base<\/strong>Plata de ley 925<\/li><li><strong>Revestimiento<\/strong>: Oro blanco de 18 quilates<\/li><li><strong>Piedras preciosas<\/strong>: Esmeralda y circonita blanca<\/li><li><strong>Tallas disponibles<\/strong>: Gama completa de US 5 a US 9<\/li><li><strong>Embalaje<\/strong>: Elegante caja de regalo, lista para regalar<\/li><\/ul><p><strong>\u00bfPor qu\u00e9 elegir esta alianza?<\/strong><\/p><ul><li>Perfecto para celebrar el amor, los hitos o como un regalo considerado.<\/li><li>A\u00f1ade sofisticaci\u00f3n y lujo a cualquier atuendo.<\/li><li>Dise\u00f1ado meticulosamente para ofrecer belleza y durabilidad.<\/li><\/ul><p><strong>Instrucciones de cuidado<\/strong><\/p><ul><li>Evite el contacto directo con agua, perfumes o productos qu\u00edmicos agresivos.<\/li><li>Gu\u00e1rdelo en el joyero suministrado para mantener el brillo y la longevidad.<\/li><\/ul><p><strong>Pedir ahora<\/strong><br \/>Realce su colecci\u00f3n de joyas con esta impresionante <strong>Anillo de eternidad de plata de ley 925<\/strong>. Ya sea para usted o para un ser querido, es un tesoro intemporal que se apreciar\u00e1 siempre.<\/p><p>Haga que sus momentos especiales sean inolvidables: \u00a1h\u00e1galo hoy mismo!<\/p><p>\u00a0<\/p>\t\t\t\t\t\t\t\t<\/div>\n\t\t\t\t<\/div>\n\t\t\t\t\t<\/div>\n\t\t\t\t<\/div>\n\t\t\t\t<\/div>","protected":false},"excerpt":{"rendered":"<p>Celebre la elegancia atemporal con nuestro <strong>Anillo de eternidad de plata de ley 925<\/strong>. Este exquisito anillo combina el brillo de las gemas esmeralda con el resplandor de la circonita blanca, creando un dise\u00f1o impresionante que capta la atenci\u00f3n y la admiraci\u00f3n.<\/p>","protected":false},"featured_media":236,"comment_status":"open","ping_status":"closed","template":"","meta":{"_kad_post_transparent":"","_kad_post_title":"","_kad_post_layout":"","_kad_post_sidebar_id":"","_kad_post_content_style":"","_kad_post_vertical_padding":"","_kad_post_feature":"","_kad_post_feature_position":"","_kad_post_header":false,"_kad_post_footer":false},"product_brand":[],"product_cat":[16,89,17,21,67,15],"product_tag":[18,31,22,28],"class_list":{"0":"post-40","1":"product","2":"type-product","3":"status-publish","4":"has-post-thumbnail","6":"product_cat-emerald-ring","7":"product_cat-engagement-and-wedding","8":"product_cat-engagement-ring","9":"product_cat-eternity-band","10":"product_cat-lab-grown-gemstones-ring","11":"product_cat-rings","12":"product_tag-emerald-ring","13":"product_tag-engagement-ring","14":"product_tag-eternity-band","15":"product_tag-zircon-ring","17":"first","18":"instock","19":"shipping-taxable","20":"purchasable","21":"product-type-variable","22":"entry","23":"content-bg","24":"loop-entry"},"aioseo_notices":[],"_links":{"self":[{"href":"https:\/\/emeraldsring.com\/es\/wp-json\/wp\/v2\/product\/40","targetHints":{"allow":["GET"]}}],"collection":[{"href":"https:\/\/emeraldsring.com\/es\/wp-json\/wp\/v2\/product"}],"about":[{"href":"https:\/\/emeraldsring.com\/es\/wp-json\/wp\/v2\/types\/product"}],"replies":[{"embeddable":true,"href":"https:\/\/emeraldsring.com\/es\/wp-json\/wp\/v2\/comments?post=40"}],"version-history":[{"count":9,"href":"https:\/\/emeraldsring.com\/es\/wp-json\/wp\/v2\/product\/40\/revisions"}],"predecessor-version":[{"id":1445,"href":"https:\/\/emeraldsring.com\/es\/wp-json\/wp\/v2\/product\/40\/revisions\/1445"}],"wp:featuredmedia":[{"embeddable":true,"href":"https:\/\/emeraldsring.com\/es\/wp-json\/wp\/v2\/media\/236"}],"wp:attachment":[{"href":"https:\/\/emeraldsring.com\/es\/wp-json\/wp\/v2\/media?parent=40"}],"wp:term":[{"taxonomy":"product_brand","embeddable":true,"href":"https:\/\/emeraldsring.com\/es\/wp-json\/wp\/v2\/product_brand?post=40"},{"taxonomy":"product_cat","embeddable":true,"href":"https:\/\/emeraldsring.com\/es\/wp-json\/wp\/v2\/product_cat?post=40"},{"taxonomy":"product_tag","embeddable":true,"href":"https:\/\/emeraldsring.com\/es\/wp-json\/wp\/v2\/product_tag?post=40"}],"curies":[{"name":"wp","href":"https:\/\/api.w.org\/{rel}","templated":true}]}}