{"id":652,"date":"2025-02-06T09:15:43","date_gmt":"2025-02-06T04:15:43","guid":{"rendered":"https:\/\/emeraldsring.com\/?post_type=product&#038;p=652"},"modified":"2025-04-28T19:59:33","modified_gmt":"2025-04-28T14:59:33","slug":"real-emerald-ring-natural-pear-cut-emerald-engagement-rings","status":"publish","type":"product","link":"https:\/\/emeraldsring.com\/es\/producto\/real-emerald-ring-natural-pear-cut-emerald-engagement-rings\/","title":{"rendered":"Anillo Esmeralda Real Anillos de Compromiso Esmeralda Natural Corte Pera"},"content":{"rendered":"<div data-elementor-type=\"product-post\" data-elementor-id=\"652\" class=\"elementor elementor-652\" data-elementor-post-type=\"product\">\n\t\t\t\t<div class=\"elementor-element elementor-element-480490f e-flex e-con-boxed e-con e-parent\" data-id=\"480490f\" data-element_type=\"container\">\n\t\t\t\t\t<div class=\"e-con-inner\">\n\t\t<div class=\"elementor-element elementor-element-c3d3325 e-con-full e-flex e-con e-child\" data-id=\"c3d3325\" data-element_type=\"container\">\n\t\t\t\t<div class=\"elementor-element elementor-element-b1535a4 elementor-widget elementor-widget-video\" data-id=\"b1535a4\" data-element_type=\"widget\" data-settings=\"{&quot;youtube_url&quot;:&quot;https:\\\/\\\/youtube.com\\\/watch?v=jFitQebESKg&quot;,&quot;loop&quot;:&quot;yes&quot;,&quot;video_type&quot;:&quot;youtube&quot;,&quot;controls&quot;:&quot;yes&quot;}\" data-widget_type=\"video.default\">\n\t\t\t\t<div class=\"elementor-widget-container\">\n\t\t\t\t\t\t\t<div class=\"elementor-wrapper elementor-open-inline\">\n\t\t\t<div class=\"elementor-video\"><\/div>\t\t<\/div>\n\t\t\t\t\t\t<\/div>\n\t\t\t\t<\/div>\n\t\t\t\t<\/div>\n\t\t\t\t<div class=\"elementor-element elementor-element-41d33d2 elementor-widget elementor-widget-text-editor\" data-id=\"41d33d2\" data-element_type=\"widget\" data-widget_type=\"text-editor.default\">\n\t\t\t\t<div class=\"elementor-widget-container\">\n\t\t\t\t\t\t\t\t\t<p>Descubra la combinaci\u00f3n perfecta de elegancia y belleza atemporal con este impresionante <strong>Anillo de esmeralda<\/strong>. Con una aut\u00e9ntica <strong>esmeralda natural<\/strong>Esta exquisita pieza est\u00e1 engastada en una banda finamente elaborada para crear un dise\u00f1o sorprendentemente sofisticado. Tanto si busca un <strong>anillo de compromiso<\/strong> Este anillo de esmeraldas captura la esencia del lujo refinado y la gracia.<\/p><p><strong>Caracter\u00edsticas del producto:<\/strong><\/p><ul><li><strong>Material<\/strong>: Elaborado con materiales de alta calidad, ofrece durabilidad y un brillo duradero. La banda complementa a la perfecci\u00f3n el verde vibrante de la esmeralda.<\/li><li><strong>Piedra<\/strong>: Aut\u00e9ntica esmeralda natural con un cautivador dise\u00f1o en talla pera. El intenso tono verde de la piedra y su talla brillante la convierten en un aut\u00e9ntico objeto de deseo.<\/li><li><strong>Dise\u00f1o<\/strong>: Un giro moderno a un dise\u00f1o cl\u00e1sico, la esmeralda talla pera est\u00e1 elegantemente engastada para permitir el m\u00e1ximo reflejo de la luz, creando un efecto deslumbrante con cada \u00e1ngulo.<\/li><li><strong>Listo para el compromiso<\/strong>: La elecci\u00f3n ideal para un anillo de compromiso, que representa el crecimiento, el amor y la armon\u00eda, por lo que es un s\u00edmbolo verdaderamente significativo para su momento especial.<\/li><li><strong>Belleza vers\u00e1til<\/strong>: Perfecto para el uso diario o como una pieza para ocasiones especiales, este anillo de esmeralda es una adici\u00f3n vers\u00e1til a cualquier colecci\u00f3n de joyas.<\/li><\/ul><p>Este <strong>Anillo de esmeralda<\/strong> es el ep\u00edtome de la gracia y el lujo, dise\u00f1ado para ser apreciado durante toda la vida. No pierda la oportunidad de poseer este anillo excepcional: \u00a1h\u00e1galo hoy mismo y experimente la elegancia incomparable de una esmeralda natural!<\/p>\t\t\t\t\t\t\t\t<\/div>\n\t\t\t\t<\/div>\n\t\t\t\t\t<\/div>\n\t\t\t\t<\/div>\n\t\t\t\t<\/div>","protected":false},"excerpt":{"rendered":"<p><strong>DETALLES del producto:<\/strong><br \/>\nMetal: Plata 925k<br \/>\nGema: Esmeralda natural en bruto<br \/>\nColor de la gema: Verde<br \/>\nColor de la pulsera: Oro blanco<br \/>\nTama\u00f1o del anillo: Ajustable<br \/>\nDi\u00e1metro de la piedra: 5*7 mm<br \/>\nClaridad: Muy ligeramente incluido<br \/>\nForma: Pera<br \/>\nCorte: Brillante Mixto<\/p>","protected":false},"featured_media":1304,"comment_status":"open","ping_status":"closed","template":"","meta":{"_kad_post_transparent":"","_kad_post_title":"","_kad_post_layout":"","_kad_post_sidebar_id":"","_kad_post_content_style":"","_kad_post_vertical_padding":"","_kad_post_feature":"","_kad_post_feature_position":"","_kad_post_header":false,"_kad_post_footer":false},"product_brand":[],"product_cat":[17,66,68,24,15],"product_tag":[],"class_list":{"0":"post-652","1":"product","2":"type-product","3":"status-publish","4":"has-post-thumbnail","6":"product_cat-engagement-ring","7":"product_cat-natural-gemstones-ring","8":"product_cat-pave","9":"product_cat-ring","10":"product_cat-rings","12":"first","13":"instock","14":"shipping-taxable","15":"purchasable","16":"product-type-simple","17":"entry","18":"content-bg","19":"loop-entry"},"aioseo_notices":[],"_links":{"self":[{"href":"https:\/\/emeraldsring.com\/es\/wp-json\/wp\/v2\/product\/652","targetHints":{"allow":["GET"]}}],"collection":[{"href":"https:\/\/emeraldsring.com\/es\/wp-json\/wp\/v2\/product"}],"about":[{"href":"https:\/\/emeraldsring.com\/es\/wp-json\/wp\/v2\/types\/product"}],"replies":[{"embeddable":true,"href":"https:\/\/emeraldsring.com\/es\/wp-json\/wp\/v2\/comments?post=652"}],"version-history":[{"count":9,"href":"https:\/\/emeraldsring.com\/es\/wp-json\/wp\/v2\/product\/652\/revisions"}],"predecessor-version":[{"id":1497,"href":"https:\/\/emeraldsring.com\/es\/wp-json\/wp\/v2\/product\/652\/revisions\/1497"}],"wp:featuredmedia":[{"embeddable":true,"href":"https:\/\/emeraldsring.com\/es\/wp-json\/wp\/v2\/media\/1304"}],"wp:attachment":[{"href":"https:\/\/emeraldsring.com\/es\/wp-json\/wp\/v2\/media?parent=652"}],"wp:term":[{"taxonomy":"product_brand","embeddable":true,"href":"https:\/\/emeraldsring.com\/es\/wp-json\/wp\/v2\/product_brand?post=652"},{"taxonomy":"product_cat","embeddable":true,"href":"https:\/\/emeraldsring.com\/es\/wp-json\/wp\/v2\/product_cat?post=652"},{"taxonomy":"product_tag","embeddable":true,"href":"https:\/\/emeraldsring.com\/es\/wp-json\/wp\/v2\/product_tag?post=652"}],"curies":[{"name":"wp","href":"https:\/\/api.w.org\/{rel}","templated":true}]}}