{"id":661,"date":"2025-02-06T10:30:27","date_gmt":"2025-02-06T05:30:27","guid":{"rendered":"https:\/\/emeraldsring.com\/?post_type=product&#038;p=661"},"modified":"2025-04-28T19:59:31","modified_gmt":"2025-04-28T14:59:31","slug":"emerald-oval-cut-ring-sterling-silver-real-emerald-engagement-ring","status":"publish","type":"product","link":"https:\/\/emeraldsring.com\/es\/producto\/emerald-oval-cut-ring-sterling-silver-real-emerald-engagement-ring\/","title":{"rendered":"Anillo Esmeralda Corte Ovalado Plata de Ley Anillo de Compromiso Esmeralda Real"},"content":{"rendered":"<div data-elementor-type=\"product-post\" data-elementor-id=\"661\" class=\"elementor elementor-661\" data-elementor-post-type=\"product\">\n\t\t\t\t<div class=\"elementor-element elementor-element-1ddb17d e-flex e-con-boxed e-con e-parent\" data-id=\"1ddb17d\" data-element_type=\"container\">\n\t\t\t\t\t<div class=\"e-con-inner\">\n\t\t<div class=\"elementor-element elementor-element-1af08f7 e-flex e-con-boxed e-con e-child\" data-id=\"1af08f7\" data-element_type=\"container\">\n\t\t\t\t\t<div class=\"e-con-inner\">\n\t\t\t\t<div class=\"elementor-element elementor-element-10aefb8 elementor-widget elementor-widget-video\" data-id=\"10aefb8\" data-element_type=\"widget\" data-settings=\"{&quot;youtube_url&quot;:&quot;https:\\\/\\\/www.youtube.com\\\/watch?v=K4cHhRuwjkk&quot;,&quot;loop&quot;:&quot;yes&quot;,&quot;video_type&quot;:&quot;youtube&quot;,&quot;controls&quot;:&quot;yes&quot;}\" data-widget_type=\"video.default\">\n\t\t\t\t<div class=\"elementor-widget-container\">\n\t\t\t\t\t\t\t<div class=\"elementor-wrapper elementor-open-inline\">\n\t\t\t<div class=\"elementor-video\"><\/div>\t\t<\/div>\n\t\t\t\t\t\t<\/div>\n\t\t\t\t<\/div>\n\t\t\t\t\t<\/div>\n\t\t\t\t<\/div>\n\t\t\t\t<div class=\"elementor-element elementor-element-5afc5ee elementor-widget elementor-widget-text-editor\" data-id=\"5afc5ee\" data-element_type=\"widget\" data-widget_type=\"text-editor.default\">\n\t\t\t\t<div class=\"elementor-widget-container\">\n\t\t\t\t\t\t\t\t\t<h3>Anillo esmeralda talla oval - Anillo de compromiso esmeralda aut\u00e9ntica en plata de ley<\/h3><p>Del\u00e9itese con la belleza y sofisticaci\u00f3n de este impresionante <strong>Anillo de esmeralda<\/strong>con un brillante talla oval <strong>esmeralda natural<\/strong> engastado en plata de ley de alta calidad. Esta exquisita pieza est\u00e1 dise\u00f1ada para captar la atenci\u00f3n con su dise\u00f1o atrevido pero elegante, por lo que es la elecci\u00f3n perfecta para un <strong>anillo de compromiso<\/strong> o un preciado regalo para cualquier ocasi\u00f3n especial. El verde vibrante de la esmeralda simboliza el amor, la renovaci\u00f3n y el crecimiento, aportando belleza y significado a su colecci\u00f3n de joyas.<\/p><p><strong>Caracter\u00edsticas del producto:<\/strong><\/p><ul><li><strong>Material<\/strong>: Fabricado con plata de ley hipoalerg\u00e9nica de alta calidad, que garantiza tanto la durabilidad como la comodidad para el uso diario.<\/li><li><strong>Piedra<\/strong>: Una radiante esmeralda natural de talla ovalada con un profundo tono verde, que muestra la belleza y la rareza de esta piedra preciosa atemporal.<\/li><li><strong>Dise\u00f1o<\/strong>: Cl\u00e1sica y refinada, la esmeralda de talla oval est\u00e1 bellamente engastada en una elegante banda de plata, que permite que la piedra brille con cada movimiento. Su elegante sencillez la hace perfecta tanto para gustos modernos como tradicionales.<\/li><li><strong>Perfecto para compromisos<\/strong>: Una elecci\u00f3n significativa para un anillo de compromiso, que simboliza el amor eterno y el compromiso. Este anillo cautivar\u00e1 el coraz\u00f3n de su pareja.<\/li><li><strong>Vers\u00e1til y atemporal<\/strong>: Ya sea como anillo de compromiso o como accesorio, este anillo de esmeralda encaja a la perfecci\u00f3n en cualquier colecci\u00f3n, por lo que es ideal tanto para el uso diario como para ocasiones especiales.<\/li><\/ul><p>Deje que la belleza natural de este <strong>Anillo de esmeralda<\/strong> brillar\u00e1 en su vida, aportando elegancia y significado a sus momentos m\u00e1s preciados. No espere m\u00e1s: consiga hoy mismo esta pieza atemporal y cause una impresi\u00f3n duradera.<\/p>\t\t\t\t\t\t\t\t<\/div>\n\t\t\t\t<\/div>\n\t\t\t\t\t<\/div>\n\t\t\t\t<\/div>\n\t\t\t\t<\/div>","protected":false},"excerpt":{"rendered":"<p><strong>DETALLES del producto:<\/strong><br \/>\nMetal: Plata 925k<br \/>\nGema: Esmeralda natural en bruto<br \/>\nColor de la gema: Verde<br \/>\nColor de la pulsera: Oro blanco<br \/>\nTama\u00f1o del anillo: Ajustable<br \/>\nDi\u00e1metro de la piedra: 8\u00d76 mm<br \/>\nClaridad: Muy ligeramente incluido<br \/>\nForma: Oval<br \/>\nCorte: Brillante Mixto<\/p>","protected":false},"featured_media":1307,"comment_status":"open","ping_status":"closed","template":"","meta":{"_kad_post_transparent":"","_kad_post_title":"","_kad_post_layout":"","_kad_post_sidebar_id":"","_kad_post_content_style":"","_kad_post_vertical_padding":"","_kad_post_feature":"","_kad_post_feature_position":"","_kad_post_header":false,"_kad_post_footer":false},"product_brand":[],"product_cat":[17,66,20,15,69],"product_tag":[],"class_list":{"0":"post-661","1":"product","2":"type-product","3":"status-publish","4":"has-post-thumbnail","6":"product_cat-engagement-ring","7":"product_cat-natural-gemstones-ring","8":"product_cat-oval-ring","9":"product_cat-rings","10":"product_cat-solitaire","12":"first","13":"instock","14":"shipping-taxable","15":"purchasable","16":"product-type-simple","17":"entry","18":"content-bg","19":"loop-entry"},"aioseo_notices":[],"_links":{"self":[{"href":"https:\/\/emeraldsring.com\/es\/wp-json\/wp\/v2\/product\/661","targetHints":{"allow":["GET"]}}],"collection":[{"href":"https:\/\/emeraldsring.com\/es\/wp-json\/wp\/v2\/product"}],"about":[{"href":"https:\/\/emeraldsring.com\/es\/wp-json\/wp\/v2\/types\/product"}],"replies":[{"embeddable":true,"href":"https:\/\/emeraldsring.com\/es\/wp-json\/wp\/v2\/comments?post=661"}],"version-history":[{"count":11,"href":"https:\/\/emeraldsring.com\/es\/wp-json\/wp\/v2\/product\/661\/revisions"}],"predecessor-version":[{"id":1308,"href":"https:\/\/emeraldsring.com\/es\/wp-json\/wp\/v2\/product\/661\/revisions\/1308"}],"wp:featuredmedia":[{"embeddable":true,"href":"https:\/\/emeraldsring.com\/es\/wp-json\/wp\/v2\/media\/1307"}],"wp:attachment":[{"href":"https:\/\/emeraldsring.com\/es\/wp-json\/wp\/v2\/media?parent=661"}],"wp:term":[{"taxonomy":"product_brand","embeddable":true,"href":"https:\/\/emeraldsring.com\/es\/wp-json\/wp\/v2\/product_brand?post=661"},{"taxonomy":"product_cat","embeddable":true,"href":"https:\/\/emeraldsring.com\/es\/wp-json\/wp\/v2\/product_cat?post=661"},{"taxonomy":"product_tag","embeddable":true,"href":"https:\/\/emeraldsring.com\/es\/wp-json\/wp\/v2\/product_tag?post=661"}],"curies":[{"name":"wp","href":"https:\/\/api.w.org\/{rel}","templated":true}]}}