{"id":669,"date":"2025-02-06T10:54:05","date_gmt":"2025-02-06T05:54:05","guid":{"rendered":"https:\/\/emeraldsring.com\/?post_type=product&#038;p=669"},"modified":"2025-04-28T19:59:26","modified_gmt":"2025-04-28T14:59:26","slug":"natural-emerald-ring-925-sterling-silver-emerald-wedding-rings","status":"publish","type":"product","link":"https:\/\/emeraldsring.com\/es\/producto\/natural-emerald-ring-925-sterling-silver-emerald-wedding-rings\/","title":{"rendered":"Anillo Esmeralda Natural Plata de Ley 925 Alianzas Esmeralda"},"content":{"rendered":"<div data-elementor-type=\"product-post\" data-elementor-id=\"669\" class=\"elementor elementor-669\" data-elementor-post-type=\"product\">\n\t\t\t\t<div class=\"elementor-element elementor-element-6430e29 e-flex e-con-boxed e-con e-parent\" data-id=\"6430e29\" data-element_type=\"container\">\n\t\t\t\t\t<div class=\"e-con-inner\">\n\t\t<div class=\"elementor-element elementor-element-9281524 e-con-full e-flex e-con e-child\" data-id=\"9281524\" data-element_type=\"container\">\n\t\t\t\t<div class=\"elementor-element elementor-element-2ea63bd elementor-widget elementor-widget-video\" data-id=\"2ea63bd\" data-element_type=\"widget\" data-settings=\"{&quot;youtube_url&quot;:&quot;https:\\\/\\\/www.youtube.com\\\/watch?v=VZxuqZDJxRs&quot;,&quot;video_type&quot;:&quot;youtube&quot;,&quot;controls&quot;:&quot;yes&quot;}\" data-widget_type=\"video.default\">\n\t\t\t\t<div class=\"elementor-widget-container\">\n\t\t\t\t\t\t\t<div class=\"elementor-wrapper elementor-open-inline\">\n\t\t\t<div class=\"elementor-video\"><\/div>\t\t<\/div>\n\t\t\t\t\t\t<\/div>\n\t\t\t\t<\/div>\n\t\t\t\t<\/div>\n\t\t\t\t<div class=\"elementor-element elementor-element-c60ec35 elementor-widget elementor-widget-text-editor\" data-id=\"c60ec35\" data-element_type=\"widget\" data-widget_type=\"text-editor.default\">\n\t\t\t\t<div class=\"elementor-widget-container\">\n\t\t\t\t\t\t\t\t\t<p>Celebra el amor eterno con este exquisito <strong>Anillo de esmeralda<\/strong>elaborado en lujosa plata de ley 925. Con una deslumbrante esmeralda natural, este anillo es la elecci\u00f3n perfecta para un <strong>anillo de boda<\/strong>anillo de compromiso, o un regalo significativo para atesorar para siempre. El verde intenso de la esmeralda simboliza el crecimiento, el amor y la vitalidad, por lo que es una pieza atemporal que siempre le recordar\u00e1 los momentos m\u00e1s bellos de la vida.<\/p><p><strong>Caracter\u00edsticas del producto:<\/strong><\/p><ul><li><strong>Material<\/strong>: Elaborado por expertos en plata de ley 925, garantiza durabilidad, comodidad y un brillo duradero. La base perfecta para resaltar la vibrante piedra esmeralda.<\/li><li><strong>Piedra<\/strong>: Esmeralda natural aut\u00e9ntica, cuidadosamente seleccionada por su llamativo tono verde y su claridad. El brillo de la gema se ve realzado por el elegante engaste, que la convierte en el punto focal del dise\u00f1o.<\/li><li><strong>Dise\u00f1o<\/strong>: Un dise\u00f1o cl\u00e1sico pero moderno, la esmeralda est\u00e1 bellamente engastada en la banda de plata de ley, ofreciendo un aspecto sofisticado y elegante. Su atractivo atemporal lo hace adecuado para cualquier ocasi\u00f3n.<\/li><li><strong>Perfecto para bodas<\/strong>: Un perfecto <strong>anillo de boda<\/strong> para representar su amor y compromiso. El intenso color verde de la esmeralda encarna la armon\u00eda y el crecimiento, lo que la convierte en un s\u00edmbolo inolvidable de vuestro viaje juntos.<\/li><li><strong>Belleza vers\u00e1til<\/strong>: Para llevar a diario o en ocasiones especiales, esta <strong>Anillo de esmeralda<\/strong> a\u00f1ade un toque de lujo y elegancia a cualquier conjunto. Su discreto dise\u00f1o combina a la perfecci\u00f3n con cualquier atuendo, ya sea informal o formal.<\/li><\/ul><p>Este impresionante <strong>Anillo de esmeralda<\/strong> es algo m\u00e1s que una joya; es un s\u00edmbolo de amor, vitalidad y compromiso que ser\u00e1 apreciado durante toda la vida. No pierda la oportunidad de poseer esta pieza atemporal: haga su pedido hoy mismo y celebre sus momentos especiales con una elegancia inigualable.<\/p>\t\t\t\t\t\t\t\t<\/div>\n\t\t\t\t<\/div>\n\t\t\t\t\t<\/div>\n\t\t\t\t<\/div>\n\t\t\t\t<\/div>","protected":false},"excerpt":{"rendered":"<p><strong>DETALLES del producto:<\/strong><br \/>\nMetal: Plata 925k<br \/>\nGema: Esmeralda natural en bruto<br \/>\nColor de la gema: Verde<br \/>\nColor de la pulsera: Oro blanco<br \/>\nTama\u00f1o del anillo: Ajustable<br \/>\nDi\u00e1metro de la piedra: 8*6 mm<br \/>\nClaridad: Muy ligeramente incluido<br \/>\nForma: Oval<br \/>\nCorte: Brillante Mixto<\/p>\n<div id=\"gtx-trans\" style=\"position: absolute; left: 61px; top: 183px;\">\n<div class=\"gtx-trans-icon\"><\/div>\n<\/div>","protected":false},"featured_media":1313,"comment_status":"open","ping_status":"closed","template":"","meta":{"_kad_post_transparent":"","_kad_post_title":"","_kad_post_layout":"","_kad_post_sidebar_id":"","_kad_post_content_style":"","_kad_post_vertical_padding":"","_kad_post_feature":"","_kad_post_feature_position":"","_kad_post_header":false,"_kad_post_footer":false},"product_brand":[],"product_cat":[16,17,70,77,66,20,15],"product_tag":[],"class_list":{"0":"post-669","1":"product","2":"type-product","3":"status-publish","4":"has-post-thumbnail","6":"product_cat-emerald-ring","7":"product_cat-engagement-ring","8":"product_cat-halo-ring","9":"product_cat-lady-diana","10":"product_cat-natural-gemstones-ring","11":"product_cat-oval-ring","12":"product_cat-rings","14":"first","15":"instock","16":"shipping-taxable","17":"purchasable","18":"product-type-simple","19":"entry","20":"content-bg","21":"loop-entry"},"aioseo_notices":[],"_links":{"self":[{"href":"https:\/\/emeraldsring.com\/es\/wp-json\/wp\/v2\/product\/669","targetHints":{"allow":["GET"]}}],"collection":[{"href":"https:\/\/emeraldsring.com\/es\/wp-json\/wp\/v2\/product"}],"about":[{"href":"https:\/\/emeraldsring.com\/es\/wp-json\/wp\/v2\/types\/product"}],"replies":[{"embeddable":true,"href":"https:\/\/emeraldsring.com\/es\/wp-json\/wp\/v2\/comments?post=669"}],"version-history":[{"count":8,"href":"https:\/\/emeraldsring.com\/es\/wp-json\/wp\/v2\/product\/669\/revisions"}],"predecessor-version":[{"id":1315,"href":"https:\/\/emeraldsring.com\/es\/wp-json\/wp\/v2\/product\/669\/revisions\/1315"}],"wp:featuredmedia":[{"embeddable":true,"href":"https:\/\/emeraldsring.com\/es\/wp-json\/wp\/v2\/media\/1313"}],"wp:attachment":[{"href":"https:\/\/emeraldsring.com\/es\/wp-json\/wp\/v2\/media?parent=669"}],"wp:term":[{"taxonomy":"product_brand","embeddable":true,"href":"https:\/\/emeraldsring.com\/es\/wp-json\/wp\/v2\/product_brand?post=669"},{"taxonomy":"product_cat","embeddable":true,"href":"https:\/\/emeraldsring.com\/es\/wp-json\/wp\/v2\/product_cat?post=669"},{"taxonomy":"product_tag","embeddable":true,"href":"https:\/\/emeraldsring.com\/es\/wp-json\/wp\/v2\/product_tag?post=669"}],"curies":[{"name":"wp","href":"https:\/\/api.w.org\/{rel}","templated":true}]}}