{"id":678,"date":"2025-02-06T11:18:47","date_gmt":"2025-02-06T06:18:47","guid":{"rendered":"https:\/\/emeraldsring.com\/?post_type=product&#038;p=678"},"modified":"2025-04-28T19:59:23","modified_gmt":"2025-04-28T14:59:23","slug":"oval-cut-emerald-wedding-ring-delicate-halo-emerald-engagement-ring","status":"publish","type":"product","link":"https:\/\/emeraldsring.com\/es\/producto\/oval-cut-emerald-wedding-ring-delicate-halo-emerald-engagement-ring\/","title":{"rendered":"Anillo de compromiso de esmeralda de corte ovalado Delicate Halo Emerald Engagement Ring"},"content":{"rendered":"<div data-elementor-type=\"product-post\" data-elementor-id=\"678\" class=\"elementor elementor-678\" data-elementor-post-type=\"product\">\n\t\t\t\t<div class=\"elementor-element elementor-element-f45e610 e-flex e-con-boxed e-con e-parent\" data-id=\"f45e610\" data-element_type=\"container\">\n\t\t\t\t\t<div class=\"e-con-inner\">\n\t\t<div class=\"elementor-element elementor-element-12d3643 e-con-full e-flex e-con e-child\" data-id=\"12d3643\" data-element_type=\"container\">\n\t\t\t\t<div class=\"elementor-element elementor-element-fcdeffe elementor-widget elementor-widget-video\" data-id=\"fcdeffe\" data-element_type=\"widget\" data-settings=\"{&quot;youtube_url&quot;:&quot;https:\\\/\\\/www.youtube.com\\\/watch?v=cFAumQdIoEo&quot;,&quot;video_type&quot;:&quot;youtube&quot;,&quot;controls&quot;:&quot;yes&quot;}\" data-widget_type=\"video.default\">\n\t\t\t\t<div class=\"elementor-widget-container\">\n\t\t\t\t\t\t\t<div class=\"elementor-wrapper elementor-open-inline\">\n\t\t\t<div class=\"elementor-video\"><\/div>\t\t<\/div>\n\t\t\t\t\t\t<\/div>\n\t\t\t\t<\/div>\n\t\t\t\t<\/div>\n\t\t\t\t<div class=\"elementor-element elementor-element-f2a293c elementor-widget elementor-widget-text-editor\" data-id=\"f2a293c\" data-element_type=\"widget\" data-widget_type=\"text-editor.default\">\n\t\t\t\t<div class=\"elementor-widget-container\">\n\t\t\t\t\t\t\t\t\t<p>Capta la esencia de la elegancia atemporal con este impresionante <strong>Anillo de esmeralda<\/strong>...con una impresionante talla ovalada... <strong>esmeralda natural<\/strong> rodeada de un delicado halo de piedras brillantes. Engarzado en metal de alta calidad, este anillo combina el encanto vintage con la sofisticaci\u00f3n moderna, convirti\u00e9ndolo en el anillo perfecto. <strong>anillo de compromiso<\/strong> para alguien realmente especial. El rico tono verde de la esmeralda simboliza el crecimiento, el amor y la armon\u00eda, creando una pieza significativa e inolvidable para marcar su historia de amor.<\/p><p><strong>Caracter\u00edsticas del producto:<\/strong><\/p><ul><li><strong>Material<\/strong>: Fabricado en metal de primera calidad (elija la opci\u00f3n de metal que prefiera), ofrece durabilidad y un lujoso acabado que complementa la vibrante esmeralda.<\/li><li><strong>Piedra<\/strong>: Esmeralda natural de talla ovalada, seleccionada por su claridad y su intenso y cautivador tono verde. La piedra est\u00e1 elegantemente rodeada por un halo de piedras brillantes que realzan su resplandor y crean un efecto realmente llamativo.<\/li><li><strong>Dise\u00f1o<\/strong>: La esmeralda de talla ovalada en el centro, rodeada de un delicado halo, ofrece un aspecto de inspiraci\u00f3n vintage tan rom\u00e1ntico como sofisticado. Su dise\u00f1o cl\u00e1sico lo convierte en un <strong>anillo de compromiso<\/strong> para simbolizar vuestro amor eterno.<\/li><li><strong>Perfecto para compromisos<\/strong>: Con su impresionante pieza central de esmeralda y detalle de halo, este <strong>Anillo de esmeralda<\/strong> es una elecci\u00f3n exquisita para cualquiera que busque un anillo de compromiso \u00fanico y significativo que destaque entre la multitud.<\/li><li><strong>Elegancia vers\u00e1til<\/strong>: Tanto si se lleva a diario como en ocasiones especiales, la belleza atemporal y el delicado dise\u00f1o de este anillo lo convierten en un complemento perfecto para cualquier colecci\u00f3n de joyas.<\/li><\/ul><p>Este <strong>Anillo de compromiso esmeralda<\/strong> es un s\u00edmbolo de su amor y compromiso eternos. No pierda la oportunidad de poseer esta deslumbrante pieza: haga su pedido hoy mismo y convierta su pedida de mano o celebraci\u00f3n en algo inolvidable.<\/p>\t\t\t\t\t\t\t\t<\/div>\n\t\t\t\t<\/div>\n\t\t\t\t\t<\/div>\n\t\t\t\t<\/div>\n\t\t\t\t<\/div>","protected":false},"excerpt":{"rendered":"<p>DETALLES del producto:<br \/>\nMetal: Plata 925k<br \/>\nGema: Esmeralda natural en bruto<br \/>\nColor de la gema: Verde<br \/>\nColor de la pulsera: Oro blanco<br \/>\nTama\u00f1o del anillo: Ajustable<br \/>\nDi\u00e1metro de la piedra: 6*8 mm<br \/>\nClaridad: Muy ligeramente incluido<br \/>\nForma: Oval<br \/>\nCorte: Brillante Mixto<\/p>\n<div id=\"gtx-trans\" style=\"position: absolute; left: 62px; top: 183px;\">\n<div class=\"gtx-trans-icon\"><\/div>\n<\/div>","protected":false},"featured_media":1316,"comment_status":"open","ping_status":"closed","template":"","meta":{"_kad_post_transparent":"","_kad_post_title":"","_kad_post_layout":"","_kad_post_sidebar_id":"","_kad_post_content_style":"","_kad_post_vertical_padding":"","_kad_post_feature":"","_kad_post_feature_position":"","_kad_post_header":false,"_kad_post_footer":false},"product_brand":[],"product_cat":[17,70,77,66,20,15],"product_tag":[],"class_list":{"0":"post-678","1":"product","2":"type-product","3":"status-publish","4":"has-post-thumbnail","6":"product_cat-engagement-ring","7":"product_cat-halo-ring","8":"product_cat-lady-diana","9":"product_cat-natural-gemstones-ring","10":"product_cat-oval-ring","11":"product_cat-rings","13":"first","14":"instock","15":"shipping-taxable","16":"purchasable","17":"product-type-simple","18":"entry","19":"content-bg","20":"loop-entry"},"aioseo_notices":[],"_links":{"self":[{"href":"https:\/\/emeraldsring.com\/es\/wp-json\/wp\/v2\/product\/678","targetHints":{"allow":["GET"]}}],"collection":[{"href":"https:\/\/emeraldsring.com\/es\/wp-json\/wp\/v2\/product"}],"about":[{"href":"https:\/\/emeraldsring.com\/es\/wp-json\/wp\/v2\/types\/product"}],"replies":[{"embeddable":true,"href":"https:\/\/emeraldsring.com\/es\/wp-json\/wp\/v2\/comments?post=678"}],"version-history":[{"count":12,"href":"https:\/\/emeraldsring.com\/es\/wp-json\/wp\/v2\/product\/678\/revisions"}],"predecessor-version":[{"id":1433,"href":"https:\/\/emeraldsring.com\/es\/wp-json\/wp\/v2\/product\/678\/revisions\/1433"}],"wp:featuredmedia":[{"embeddable":true,"href":"https:\/\/emeraldsring.com\/es\/wp-json\/wp\/v2\/media\/1316"}],"wp:attachment":[{"href":"https:\/\/emeraldsring.com\/es\/wp-json\/wp\/v2\/media?parent=678"}],"wp:term":[{"taxonomy":"product_brand","embeddable":true,"href":"https:\/\/emeraldsring.com\/es\/wp-json\/wp\/v2\/product_brand?post=678"},{"taxonomy":"product_cat","embeddable":true,"href":"https:\/\/emeraldsring.com\/es\/wp-json\/wp\/v2\/product_cat?post=678"},{"taxonomy":"product_tag","embeddable":true,"href":"https:\/\/emeraldsring.com\/es\/wp-json\/wp\/v2\/product_tag?post=678"}],"curies":[{"name":"wp","href":"https:\/\/api.w.org\/{rel}","templated":true}]}}