{"id":687,"date":"2025-02-06T11:36:34","date_gmt":"2025-02-06T06:36:34","guid":{"rendered":"https:\/\/emeraldsring.com\/?post_type=product&#038;p=687"},"modified":"2025-04-28T19:59:20","modified_gmt":"2025-04-28T14:59:20","slug":"natural-emerald-ring-emerald-engagement-ring-jewelry-gemstone-ring","status":"publish","type":"product","link":"https:\/\/emeraldsring.com\/es\/producto\/natural-emerald-ring-emerald-engagement-ring-jewelry-gemstone-ring\/","title":{"rendered":"Anillo de diamante esmeralda natural Anillo de compromiso de esmeralda Anillo de piedras preciosas"},"content":{"rendered":"<div data-elementor-type=\"product-post\" data-elementor-id=\"687\" class=\"elementor elementor-687\" data-elementor-post-type=\"product\">\n\t\t\t\t<div class=\"elementor-element elementor-element-dc2c7bd e-flex e-con-boxed e-con e-parent\" data-id=\"dc2c7bd\" data-element_type=\"container\">\n\t\t\t\t\t<div class=\"e-con-inner\">\n\t\t<div class=\"elementor-element elementor-element-e12ea1d e-con-full e-flex e-con e-child\" data-id=\"e12ea1d\" data-element_type=\"container\">\n\t\t\t\t<div class=\"elementor-element elementor-element-afc401b elementor-widget elementor-widget-video\" data-id=\"afc401b\" data-element_type=\"widget\" data-settings=\"{&quot;youtube_url&quot;:&quot;https:\\\/\\\/www.youtube.com\\\/watch?v=yLprattVis8&quot;,&quot;loop&quot;:&quot;yes&quot;,&quot;video_type&quot;:&quot;youtube&quot;,&quot;controls&quot;:&quot;yes&quot;}\" data-widget_type=\"video.default\">\n\t\t\t\t<div class=\"elementor-widget-container\">\n\t\t\t\t\t\t\t<div class=\"elementor-wrapper elementor-open-inline\">\n\t\t\t<div class=\"elementor-video\"><\/div>\t\t<\/div>\n\t\t\t\t\t\t<\/div>\n\t\t\t\t<\/div>\n\t\t\t\t<\/div>\n\t\t\t\t<div class=\"elementor-element elementor-element-b8c7be0 elementor-widget elementor-widget-text-editor\" data-id=\"b8c7be0\" data-element_type=\"widget\" data-widget_type=\"text-editor.default\">\n\t\t\t\t<div class=\"elementor-widget-container\">\n\t\t\t\t\t\t\t\t\t<p>Haz que tu historia de amor sea inolvidable con este exquisito <strong>Anillo de esmeralda<\/strong>con una cautivadora esmeralda natural engastada en un precioso anillo. Conocida por su profundo y vibrante tono verde, la esmeralda es un s\u00edmbolo de amor, renovaci\u00f3n y armon\u00eda, por lo que es la piedra preciosa perfecta para una boda. <strong>anillo de compromiso<\/strong> que durar\u00e1n toda la vida. Tanto si quieres celebrar un momento especial como si quieres hacer la pregunta, esta <strong>Anillo de compromiso esmeralda<\/strong> dejar\u00e1 una impresi\u00f3n duradera.<\/p><p><strong>Caracter\u00edsticas del producto:<\/strong><\/p><ul><li><strong>Material<\/strong>: Elaborado por expertos con metal de alta calidad (elija la opci\u00f3n que prefiera), proporciona un equilibrio perfecto entre durabilidad y elegancia para lucir la piedra esmeralda.<\/li><li><strong>Piedra<\/strong>: Una aut\u00e9ntica esmeralda natural, cuidadosamente seleccionada por su intenso color verde y su sorprendente claridad. La piedra esmeralda rica es la pieza central de este anillo, que exuda belleza y sofisticaci\u00f3n.<\/li><li><strong>Dise\u00f1o<\/strong>: Un dise\u00f1o cl\u00e1sico y refinado que permite a la esmeralda brillar. Su sencillez y elegancia la convierten en la opci\u00f3n ideal para un moderno <strong>anillo de compromiso<\/strong> o un impresionante complemento para cualquier colecci\u00f3n de joyas.<\/li><li><strong>S\u00edmbolo del amor<\/strong>: La esmeralda es un s\u00edmbolo de renovaci\u00f3n, lealtad y amor eterno, por lo que este anillo es una pieza significativa para simbolizar su compromiso.<\/li><li><strong>Perfecto para compromisos<\/strong>: Este <strong>Anillo de compromiso esmeralda<\/strong> es ideal para quienes buscan una forma \u00fanica, significativa y hermosa de pedir amor para toda la vida. Es una pieza destacada que cautivar\u00e1 el coraz\u00f3n de su pareja.<\/li><\/ul><p>Celebra tu amor con este extraordinario <strong>Anillo de esmeralda<\/strong>Una impresionante expresi\u00f3n de belleza y profundo significado emocional. Haga su pedido hoy y convierta cada momento en memorable con esta pieza atemporal.<\/p>\t\t\t\t\t\t\t\t<\/div>\n\t\t\t\t<\/div>\n\t\t\t\t\t<\/div>\n\t\t\t\t<\/div>\n\t\t\t\t<\/div>","protected":false},"excerpt":{"rendered":"<p><strong>DETALLES del producto:<\/strong><br \/>\nMetal: Plata 925k<br \/>\nGema: Esmeralda natural en bruto<br \/>\nColor de la gema: Verde<br \/>\nColor de la pulsera: Oro blanco<br \/>\nTama\u00f1o del anillo: Ajustable<br \/>\nDi\u00e1metro de la piedra: 8\u00d76 mm<br \/>\nClaridad: Muy ligeramente incluido<br \/>\nForma: Oval<br \/>\nCorte: Brillante Mixto<\/p>\n<div id=\"gtx-trans\" style=\"position: absolute; left: 71px; top: 183px;\">\n<div class=\"gtx-trans-icon\"><\/div>\n<\/div>","protected":false},"featured_media":1326,"comment_status":"open","ping_status":"closed","template":"","meta":{"_kad_post_transparent":"","_kad_post_title":"","_kad_post_layout":"","_kad_post_sidebar_id":"","_kad_post_content_style":"","_kad_post_vertical_padding":"","_kad_post_feature":"","_kad_post_feature_position":"","_kad_post_header":false,"_kad_post_footer":false},"product_brand":[],"product_cat":[16,17,70,77,66,20,15,69],"product_tag":[],"class_list":{"0":"post-687","1":"product","2":"type-product","3":"status-publish","4":"has-post-thumbnail","6":"product_cat-emerald-ring","7":"product_cat-engagement-ring","8":"product_cat-halo-ring","9":"product_cat-lady-diana","10":"product_cat-natural-gemstones-ring","11":"product_cat-oval-ring","12":"product_cat-rings","13":"product_cat-solitaire","15":"first","16":"instock","17":"shipping-taxable","18":"purchasable","19":"product-type-simple","20":"entry","21":"content-bg","22":"loop-entry"},"aioseo_notices":[],"_links":{"self":[{"href":"https:\/\/emeraldsring.com\/es\/wp-json\/wp\/v2\/product\/687","targetHints":{"allow":["GET"]}}],"collection":[{"href":"https:\/\/emeraldsring.com\/es\/wp-json\/wp\/v2\/product"}],"about":[{"href":"https:\/\/emeraldsring.com\/es\/wp-json\/wp\/v2\/types\/product"}],"replies":[{"embeddable":true,"href":"https:\/\/emeraldsring.com\/es\/wp-json\/wp\/v2\/comments?post=687"}],"version-history":[{"count":9,"href":"https:\/\/emeraldsring.com\/es\/wp-json\/wp\/v2\/product\/687\/revisions"}],"predecessor-version":[{"id":1328,"href":"https:\/\/emeraldsring.com\/es\/wp-json\/wp\/v2\/product\/687\/revisions\/1328"}],"wp:featuredmedia":[{"embeddable":true,"href":"https:\/\/emeraldsring.com\/es\/wp-json\/wp\/v2\/media\/1326"}],"wp:attachment":[{"href":"https:\/\/emeraldsring.com\/es\/wp-json\/wp\/v2\/media?parent=687"}],"wp:term":[{"taxonomy":"product_brand","embeddable":true,"href":"https:\/\/emeraldsring.com\/es\/wp-json\/wp\/v2\/product_brand?post=687"},{"taxonomy":"product_cat","embeddable":true,"href":"https:\/\/emeraldsring.com\/es\/wp-json\/wp\/v2\/product_cat?post=687"},{"taxonomy":"product_tag","embeddable":true,"href":"https:\/\/emeraldsring.com\/es\/wp-json\/wp\/v2\/product_tag?post=687"}],"curies":[{"name":"wp","href":"https:\/\/api.w.org\/{rel}","templated":true}]}}