{"id":696,"date":"2025-02-06T12:19:23","date_gmt":"2025-02-06T07:19:23","guid":{"rendered":"https:\/\/emeraldsring.com\/?post_type=product&#038;p=696"},"modified":"2025-05-16T20:01:33","modified_gmt":"2025-05-16T15:01:33","slug":"emerald-engagement-ring-for-women-oval-cut-emerald-ring","status":"publish","type":"product","link":"https:\/\/emeraldsring.com\/es\/producto\/emerald-engagement-ring-for-women-oval-cut-emerald-ring\/","title":{"rendered":"Anillo de compromiso de esmeralda para mujer Anillo de esmeralda de corte ovalado"},"content":{"rendered":"<div data-elementor-type=\"product-post\" data-elementor-id=\"696\" class=\"elementor elementor-696\" data-elementor-post-type=\"product\">\n\t\t\t\t<div class=\"elementor-element elementor-element-f04444d e-flex e-con-boxed e-con e-parent\" data-id=\"f04444d\" data-element_type=\"container\" data-e-type=\"container\">\n\t\t\t\t\t<div class=\"e-con-inner\">\n\t\t\t\t<div class=\"elementor-element elementor-element-d114533 elementor-widget elementor-widget-text-editor\" data-id=\"d114533\" data-element_type=\"widget\" data-e-type=\"widget\" data-widget_type=\"text-editor.default\">\n\t\t\t\t<div class=\"elementor-widget-container\">\n\t\t\t\t\t\t\t\t\t<p>Da el \"s\u00ed, quiero\" a la elegancia y la belleza atemporal con esta impresionante <strong>Anillo de compromiso esmeralda<\/strong>. Con una cautivadora talla ovalada <strong>esmeralda natural<\/strong>Este exquisito anillo est\u00e1 dise\u00f1ado para ser tan \u00fanico y especial como su historia de amor. El verde vibrante de la esmeralda simboliza la esperanza, la renovaci\u00f3n y el amor duradero, lo que la convierte en la gema perfecta para un <strong>anillo de compromiso<\/strong> que ser\u00e1n apreciados para siempre.<\/p><p><strong>Caracter\u00edsticas del producto:<\/strong><\/p><ul><li><strong>Material<\/strong>: Elaborado con metal de alta calidad (elija su opci\u00f3n preferida), este anillo ofrece tanto durabilidad como un acabado refinado que complementa la llamativa piedra esmeralda.<\/li><li><strong>Piedra<\/strong>: Esmeralda natural aut\u00e9ntica de talla ovalada, seleccionada por su asombrosa claridad y su intenso tono verde. El vibrante color de la esmeralda atraer\u00e1 todas las miradas y brillar\u00e1 con luz propia.<\/li><li><strong>Dise\u00f1o<\/strong>: La elegante esmeralda de talla oval est\u00e1 elegantemente engastada en una delicada banda, ofreciendo un dise\u00f1o cl\u00e1sico y refinado que se adapta tanto a los gustos modernos como a los tradicionales. El engaste, sencillo pero sofisticado, garantiza que la esmeralda siga siendo el centro de atenci\u00f3n del anillo.<\/li><li><strong>Perfecto para compromisos<\/strong>: Simboliza el amor y la eternidad. <strong>Anillo de compromiso esmeralda<\/strong> es la elecci\u00f3n ideal para las parejas que desean un anillo distintivo y significativo para marcar su momento especial.<\/li><li><strong>Belleza intemporal<\/strong>: La elegancia perdurable de la esmeralda de talla ovalada, junto con el dise\u00f1o atemporal, garantizan que este anillo ser\u00e1 admirado durante a\u00f1os.<\/li><\/ul><p>Deje que su amor brille con este excepcional <strong>Anillo de esmeralda<\/strong>un impresionante y significativo s\u00edmbolo de su compromiso. P\u00eddalo hoy mismo y haga que su pedida de mano sea inolvidable con esta hermosa pieza \u00fanica.<\/p>\t\t\t\t\t\t\t\t<\/div>\n\t\t\t\t<\/div>\n\t\t\t\t\t<\/div>\n\t\t\t\t<\/div>\n\t\t\t\t<\/div>","protected":false},"excerpt":{"rendered":"<p>DETALLES del producto:<br \/>\nMetal: Plata 925k<br \/>\nGema: Esmeralda natural en bruto<br \/>\nColor de la gema: Verde<br \/>\nColor de la pulsera: Oro blanco<br \/>\nTama\u00f1o del anillo: Ajustable<br \/>\nDi\u00e1metro de la piedra: 4\u00d75 mm<br \/>\nClaridad: Muy ligeramente incluido<br \/>\nForma: Oval<br \/>\nCorte: Brillante Mixto<\/p>","protected":false},"featured_media":1330,"comment_status":"open","ping_status":"closed","template":"","meta":{"_kad_post_transparent":"","_kad_post_title":"","_kad_post_layout":"","_kad_post_sidebar_id":"","_kad_post_content_style":"","_kad_post_vertical_padding":"","_kad_post_feature":"","_kad_post_feature_position":"","_kad_post_header":false,"_kad_post_footer":false},"product_brand":[],"product_cat":[16,17,66,20,15,69],"product_tag":[],"class_list":{"0":"post-696","1":"product","2":"type-product","3":"status-publish","4":"has-post-thumbnail","6":"product_cat-emerald-ring","7":"product_cat-engagement-ring","8":"product_cat-natural-gemstones-ring","9":"product_cat-oval-ring","10":"product_cat-rings","11":"product_cat-solitaire","13":"first","14":"instock","15":"shipping-taxable","16":"purchasable","17":"product-type-simple","18":"entry","19":"content-bg","20":"loop-entry"},"aioseo_notices":[],"_links":{"self":[{"href":"https:\/\/emeraldsring.com\/es\/wp-json\/wp\/v2\/product\/696","targetHints":{"allow":["GET"]}}],"collection":[{"href":"https:\/\/emeraldsring.com\/es\/wp-json\/wp\/v2\/product"}],"about":[{"href":"https:\/\/emeraldsring.com\/es\/wp-json\/wp\/v2\/types\/product"}],"replies":[{"embeddable":true,"href":"https:\/\/emeraldsring.com\/es\/wp-json\/wp\/v2\/comments?post=696"}],"version-history":[{"count":6,"href":"https:\/\/emeraldsring.com\/es\/wp-json\/wp\/v2\/product\/696\/revisions"}],"predecessor-version":[{"id":1329,"href":"https:\/\/emeraldsring.com\/es\/wp-json\/wp\/v2\/product\/696\/revisions\/1329"}],"wp:featuredmedia":[{"embeddable":true,"href":"https:\/\/emeraldsring.com\/es\/wp-json\/wp\/v2\/media\/1330"}],"wp:attachment":[{"href":"https:\/\/emeraldsring.com\/es\/wp-json\/wp\/v2\/media?parent=696"}],"wp:term":[{"taxonomy":"product_brand","embeddable":true,"href":"https:\/\/emeraldsring.com\/es\/wp-json\/wp\/v2\/product_brand?post=696"},{"taxonomy":"product_cat","embeddable":true,"href":"https:\/\/emeraldsring.com\/es\/wp-json\/wp\/v2\/product_cat?post=696"},{"taxonomy":"product_tag","embeddable":true,"href":"https:\/\/emeraldsring.com\/es\/wp-json\/wp\/v2\/product_tag?post=696"}],"curies":[{"name":"wp","href":"https:\/\/api.w.org\/{rel}","templated":true}]}}