{"id":704,"date":"2025-02-06T12:43:34","date_gmt":"2025-02-06T07:43:34","guid":{"rendered":"https:\/\/emeraldsring.com\/?post_type=product&#038;p=704"},"modified":"2025-04-28T19:59:16","modified_gmt":"2025-04-28T14:59:16","slug":"oval-cut-emerald-wedding-ring-natural-emerald-engagement-ring","status":"publish","type":"product","link":"https:\/\/emeraldsring.com\/es\/producto\/oval-cut-emerald-wedding-ring-natural-emerald-engagement-ring\/","title":{"rendered":"Esmeralda talla oval Anillo de compromiso Esmeralda natural"},"content":{"rendered":"<div data-elementor-type=\"product-post\" data-elementor-id=\"704\" class=\"elementor elementor-704\" data-elementor-post-type=\"product\">\n\t\t\t\t<div class=\"elementor-element elementor-element-6712ec6 e-flex e-con-boxed e-con e-parent\" data-id=\"6712ec6\" data-element_type=\"container\">\n\t\t\t\t\t<div class=\"e-con-inner\">\n\t\t\t\t<div class=\"elementor-element elementor-element-79fb3c4 elementor-widget elementor-widget-text-editor\" data-id=\"79fb3c4\" data-element_type=\"widget\" data-widget_type=\"text-editor.default\">\n\t\t\t\t<div class=\"elementor-widget-container\">\n\t\t\t\t\t\t\t\t\t<p>Celebre su amor con la belleza atemporal de este <strong>Anillo de esmeralda<\/strong>. Con un impresionante <strong>esmeralda talla oval<\/strong>Este elegante anillo combina el brillo de la esmeralda con un dise\u00f1o cl\u00e1sico, convirti\u00e9ndolo en el anillo perfecto. <strong>anillo de boda<\/strong> o <strong>anillo de compromiso<\/strong>. El tono verde intenso de la esmeralda simboliza el amor, la renovaci\u00f3n y el compromiso, por lo que es la gema ideal para representar el v\u00ednculo que comparte con su pareja.<\/p><p><strong>Caracter\u00edsticas del producto:<\/strong><\/p><ul><li><strong>Material<\/strong>: Elaborado con metal de primera calidad (elija la opci\u00f3n que prefiera), ofrece un brillo duradero y un dise\u00f1o resistente que complementa la vibrante piedra esmeralda.<\/li><li><strong>Piedra<\/strong>: Una aut\u00e9ntica esmeralda natural de talla ovalada con un fascinante color verde, seleccionada por su claridad y brillo. Esta llamativa piedra captar\u00e1 todas las miradas y a\u00f1adir\u00e1 un toque de sofisticaci\u00f3n a cualquier ocasi\u00f3n.<\/li><li><strong>Dise\u00f1o<\/strong>: La cl\u00e1sica esmeralda de talla oval est\u00e1 engastada en un elegante anillo, que permite que la piedra sea la protagonista. Su dise\u00f1o refinado es perfecto para aquellos que buscan un anillo de boda o compromiso que encarna tanto la elegancia y el significado.<\/li><li><strong>Perfecto para bodas y compromisos<\/strong>: Este <strong>Anillo de esmeralda<\/strong> es una alternativa significativa y \u00fanica a los anillos de diamantes tradicionales. La esmeralda representa el amor eterno, lo que la convierte en un s\u00edmbolo inolvidable para su d\u00eda especial.<\/li><li><strong>Elegancia vers\u00e1til<\/strong>: Ya sea como <strong>anillo de boda<\/strong> o <strong>anillo de compromiso<\/strong>Este impresionante anillo de esmeralda se convertir\u00e1 en una parte muy preciada de su historia de amor. Su dise\u00f1o atemporal garantiza que ser\u00e1 atesorado durante a\u00f1os.<\/li><\/ul><p>Haz que tu compromiso sea inolvidable con este deslumbrante <strong>Anillo de esmeralda<\/strong>. P\u00eddalo hoy y cree recuerdos duraderos con un s\u00edmbolo de amor que brillar\u00e1 para siempre.<\/p>\t\t\t\t\t\t\t\t<\/div>\n\t\t\t\t<\/div>\n\t\t\t\t\t<\/div>\n\t\t\t\t<\/div>\n\t\t\t\t<\/div>","protected":false},"excerpt":{"rendered":"<p><strong>DETALLES del producto:<\/strong><br \/>\nMetal: Plata 925k<br \/>\nGema: Esmeralda natural en bruto<br \/>\nColor de la gema: Verde<br \/>\nColor de la pulsera: Oro blanco<br \/>\nTama\u00f1o del anillo: Ajustable<br \/>\nDi\u00e1metro de la piedra: 6*4 mm<br \/>\nClaridad: Muy ligeramente incluido<br \/>\nForma: Pera<br \/>\nCorte: Brillante Mixto<\/p>\n<div id=\"gtx-trans\" style=\"position: absolute; left: -13px; top: 159px;\">\n<div class=\"gtx-trans-icon\"><\/div>\n<\/div>","protected":false},"featured_media":1333,"comment_status":"open","ping_status":"closed","template":"","meta":{"_kad_post_transparent":"","_kad_post_title":"","_kad_post_layout":"","_kad_post_sidebar_id":"","_kad_post_content_style":"","_kad_post_vertical_padding":"","_kad_post_feature":"","_kad_post_feature_position":"","_kad_post_header":false,"_kad_post_footer":false},"product_brand":[],"product_cat":[16,17,70,66,20,15],"product_tag":[],"class_list":{"0":"post-704","1":"product","2":"type-product","3":"status-publish","4":"has-post-thumbnail","6":"product_cat-emerald-ring","7":"product_cat-engagement-ring","8":"product_cat-halo-ring","9":"product_cat-natural-gemstones-ring","10":"product_cat-oval-ring","11":"product_cat-rings","13":"first","14":"instock","15":"shipping-taxable","16":"purchasable","17":"product-type-simple","18":"entry","19":"content-bg","20":"loop-entry"},"aioseo_notices":[],"_links":{"self":[{"href":"https:\/\/emeraldsring.com\/es\/wp-json\/wp\/v2\/product\/704","targetHints":{"allow":["GET"]}}],"collection":[{"href":"https:\/\/emeraldsring.com\/es\/wp-json\/wp\/v2\/product"}],"about":[{"href":"https:\/\/emeraldsring.com\/es\/wp-json\/wp\/v2\/types\/product"}],"replies":[{"embeddable":true,"href":"https:\/\/emeraldsring.com\/es\/wp-json\/wp\/v2\/comments?post=704"}],"version-history":[{"count":5,"href":"https:\/\/emeraldsring.com\/es\/wp-json\/wp\/v2\/product\/704\/revisions"}],"predecessor-version":[{"id":1335,"href":"https:\/\/emeraldsring.com\/es\/wp-json\/wp\/v2\/product\/704\/revisions\/1335"}],"wp:featuredmedia":[{"embeddable":true,"href":"https:\/\/emeraldsring.com\/es\/wp-json\/wp\/v2\/media\/1333"}],"wp:attachment":[{"href":"https:\/\/emeraldsring.com\/es\/wp-json\/wp\/v2\/media?parent=704"}],"wp:term":[{"taxonomy":"product_brand","embeddable":true,"href":"https:\/\/emeraldsring.com\/es\/wp-json\/wp\/v2\/product_brand?post=704"},{"taxonomy":"product_cat","embeddable":true,"href":"https:\/\/emeraldsring.com\/es\/wp-json\/wp\/v2\/product_cat?post=704"},{"taxonomy":"product_tag","embeddable":true,"href":"https:\/\/emeraldsring.com\/es\/wp-json\/wp\/v2\/product_tag?post=704"}],"curies":[{"name":"wp","href":"https:\/\/api.w.org\/{rel}","templated":true}]}}