{"id":713,"date":"2025-02-06T12:56:36","date_gmt":"2025-02-06T07:56:36","guid":{"rendered":"https:\/\/emeraldsring.com\/?post_type=product&#038;p=713"},"modified":"2025-04-28T19:59:14","modified_gmt":"2025-04-28T14:59:14","slug":"vintage-ring-natural-emerald-engagement-ring-for-women","status":"publish","type":"product","link":"https:\/\/emeraldsring.com\/es\/producto\/vintage-ring-natural-emerald-engagement-ring-for-women\/","title":{"rendered":"Anillo Vintage Anillo de compromiso de esmeralda natural para mujer"},"content":{"rendered":"<div data-elementor-type=\"product-post\" data-elementor-id=\"713\" class=\"elementor elementor-713\" data-elementor-post-type=\"product\">\n\t\t\t\t<div class=\"elementor-element elementor-element-cc57142 e-flex e-con-boxed e-con e-parent\" data-id=\"cc57142\" data-element_type=\"container\">\n\t\t\t\t\t<div class=\"e-con-inner\">\n\t\t<div class=\"elementor-element elementor-element-0beac35 e-con-full e-flex e-con e-child\" data-id=\"0beac35\" data-element_type=\"container\">\n\t\t\t\t<div class=\"elementor-element elementor-element-b9c00e6 elementor-widget elementor-widget-video\" data-id=\"b9c00e6\" data-element_type=\"widget\" data-settings=\"{&quot;youtube_url&quot;:&quot;https:\\\/\\\/youtube.com\\\/watch?v=XnwEhzvkVrA&quot;,&quot;loop&quot;:&quot;yes&quot;,&quot;video_type&quot;:&quot;youtube&quot;,&quot;controls&quot;:&quot;yes&quot;}\" data-widget_type=\"video.default\">\n\t\t\t\t<div class=\"elementor-widget-container\">\n\t\t\t\t\t\t\t<div class=\"elementor-wrapper elementor-open-inline\">\n\t\t\t<div class=\"elementor-video\"><\/div>\t\t<\/div>\n\t\t\t\t\t\t<\/div>\n\t\t\t\t<\/div>\n\t\t\t\t<\/div>\n\t\t\t\t<div class=\"elementor-element elementor-element-c0ef2a5 elementor-widget elementor-widget-text-editor\" data-id=\"c0ef2a5\" data-element_type=\"widget\" data-widget_type=\"text-editor.default\">\n\t\t\t\t<div class=\"elementor-widget-container\">\n\t\t\t\t\t\t\t\t\t<p>Descubra una mezcla de encanto cl\u00e1sico y elegancia moderna con este impresionante <strong>Anillo de esmeralda<\/strong>. Con una aut\u00e9ntica esmeralda natural engastada en una banda de intrincado dise\u00f1o de inspiraci\u00f3n vintage, este anillo es perfecto para cualquiera que busque una <strong>anillo de boda<\/strong> o <strong>anillo de compromiso<\/strong> tan \u00fanico y hermoso como su amor. El verde intenso de la esmeralda simboliza la vitalidad, el amor y el renacimiento, por lo que es una elecci\u00f3n significativa para marcar los momentos m\u00e1s importantes de la vida.<\/p><p><strong>Caracter\u00edsticas del producto:<\/strong><\/p><ul><li><strong>Material<\/strong>: Cuidadosamente elaborado con metal de alta calidad (elija la opci\u00f3n que prefiera), lo que garantiza un acabado duradero y radiante que realza la belleza natural de la esmeralda.<\/li><li><strong>Piedra<\/strong>: Una aut\u00e9ntica y vibrante esmeralda natural de profundos tonos verdes, tallada con maestr\u00eda para resaltar su brillo y claridad. La esmeralda es el punto focal de este dise\u00f1o, exudando belleza y encanto atemporal.<\/li><li><strong>Dise\u00f1o<\/strong>: La alianza de inspiraci\u00f3n vintage presenta delicados detalles que crean un marco \u00fanico y rom\u00e1ntico para la esmeralda. Este intrincado dise\u00f1o captura la esencia de la belleza cl\u00e1sica al tiempo que ofrece un toque contempor\u00e1neo, por lo que es perfecto para las novias modernas o para cualquiera que busque un anillo que destaque. <strong>anillo de boda<\/strong>.<\/li><li><strong>Perfecto para compromisos y bodas<\/strong>: Este <strong>Anillo de compromiso esmeralda<\/strong> es una alternativa perfecta a los anillos de diamantes tradicionales. Representa el amor, la esperanza y el compromiso, por lo que es un s\u00edmbolo significativo e inolvidable para su d\u00eda especial.<\/li><li><strong>Elegancia atemporal<\/strong>: El dise\u00f1o vintage garantiza que este anillo de esmeraldas nunca pasar\u00e1 de moda. Es una pieza que ser\u00e1 apreciada durante generaciones.<\/li><\/ul><p>Este <strong>Anillo de esmeralda<\/strong> es una celebraci\u00f3n del amor, la tradici\u00f3n y la belleza atemporal. Haga que su compromiso sea inolvidable con este impresionante anillo de esmeralda de inspiraci\u00f3n vintage. P\u00eddalo hoy y deje que su historia de amor brille con un anillo realmente \u00fanico.<\/p>\t\t\t\t\t\t\t\t<\/div>\n\t\t\t\t<\/div>\n\t\t\t\t\t<\/div>\n\t\t\t\t<\/div>\n\t\t\t\t<\/div>","protected":false},"excerpt":{"rendered":"<p>DETALLES del producto:<br \/>\nMetal: Plata 925k<br \/>\nGema: Esmeralda natural en bruto<br \/>\nColor de la gema: Verde<br \/>\nColor de la pulsera: Oro blanco<br \/>\nTama\u00f1o del anillo: Ajustable<br \/>\nDi\u00e1metro de la piedra: 4\u00d76 mm<br \/>\nClaridad: Muy ligeramente incluido<br \/>\nForma: Oval<br \/>\nCorte: Brillante Mixto<\/p>","protected":false},"featured_media":1336,"comment_status":"open","ping_status":"closed","template":"","meta":{"_kad_post_transparent":"","_kad_post_title":"","_kad_post_layout":"","_kad_post_sidebar_id":"","_kad_post_content_style":"","_kad_post_vertical_padding":"","_kad_post_feature":"","_kad_post_feature_position":"","_kad_post_header":false,"_kad_post_footer":false},"product_brand":[],"product_cat":[16,17,66,20,15,69],"product_tag":[],"class_list":{"0":"post-713","1":"product","2":"type-product","3":"status-publish","4":"has-post-thumbnail","6":"product_cat-emerald-ring","7":"product_cat-engagement-ring","8":"product_cat-natural-gemstones-ring","9":"product_cat-oval-ring","10":"product_cat-rings","11":"product_cat-solitaire","13":"first","14":"instock","15":"shipping-taxable","16":"purchasable","17":"product-type-simple","18":"entry","19":"content-bg","20":"loop-entry"},"aioseo_notices":[],"_links":{"self":[{"href":"https:\/\/emeraldsring.com\/es\/wp-json\/wp\/v2\/product\/713","targetHints":{"allow":["GET"]}}],"collection":[{"href":"https:\/\/emeraldsring.com\/es\/wp-json\/wp\/v2\/product"}],"about":[{"href":"https:\/\/emeraldsring.com\/es\/wp-json\/wp\/v2\/types\/product"}],"replies":[{"embeddable":true,"href":"https:\/\/emeraldsring.com\/es\/wp-json\/wp\/v2\/comments?post=713"}],"version-history":[{"count":8,"href":"https:\/\/emeraldsring.com\/es\/wp-json\/wp\/v2\/product\/713\/revisions"}],"predecessor-version":[{"id":1503,"href":"https:\/\/emeraldsring.com\/es\/wp-json\/wp\/v2\/product\/713\/revisions\/1503"}],"wp:featuredmedia":[{"embeddable":true,"href":"https:\/\/emeraldsring.com\/es\/wp-json\/wp\/v2\/media\/1336"}],"wp:attachment":[{"href":"https:\/\/emeraldsring.com\/es\/wp-json\/wp\/v2\/media?parent=713"}],"wp:term":[{"taxonomy":"product_brand","embeddable":true,"href":"https:\/\/emeraldsring.com\/es\/wp-json\/wp\/v2\/product_brand?post=713"},{"taxonomy":"product_cat","embeddable":true,"href":"https:\/\/emeraldsring.com\/es\/wp-json\/wp\/v2\/product_cat?post=713"},{"taxonomy":"product_tag","embeddable":true,"href":"https:\/\/emeraldsring.com\/es\/wp-json\/wp\/v2\/product_tag?post=713"}],"curies":[{"name":"wp","href":"https:\/\/api.w.org\/{rel}","templated":true}]}}