{"id":723,"date":"2025-02-06T13:12:01","date_gmt":"2025-02-06T08:12:01","guid":{"rendered":"https:\/\/emeraldsring.com\/?post_type=product&#038;p=723"},"modified":"2025-04-28T19:59:11","modified_gmt":"2025-04-28T14:59:11","slug":"emerald-and-diamond-engagement-ring-real-emerald-cut-wedding-ring","status":"publish","type":"product","link":"https:\/\/emeraldsring.com\/es\/producto\/emerald-and-diamond-engagement-ring-real-emerald-cut-wedding-ring\/","title":{"rendered":"Anillo de compromiso de esmeralda y diamante Alianza de boda real talla esmeralda"},"content":{"rendered":"<div data-elementor-type=\"product-post\" data-elementor-id=\"723\" class=\"elementor elementor-723\" data-elementor-post-type=\"product\">\n\t\t\t\t<div class=\"elementor-element elementor-element-f0ef98f e-flex e-con-boxed e-con e-parent\" data-id=\"f0ef98f\" data-element_type=\"container\">\n\t\t\t\t\t<div class=\"e-con-inner\">\n\t\t<div class=\"elementor-element elementor-element-6a8f9ad e-con-full e-flex e-con e-child\" data-id=\"6a8f9ad\" data-element_type=\"container\">\n\t\t\t\t<div class=\"elementor-element elementor-element-b73e62e elementor-widget elementor-widget-video\" data-id=\"b73e62e\" data-element_type=\"widget\" data-settings=\"{&quot;youtube_url&quot;:&quot;https:\\\/\\\/www.youtube.com\\\/watch?v=qawt7h9-zhc&quot;,&quot;loop&quot;:&quot;yes&quot;,&quot;video_type&quot;:&quot;youtube&quot;,&quot;controls&quot;:&quot;yes&quot;}\" data-widget_type=\"video.default\">\n\t\t\t\t<div class=\"elementor-widget-container\">\n\t\t\t\t\t\t\t<div class=\"elementor-wrapper elementor-open-inline\">\n\t\t\t<div class=\"elementor-video\"><\/div>\t\t<\/div>\n\t\t\t\t\t\t<\/div>\n\t\t\t\t<\/div>\n\t\t\t\t<\/div>\n\t\t\t\t<div class=\"elementor-element elementor-element-0a2dcde elementor-widget elementor-widget-text-editor\" data-id=\"0a2dcde\" data-element_type=\"widget\" data-widget_type=\"text-editor.default\">\n\t\t\t\t<div class=\"elementor-widget-container\">\n\t\t\t\t\t\t\t\t\t<p>Celebre su amor con una elegancia y sofisticaci\u00f3n sin igual. Este <strong>Anillo de esmeralda<\/strong> combina la belleza intemporal de un <strong>esmeralda<\/strong> con el brillo de diamantes resplandecientes, creando una pieza impresionante que es perfecta para un <strong>anillo de compromiso<\/strong> o <strong>anillo de boda<\/strong>. El intenso tono verde de la esmeralda, junto con los radiantes diamantes, simboliza el amor, la pasi\u00f3n y la promesa de una vida juntos, por lo que es un s\u00edmbolo inolvidable de su compromiso.<\/p><p><strong>Caracter\u00edsticas del producto:<\/strong><\/p><ul><li><strong>Material<\/strong>: Elaborado por expertos con metal de alta calidad (elija la opci\u00f3n que prefiera), que garantiza tanto la durabilidad como un acabado pulido y lujoso que complementa la impresionante esmeralda y los diamantes.<\/li><li><strong>Piedra<\/strong>: Una esmeralda aut\u00e9ntica, bellamente tallada, elegida por su vibrante color y claridad, est\u00e1 realzada por un halo de deslumbrantes diamantes que acent\u00faan su brillo. La combinaci\u00f3n de ambas piedras crea un efecto sofisticado y llamativo.<\/li><li><strong>Dise\u00f1o<\/strong>: La elegante esmeralda est\u00e1 bellamente enmarcada por diamantes, creando un brillante contraste que atrae las miradas. Este dise\u00f1o equilibra la elegancia cl\u00e1sica con el lujo moderno, lo que lo convierte en una joya ideal. <strong>anillo de compromiso<\/strong> o <strong>anillo de boda<\/strong> para quienes buscan algo verdaderamente especial.<\/li><li><strong>S\u00edmbolo de amor y compromiso<\/strong>: La esmeralda representa el amor, el crecimiento y la renovaci\u00f3n, mientras que los diamantes simbolizan la eternidad y la fuerza. Juntos, forman la representaci\u00f3n perfecta de una relaci\u00f3n duradera y hermosa.<\/li><li><strong>Perfecto para compromisos y bodas<\/strong>: Este <strong>Anillo de esmeraldas y diamantes<\/strong> no s\u00f3lo es una elecci\u00f3n impresionante para un <strong>anillo de boda<\/strong>sino tambi\u00e9n una <strong>anillo de compromiso<\/strong> para toda la vida. Su dise\u00f1o atemporal garantiza que seguir\u00e1 siendo un s\u00edmbolo de vuestro amor durante generaciones.<\/li><\/ul><p>Este <strong>Anillo de esmeralda<\/strong> es la mezcla perfecta de lujo, significado y belleza. No pierda la oportunidad de hacer que su d\u00eda de compromiso o boda sea inolvidable. P\u00eddalo hoy y celebre su amor con un anillo que brille tanto como su futuro juntos.<\/p>\t\t\t\t\t\t\t\t<\/div>\n\t\t\t\t<\/div>\n\t\t\t\t\t<\/div>\n\t\t\t\t<\/div>\n\t\t\t\t<\/div>","protected":false},"excerpt":{"rendered":"<p><strong>DETALLES del producto:<\/strong><br \/>\nMetal: Plata 925k<br \/>\nGema: Esmeralda natural en bruto<br \/>\nColor de la gema: Verde<br \/>\nColor de la pulsera: Oro blanco<br \/>\nTama\u00f1o del anillo: Ajustable<br \/>\nDi\u00e1metro de la piedra: 8\u00d76 mm<br \/>\nClaridad: Muy ligeramente incluido<br \/>\nForma: Oval<br \/>\nCorte: Brillante Mixto<\/p>","protected":false},"featured_media":1339,"comment_status":"open","ping_status":"closed","template":"","meta":{"_kad_post_transparent":"","_kad_post_title":"","_kad_post_layout":"","_kad_post_sidebar_id":"","_kad_post_content_style":"","_kad_post_vertical_padding":"","_kad_post_feature":"","_kad_post_feature_position":"","_kad_post_header":false,"_kad_post_footer":false},"product_brand":[],"product_cat":[16,17,70,66,20,15],"product_tag":[],"class_list":{"0":"post-723","1":"product","2":"type-product","3":"status-publish","4":"has-post-thumbnail","6":"product_cat-emerald-ring","7":"product_cat-engagement-ring","8":"product_cat-halo-ring","9":"product_cat-natural-gemstones-ring","10":"product_cat-oval-ring","11":"product_cat-rings","13":"first","14":"instock","15":"shipping-taxable","16":"purchasable","17":"product-type-simple","18":"entry","19":"content-bg","20":"loop-entry"},"aioseo_notices":[],"_links":{"self":[{"href":"https:\/\/emeraldsring.com\/es\/wp-json\/wp\/v2\/product\/723","targetHints":{"allow":["GET"]}}],"collection":[{"href":"https:\/\/emeraldsring.com\/es\/wp-json\/wp\/v2\/product"}],"about":[{"href":"https:\/\/emeraldsring.com\/es\/wp-json\/wp\/v2\/types\/product"}],"replies":[{"embeddable":true,"href":"https:\/\/emeraldsring.com\/es\/wp-json\/wp\/v2\/comments?post=723"}],"version-history":[{"count":12,"href":"https:\/\/emeraldsring.com\/es\/wp-json\/wp\/v2\/product\/723\/revisions"}],"predecessor-version":[{"id":1341,"href":"https:\/\/emeraldsring.com\/es\/wp-json\/wp\/v2\/product\/723\/revisions\/1341"}],"wp:featuredmedia":[{"embeddable":true,"href":"https:\/\/emeraldsring.com\/es\/wp-json\/wp\/v2\/media\/1339"}],"wp:attachment":[{"href":"https:\/\/emeraldsring.com\/es\/wp-json\/wp\/v2\/media?parent=723"}],"wp:term":[{"taxonomy":"product_brand","embeddable":true,"href":"https:\/\/emeraldsring.com\/es\/wp-json\/wp\/v2\/product_brand?post=723"},{"taxonomy":"product_cat","embeddable":true,"href":"https:\/\/emeraldsring.com\/es\/wp-json\/wp\/v2\/product_cat?post=723"},{"taxonomy":"product_tag","embeddable":true,"href":"https:\/\/emeraldsring.com\/es\/wp-json\/wp\/v2\/product_tag?post=723"}],"curies":[{"name":"wp","href":"https:\/\/api.w.org\/{rel}","templated":true}]}}