{"id":733,"date":"2025-02-06T13:24:57","date_gmt":"2025-02-06T08:24:57","guid":{"rendered":"https:\/\/emeraldsring.com\/?post_type=product&#038;p=733"},"modified":"2025-04-28T19:59:08","modified_gmt":"2025-04-28T14:59:08","slug":"oval-natural-emerald-and-diamond-halo-engagement-ring-emerald-ring","status":"publish","type":"product","link":"https:\/\/emeraldsring.com\/es\/producto\/oval-natural-emerald-and-diamond-halo-engagement-ring-emerald-ring\/","title":{"rendered":"Esmeralda natural ovalada y halo de diamantes Anillo de compromiso Anillo de esmeralda"},"content":{"rendered":"<div data-elementor-type=\"product-post\" data-elementor-id=\"733\" class=\"elementor elementor-733\" data-elementor-post-type=\"product\">\n\t\t\t\t<div class=\"elementor-element elementor-element-fcdab58 e-flex e-con-boxed e-con e-parent\" data-id=\"fcdab58\" data-element_type=\"container\" data-e-type=\"container\">\n\t\t\t\t\t<div class=\"e-con-inner\">\n\t\t<div class=\"elementor-element elementor-element-2e05829 e-con-full e-flex e-con e-child\" data-id=\"2e05829\" data-element_type=\"container\" data-e-type=\"container\">\n\t\t\t\t<div class=\"elementor-element elementor-element-88e4f52 elementor-widget elementor-widget-video\" data-id=\"88e4f52\" data-element_type=\"widget\" data-e-type=\"widget\" data-settings=\"{&quot;youtube_url&quot;:&quot;https:\\\/\\\/www.youtube.com\\\/watch?v=CpZ-wETA5wI&quot;,&quot;loop&quot;:&quot;yes&quot;,&quot;video_type&quot;:&quot;youtube&quot;,&quot;controls&quot;:&quot;yes&quot;}\" data-widget_type=\"video.default\">\n\t\t\t\t<div class=\"elementor-widget-container\">\n\t\t\t\t\t\t\t<div class=\"elementor-wrapper elementor-open-inline\">\n\t\t\t<div class=\"elementor-video\"><\/div>\t\t<\/div>\n\t\t\t\t\t\t<\/div>\n\t\t\t\t<\/div>\n\t\t\t\t<\/div>\n\t\t\t\t<div class=\"elementor-element elementor-element-43cb7f0 elementor-widget elementor-widget-text-editor\" data-id=\"43cb7f0\" data-element_type=\"widget\" data-e-type=\"widget\" data-widget_type=\"text-editor.default\">\n\t\t\t\t<div class=\"elementor-widget-container\">\n\t\t\t\t\t\t\t\t\t<p>Haz que tu amor brille m\u00e1s con este impresionante <strong>Anillo de esmeralda<\/strong>Este impresionante dise\u00f1o crea el equilibrio perfecto entre un color vibrante y un brillo radiante. Este impresionante dise\u00f1o crea un equilibrio perfecto entre el color vibrante y radiante brillo, por lo que es una opci\u00f3n ideal para una. <strong>anillo de compromiso<\/strong> o <strong>anillo de boda<\/strong>. El intenso tono verde de la esmeralda natural simboliza el amor, la renovaci\u00f3n y el crecimiento, mientras que los deslumbrantes diamantes a\u00f1aden un toque extra de elegancia, haciendo de este anillo un s\u00edmbolo de compromiso eterno.<\/p><p><strong>Caracter\u00edsticas del producto:<\/strong><\/p><ul><li><strong>Material<\/strong>: Hecho a mano con metal de primera calidad (elija su opci\u00f3n preferida), que ofrece durabilidad y un acabado de lujo que complementa la esmeralda y diamantes acentos maravillosamente.<\/li><li><strong>Piedra<\/strong>: El centro presenta una aut\u00e9ntica esmeralda natural de talla ovalada, seleccionada por su claridad y su impresionante color verde. Rodeada por un halo de diamantes brillantes, la esmeralda se realza a\u00fan m\u00e1s, creando un efecto llamativo que deslumbra desde todos los \u00e1ngulos.<\/li><li><strong>Dise\u00f1o<\/strong>: El dise\u00f1o de halo enmarca perfectamente la esmeralda, haci\u00e9ndola parecer a\u00fan m\u00e1s vibrante y a\u00f1adiendo una capa extra de lujo. Esta exquisita combinaci\u00f3n de esmeralda y diamantes ofrece un aspecto atemporal y contempor\u00e1neo a la vez, por lo que es perfecta para quienes buscan un anillo significativo y distintivo. <strong>anillo de compromiso<\/strong> o <strong>anillo de boda<\/strong>.<\/li><li><strong>S\u00edmbolo del amor<\/strong>: La esmeralda representa el amor, el renacimiento y la armon\u00eda, mientras que los diamantes simbolizan la eternidad y la fuerza, creando juntos una bella representaci\u00f3n de una relaci\u00f3n duradera y poderosa.<\/li><li><strong>Perfecto para compromisos y bodas<\/strong>: Tanto si busca una <strong>anillo de compromiso<\/strong> o un lujoso <strong>anillo de boda<\/strong>Este anillo de esmeralda ovalada es la elecci\u00f3n perfecta para celebrar su momento especial. Su belleza atemporal seguir\u00e1 siendo un preciado s\u00edmbolo de su amor en los a\u00f1os venideros.<\/li><\/ul><p>Este <strong>Anillo de esmeralda<\/strong> no es s\u00f3lo una joya, es un s\u00edmbolo de su compromiso, de su amor y del futuro que est\u00e1n construyendo juntos. No pierda la oportunidad de poseer este espectacular anillo. P\u00eddalo hoy mismo y haga que el d\u00eda de su compromiso o boda sea inolvidable.<\/p>\t\t\t\t\t\t\t\t<\/div>\n\t\t\t\t<\/div>\n\t\t\t\t\t<\/div>\n\t\t\t\t<\/div>\n\t\t\t\t<\/div>","protected":false},"excerpt":{"rendered":"<p><strong>DETALLES del producto:<\/strong><br \/>\nMetal: Plata 925k<br \/>\nGema: Esmeralda natural en bruto<br \/>\nColor de la gema: Verde<br \/>\nColor de la pulsera: Oro blanco<br \/>\nTama\u00f1o del anillo: Ajustable<br \/>\nDi\u00e1metro de la piedra: 7\u00d75 mm<br \/>\nClaridad: Muy ligeramente incluido<br \/>\nForma: Oval<br \/>\nCorte: Brillante Mixto<\/p>\n<div id=\"gtx-trans\" style=\"position: absolute; left: 69px; top: 183px;\">\n<div class=\"gtx-trans-icon\"><\/div>\n<\/div>","protected":false},"featured_media":1342,"comment_status":"open","ping_status":"closed","template":"","meta":{"_kad_post_transparent":"","_kad_post_title":"","_kad_post_layout":"","_kad_post_sidebar_id":"","_kad_post_content_style":"","_kad_post_vertical_padding":"","_kad_post_feature":"","_kad_post_feature_position":"","_kad_post_header":false,"_kad_post_footer":false},"product_brand":[],"product_cat":[15,16,17,70,66,20],"product_tag":[],"class_list":{"0":"post-733","1":"product","2":"type-product","3":"status-publish","4":"has-post-thumbnail","6":"product_cat-rings","7":"product_cat-emerald-ring","8":"product_cat-engagement-ring","9":"product_cat-halo-ring","10":"product_cat-natural-gemstones-ring","11":"product_cat-oval-ring","13":"first","14":"instock","15":"shipping-taxable","16":"purchasable","17":"product-type-simple","18":"entry","19":"content-bg","20":"loop-entry"},"aioseo_notices":[],"_links":{"self":[{"href":"https:\/\/emeraldsring.com\/es\/wp-json\/wp\/v2\/product\/733","targetHints":{"allow":["GET"]}}],"collection":[{"href":"https:\/\/emeraldsring.com\/es\/wp-json\/wp\/v2\/product"}],"about":[{"href":"https:\/\/emeraldsring.com\/es\/wp-json\/wp\/v2\/types\/product"}],"replies":[{"embeddable":true,"href":"https:\/\/emeraldsring.com\/es\/wp-json\/wp\/v2\/comments?post=733"}],"version-history":[{"count":8,"href":"https:\/\/emeraldsring.com\/es\/wp-json\/wp\/v2\/product\/733\/revisions"}],"predecessor-version":[{"id":1344,"href":"https:\/\/emeraldsring.com\/es\/wp-json\/wp\/v2\/product\/733\/revisions\/1344"}],"wp:featuredmedia":[{"embeddable":true,"href":"https:\/\/emeraldsring.com\/es\/wp-json\/wp\/v2\/media\/1342"}],"wp:attachment":[{"href":"https:\/\/emeraldsring.com\/es\/wp-json\/wp\/v2\/media?parent=733"}],"wp:term":[{"taxonomy":"product_brand","embeddable":true,"href":"https:\/\/emeraldsring.com\/es\/wp-json\/wp\/v2\/product_brand?post=733"},{"taxonomy":"product_cat","embeddable":true,"href":"https:\/\/emeraldsring.com\/es\/wp-json\/wp\/v2\/product_cat?post=733"},{"taxonomy":"product_tag","embeddable":true,"href":"https:\/\/emeraldsring.com\/es\/wp-json\/wp\/v2\/product_tag?post=733"}],"curies":[{"name":"wp","href":"https:\/\/api.w.org\/{rel}","templated":true}]}}