{"id":742,"date":"2025-02-06T13:40:29","date_gmt":"2025-02-06T08:40:29","guid":{"rendered":"https:\/\/emeraldsring.com\/?post_type=product&#038;p=742"},"modified":"2025-04-28T19:59:06","modified_gmt":"2025-04-28T14:59:06","slug":"oval-emerald-ring-engagement-ring-solitaire-ring-anniversary-ring","status":"publish","type":"product","link":"https:\/\/emeraldsring.com\/es\/producto\/oval-emerald-ring-engagement-ring-solitaire-ring-anniversary-ring\/","title":{"rendered":"Anillo Esmeralda Oval Anillo de Compromiso Anillo Solitario Anillo de Aniversario"},"content":{"rendered":"<div data-elementor-type=\"product-post\" data-elementor-id=\"742\" class=\"elementor elementor-742\" data-elementor-post-type=\"product\">\n\t\t\t\t<div class=\"elementor-element elementor-element-f2b0058 e-flex e-con-boxed e-con e-parent\" data-id=\"f2b0058\" data-element_type=\"container\">\n\t\t\t\t\t<div class=\"e-con-inner\">\n\t\t<div class=\"elementor-element elementor-element-0ec1602 e-con-full e-flex e-con e-child\" data-id=\"0ec1602\" data-element_type=\"container\">\n\t\t\t\t<div class=\"elementor-element elementor-element-a2a066c elementor-widget elementor-widget-video\" data-id=\"a2a066c\" data-element_type=\"widget\" data-settings=\"{&quot;youtube_url&quot;:&quot;https:\\\/\\\/youtube.com\\\/watch?v=Y0Gs69z2kSg&quot;,&quot;loop&quot;:&quot;yes&quot;,&quot;video_type&quot;:&quot;youtube&quot;,&quot;controls&quot;:&quot;yes&quot;}\" data-widget_type=\"video.default\">\n\t\t\t\t<div class=\"elementor-widget-container\">\n\t\t\t\t\t\t\t<div class=\"elementor-wrapper elementor-open-inline\">\n\t\t\t<div class=\"elementor-video\"><\/div>\t\t<\/div>\n\t\t\t\t\t\t<\/div>\n\t\t\t\t<\/div>\n\t\t\t\t<\/div>\n\t\t\t\t<div class=\"elementor-element elementor-element-05cea27 elementor-widget elementor-widget-text-editor\" data-id=\"05cea27\" data-element_type=\"widget\" data-widget_type=\"text-editor.default\">\n\t\t\t\t<div class=\"elementor-widget-container\">\n\t\t\t\t\t\t\t\t\t<p>Celebra tus momentos m\u00e1s preciados con este impresionante <strong>Anillo de esmeralda<\/strong>con una radiante esmeralda natural de talla oval engastada en un solitario de dise\u00f1o cl\u00e1sico. Tanto si busca la esmeralda <strong>anillo de compromiso<\/strong> o una significativa <strong>anillo de aniversario<\/strong>Esta elegante pieza captura la esencia del amor, la belleza y el compromiso eterno. El verde vivo de la esmeralda simboliza la renovaci\u00f3n, el crecimiento y la vitalidad, por lo que es la piedra preciosa ideal para conmemorar toda una vida de amor y devoci\u00f3n.<\/p><p><strong>Caracter\u00edsticas del producto:<\/strong><\/p><ul><li><strong>Material<\/strong>: Fabricado en metal de alta calidad (elija la opci\u00f3n que prefiera), ofrece durabilidad y un acabado suave y pulido que realza la belleza natural de la esmeralda.<\/li><li><strong>Piedra<\/strong>: Una aut\u00e9ntica esmeralda natural de talla ovalada, cuidadosamente seleccionada por su intenso color verde y su excepcional claridad. La esmeralda est\u00e1 engastada en un dise\u00f1o elegante y minimalista que permite que la piedra ocupe el centro del escenario y brille con luz propia.<\/li><li><strong>Dise\u00f1o<\/strong>: El engaste solitario realza el color y la elegancia de la esmeralda. Con su dise\u00f1o sencillo pero sofisticado, este <strong>Anillo de esmeralda<\/strong> es perfecto para los que prefieren el lujo discreto, por lo que es ideal <strong>anillo de compromiso<\/strong> o <strong>anillo de aniversario<\/strong> para cualquier ocasi\u00f3n especial.<\/li><li><strong>S\u00edmbolo del amor<\/strong>: La esmeralda representa la armon\u00eda, el renacimiento y la lealtad, por lo que es la gema perfecta para simbolizar su amor y compromiso. Es una elecci\u00f3n significativa para las parejas que celebran un nuevo cap\u00edtulo o marcan a\u00f1os de uni\u00f3n.<\/li><li><strong>Elegancia vers\u00e1til<\/strong>: Ya sea como <strong>anillo de compromiso<\/strong> o un <strong>anillo de aniversario<\/strong>Esta pieza atemporal seguir\u00e1 siendo un preciado s\u00edmbolo de su amor. Su dise\u00f1o cl\u00e1sico garantiza que nunca pasar\u00e1 de moda, convirti\u00e9ndola en una preciada reliquia para generaciones.<\/li><\/ul><p>Haz que tu historia de amor sea inolvidable con este impresionante <strong>Anillo de esmeralda<\/strong>. P\u00eddalo hoy mismo y celebre sus momentos especiales con un anillo que captura la esencia de la elegancia, el amor y el compromiso.<\/p>\t\t\t\t\t\t\t\t<\/div>\n\t\t\t\t<\/div>\n\t\t\t\t\t<\/div>\n\t\t\t\t<\/div>\n\t\t\t\t<\/div>","protected":false},"excerpt":{"rendered":"<p><strong>DETALLES del producto:<\/strong><br \/>\nMetal: Plata 925k<br \/>\nGema: Esmeralda natural en bruto<br \/>\nColor de la gema: Verde<br \/>\nColor de la pulsera: Oro blanco<br \/>\nTama\u00f1o del anillo: Ajustable<br \/>\nDi\u00e1metro de la piedra: 6\u00d74 mm<br \/>\nClaridad: Muy ligeramente incluido<br \/>\nForma: Oval<br \/>\nCorte: Brillante Mixto<\/p>","protected":false},"featured_media":1346,"comment_status":"open","ping_status":"closed","template":"","meta":{"_kad_post_transparent":"","_kad_post_title":"","_kad_post_layout":"","_kad_post_sidebar_id":"","_kad_post_content_style":"","_kad_post_vertical_padding":"","_kad_post_feature":"","_kad_post_feature_position":"","_kad_post_header":false,"_kad_post_footer":false},"product_brand":[],"product_cat":[16,17,66,20,15,69],"product_tag":[],"class_list":{"0":"post-742","1":"product","2":"type-product","3":"status-publish","4":"has-post-thumbnail","6":"product_cat-emerald-ring","7":"product_cat-engagement-ring","8":"product_cat-natural-gemstones-ring","9":"product_cat-oval-ring","10":"product_cat-rings","11":"product_cat-solitaire","13":"first","14":"instock","15":"shipping-taxable","16":"purchasable","17":"product-type-simple","18":"entry","19":"content-bg","20":"loop-entry"},"aioseo_notices":[],"_links":{"self":[{"href":"https:\/\/emeraldsring.com\/es\/wp-json\/wp\/v2\/product\/742","targetHints":{"allow":["GET"]}}],"collection":[{"href":"https:\/\/emeraldsring.com\/es\/wp-json\/wp\/v2\/product"}],"about":[{"href":"https:\/\/emeraldsring.com\/es\/wp-json\/wp\/v2\/types\/product"}],"replies":[{"embeddable":true,"href":"https:\/\/emeraldsring.com\/es\/wp-json\/wp\/v2\/comments?post=742"}],"version-history":[{"count":8,"href":"https:\/\/emeraldsring.com\/es\/wp-json\/wp\/v2\/product\/742\/revisions"}],"predecessor-version":[{"id":1494,"href":"https:\/\/emeraldsring.com\/es\/wp-json\/wp\/v2\/product\/742\/revisions\/1494"}],"wp:featuredmedia":[{"embeddable":true,"href":"https:\/\/emeraldsring.com\/es\/wp-json\/wp\/v2\/media\/1346"}],"wp:attachment":[{"href":"https:\/\/emeraldsring.com\/es\/wp-json\/wp\/v2\/media?parent=742"}],"wp:term":[{"taxonomy":"product_brand","embeddable":true,"href":"https:\/\/emeraldsring.com\/es\/wp-json\/wp\/v2\/product_brand?post=742"},{"taxonomy":"product_cat","embeddable":true,"href":"https:\/\/emeraldsring.com\/es\/wp-json\/wp\/v2\/product_cat?post=742"},{"taxonomy":"product_tag","embeddable":true,"href":"https:\/\/emeraldsring.com\/es\/wp-json\/wp\/v2\/product_tag?post=742"}],"curies":[{"name":"wp","href":"https:\/\/api.w.org\/{rel}","templated":true}]}}