{"id":750,"date":"2025-02-06T13:55:53","date_gmt":"2025-02-06T08:55:53","guid":{"rendered":"https:\/\/emeraldsring.com\/?post_type=product&#038;p=750"},"modified":"2025-04-28T19:59:03","modified_gmt":"2025-04-28T14:59:03","slug":"gold-diamond-natural-emerald-ring-for-women-jewelry-gift","status":"publish","type":"product","link":"https:\/\/emeraldsring.com\/es\/producto\/gold-diamond-natural-emerald-ring-for-women-jewelry-gift\/","title":{"rendered":"Oro Diamante Natural Esmeralda Anillo Para Mujeres Joyer\u00eda Regalo"},"content":{"rendered":"<div data-elementor-type=\"product-post\" data-elementor-id=\"750\" class=\"elementor elementor-750\" data-elementor-post-type=\"product\">\n\t\t\t\t<div class=\"elementor-element elementor-element-66aca19 e-flex e-con-boxed e-con e-parent\" data-id=\"66aca19\" data-element_type=\"container\">\n\t\t\t\t\t<div class=\"e-con-inner\">\n\t\t\t\t<div class=\"elementor-element elementor-element-d4e0590 elementor-widget elementor-widget-text-editor\" data-id=\"d4e0590\" data-element_type=\"widget\" data-widget_type=\"text-editor.default\">\n\t\t\t\t<div class=\"elementor-widget-container\">\n\t\t\t\t\t\t\t\t\t<p>Eleve cualquier ocasi\u00f3n con este exquisito <strong>Anillo de esmeralda<\/strong>Esta pieza de lujo es m\u00e1s que una simple joya, es un s\u00edmbolo de su significado. Esta lujosa pieza es algo m\u00e1s que una joya: es una significativa <strong>regalo<\/strong> que simboliza el amor, la belleza y la elegancia atemporal. Ya sea para un cumplea\u00f1os, aniversario o cualquier ocasi\u00f3n especial, este impresionante anillo seguro que dejar\u00e1 una impresi\u00f3n duradera.<\/p><p><strong>Caracter\u00edsticas del producto:<\/strong><\/p><ul><li><strong>Material<\/strong>: Hecha a mano por expertos en oro de alta calidad, lo que garantiza su durabilidad y un acabado lujoso. El engaste de oro complementa a la perfecci\u00f3n el intenso tono verde de la esmeralda y el brillo de los diamantes, creando una pieza que irradia elegancia.<\/li><li><strong>Piedra<\/strong>: Una aut\u00e9ntica esmeralda natural en el centro, conocida por su vibrante color y excepcional claridad. Rodeado por un halo de diamantes, este dise\u00f1o realza el brillo de la esmeralda, por lo que es un verdadero showtopper.<\/li><li><strong>Dise\u00f1o<\/strong>: La combinaci\u00f3n de oro, esmeralda y diamantes crea un dise\u00f1o sofisticado y atemporal que es a la vez moderno y cl\u00e1sico. Los diamantes a\u00f1aden un brillo extra, mientras que la esmeralda sigue siendo el punto focal, simbolizando el amor, la renovaci\u00f3n y la vitalidad.<\/li><li><strong>El regalo perfecto<\/strong>: Ya sea para un cumplea\u00f1os, un aniversario o simplemente porque s\u00ed, este <strong>Anillo de esmeralda<\/strong> un detalle inolvidable. <strong>regalo<\/strong> para la mujer m\u00e1s especial de tu vida. Es una pieza que apreciar\u00e1 para siempre, ya que representa tanto la belleza como la naturaleza duradera de vuestro amor.<\/li><li><strong>Elegancia atemporal<\/strong>: Con su impresionante pieza central de esmeralda y detalles de diamantes, este anillo es la mezcla perfecta de lujo y significado. Es una pieza de joyer\u00eda que ser\u00e1 atesorada por generaciones.<\/li><\/ul><p>Celebra los momentos especiales de la vida con este impresionante <strong>Anillo de esmeralda<\/strong>. P\u00eddalo hoy y haga un regalo de elegancia y amor que nunca olvidar\u00e1.<\/p>\t\t\t\t\t\t\t\t<\/div>\n\t\t\t\t<\/div>\n\t\t\t\t\t<\/div>\n\t\t\t\t<\/div>\n\t\t\t\t<\/div>","protected":false},"excerpt":{"rendered":"<p>DETALLES del producto:<br \/>\nMetal: Plata 925k<br \/>\nGema: Esmeralda natural en bruto<br \/>\nColor de la gema: Verde<br \/>\nColor de la correa: Oro<br \/>\nTama\u00f1o del anillo: Ajustable<br \/>\nDi\u00e1metro de la piedra: 5\u00d77 mm<br \/>\nClaridad: Muy ligeramente incluido<br \/>\nForma: Oval<br \/>\nCorte: Brillante Mixto<\/p>","protected":false},"featured_media":1272,"comment_status":"open","ping_status":"closed","template":"","meta":{"_kad_post_transparent":"","_kad_post_title":"","_kad_post_layout":"","_kad_post_sidebar_id":"","_kad_post_content_style":"","_kad_post_vertical_padding":"","_kad_post_feature":"","_kad_post_feature_position":"","_kad_post_header":false,"_kad_post_footer":false},"product_brand":[],"product_cat":[16,17,66,20,15],"product_tag":[],"class_list":{"0":"post-750","1":"product","2":"type-product","3":"status-publish","4":"has-post-thumbnail","6":"product_cat-emerald-ring","7":"product_cat-engagement-ring","8":"product_cat-natural-gemstones-ring","9":"product_cat-oval-ring","10":"product_cat-rings","12":"first","13":"instock","14":"shipping-taxable","15":"purchasable","16":"product-type-simple","17":"entry","18":"content-bg","19":"loop-entry"},"aioseo_notices":[],"_links":{"self":[{"href":"https:\/\/emeraldsring.com\/es\/wp-json\/wp\/v2\/product\/750","targetHints":{"allow":["GET"]}}],"collection":[{"href":"https:\/\/emeraldsring.com\/es\/wp-json\/wp\/v2\/product"}],"about":[{"href":"https:\/\/emeraldsring.com\/es\/wp-json\/wp\/v2\/types\/product"}],"replies":[{"embeddable":true,"href":"https:\/\/emeraldsring.com\/es\/wp-json\/wp\/v2\/comments?post=750"}],"version-history":[{"count":6,"href":"https:\/\/emeraldsring.com\/es\/wp-json\/wp\/v2\/product\/750\/revisions"}],"predecessor-version":[{"id":1414,"href":"https:\/\/emeraldsring.com\/es\/wp-json\/wp\/v2\/product\/750\/revisions\/1414"}],"wp:featuredmedia":[{"embeddable":true,"href":"https:\/\/emeraldsring.com\/es\/wp-json\/wp\/v2\/media\/1272"}],"wp:attachment":[{"href":"https:\/\/emeraldsring.com\/es\/wp-json\/wp\/v2\/media?parent=750"}],"wp:term":[{"taxonomy":"product_brand","embeddable":true,"href":"https:\/\/emeraldsring.com\/es\/wp-json\/wp\/v2\/product_brand?post=750"},{"taxonomy":"product_cat","embeddable":true,"href":"https:\/\/emeraldsring.com\/es\/wp-json\/wp\/v2\/product_cat?post=750"},{"taxonomy":"product_tag","embeddable":true,"href":"https:\/\/emeraldsring.com\/es\/wp-json\/wp\/v2\/product_tag?post=750"}],"curies":[{"name":"wp","href":"https:\/\/api.w.org\/{rel}","templated":true}]}}