{"id":842,"date":"2025-02-07T10:29:09","date_gmt":"2025-02-07T05:29:09","guid":{"rendered":"https:\/\/emeraldsring.com\/?post_type=product&#038;p=842"},"modified":"2025-04-28T19:58:59","modified_gmt":"2025-04-28T14:58:59","slug":"emerald-engagement-rings-for-women-natural-marquise-emerald-ring-jewelry-gift","status":"publish","type":"product","link":"https:\/\/emeraldsring.com\/es\/producto\/emerald-engagement-rings-for-women-natural-marquise-emerald-ring-jewelry-gift\/","title":{"rendered":"Esmeralda Anillos de compromiso para las mujeres Natural Marquise Esmeralda Anillo de joyer\u00eda de regalo"},"content":{"rendered":"<div data-elementor-type=\"product-post\" data-elementor-id=\"842\" class=\"elementor elementor-842\" data-elementor-post-type=\"product\">\n\t\t\t\t<div class=\"elementor-element elementor-element-6326be8 e-flex e-con-boxed e-con e-parent\" data-id=\"6326be8\" data-element_type=\"container\" data-e-type=\"container\">\n\t\t\t\t\t<div class=\"e-con-inner\">\n\t\t\t\t<div class=\"elementor-element elementor-element-af5f6ad elementor-widget elementor-widget-text-editor\" data-id=\"af5f6ad\" data-element_type=\"widget\" data-e-type=\"widget\" data-widget_type=\"text-editor.default\">\n\t\t\t\t<div class=\"elementor-widget-container\">\n\t\t\t\t\t\t\t\t\t<p>Celebra tu amor con este impresionante <strong>Anillo de esmeralda<\/strong>con una preciosa esmeralda natural de talla marquesa engastada en un anillo de bella factura. Este elegante dise\u00f1o lo convierte en el <strong>anillo de compromiso<\/strong> para quienes buscan algo \u00fanico y significativo. La esmeralda marquesa simboliza el amor, la fuerza y la renovaci\u00f3n, por lo que es la elecci\u00f3n perfecta para un compromiso que cambia la vida. Ya sea para un compromiso o como un querido <strong>regalo<\/strong>Este deslumbrante anillo es un tesoro atemporal que adorar\u00e1 para siempre.<\/p><p><strong>Caracter\u00edsticas del producto:<\/strong><\/p><ul><li><strong>Material<\/strong>: Fabricado en metal de alta calidad (elija la opci\u00f3n que prefiera), ofrece durabilidad y un acabado pulido que realza el brillo de la esmeralda marquesa.<\/li><li><strong>Piedra<\/strong>: La esmeralda natural talla marquesa es la pieza central de este anillo, cuidadosamente seleccionada por su vibrante color verde y su excepcional claridad. Su talla \u00fanica le confiere una forma alargada y elegante, a\u00f1adiendo un toque de sofisticaci\u00f3n al dise\u00f1o.<\/li><li><strong>Dise\u00f1o<\/strong>: La elegante alianza realza la esmeralda marquesa, permitiendo que la piedra sea la protagonista. Este dise\u00f1o contempor\u00e1neo y atemporal lo convierte en la joya perfecta. <strong>anillo de compromiso<\/strong> o <strong>regalo<\/strong> para alguien que aprecia la joyer\u00eda fina con un toque de distinci\u00f3n.<\/li><li><strong>S\u00edmbolo del amor<\/strong>: La esmeralda representa la vitalidad, el crecimiento y el amor, mientras que la talla marquesa simboliza la fuerza y la resistencia. Juntos, crean una poderosa declaraci\u00f3n de compromiso, haciendo de este <strong>Anillo de esmeralda<\/strong> la elecci\u00f3n perfecta para compromisos, aniversarios o cualquier ocasi\u00f3n especial.<\/li><li><strong>El regalo perfecto<\/strong>: Ya sea para celebrar una pedida de mano o para sorprender a alguien con un regalo significativo. <strong>regalo<\/strong>este impresionante <strong>anillo de compromiso<\/strong> ser\u00e1 apreciado durante a\u00f1os. Es una pieza que seguir\u00e1 siendo un s\u00edmbolo atemporal de amor y devoci\u00f3n.<\/li><\/ul><p>Haz que se sienta realmente especial con este impresionante <strong>Anillo de esmeralda<\/strong>. P\u00eddalo hoy mismo y regale un impresionante anillo de compromiso que captar\u00e1 para siempre la esencia de su amor.<\/p>\t\t\t\t\t\t\t\t<\/div>\n\t\t\t\t<\/div>\n\t\t\t\t\t<\/div>\n\t\t\t\t<\/div>\n\t\t\t\t<\/div>","protected":false},"excerpt":{"rendered":"<p><strong>DETALLES del producto:<\/strong><br \/>\nMetal: Plata 925k<br \/>\nGema: Esmeralda natural en bruto<br \/>\nColor de la gema: Verde<br \/>\nColor de la correa: chapado en oro rosa, chapado en oro blanco<br \/>\nTama\u00f1o del anillo: Ajustable<br \/>\nDi\u00e1metro de la piedra: 3\u00d76 mm<br \/>\nClaridad: Muy ligeramente incluido<br \/>\nForma: Marquesa<br \/>\nCorte: Brillante Mixto<\/p>","protected":false},"featured_media":845,"comment_status":"open","ping_status":"closed","template":"","meta":{"_kad_post_transparent":"","_kad_post_title":"","_kad_post_layout":"","_kad_post_sidebar_id":"","_kad_post_content_style":"","_kad_post_vertical_padding":"","_kad_post_feature":"","_kad_post_feature_position":"","_kad_post_header":false,"_kad_post_footer":false},"product_brand":[],"product_cat":[16,17,26,66,15],"product_tag":[],"class_list":{"0":"post-842","1":"product","2":"type-product","3":"status-publish","4":"has-post-thumbnail","6":"product_cat-emerald-ring","7":"product_cat-engagement-ring","8":"product_cat-marquise-ring","9":"product_cat-natural-gemstones-ring","10":"product_cat-rings","12":"first","13":"instock","14":"shipping-taxable","15":"purchasable","16":"product-type-variable","17":"entry","18":"content-bg","19":"loop-entry"},"aioseo_notices":[],"_links":{"self":[{"href":"https:\/\/emeraldsring.com\/es\/wp-json\/wp\/v2\/product\/842","targetHints":{"allow":["GET"]}}],"collection":[{"href":"https:\/\/emeraldsring.com\/es\/wp-json\/wp\/v2\/product"}],"about":[{"href":"https:\/\/emeraldsring.com\/es\/wp-json\/wp\/v2\/types\/product"}],"replies":[{"embeddable":true,"href":"https:\/\/emeraldsring.com\/es\/wp-json\/wp\/v2\/comments?post=842"}],"version-history":[{"count":5,"href":"https:\/\/emeraldsring.com\/es\/wp-json\/wp\/v2\/product\/842\/revisions"}],"predecessor-version":[{"id":1393,"href":"https:\/\/emeraldsring.com\/es\/wp-json\/wp\/v2\/product\/842\/revisions\/1393"}],"wp:featuredmedia":[{"embeddable":true,"href":"https:\/\/emeraldsring.com\/es\/wp-json\/wp\/v2\/media\/845"}],"wp:attachment":[{"href":"https:\/\/emeraldsring.com\/es\/wp-json\/wp\/v2\/media?parent=842"}],"wp:term":[{"taxonomy":"product_brand","embeddable":true,"href":"https:\/\/emeraldsring.com\/es\/wp-json\/wp\/v2\/product_brand?post=842"},{"taxonomy":"product_cat","embeddable":true,"href":"https:\/\/emeraldsring.com\/es\/wp-json\/wp\/v2\/product_cat?post=842"},{"taxonomy":"product_tag","embeddable":true,"href":"https:\/\/emeraldsring.com\/es\/wp-json\/wp\/v2\/product_tag?post=842"}],"curies":[{"name":"wp","href":"https:\/\/api.w.org\/{rel}","templated":true}]}}