{"id":850,"date":"2025-02-07T10:58:33","date_gmt":"2025-02-07T05:58:33","guid":{"rendered":"https:\/\/emeraldsring.com\/?post_type=product&#038;p=850"},"modified":"2025-04-28T19:58:57","modified_gmt":"2025-04-28T14:58:57","slug":"raw-natural-zambian-emerald-ring-for-women-vintage-engagement-ring","status":"publish","type":"product","link":"https:\/\/emeraldsring.com\/es\/producto\/raw-natural-zambian-emerald-ring-for-women-vintage-engagement-ring\/","title":{"rendered":"Anillo Esmeralda Natural Zambiana Cruda Para Mujer Anillo de Compromiso Vintage"},"content":{"rendered":"<div data-elementor-type=\"product-post\" data-elementor-id=\"850\" class=\"elementor elementor-850\" data-elementor-post-type=\"product\">\n\t\t\t\t<div class=\"elementor-element elementor-element-a386b32 e-flex e-con-boxed e-con e-parent\" data-id=\"a386b32\" data-element_type=\"container\" data-e-type=\"container\">\n\t\t\t\t\t<div class=\"e-con-inner\">\n\t\t\t\t<div class=\"elementor-element elementor-element-61252be elementor-widget elementor-widget-text-editor\" data-id=\"61252be\" data-element_type=\"widget\" data-e-type=\"widget\" data-widget_type=\"text-editor.default\">\n\t\t\t\t<div class=\"elementor-widget-container\">\n\t\t\t\t\t\t\t\t\t<p>Disfrute de la belleza de la naturaleza con este impresionante <strong>Anillo de esmeralda<\/strong>con una esmeralda natural de Zambia en bruto que captura la esencia de la elegancia atemporal. Engarzado en un precioso anillo de inspiraci\u00f3n vintage, este dise\u00f1o \u00fanico es el complemento perfecto para cualquier mujer. <strong>anillo de compromiso<\/strong> para quienes aprecian una mezcla de encanto r\u00fastico y estilo sofisticado. El tono verde intenso de la esmeralda en bruto simboliza el amor, el crecimiento y la renovaci\u00f3n, por lo que es la elecci\u00f3n perfecta para marcar el inicio de un viaje de por vida.<\/p><p><strong>Caracter\u00edsticas del producto:<\/strong><\/p><ul><li><strong>Material<\/strong>: Fabricada con metal de alta calidad (elija la opci\u00f3n que prefiera), la banda est\u00e1 dise\u00f1ada para complementar la esmeralda en bruto, d\u00e1ndole un aire vintage y artesanal que realza la belleza natural de la piedra.<\/li><li><strong>Piedra<\/strong>: La esmeralda zambiana en bruto es la pieza central de este exquisito anillo, conocido por su intenso color verde y su textura \u00fanica sin pulir. Esta esmeralda natural captura la belleza pura y org\u00e1nica de la piedra, creando una pieza \u00fanica que es a la vez cautivadora y significativa.<\/li><li><strong>Dise\u00f1o<\/strong>: La banda de inspiraci\u00f3n vintage a\u00f1ade un toque elegante y atemporal a la esmeralda en bruto, haciendo que este <strong>Anillo de esmeralda<\/strong> perfecto para alguien que busca <strong>anillo de compromiso<\/strong> con un car\u00e1cter distinto y personal. Su encanto r\u00fastico, combinado con una artesan\u00eda refinada, garantiza que destacar\u00e1 sobre cualquier otra.<\/li><li><strong>S\u00edmbolo del amor<\/strong>: La esmeralda es un s\u00edmbolo de vitalidad, amor y renovaci\u00f3n, mientras que la naturaleza en bruto de la piedra enfatiza la autenticidad y la fuerza. Esto la convierte en la <strong>anillo de compromiso<\/strong> para marcar el comienzo de una nueva etapa en la vida con un amor tan real y duradero como la propia piedra preciosa.<\/li><li><strong>Elegancia atemporal<\/strong>: A pesar de su moderno aspecto r\u00fastico, este <strong>Anillo de esmeralda<\/strong> es una pieza cl\u00e1sica que permanecer\u00e1 como una preciada reliquia durante generaciones. Es ideal para quienes buscan <strong>anillo de compromiso vintage<\/strong> que cuente una historia y refleje su amor de una forma \u00fanica y significativa.<\/li><\/ul><p>Celebre su compromiso con una pieza tan rara y hermosa como su amor. Haga su pedido hoy y regale un <strong>anillo de compromiso esmeralda natural en bruto<\/strong> que durar\u00e1 toda la vida.<\/p>\t\t\t\t\t\t\t\t<\/div>\n\t\t\t\t<\/div>\n\t\t\t\t\t<\/div>\n\t\t\t\t<\/div>\n\t\t\t\t<\/div>","protected":false},"excerpt":{"rendered":"<p><strong>DETALLES del producto:<\/strong><br \/>\nMetal: Plata 925k<br \/>\nGema: Esmeralda natural en bruto<br \/>\nColor de la gema: Verde<br \/>\nColor de la pulsera: Oro rosa vermeil, Oro blanco vermeil<br \/>\nTama\u00f1o del anillo: Ajustable<br \/>\nDi\u00e1metro de la piedra: 3\u00d76 mm<br \/>\nClaridad: Muy ligeramente incluido<br \/>\nForma: Marquesa<br \/>\nCorte: Brillante Mixto<\/p>","protected":false},"featured_media":852,"comment_status":"open","ping_status":"closed","template":"","meta":{"_kad_post_transparent":"","_kad_post_title":"","_kad_post_layout":"","_kad_post_sidebar_id":"","_kad_post_content_style":"","_kad_post_vertical_padding":"","_kad_post_feature":"","_kad_post_feature_position":"","_kad_post_header":false,"_kad_post_footer":false},"product_brand":[],"product_cat":[15,16,17,26,66],"product_tag":[],"class_list":{"0":"post-850","1":"product","2":"type-product","3":"status-publish","4":"has-post-thumbnail","6":"product_cat-rings","7":"product_cat-emerald-ring","8":"product_cat-engagement-ring","9":"product_cat-marquise-ring","10":"product_cat-natural-gemstones-ring","12":"first","13":"instock","14":"shipping-taxable","15":"purchasable","16":"product-type-variable","17":"entry","18":"content-bg","19":"loop-entry"},"aioseo_notices":[],"_links":{"self":[{"href":"https:\/\/emeraldsring.com\/es\/wp-json\/wp\/v2\/product\/850","targetHints":{"allow":["GET"]}}],"collection":[{"href":"https:\/\/emeraldsring.com\/es\/wp-json\/wp\/v2\/product"}],"about":[{"href":"https:\/\/emeraldsring.com\/es\/wp-json\/wp\/v2\/types\/product"}],"replies":[{"embeddable":true,"href":"https:\/\/emeraldsring.com\/es\/wp-json\/wp\/v2\/comments?post=850"}],"version-history":[{"count":5,"href":"https:\/\/emeraldsring.com\/es\/wp-json\/wp\/v2\/product\/850\/revisions"}],"predecessor-version":[{"id":1392,"href":"https:\/\/emeraldsring.com\/es\/wp-json\/wp\/v2\/product\/850\/revisions\/1392"}],"wp:featuredmedia":[{"embeddable":true,"href":"https:\/\/emeraldsring.com\/es\/wp-json\/wp\/v2\/media\/852"}],"wp:attachment":[{"href":"https:\/\/emeraldsring.com\/es\/wp-json\/wp\/v2\/media?parent=850"}],"wp:term":[{"taxonomy":"product_brand","embeddable":true,"href":"https:\/\/emeraldsring.com\/es\/wp-json\/wp\/v2\/product_brand?post=850"},{"taxonomy":"product_cat","embeddable":true,"href":"https:\/\/emeraldsring.com\/es\/wp-json\/wp\/v2\/product_cat?post=850"},{"taxonomy":"product_tag","embeddable":true,"href":"https:\/\/emeraldsring.com\/es\/wp-json\/wp\/v2\/product_tag?post=850"}],"curies":[{"name":"wp","href":"https:\/\/api.w.org\/{rel}","templated":true}]}}