{"id":858,"date":"2025-02-07T11:15:53","date_gmt":"2025-02-07T06:15:53","guid":{"rendered":"https:\/\/emeraldsring.com\/?post_type=product&#038;p=858"},"modified":"2025-04-28T19:58:52","modified_gmt":"2025-04-28T14:58:52","slug":"marquise-shape-natural-emerald-ring-gift-for-her","status":"publish","type":"product","link":"https:\/\/emeraldsring.com\/es\/producto\/marquise-shape-natural-emerald-ring-gift-for-her\/","title":{"rendered":"Anillo Esmeralda Natural Forma Marquesa Regalo Para Ella"},"content":{"rendered":"<div data-elementor-type=\"product-post\" data-elementor-id=\"858\" class=\"elementor elementor-858\" data-elementor-post-type=\"product\">\n\t\t\t\t<div class=\"elementor-element elementor-element-003be99 e-flex e-con-boxed e-con e-parent\" data-id=\"003be99\" data-element_type=\"container\">\n\t\t\t\t\t<div class=\"e-con-inner\">\n\t\t\t\t<div class=\"elementor-element elementor-element-7fdc9ba elementor-widget elementor-widget-text-editor\" data-id=\"7fdc9ba\" data-element_type=\"widget\" data-widget_type=\"text-editor.default\">\n\t\t\t\t<div class=\"elementor-widget-container\">\n\t\t\t\t\t\t\t\t\t<p>Celebra su belleza con la elegancia de esta <strong>Anillo de esmeralda<\/strong>con una impresionante esmeralda natural en forma de marquesa en su coraz\u00f3n. Dise\u00f1ado para impresionar, este exquisito anillo es el complemento perfecto. <strong>regalo<\/strong> para cualquier ocasi\u00f3n, ya sea un cumplea\u00f1os, un aniversario o un gesto especial para demostrar su amor. La forma alargada de la esmeralda talla marquesa y su vibrante color verde a\u00f1aden un toque de sofisticaci\u00f3n, haciendo que esta pieza sea atemporal y cautivadora.<\/p><p><strong>Caracter\u00edsticas del producto:<\/strong><\/p><ul><li><strong>Material<\/strong>: Hecho a mano de metal de alta calidad (elija su opci\u00f3n preferida), lo que garantiza la durabilidad y un acabado pulido que complementa la impresionante esmeralda en su centro.<\/li><li><strong>Piedra<\/strong>: La esmeralda natural est\u00e1 tallada en forma de marquesa, conocida por su silueta alargada y elegante. Su intenso color verde y su claridad la convierten en una piedra realmente llamativa, perfecta para quienes aprecian la belleza de la naturaleza y la artesan\u00eda fina.<\/li><li><strong>Dise\u00f1o<\/strong>: La esmeralda talla marquesa est\u00e1 engastada en una banda elegante y moderna que realza la belleza de la piedra. Su dise\u00f1o sencillo pero sofisticado lo convierte en una pieza vers\u00e1til, perfecta para llevar a diario o como anillo para una ocasi\u00f3n especial. Ya sea como <strong>regalo<\/strong> o un <strong>statement piece<\/strong>Este <strong>Anillo de esmeralda<\/strong> har\u00e1 que se sienta realmente querida.<\/li><li><strong>S\u00edmbolo del amor<\/strong>: La esmeralda es s\u00edmbolo de vitalidad, crecimiento y renovaci\u00f3n. <strong>Anillo marquesa<\/strong> un regalo hermoso y lleno de significado para ella. Es una muestra de amor atemporal que atesorar\u00e1 durante a\u00f1os.<\/li><li><strong>El regalo perfecto<\/strong>: Tanto si celebras un hito como si simplemente quieres demostrar tu afecto, este <strong>Anillo de esmeralda<\/strong> es el ideal <strong>regalo<\/strong> para la mujer especial de tu vida. Su elegante dise\u00f1o y su significado simb\u00f3lico lo convierten en un regalo que nunca pasar\u00e1 de moda.<\/li><\/ul><p>Haz que se sienta extraordinaria con este impresionante <strong>Anillo de esmeralda<\/strong>. P\u00eddalo hoy y regale el <strong>regalo<\/strong> de belleza y elegancia atemporales que ella apreciar\u00e1 para siempre.<\/p>\t\t\t\t\t\t\t\t<\/div>\n\t\t\t\t<\/div>\n\t\t\t\t\t<\/div>\n\t\t\t\t<\/div>\n\t\t\t\t<\/div>","protected":false},"excerpt":{"rendered":"<p>Celebre su belleza con la elegancia de este Anillo Esmeralda, con una impresionante esmeralda natural en forma de marquesa en su coraz\u00f3n. Dise\u00f1ado para impresionar, este exquisito anillo es el regalo perfecto para cualquier ocasi\u00f3n, ya sea un cumplea\u00f1os, un aniversario o un gesto especial para demostrar su amor. La forma alargada de la esmeralda de talla marquesa y su vibrante color verde...<\/p>","protected":false},"featured_media":868,"comment_status":"open","ping_status":"closed","template":"","meta":{"_kad_post_transparent":"","_kad_post_title":"","_kad_post_layout":"","_kad_post_sidebar_id":"","_kad_post_content_style":"","_kad_post_vertical_padding":"","_kad_post_feature":"","_kad_post_feature_position":"","_kad_post_header":false,"_kad_post_footer":false},"product_brand":[],"product_cat":[16,26,66,15],"product_tag":[],"class_list":{"0":"post-858","1":"product","2":"type-product","3":"status-publish","4":"has-post-thumbnail","6":"product_cat-emerald-ring","7":"product_cat-marquise-ring","8":"product_cat-natural-gemstones-ring","9":"product_cat-rings","11":"first","12":"instock","13":"shipping-taxable","14":"purchasable","15":"product-type-variable","16":"entry","17":"content-bg","18":"loop-entry"},"aioseo_notices":[],"_links":{"self":[{"href":"https:\/\/emeraldsring.com\/es\/wp-json\/wp\/v2\/product\/858","targetHints":{"allow":["GET"]}}],"collection":[{"href":"https:\/\/emeraldsring.com\/es\/wp-json\/wp\/v2\/product"}],"about":[{"href":"https:\/\/emeraldsring.com\/es\/wp-json\/wp\/v2\/types\/product"}],"replies":[{"embeddable":true,"href":"https:\/\/emeraldsring.com\/es\/wp-json\/wp\/v2\/comments?post=858"}],"version-history":[{"count":5,"href":"https:\/\/emeraldsring.com\/es\/wp-json\/wp\/v2\/product\/858\/revisions"}],"predecessor-version":[{"id":1391,"href":"https:\/\/emeraldsring.com\/es\/wp-json\/wp\/v2\/product\/858\/revisions\/1391"}],"wp:featuredmedia":[{"embeddable":true,"href":"https:\/\/emeraldsring.com\/es\/wp-json\/wp\/v2\/media\/868"}],"wp:attachment":[{"href":"https:\/\/emeraldsring.com\/es\/wp-json\/wp\/v2\/media?parent=858"}],"wp:term":[{"taxonomy":"product_brand","embeddable":true,"href":"https:\/\/emeraldsring.com\/es\/wp-json\/wp\/v2\/product_brand?post=858"},{"taxonomy":"product_cat","embeddable":true,"href":"https:\/\/emeraldsring.com\/es\/wp-json\/wp\/v2\/product_cat?post=858"},{"taxonomy":"product_tag","embeddable":true,"href":"https:\/\/emeraldsring.com\/es\/wp-json\/wp\/v2\/product_tag?post=858"}],"curies":[{"name":"wp","href":"https:\/\/api.w.org\/{rel}","templated":true}]}}