{"id":871,"date":"2025-02-07T11:28:57","date_gmt":"2025-02-07T06:28:57","guid":{"rendered":"https:\/\/emeraldsring.com\/?post_type=product&#038;p=871"},"modified":"2025-04-28T19:58:49","modified_gmt":"2025-04-28T14:58:49","slug":"real-emerald-cut-ring-925-sterling-silver-green-emerald-ring-gift-for-her","status":"publish","type":"product","link":"https:\/\/emeraldsring.com\/es\/producto\/real-emerald-cut-ring-925-sterling-silver-green-emerald-ring-gift-for-her\/","title":{"rendered":"Anillo de oro aut\u00e9ntico talla esmeralda Anillo de esmeralda verde Regalo para ella"},"content":{"rendered":"<div data-elementor-type=\"product-post\" data-elementor-id=\"871\" class=\"elementor elementor-871\" data-elementor-post-type=\"product\">\n\t\t\t\t<div class=\"elementor-element elementor-element-7238367 e-flex e-con-boxed e-con e-parent\" data-id=\"7238367\" data-element_type=\"container\" data-e-type=\"container\">\n\t\t\t\t\t<div class=\"e-con-inner\">\n\t\t\t\t<div class=\"elementor-element elementor-element-a6f3c32 elementor-widget elementor-widget-text-editor\" data-id=\"a6f3c32\" data-element_type=\"widget\" data-e-type=\"widget\" data-widget_type=\"text-editor.default\">\n\t\t\t\t<div class=\"elementor-widget-container\">\n\t\t\t\t\t\t\t\t\t<p>Del\u00e9itela con la cautivadora belleza de este <strong>Anillo de esmeralda<\/strong>con una aut\u00e9ntica esmeralda verde de talla esmeralda engastada en una atemporal alianza de plata de ley 925. Este impresionante dise\u00f1o combina la elegancia cl\u00e1sica de la esmeralda con la sofisticaci\u00f3n de la plata de ley, por lo que es ideal para cualquier ocasi\u00f3n. <strong>anillo de compromiso<\/strong> o <strong>regalo<\/strong> para ella. Ya sea para una ocasi\u00f3n especial o un gesto sincero, esta hermosa pieza capturar\u00e1 su coraz\u00f3n y se convertir\u00e1 en una parte apreciada de su colecci\u00f3n.<\/p><p><strong>Caracter\u00edsticas del producto:<\/strong><\/p><ul><li><strong>Material<\/strong>: Elaborado en plata de ley 925 de primera calidad, este <strong>Anillo de esmeralda<\/strong> garantiza tanto la durabilidad como un acabado elegante y pulido que complementa el rico tono verde de la esmeralda.<\/li><li><strong>Piedra<\/strong>: La pieza central de este anillo es una aut\u00e9ntica esmeralda verde de talla esmeralda, seleccionada por su vivo color y notable claridad. El corte de esmeralda realza el brillo natural de la piedra, por lo que es un verdadero showtopper en cualquier luz.<\/li><li><strong>Dise\u00f1o<\/strong>: La sencilla pero sofisticada banda de plata de ley permite que la esmeralda brille como el punto focal, haciendo de este anillo una elecci\u00f3n perfecta para un <strong>anillo de compromiso<\/strong> o <strong>regalo<\/strong>. Su dise\u00f1o elegante y moderno lo hace vers\u00e1til tanto para el d\u00eda a d\u00eda como para ocasiones especiales.<\/li><li><strong>S\u00edmbolo del amor<\/strong>: Las esmeraldas simbolizan el amor, el crecimiento y el renacimiento. <strong>Anillo de esmeralda<\/strong> un significativo s\u00edmbolo de compromiso y afecto. Es una pieza impresionante que le recordar\u00e1 para siempre su amor y devoci\u00f3n.<\/li><li><strong>El regalo perfecto<\/strong>: Ya sea para celebrar un momento especial como una pedida de mano o simplemente para demostrar tu amor, este <strong>Anillo de esmeralda<\/strong> es el perfecto <strong>regalo<\/strong> para cualquier mujer. Su dise\u00f1o atemporal y su significado simb\u00f3lico la convierten en una pieza que atesorar\u00e1 para siempre.<\/li><\/ul><p>Haz que se sienta extraordinaria con este elegante <strong>Anillo de esmeralda<\/strong>. P\u00eddalo hoy y regale el <strong>regalo<\/strong> de belleza, amor y sofisticaci\u00f3n que conservar\u00e1 toda la vida.<\/p>\t\t\t\t\t\t\t\t<\/div>\n\t\t\t\t<\/div>\n\t\t\t\t\t<\/div>\n\t\t\t\t<\/div>\n\t\t\t\t<\/div>","protected":false},"excerpt":{"rendered":"<p>DETALLES del producto:<br \/>\nMetal: Plata 925k<br \/>\nGema: Esmeralda natural en bruto<br \/>\nColor de la gema: Verde<br \/>\nColor de la correa: Oro<br \/>\nTama\u00f1o del anillo: Ajustable<br \/>\nDi\u00e1metro de la piedra: 3\u00d73 mm<br \/>\nClaridad: Muy ligeramente incluido<br \/>\nForma: Marquesa<br \/>\nCorte: Brillante Mixto<\/p>","protected":false},"featured_media":873,"comment_status":"open","ping_status":"closed","template":"","meta":{"_kad_post_transparent":"","_kad_post_title":"","_kad_post_layout":"","_kad_post_sidebar_id":"","_kad_post_content_style":"","_kad_post_vertical_padding":"","_kad_post_feature":"","_kad_post_feature_position":"","_kad_post_header":false,"_kad_post_footer":false},"product_brand":[],"product_cat":[16,66,56,15],"product_tag":[],"class_list":{"0":"post-871","1":"product","2":"type-product","3":"status-publish","4":"has-post-thumbnail","6":"product_cat-emerald-ring","7":"product_cat-natural-gemstones-ring","8":"product_cat-princess","9":"product_cat-rings","11":"first","12":"instock","13":"sale","14":"shipping-taxable","15":"purchasable","16":"product-type-simple","17":"entry","18":"content-bg","19":"loop-entry"},"aioseo_notices":[],"_links":{"self":[{"href":"https:\/\/emeraldsring.com\/es\/wp-json\/wp\/v2\/product\/871","targetHints":{"allow":["GET"]}}],"collection":[{"href":"https:\/\/emeraldsring.com\/es\/wp-json\/wp\/v2\/product"}],"about":[{"href":"https:\/\/emeraldsring.com\/es\/wp-json\/wp\/v2\/types\/product"}],"replies":[{"embeddable":true,"href":"https:\/\/emeraldsring.com\/es\/wp-json\/wp\/v2\/comments?post=871"}],"version-history":[{"count":7,"href":"https:\/\/emeraldsring.com\/es\/wp-json\/wp\/v2\/product\/871\/revisions"}],"predecessor-version":[{"id":1332,"href":"https:\/\/emeraldsring.com\/es\/wp-json\/wp\/v2\/product\/871\/revisions\/1332"}],"wp:featuredmedia":[{"embeddable":true,"href":"https:\/\/emeraldsring.com\/es\/wp-json\/wp\/v2\/media\/873"}],"wp:attachment":[{"href":"https:\/\/emeraldsring.com\/es\/wp-json\/wp\/v2\/media?parent=871"}],"wp:term":[{"taxonomy":"product_brand","embeddable":true,"href":"https:\/\/emeraldsring.com\/es\/wp-json\/wp\/v2\/product_brand?post=871"},{"taxonomy":"product_cat","embeddable":true,"href":"https:\/\/emeraldsring.com\/es\/wp-json\/wp\/v2\/product_cat?post=871"},{"taxonomy":"product_tag","embeddable":true,"href":"https:\/\/emeraldsring.com\/es\/wp-json\/wp\/v2\/product_tag?post=871"}],"curies":[{"name":"wp","href":"https:\/\/api.w.org\/{rel}","templated":true}]}}