{"id":922,"date":"2025-02-08T19:47:12","date_gmt":"2025-02-08T14:47:12","guid":{"rendered":"https:\/\/emeraldsring.com\/?post_type=product&#038;p=922"},"modified":"2025-04-28T19:58:38","modified_gmt":"2025-04-28T14:58:38","slug":"oval-emerald-cut-ring-real-emerald-birthstone-ring-perfect-gift-for-her","status":"publish","type":"product","link":"https:\/\/emeraldsring.com\/es\/producto\/oval-emerald-cut-ring-real-emerald-birthstone-ring-perfect-gift-for-her\/","title":{"rendered":"Anillo ovalado talla esmeralda Anillo con piedra de nacimiento esmeralda real Regalo perfecto para ella"},"content":{"rendered":"<div data-elementor-type=\"product-post\" data-elementor-id=\"922\" class=\"elementor elementor-922\" data-elementor-post-type=\"product\">\n\t\t\t\t<div class=\"elementor-element elementor-element-6bb2c97 e-flex e-con-boxed e-con e-parent\" data-id=\"6bb2c97\" data-element_type=\"container\" data-e-type=\"container\">\n\t\t\t\t\t<div class=\"e-con-inner\">\n\t\t<div class=\"elementor-element elementor-element-67eaa61 e-con-full e-flex e-con e-child\" data-id=\"67eaa61\" data-element_type=\"container\" data-e-type=\"container\">\n\t\t\t\t<div class=\"elementor-element elementor-element-731f176 elementor-widget elementor-widget-video\" data-id=\"731f176\" data-element_type=\"widget\" data-e-type=\"widget\" data-settings=\"{&quot;youtube_url&quot;:&quot;https:\\\/\\\/www.youtube.com\\\/watch?v=RpPMRmGLCUQ&quot;,&quot;video_type&quot;:&quot;youtube&quot;,&quot;controls&quot;:&quot;yes&quot;}\" data-widget_type=\"video.default\">\n\t\t\t\t<div class=\"elementor-widget-container\">\n\t\t\t\t\t\t\t<div class=\"elementor-wrapper elementor-open-inline\">\n\t\t\t<div class=\"elementor-video\"><\/div>\t\t<\/div>\n\t\t\t\t\t\t<\/div>\n\t\t\t\t<\/div>\n\t\t\t\t<\/div>\n\t\t\t\t<div class=\"elementor-element elementor-element-b2f846a elementor-widget elementor-widget-text-editor\" data-id=\"b2f846a\" data-element_type=\"widget\" data-e-type=\"widget\" data-widget_type=\"text-editor.default\">\n\t\t\t\t<div class=\"elementor-widget-container\">\n\t\t\t\t\t\t\t\t\t<p>Haz que tu pedida de mano sea inolvidable <strong>Anillo de esmeralda<\/strong>con una cautivadora esmeralda natural de talla oval rodeada de brillantes diamantes, engastada en una lujosa banda de oro. Este elegante <strong>anillo de compromiso<\/strong> combina la belleza atemporal de las esmeraldas con el brillo de los diamantes, creando un s\u00edmbolo verdaderamente \u00fanico y significativo de su amor y compromiso.<\/p><p><strong>Caracter\u00edsticas del producto:<\/strong><\/p><ul><li><strong>Material<\/strong>: Fabricado en oro de alta calidad, este <strong>Anillo de esmeralda<\/strong> es a la vez duradero y refinado, y ofrece un equilibrio perfecto entre lujo y belleza duradera. La banda de oro realza el verde vibrante de la esmeralda y el brillo de los diamantes, creando una pieza sofisticada y atemporal.<\/li><li><strong>Piedra<\/strong>: La pieza central de este exquisito <strong>anillo de compromiso<\/strong> es una esmeralda natural de talla ovalada, cuidadosamente seleccionada por su intenso color verde y su excepcional claridad. Flanqueando la esmeralda hay dos brillantes diamantes, que a\u00f1aden m\u00e1s resplandor y crean un impresionante dise\u00f1o de tres piedras que simboliza el pasado, el presente y el futuro de su amor.<\/li><li><strong>Dise\u00f1o<\/strong>: El elegante dise\u00f1o de tres piedras presenta una esmeralda ovalada engastada entre dos deslumbrantes diamantes, todo ello encerrado en una banda de oro bellamente pulida. La combinaci\u00f3n de esmeralda y diamantes hace de este anillo una elecci\u00f3n perfecta para aquellos que desean algo verdaderamente especial y distintivo para su compromiso.<\/li><li><strong>S\u00edmbolo del amor<\/strong>: Las esmeraldas representan el amor, la renovaci\u00f3n y el crecimiento, mientras que los diamantes simbolizan el compromiso eterno y la fuerza. Juntos, forman un poderoso y significativo <strong>anillo de compromiso<\/strong> que capte la profundidad y la promesa de su relaci\u00f3n.<\/li><li><strong>El anillo de compromiso perfecto<\/strong>: Tanto si est\u00e1 buscando una forma \u00fanica de proponer matrimonio como si busca un s\u00edmbolo impresionante de su amor, este <strong>Anillo de esmeralda<\/strong> es la elecci\u00f3n perfecta. Su dise\u00f1o elegante y atemporal garantiza que seguir\u00e1 siendo un preciado s\u00edmbolo de su compromiso durante a\u00f1os.<\/li><\/ul><p>Haz que este momento sea inolvidable con este impresionante <strong>Anillo de esmeralda<\/strong>. Haz tu pedido hoy y reg\u00e1lale belleza, amor y para siempre.<\/p>\t\t\t\t\t\t\t\t<\/div>\n\t\t\t\t<\/div>\n\t\t\t\t\t<\/div>\n\t\t\t\t<\/div>\n\t\t\t\t<\/div>","protected":false},"excerpt":{"rendered":"<p>DETALLES del producto:<br \/>\nMetal: Plata 925k<br \/>\nGema: Esmeralda natural en bruto<br \/>\nColor de la gema: Verde<br \/>\nColor de la pulsera: Oro, Oro blanco<br \/>\nTama\u00f1o del anillo: Ajustable<br \/>\nDi\u00e1metro de la piedra: 4\u00d76 mm<br \/>\nClaridad: Muy ligeramente incluido<br \/>\nForma: Oval<br \/>\nCorte: Brillante Mixto<\/p>\n<div id=\"gtx-trans\" style=\"position: absolute; left: 83px; top: 183px;\">\n<div class=\"gtx-trans-icon\"><\/div>\n<\/div>","protected":false},"featured_media":1354,"comment_status":"open","ping_status":"closed","template":"","meta":{"_kad_post_transparent":"","_kad_post_title":"","_kad_post_layout":"","_kad_post_sidebar_id":"","_kad_post_content_style":"","_kad_post_vertical_padding":"","_kad_post_feature":"","_kad_post_feature_position":"","_kad_post_header":false,"_kad_post_footer":false},"product_brand":[],"product_cat":[16,89,66,20,15,69],"product_tag":[],"class_list":{"0":"post-922","1":"product","2":"type-product","3":"status-publish","4":"has-post-thumbnail","6":"product_cat-emerald-ring","7":"product_cat-engagement-and-wedding","8":"product_cat-natural-gemstones-ring","9":"product_cat-oval-ring","10":"product_cat-rings","11":"product_cat-solitaire","13":"first","14":"instock","15":"shipping-taxable","16":"purchasable","17":"product-type-variable","18":"entry","19":"content-bg","20":"loop-entry"},"aioseo_notices":[],"_links":{"self":[{"href":"https:\/\/emeraldsring.com\/es\/wp-json\/wp\/v2\/product\/922","targetHints":{"allow":["GET"]}}],"collection":[{"href":"https:\/\/emeraldsring.com\/es\/wp-json\/wp\/v2\/product"}],"about":[{"href":"https:\/\/emeraldsring.com\/es\/wp-json\/wp\/v2\/types\/product"}],"replies":[{"embeddable":true,"href":"https:\/\/emeraldsring.com\/es\/wp-json\/wp\/v2\/comments?post=922"}],"version-history":[{"count":8,"href":"https:\/\/emeraldsring.com\/es\/wp-json\/wp\/v2\/product\/922\/revisions"}],"predecessor-version":[{"id":1355,"href":"https:\/\/emeraldsring.com\/es\/wp-json\/wp\/v2\/product\/922\/revisions\/1355"}],"wp:featuredmedia":[{"embeddable":true,"href":"https:\/\/emeraldsring.com\/es\/wp-json\/wp\/v2\/media\/1354"}],"wp:attachment":[{"href":"https:\/\/emeraldsring.com\/es\/wp-json\/wp\/v2\/media?parent=922"}],"wp:term":[{"taxonomy":"product_brand","embeddable":true,"href":"https:\/\/emeraldsring.com\/es\/wp-json\/wp\/v2\/product_brand?post=922"},{"taxonomy":"product_cat","embeddable":true,"href":"https:\/\/emeraldsring.com\/es\/wp-json\/wp\/v2\/product_cat?post=922"},{"taxonomy":"product_tag","embeddable":true,"href":"https:\/\/emeraldsring.com\/es\/wp-json\/wp\/v2\/product_tag?post=922"}],"curies":[{"name":"wp","href":"https:\/\/api.w.org\/{rel}","templated":true}]}}