{"id":377,"date":"2025-02-04T17:30:27","date_gmt":"2025-02-04T12:30:27","guid":{"rendered":"https:\/\/emeraldsring.com\/?page_id=377"},"modified":"2025-08-10T11:25:34","modified_gmt":"2025-08-10T06:25:34","slug":"shipping-delivery","status":"publish","type":"page","link":"https:\/\/emeraldsring.com\/fr\/shipping-delivery\/","title":{"rendered":"Exp\u00e9dition et livraison"},"content":{"rendered":"<div data-elementor-type=\"wp-page\" data-elementor-id=\"377\" class=\"elementor elementor-377\" data-elementor-post-type=\"page\">\n\t\t\t\t<div class=\"elementor-element elementor-element-859f9ee e-flex e-con-boxed e-con e-parent\" data-id=\"859f9ee\" data-element_type=\"container\" data-e-type=\"container\">\n\t\t\t\t\t<div class=\"e-con-inner\">\n\t\t\t\t<div class=\"elementor-element elementor-element-dc5c365 elementor-widget elementor-widget-text-editor\" data-id=\"dc5c365\" data-element_type=\"widget\" data-e-type=\"widget\" data-widget_type=\"text-editor.default\">\n\t\t\t\t<div class=\"elementor-widget-container\">\n\t\t\t\t\t\t\t\t\t<div class=\"wd-negative-gap elementor-element elementor-element-859f9ee e-flex e-con-boxed e-con e-parent e-lazyloaded\" data-id=\"859f9ee\" data-element_type=\"container\"><div class=\"e-con-inner\"><div class=\"elementor-element elementor-element-ce0ab23 elementor-widget elementor-widget-wd_text_block\" data-id=\"ce0ab23\" data-element_type=\"widget\" data-widget_type=\"wd_text_block.default\"><div class=\"elementor-widget-container\"><div class=\"wd-text-block reset-last-child text-left\"><p>Merci d'avoir fait vos achats aupr\u00e8s de\u00a0<strong>EmeraldsRing.com<\/strong>! Nous voulons faire en sorte que votre exp\u00e9rience avec nous soit aussi fluide et agr\u00e9able que possible, que ce soit en parcourant notre collection exquise d'articles de sport ou en vous rendant \u00e0 l'\u00e9cole.\u00a0<strong>bagues en \u00e9meraude<\/strong>,\u00a0<strong>bagues en jade<\/strong>,\u00a0<strong>bagues en pierre de lune<\/strong>et\u00a0<strong>bagues de fian\u00e7ailles<\/strong>\u00a0jusqu'\u00e0 la livraison de votre superbe pi\u00e8ce. Cette page fournit des informations d\u00e9taill\u00e9es sur nos\u00a0<strong>exp\u00e9dition et livraison<\/strong>\u00a0afin que vous puissiez \u00eatre pleinement inform\u00e9 lorsque vous effectuez un achat chez nous.<\/p><p>Si vous avez des questions ou si vous avez besoin de pr\u00e9cisions, n'h\u00e9sitez pas \u00e0 contacter notre \u00e9quipe du service client\u00e8le - nous sommes l\u00e0 pour vous aider !<\/p><hr \/><h3><strong>1. Vue d'ensemble de l'exp\u00e9dition<\/strong><\/h3><p>Au\u00a0<strong>EmeraldsRing.com<\/strong>Nous nous engageons \u00e0 vous offrir une exp\u00e9rience d'achat transparente et fiable. Que vous achetiez un\u00a0<strong>bague de fian\u00e7ailles personnalis\u00e9e<\/strong>\u00a0ou un\u00a0<strong>bague en pierre de lune<\/strong>Pour r\u00e9pondre \u00e0 vos besoins, nous vous proposons diff\u00e9rentes options d'exp\u00e9dition. Nous nous effor\u00e7ons de traiter et d'exp\u00e9dier votre commande le plus rapidement possible. Les d\u00e9lais et les frais de livraison varient en fonction de la destination et de la m\u00e9thode d'exp\u00e9dition choisie.<\/p><h4><strong>Options d'exp\u00e9dition nationales et internationales<\/strong><\/h4><ul><li><strong>Exp\u00e9dition nationale (USA)<\/strong>: Nous proposons diff\u00e9rentes options d'exp\u00e9dition pour toutes les commandes pass\u00e9es aux \u00c9tats-Unis. Que vous soyez situ\u00e9 sur la c\u00f4te Est ou la c\u00f4te Ouest, nous avons des m\u00e9thodes de livraison flexibles pour r\u00e9pondre \u00e0 vos pr\u00e9f\u00e9rences.<\/li><li><strong>Exp\u00e9dition internationale<\/strong>: Pour nos clients en dehors des \u00c9tats-Unis, nous assurons l'exp\u00e9dition internationale vers de nombreux pays du monde. Les frais d'exp\u00e9dition et les d\u00e9lais de livraison peuvent varier en fonction de votre situation g\u00e9ographique. Les options d'exp\u00e9dition les plus pr\u00e9cises vous seront fournies au cours du processus de paiement.<\/li><\/ul><hr \/><h3><strong>2. M\u00e9thodes d'exp\u00e9dition<\/strong><\/h3><p>Nous proposons plusieurs m\u00e9thodes d'exp\u00e9dition pour r\u00e9pondre aux diff\u00e9rents besoins de nos clients. Les frais d'exp\u00e9dition sont calcul\u00e9s lors du processus de paiement en fonction de la m\u00e9thode d'exp\u00e9dition choisie et de votre lieu de r\u00e9sidence.<\/p><h4><strong>Exp\u00e9dition standard<\/strong><\/h4><ul><li><strong>D\u00e9lai de livraison<\/strong>: 5-7 jours ouvrables (pour les commandes nationales). L'exp\u00e9dition internationale peut prendre de 7 \u00e0 14 jours ouvrables, selon le pays.<\/li><li><strong>Frais d'exp\u00e9dition<\/strong>: Pour les commandes internationales, les frais d'exp\u00e9dition sont bas\u00e9s sur le poids et la destination de votre commande. Ces frais seront calcul\u00e9s au moment du paiement.<\/li><li><strong>Suivi<\/strong>: Vous recevrez un courriel contenant les informations de suivi une fois votre commande exp\u00e9di\u00e9e, afin que vous puissiez en suivre l'\u00e9volution.<\/li><\/ul><h4><strong>Exp\u00e9dition acc\u00e9l\u00e9r\u00e9e<\/strong><\/h4><ul><li><strong>D\u00e9lai de livraison<\/strong>Exp\u00e9dition rapide : 2 \u00e0 3 jours ouvrables (commandes nationales). L'exp\u00e9dition internationale acc\u00e9l\u00e9r\u00e9e peut prendre de 3 \u00e0 5 jours ouvrables.<\/li><li><strong>Frais d'exp\u00e9dition<\/strong>: Les frais d'exp\u00e9dition acc\u00e9l\u00e9r\u00e9e d\u00e9pendent de votre lieu de r\u00e9sidence et du volume de votre commande. Ces frais vous seront communiqu\u00e9s lors de la commande.<\/li><li><strong>Suivi<\/strong>: Vous recevrez un num\u00e9ro de suivi pour contr\u00f4ler votre envoi acc\u00e9l\u00e9r\u00e9.<\/li><\/ul><h4><strong>Exp\u00e9dition du jour au lendemain (USA uniquement)<\/strong><\/h4><ul><li><strong>D\u00e9lai de livraison<\/strong>: 1 jour ouvrable (uniquement pour les commandes pass\u00e9es avant 12 heures EST).<\/li><li><strong>Frais d'exp\u00e9dition<\/strong>: Le co\u00fbt de l'exp\u00e9dition de nuit sera calcul\u00e9 lors de la commande, en fonction de l'adresse de livraison.<\/li><li><strong>Suivi<\/strong>: Vous recevrez des mises \u00e0 jour de suivi en temps r\u00e9el pour les envois de nuit.<\/li><\/ul><hr \/><h3><strong>3. Temps de traitement<\/strong><\/h3><p>Notre objectif est de traiter et d'exp\u00e9dier toutes les commandes aussi rapidement que possible. Voici ce \u00e0 quoi vous pouvez vous attendre pendant le temps de traitement de votre commande :<\/p><ul><li><strong>Articles en stock<\/strong>: Les commandes contenant des articles en stock sont g\u00e9n\u00e9ralement trait\u00e9es et exp\u00e9di\u00e9es dans un d\u00e9lai d'un mois.\u00a0<strong>2-3 jours ouvrables<\/strong>\u00a0de la confirmation de la commande. Si vous choisissez l'exp\u00e9dition acc\u00e9l\u00e9r\u00e9e ou de nuit, nous ferons de notre mieux pour traiter la commande le plus rapidement possible, mais veuillez noter que nous pouvons avoir besoin d'un d\u00e9lai suppl\u00e9mentaire pour la v\u00e9rification de la commande.<\/li><li><strong>Commandes personnalis\u00e9es<\/strong>: Si vous avez achet\u00e9 un\u00a0<strong>bague personnalis\u00e9e<\/strong>\u00a0(par exemple, des gravures personnalis\u00e9es ou un design sur mesure), les d\u00e9lais de traitement peuvent \u00eatre plus longs. Les commandes personnalis\u00e9es prennent g\u00e9n\u00e9ralement\u00a0<strong>7-10 jours ouvrables<\/strong>\u00a0\u00e0 cr\u00e9er et \u00e0 exp\u00e9dier, en fonction de la complexit\u00e9 de la conception.<\/li><li><strong>Pr\u00e9-commandes et articles en rupture de stock<\/strong>: Pour les articles marqu\u00e9s comme \u00e9tant en pr\u00e9-commande ou en rupture de stock, nous fournirons une date d'exp\u00e9dition estim\u00e9e lors de la commande. Nous vous informerons en cas de retard important dans la livraison de votre commande.<\/li><\/ul><hr \/><h3><strong>4. Frais d'exp\u00e9dition<\/strong><\/h3><ul><li><strong>Livraison gratuite<\/strong>: Nous offrons\u00a0<strong>livraison standard gratuite<\/strong>\u00a0sur toutes les commandes int\u00e9rieures aux \u00c9tats-Unis, quelle que soit la taille de la commande. Cela inclut les bagues de nos collections d'\u00e9meraudes, de jades, de pierres de lune et de bagues de fian\u00e7ailles.<\/li><li><strong>Frais d'exp\u00e9dition internationaux<\/strong>: Pour les commandes internationales, les frais d'exp\u00e9dition seront calcul\u00e9s en fonction de la taille, du poids et de la destination de votre colis. Les frais d'exp\u00e9dition seront clairement affich\u00e9s lors du paiement. Veuillez noter que les d\u00e9lais d'exp\u00e9dition internationale peuvent varier en fonction du pays et des proc\u00e9dures douani\u00e8res.<\/li><\/ul><hr \/><h3><strong>5. Emballage<\/strong><\/h3><p>Nous veillons \u00e0 ce que votre bague vous parvienne en parfait \u00e9tat. Toutes les commandes sont emball\u00e9es en\u00a0<strong>coffrets cadeaux de luxe<\/strong>Ces emballages sont parfaits pour offrir ou conserver votre objet pr\u00e9cieux. Notre emballage garantit que votre bague est prot\u00e9g\u00e9e pendant le transport et qu'elle arrive dans un \u00e9tat impeccable.<\/p><p>Si vous souhaitez inclure un message personnalis\u00e9 ou demander un emballage sp\u00e9cial, veuillez contacter notre service client\u00e8le, qui se fera un plaisir de r\u00e9pondre \u00e0 votre demande.<\/p><hr \/><h3><strong>6. Suivi des commandes<\/strong><\/h3><p>Une fois votre commande exp\u00e9di\u00e9e, vous recevrez un courriel contenant les informations de suivi. Vous pouvez utiliser ce num\u00e9ro de suivi pour contr\u00f4ler l'\u00e9tat de votre commande sur le site web du transporteur. Nous vous tiendrons \u00e9galement au courant de toute modification importante de l'\u00e9tat d'avancement de votre commande.<\/p><p>Si vous n'arrivez pas \u00e0 suivre votre commande ou si vous avez des probl\u00e8mes de suivi, veuillez nous contacter et nous vous aiderons \u00e0 r\u00e9soudre la situation.<\/p><hr \/><h3><strong>7. Restrictions en mati\u00e8re d'exp\u00e9dition<\/strong><\/h3><p>Bien que nous ayons pour objectif de servir nos clients dans le monde entier, il existe quelques pays vers lesquels nous ne pouvons pas livrer en raison de r\u00e9glementations internationales en mati\u00e8re d'exp\u00e9dition, de restrictions douani\u00e8res ou de limitations impos\u00e9es par les transporteurs. Si vous vous trouvez dans une r\u00e9gion o\u00f9 l'exp\u00e9dition est restreinte, nous vous en informerons au cours de la proc\u00e9dure de paiement.<\/p><p>En outre, nous n'exp\u00e9dions pas vers des bo\u00eetes postales pour certaines destinations internationales, car certains transporteurs n'autorisent pas la livraison \u00e0 ces adresses.<\/p><hr \/><h3><strong>8. Droits de douane et taxes<\/strong><\/h3><p>Pour les commandes internationales, veuillez noter que des droits de douane, des taxes et des frais d'importation peuvent s'appliquer une fois que le colis arrive dans votre pays. Ces frais sont\u00a0<strong>pas<\/strong>\u00a0sont inclus dans les frais d'exp\u00e9dition et sont \u00e0 la charge du client.<\/p><p>Les politiques douani\u00e8res variant d'un pays \u00e0 l'autre, nous vous recommandons de contacter votre bureau de douane local pour obtenir plus d'informations sur les frais \u00e9ventuels.\u00a0<strong>EmeraldsRing.com<\/strong>\u00a0n'est pas responsable des droits de douane, des taxes ou des frais suppl\u00e9mentaires qui peuvent survenir au cours du processus d'exp\u00e9dition.<\/p><hr \/><h3><strong>9. Retards et probl\u00e8mes d'exp\u00e9dition<\/strong><\/h3><p>Nous nous effor\u00e7ons de livrer votre commande dans les meilleurs d\u00e9lais,\u00a0<strong>EmeraldsRing.com<\/strong>\u00a0ne peut \u00eatre tenu responsable des retards caus\u00e9s par des facteurs ind\u00e9pendants de sa volont\u00e9. Cela inclut, sans s'y limiter, les conditions m\u00e9t\u00e9orologiques difficiles, les gr\u00e8ves, les catastrophes naturelles ou tout autre \u00e9v\u00e9nement susceptible de perturber les exp\u00e9ditions.<\/p><p>Si votre colis est retard\u00e9 ou si vous rencontrez des probl\u00e8mes avec votre envoi, n'h\u00e9sitez pas \u00e0 nous contacter. Nous ferons de notre mieux pour vous aider \u00e0 r\u00e9soudre tout probl\u00e8me li\u00e9 \u00e0 l'exp\u00e9dition.<\/p><hr \/><h3><strong>10. Objets endommag\u00e9s ou perdus<\/strong><\/h3><ul><li><strong>Articles endommag\u00e9s<\/strong>: Si votre commande arrive endommag\u00e9e ou d\u00e9fectueuse, veuillez contacter notre service client\u00e8le dans les d\u00e9lais suivants\u00a0<strong>7 jours<\/strong>\u00a0de la r\u00e9ception. Nous vous fournirons des instructions sur la mani\u00e8re de renvoyer l'article et d'organiser son remplacement ou son remboursement, selon les circonstances.<\/li><li><strong>Objets perdus<\/strong>: Bien que nous fassions tout notre possible pour que votre commande vous parvienne en toute s\u00e9curit\u00e9, nous ne pouvons \u00eatre tenus responsables des colis perdus ou retard\u00e9s en raison de circonstances ind\u00e9pendantes de notre volont\u00e9, y compris des probl\u00e8mes li\u00e9s au transporteur. Cependant, nous travaillerons avec vous pour retrouver le colis et r\u00e9soudre le probl\u00e8me le plus rapidement possible.<\/li><\/ul><hr \/><h3><strong>11. Retours et \u00e9changes<\/strong><\/h3><p>Veuillez consulter notre\u00a0<strong>Retours et \u00e9changes<\/strong>\u00a0pour obtenir des informations compl\u00e8tes sur les modalit\u00e9s de retour ou d'\u00e9change d'un article. En r\u00e9sum\u00e9, nous offrons une\u00a0<strong>Politique de retour de 30 jours<\/strong>\u00a0pour la plupart de nos bagues (\u00e0 l'exception des articles personnalis\u00e9s). Les retours doivent \u00eatre effectu\u00e9s dans leur \u00e9tat d'origine et les frais de retour sont \u00e0 la charge du client.<\/p><p>Les articles faits sur mesure, les bagues grav\u00e9es ou les bagues avec des d\u00e9tails personnalis\u00e9s sont g\u00e9n\u00e9ralement\u00a0<strong>non remboursable<\/strong>\u00a0sauf en cas de d\u00e9faut de fabrication ou d'erreur.<\/p><hr \/><h3><strong>12. Soutien \u00e0 la client\u00e8le<\/strong><\/h3><p>Notre \u00e9quipe d'assistance \u00e0 la client\u00e8le est l\u00e0 pour vous aider \u00e0 r\u00e9pondre \u00e0 toutes les questions relatives \u00e0 l'exp\u00e9dition. Que vous souhaitiez suivre votre commande, vous renseigner sur les frais d'exp\u00e9dition ou r\u00e9soudre un probl\u00e8me, n'h\u00e9sitez pas \u00e0 nous contacter.<\/p><p>Vous pouvez nous contacter par les moyens suivants :<\/p><ul><li><strong>Courriel<\/strong>:\u00a0<a href=\"mailto:manger@emeraldsring.com\"><strong>manger@emeraldsring.com<\/strong><\/a><\/li><li><strong>T\u00e9l\u00e9phone<\/strong>:\u00a0<strong><a href=\"tel:8613725483134\">+86 137 2548 3134<\/a><\/strong><\/li><li><strong>WhatsApp<\/strong>:\u00a0<strong><a href=\"https:\/\/wa.me\/8613725483134\">+86 13725483134<\/a><\/strong><\/li><li>\u00a0<\/li><li><strong>Formulaire de contact<\/strong>: Remplissez le formulaire de contact sur notre site web et nous vous r\u00e9pondrons dans les plus brefs d\u00e9lais.<\/li><\/ul><hr \/><h3><strong>13. R\u00e9sum\u00e9 des politiques d'exp\u00e9dition<\/strong><\/h3><ul><li><strong>Exp\u00e9dition nationale gratuite<\/strong>\u00a0sur toutes les commandes pass\u00e9es aux \u00c9tats-Unis.<\/li><li><strong>Exp\u00e9dition dans le monde entier<\/strong>\u00a0disponible avec des frais calcul\u00e9s lors du paiement.<\/li><li><strong>Options d'exp\u00e9dition multiples<\/strong>y compris les envois acc\u00e9l\u00e9r\u00e9s et les envois de nuit.<\/li><li><strong>Politique de retour de 30 jours<\/strong>\u00a0pour la plupart des articles (\u00e0 l'exclusion des produits sur mesure).<\/li><li><strong>Informations sur le suivi<\/strong>\u00a0pour tous les envois.<\/li><li><strong>Emballage de luxe<\/strong>\u00a0pour chaque commande, parfait pour les cadeaux.<\/li><\/ul><hr \/><p>Merci d'avoir choisi\u00a0<strong>EmeraldsRing.com<\/strong>. Nous sommes ravis de vous aider \u00e0 trouver la bague parfaite, qu'il s'agisse d'un\u00a0<strong>bague de fian\u00e7ailles en \u00e9meraude<\/strong>, a\u00a0<strong>bague de jade<\/strong>ou toute autre pi\u00e8ce de notre collection unique. Nous nous effor\u00e7ons de vous offrir une exp\u00e9rience d'achat fluide et satisfaisante, depuis le moment o\u00f9 vous passez votre commande jusqu'\u00e0 l'arriv\u00e9e de votre magnifique bague.<\/p><p>Si vous avez des questions, n'h\u00e9sitez pas \u00e0 nous contacter ! Nous sommes l\u00e0 pour vous aider.<\/p><\/div><\/div><\/div><\/div><\/div><div class=\"wd-negative-gap elementor-element elementor-element-99f6000 e-flex e-con-boxed e-con e-parent e-lazyloaded\" data-id=\"99f6000\" data-element_type=\"container\"><div class=\"e-con-inner\"><div class=\"elementor-element elementor-element-6d12059 elementor-widget elementor-widget-wd_text_block\" data-id=\"6d12059\" data-element_type=\"widget\" data-widget_type=\"wd_text_block.default\"><div class=\"elementor-widget-container\"><div class=\"wd-text-block reset-last-child text-left\"><p>Vous pouvez \u00e9galement remplir le formulaire ci-dessous et nous vous contacterons dans les plus brefs d\u00e9lais.<\/p><\/div><\/div><\/div><\/div><\/div>\t\t\t\t\t\t\t\t<\/div>\n\t\t\t\t<\/div>\n\t\t\t\t\t<\/div>\n\t\t\t\t<\/div>\n\t\t<div class=\"elementor-element elementor-element-9287558 e-flex e-con-boxed e-con e-parent\" data-id=\"9287558\" data-element_type=\"container\" data-e-type=\"container\">\n\t\t\t\t\t<div class=\"e-con-inner\">\n\t\t\t\t<div class=\"elementor-element elementor-element-34577a2 elementor-widget elementor-widget-wpforms\" data-id=\"34577a2\" data-element_type=\"widget\" data-e-type=\"widget\" data-widget_type=\"wpforms.default\">\n\t\t\t\t<div class=\"elementor-widget-container\">\n\t\t\t\t\t<style id=\"wpforms-css-vars-root\">\n\t\t\t\t:root {\n\t\t\t\t\t--wpforms-field-border-radius: 3px;\n--wpforms-field-border-style: solid;\n--wpforms-field-border-size: 1px;\n--wpforms-field-background-color: #ffffff;\n--wpforms-field-border-color: rgba( 0, 0, 0, 0.25 );\n--wpforms-field-border-color-spare: rgba( 0, 0, 0, 0.25 );\n--wpforms-field-text-color: rgba( 0, 0, 0, 0.7 );\n--wpforms-field-menu-color: #ffffff;\n--wpforms-label-color: rgba( 0, 0, 0, 0.85 );\n--wpforms-label-sublabel-color: rgba( 0, 0, 0, 0.55 );\n--wpforms-label-error-color: #d63637;\n--wpforms-button-border-radius: 3px;\n--wpforms-button-border-style: none;\n--wpforms-button-border-size: 1px;\n--wpforms-button-background-color: #066aab;\n--wpforms-button-border-color: #066aab;\n--wpforms-button-text-color: #ffffff;\n--wpforms-page-break-color: #066aab;\n--wpforms-background-image: none;\n--wpforms-background-position: center center;\n--wpforms-background-repeat: no-repeat;\n--wpforms-background-size: cover;\n--wpforms-background-width: 100px;\n--wpforms-background-height: 100px;\n--wpforms-background-color: rgba( 0, 0, 0, 0 );\n--wpforms-background-url: none;\n--wpforms-container-padding: 0px;\n--wpforms-container-border-style: none;\n--wpforms-container-border-width: 1px;\n--wpforms-container-border-color: #000000;\n--wpforms-container-border-radius: 3px;\n--wpforms-field-size-input-height: 43px;\n--wpforms-field-size-input-spacing: 15px;\n--wpforms-field-size-font-size: 16px;\n--wpforms-field-size-line-height: 19px;\n--wpforms-field-size-padding-h: 14px;\n--wpforms-field-size-checkbox-size: 16px;\n--wpforms-field-size-sublabel-spacing: 5px;\n--wpforms-field-size-icon-size: 1;\n--wpforms-label-size-font-size: 16px;\n--wpforms-label-size-line-height: 19px;\n--wpforms-label-size-sublabel-font-size: 14px;\n--wpforms-label-size-sublabel-line-height: 17px;\n--wpforms-button-size-font-size: 17px;\n--wpforms-button-size-height: 41px;\n--wpforms-button-size-padding-h: 15px;\n--wpforms-button-size-margin-top: 10px;\n--wpforms-container-shadow-size-box-shadow: none;\n\n\t\t\t\t}\n\t\t\t<\/style><style id=\"wpforms-css-vars-elementor-widget-34577a2\">\n\t\t\t\t.elementor-widget-wpforms.elementor-element-34577a2 {\n\t\t\t\t\t--wpforms-field-size-input-height: 43px;\n--wpforms-field-size-input-spacing: 15px;\n--wpforms-field-size-font-size: 16px;\n--wpforms-field-size-line-height: 19px;\n--wpforms-field-size-padding-h: 14px;\n--wpforms-field-size-checkbox-size: 16px;\n--wpforms-field-size-sublabel-spacing: 5px;\n--wpforms-field-size-icon-size: 1;\n--wpforms-label-size-font-size: 16px;\n--wpforms-label-size-line-height: 19px;\n--wpforms-label-size-sublabel-font-size: 14px;\n--wpforms-label-size-sublabel-line-height: 17px;\n--wpforms-button-size-font-size: 17px;\n--wpforms-button-size-height: 41px;\n--wpforms-button-size-padding-h: 15px;\n--wpforms-button-size-margin-top: 10px;\n\n\t\t\t\t}\n\t\t\t<\/style><div class=\"wpforms-container wpforms-container-full wpforms-render-modern\" id=\"wpforms-230\"><form id=\"wpforms-form-230\" class=\"wpforms-validate wpforms-form wpforms-ajax-form\" data-formid=\"230\" method=\"post\" enctype=\"multipart\/form-data\" action=\"\/fr\/wp-json\/wp\/v2\/pages\/377\" data-token=\"726addf8ea66ac8ea65445b24c4da9f5\" data-token-time=\"1777195740\" data-trp-original-action=\"\/fr\/wp-json\/wp\/v2\/pages\/377\"><noscript class=\"wpforms-error-noscript\">Veuillez activer JavaScript dans votre navigateur pour remplir ce formulaire.<\/noscript><div class=\"wpforms-hidden\" id=\"wpforms-error-noscript\">Veuillez activer JavaScript dans votre navigateur pour remplir ce formulaire.<\/div><div class=\"wpforms-field-container\"><div id=\"wpforms-230-field_1-container\" class=\"wpforms-field wpforms-field-name\" data-field-id=\"1\"><label class=\"wpforms-field-label\" for=\"wpforms-230-field_1\">Nom <span class=\"wpforms-required-label\" aria-hidden=\"true\">*<\/span><\/label><input type=\"text\" id=\"wpforms-230-field_1\" class=\"wpforms-field-large wpforms-field-required\" name=\"wpforms[fields][1]\" placeholder=\"Votre nom\" aria-errormessage=\"wpforms-230-field_1-error\" required><\/div><div id=\"wpforms-230-field_2-container\" class=\"wpforms-field wpforms-field-email\" data-field-id=\"2\"><label class=\"wpforms-field-label\" for=\"wpforms-230-field_2\">Courriel <span class=\"wpforms-required-label\" aria-hidden=\"true\">*<\/span><\/label><input type=\"email\" id=\"wpforms-230-field_2\" class=\"wpforms-field-large wpforms-field-required\" name=\"wpforms[fields][2]\" placeholder=\"Votre courriel\" spellcheck=\"false\" aria-errormessage=\"wpforms-230-field_2-error\" required><\/div><div id=\"wpforms-230-field_3-container\" class=\"wpforms-field wpforms-field-textarea\" data-field-id=\"3\"><label class=\"wpforms-field-label\" for=\"wpforms-230-field_3\">Commentaire ou message <span class=\"wpforms-required-label\" aria-hidden=\"true\">*<\/span><\/label><textarea id=\"wpforms-230-field_3\" class=\"wpforms-field-medium wpforms-field-required\" name=\"wpforms[fields][3]\" aria-errormessage=\"wpforms-230-field_3-error\" required><\/textarea><\/div><div id=\"wpforms-230-field_4-container\" class=\"wpforms-field wpforms-field-captcha\" data-field-id=\"4\"><label class=\"wpforms-field-label\" for=\"wpforms-230-field_4\">Captcha personnalis\u00e9 <span class=\"wpforms-required-label\" aria-hidden=\"true\">*<\/span><\/label>\t\t\t<div class=\"wpforms-captcha-math\">\n\t\t\t\t<span id=\"wpforms-230-field_4-question\" class=\"wpforms-captcha-equation\">\n\t\t\t\t\t<span class=\"n1\">7<\/span>\n\t\t\t\t\t\t\t<span class=\"cal\">*<\/span>\n\t\t\t\t\t\t\t<span class=\"n2\">7<\/span>\t\t\t\t\t<span class=\"e\">=<\/span>\n\t\t\t\t<\/span>\n\t\t\t\t<input type=\"text\" id=\"wpforms-230-field_4\" class=\"wpforms-field-medium wpforms-field-required a\" data-rule-wpf-captcha=\"math\" data-is-wrapped-field=\"1\" name=\"wpforms[fields][4][a]\" aria-errormessage=\"wpforms-230-field_4-error\" aria-describedby=\"wpforms-230-field_4-question\" required>\t\t\t\t<input type=\"hidden\" name=\"wpforms[fields][4][cal]\" class=\"cal\">\n\t\t\t\t<input type=\"hidden\" name=\"wpforms[fields][4][n2]\" class=\"n2\">\n\t\t\t\t<input type=\"hidden\" name=\"wpforms[fields][4][n1]\" class=\"n1\">\n\t\t\t<\/div>\n\t\t\t<\/div><\/div><!-- .wpforms-field-container --><div class=\"wpforms-submit-container\" ><input type=\"hidden\" name=\"wpforms[id]\" value=\"230\"><input type=\"hidden\" name=\"page_title\" value=\"\"><input type=\"hidden\" name=\"page_url\" value=\"https:\/\/emeraldsring.com\/fr\/wp-json\/wp\/v2\/pages\/377\"><button type=\"submit\" name=\"wpforms[submit]\" id=\"wpforms-submit-230\" class=\"wpforms-submit\" data-alt-text=\"Sending...\" data-submit-text=\"Submit\" aria-live=\"assertive\" value=\"wpforms-submit\">Soumettre<\/button><img decoding=\"async\" src=\"https:\/\/emeraldsring.com\/wp-content\/plugins\/wpforms\/assets\/images\/submit-spin.svg\" class=\"wpforms-submit-spinner\" style=\"display: none;\" width=\"26\" height=\"26\" alt=\"Chargement en cours\"><\/div><input type=\"hidden\" name=\"trp-form-language\" value=\"fr\"\/><\/form><\/div>  <!-- .wpforms-container -->\t\t\t\t<\/div>\n\t\t\t\t<\/div>\n\t\t\t\t\t<\/div>\n\t\t\t\t<\/div>\n\t\t\t\t<\/div>","protected":false},"excerpt":{"rendered":"<p>Merci de faire vos achats sur EmeraldsRing.com ! Nous voulons nous assurer que votre exp\u00e9rience avec nous est aussi facile et agr\u00e9able que possible, depuis la visite de notre collection exquise de bagues en \u00e9meraude, bagues en jade, bagues en pierre de lune et bagues de fian\u00e7ailles jusqu'\u00e0 la livraison de votre superbe pi\u00e8ce. Cette page fournit des informations d\u00e9taill\u00e9es sur nos politiques d'exp\u00e9dition et de livraison, afin que vous puissiez...<\/p>","protected":false},"author":1,"featured_media":0,"parent":0,"menu_order":0,"comment_status":"closed","ping_status":"closed","template":"","meta":{"_kad_post_transparent":"","_kad_post_title":"","_kad_post_layout":"","_kad_post_sidebar_id":"","_kad_post_content_style":"","_kad_post_vertical_padding":"","_kad_post_feature":"","_kad_post_feature_position":"","_kad_post_header":false,"_kad_post_footer":false,"footnotes":""},"class_list":["post-377","page","type-page","status-publish","hentry"],"aioseo_notices":[],"_links":{"self":[{"href":"https:\/\/emeraldsring.com\/fr\/wp-json\/wp\/v2\/pages\/377","targetHints":{"allow":["GET"]}}],"collection":[{"href":"https:\/\/emeraldsring.com\/fr\/wp-json\/wp\/v2\/pages"}],"about":[{"href":"https:\/\/emeraldsring.com\/fr\/wp-json\/wp\/v2\/types\/page"}],"author":[{"embeddable":true,"href":"https:\/\/emeraldsring.com\/fr\/wp-json\/wp\/v2\/users\/1"}],"replies":[{"embeddable":true,"href":"https:\/\/emeraldsring.com\/fr\/wp-json\/wp\/v2\/comments?post=377"}],"version-history":[{"count":18,"href":"https:\/\/emeraldsring.com\/fr\/wp-json\/wp\/v2\/pages\/377\/revisions"}],"predecessor-version":[{"id":1997,"href":"https:\/\/emeraldsring.com\/fr\/wp-json\/wp\/v2\/pages\/377\/revisions\/1997"}],"wp:attachment":[{"href":"https:\/\/emeraldsring.com\/fr\/wp-json\/wp\/v2\/media?parent=377"}],"curies":[{"name":"wp","href":"https:\/\/api.w.org\/{rel}","templated":true}]}}