{"id":7,"date":"2025-02-04T09:07:54","date_gmt":"2025-02-04T09:07:54","guid":{"rendered":"https:\/\/emeraldsring.com\/index.php\/cart\/"},"modified":"2025-06-21T02:50:45","modified_gmt":"2025-06-20T21:50:45","slug":"cart","status":"publish","type":"page","link":"https:\/\/emeraldsring.com\/fr\/cart\/","title":{"rendered":"Chariot"},"content":{"rendered":"<div data-elementor-type=\"wp-page\" data-elementor-id=\"7\" class=\"elementor elementor-7\" data-elementor-post-type=\"page\">\n\t\t\t\t<div class=\"elementor-element elementor-element-24d3db0a e-flex e-con-boxed e-con e-parent\" data-id=\"24d3db0a\" data-element_type=\"container\">\n\t\t\t\t\t<div class=\"e-con-inner\">\n\t\t\t\t<div class=\"elementor-element elementor-element-0a2f693 e-cart-layout-two-column elementor-widget elementor-widget-woocommerce-cart\" data-id=\"0a2f693\" data-element_type=\"widget\" data-widget_type=\"woocommerce-cart.default\">\n\t\t\t\t<div class=\"elementor-widget-container\">\n\t\t\t\t\t<div class=\"woocommerce\"><div class=\"woocommerce-notices-wrapper\"><\/div><div class=\"wc-empty-cart-message\">\n\t<div class=\"cart-empty woocommerce-info\" role=\"status\">\n\t\tVotre panier est actuellement vide.\t<\/div>\n<\/div>\t<p class=\"return-to-shop\">\n\t\t<a class=\"button wc-backward\" href=\"https:\/\/emeraldsring.com\/fr\/shop\/\">\n\t\t\tRetourner \u00e0 la boutique\t\t<\/a>\n\t<\/p>\n<\/div>\t\t\t\t<\/div>\n\t\t\t\t<\/div>\n\t\t\t\t\t<\/div>\n\t\t\t\t<\/div>\n\t\t\t\t<\/div>","protected":false},"excerpt":{"rendered":"<p>Votre panier est actuellement vide. Votre panier est actuellement vide. Avant de passer \u00e0 la caisse, vous devez ajouter quelques produits \u00e0 votre panier. Vous trouverez de nombreux produits int\u00e9ressants sur notre page \"Shop\". Retourner \u00e0 la boutique<\/p>","protected":false},"author":1,"featured_media":0,"parent":0,"menu_order":0,"comment_status":"closed","ping_status":"closed","template":"","meta":{"_kad_post_transparent":"","_kad_post_title":"","_kad_post_layout":"","_kad_post_sidebar_id":"","_kad_post_content_style":"","_kad_post_vertical_padding":"","_kad_post_feature":"","_kad_post_feature_position":"","_kad_post_header":false,"_kad_post_footer":false,"footnotes":""},"class_list":["post-7","page","type-page","status-publish","hentry"],"aioseo_notices":[],"_links":{"self":[{"href":"https:\/\/emeraldsring.com\/fr\/wp-json\/wp\/v2\/pages\/7","targetHints":{"allow":["GET"]}}],"collection":[{"href":"https:\/\/emeraldsring.com\/fr\/wp-json\/wp\/v2\/pages"}],"about":[{"href":"https:\/\/emeraldsring.com\/fr\/wp-json\/wp\/v2\/types\/page"}],"author":[{"embeddable":true,"href":"https:\/\/emeraldsring.com\/fr\/wp-json\/wp\/v2\/users\/1"}],"replies":[{"embeddable":true,"href":"https:\/\/emeraldsring.com\/fr\/wp-json\/wp\/v2\/comments?post=7"}],"version-history":[{"count":12,"href":"https:\/\/emeraldsring.com\/fr\/wp-json\/wp\/v2\/pages\/7\/revisions"}],"predecessor-version":[{"id":1910,"href":"https:\/\/emeraldsring.com\/fr\/wp-json\/wp\/v2\/pages\/7\/revisions\/1910"}],"wp:attachment":[{"href":"https:\/\/emeraldsring.com\/fr\/wp-json\/wp\/v2\/media?parent=7"}],"curies":[{"name":"wp","href":"https:\/\/api.w.org\/{rel}","templated":true}]}}