{"id":1089,"date":"2025-02-11T19:46:23","date_gmt":"2025-02-11T14:46:23","guid":{"rendered":"http:\/\/emeraldsring.com\/?post_type=product&#038;p=1089"},"modified":"2025-04-28T19:58:28","modified_gmt":"2025-04-28T14:58:28","slug":"oval-cut-natural-emerald-diamond-ring-gold-emerald-ring-gift-for-her","status":"publish","type":"product","link":"https:\/\/emeraldsring.com\/fr\/produit\/oval-cut-natural-emerald-diamond-ring-gold-emerald-ring-gift-for-her\/","title":{"rendered":"Bague \u00e9meraude naturelle de taille ovale et diamant Bague \u00e9meraude en or Cadeau pour elle"},"content":{"rendered":"<div data-elementor-type=\"product-post\" data-elementor-id=\"1089\" class=\"elementor elementor-1089\" data-elementor-post-type=\"product\">\n\t\t\t\t<div class=\"elementor-element elementor-element-8e82c0a e-flex e-con-boxed e-con e-parent\" data-id=\"8e82c0a\" data-element_type=\"container\" data-e-type=\"container\">\n\t\t\t\t\t<div class=\"e-con-inner\">\n\t\t\t\t<div class=\"elementor-element elementor-element-9be4c56 elementor-widget elementor-widget-text-editor\" data-id=\"9be4c56\" data-element_type=\"widget\" data-e-type=\"widget\" data-widget_type=\"text-editor.default\">\n\t\t\t\t<div class=\"elementor-widget-container\">\n\t\t\t\t\t\t\t\t\t<p data-start=\"346\" data-end=\"761\"><em data-start=\"346\" data-end=\"357\">Vue d'ensemble :<\/em> Voici notre bague en \u00e9meraude naturelle \u00e0 diamant de taille ovale, un chef-d'\u0153uvre qui allie l'\u00e9l\u00e9gance intemporelle \u00e0 la sophistication moderne. Cette pi\u00e8ce exquise met en valeur une \u00e9meraude naturelle de taille ovale, c\u00e9l\u00e8bre pour sa teinte verte vibrante, compl\u00e9t\u00e9e par des diamants \u00e9tincelants. Sertie dans un luxueux anneau d'or, cette bague est con\u00e7ue pour laisser une impression durable, ce qui en fait un cadeau id\u00e9al pour la femme sp\u00e9ciale de votre vie.<\/p><p data-start=\"763\" data-end=\"774\"><em data-start=\"763\" data-end=\"774\">Caract\u00e9ristiques :<\/em><\/p><ul data-start=\"775\" data-end=\"1157\"><li data-start=\"775\" data-end=\"851\"><strong data-start=\"777\" data-end=\"790\">Pierre pr\u00e9cieuse :<\/strong> \u00c9meraude naturelle de taille ovale, r\u00e9put\u00e9e pour sa riche couleur verte.<\/li><li data-start=\"852\" data-end=\"931\"><strong data-start=\"854\" data-end=\"866\">Accents :<\/strong> Des diamants brillants qui rehaussent l'\u00e9clat et l'\u00e9l\u00e9gance de la bague.<\/li><li data-start=\"932\" data-end=\"1016\"><strong data-start=\"934\" data-end=\"944\">M\u00e9tal :<\/strong> Or de haute qualit\u00e9, offrant \u00e0 la fois durabilit\u00e9 et aspect luxueux.<\/li><li data-start=\"1017\" data-end=\"1091\"><strong data-start=\"1019\" data-end=\"1030\">Conception :<\/strong> Un style \u00e0 la fois classique et contemporain qui s'adapte \u00e0 toutes les occasions.<\/li><li data-start=\"1092\" data-end=\"1157\"><strong data-start=\"1094\" data-end=\"1104\">Tailles :<\/strong> Disponible en plusieurs tailles pour garantir un ajustement parfait.<\/li><\/ul><p data-start=\"1159\" data-end=\"1190\"><em data-start=\"1159\" data-end=\"1190\">Pourquoi vous devriez acheter cette bague :<\/em><\/p><ul data-start=\"1191\" data-end=\"1620\"><li data-start=\"1191\" data-end=\"1306\"><strong data-start=\"1193\" data-end=\"1213\">Beaut\u00e9 intemporelle :<\/strong> La combinaison de l'\u00e9meraude et des diamants cr\u00e9e un look classique qui ne se d\u00e9mode jamais.<\/li><li data-start=\"1307\" data-end=\"1421\"><strong data-start=\"1309\" data-end=\"1333\">Accessoire polyvalent :<\/strong> Convient pour les fian\u00e7ailles, les anniversaires, les f\u00eates de fin d'ann\u00e9e ou pour se faire plaisir.<\/li><li data-start=\"1422\" data-end=\"1517\"><strong data-start=\"1424\" data-end=\"1450\">Qualit\u00e9 de l'ex\u00e9cution :<\/strong> M\u00e9ticuleusement fabriqu\u00e9es pour assurer leur long\u00e9vit\u00e9 et leur brillance.<\/li><li data-start=\"1518\" data-end=\"1620\"><strong data-start=\"1520\" data-end=\"1540\">Un cadeau qui a du sens :<\/strong> Les \u00e9meraudes symbolisent l'amour et la renaissance, ce qui fait de cette bague un choix de cadeau r\u00e9fl\u00e9chi.<\/li><\/ul><p data-start=\"1622\" data-end=\"1629\"><em data-start=\"1622\" data-end=\"1629\">FAQs :<\/em><\/p><ol data-start=\"1631\" data-end=\"2395\"><li data-start=\"1631\" data-end=\"1770\"><p data-start=\"1634\" data-end=\"1676\"><strong data-start=\"1634\" data-end=\"1676\">L'\u00e9meraude est-elle naturelle ou cr\u00e9\u00e9e en laboratoire ?<\/strong><\/p><ul data-start=\"1680\" data-end=\"1770\"><li data-start=\"1680\" data-end=\"1770\">La bague est orn\u00e9e d'une \u00e9meraude naturelle, c\u00e9l\u00e8bre pour sa beaut\u00e9 authentique et sa couleur riche.<\/li><\/ul><\/li><li data-start=\"1772\" data-end=\"1939\"><p data-start=\"1775\" data-end=\"1820\"><strong data-start=\"1775\" data-end=\"1820\">Quelle est la qualit\u00e9 des diamants utilis\u00e9s ?<\/strong><\/p><ul data-start=\"1824\" data-end=\"1939\"><li data-start=\"1824\" data-end=\"1939\">Les diamants sont soigneusement s\u00e9lectionn\u00e9s pour leur brillance et leur clart\u00e9, ce qui rehausse l'\u00e9l\u00e9gance g\u00e9n\u00e9rale de la bague.<\/li><\/ul><\/li><li data-start=\"1941\" data-end=\"2110\"><p data-start=\"1944\" data-end=\"1980\"><strong data-start=\"1944\" data-end=\"1980\">Comment entretenir cette bague ?<\/strong><\/p><ul data-start=\"1984\" data-end=\"2110\"><li data-start=\"1984\" data-end=\"2110\">Pour pr\u00e9server son \u00e9clat, nettoyez l'anneau d\u00e9licatement avec un chiffon doux et \u00e9vitez de l'exposer \u00e0 des produits chimiques agressifs ou \u00e0 des mat\u00e9riaux abrasifs.<\/li><\/ul><\/li><li data-start=\"2112\" data-end=\"2236\"><p data-start=\"2115\" data-end=\"2152\"><strong data-start=\"2115\" data-end=\"2152\">Le bracelet en or est-il massif ou plaqu\u00e9 ?<\/strong><\/p><ul data-start=\"2156\" data-end=\"2236\"><li data-start=\"2156\" data-end=\"2236\">La bague est munie d'un anneau en or massif, ce qui garantit sa durabilit\u00e9 et son aspect luxueux.<\/li><\/ul><\/li><li data-start=\"2238\" data-end=\"2395\"><p data-start=\"2241\" data-end=\"2297\"><strong data-start=\"2241\" data-end=\"2297\">La bague est-elle assortie d'une garantie ou d'une politique de retour ?<\/strong><\/p><ul data-start=\"2301\" data-end=\"2395\"><li data-start=\"2301\" data-end=\"2395\">Oui, nous offrons une politique de retour de 90 jours pour garantir votre enti\u00e8re satisfaction.<\/li><\/ul><\/li><\/ol>\t\t\t\t\t\t\t\t<\/div>\n\t\t\t\t<\/div>\n\t\t\t\t\t<\/div>\n\t\t\t\t<\/div>\n\t\t\t\t<\/div>","protected":false},"excerpt":{"rendered":"<p>D\u00e9tails du produit :<br \/>\nM\u00e9tal : argent 925k<br \/>\nPierre pr\u00e9cieuse : \u00c9meraude brute naturelle<br \/>\nCouleur des pierres : Vert<br \/>\nCouleur du bracelet : or<br \/>\nTaille de la bague : Ajustable<br \/>\nDiam\u00e8tre de la pierre : 4\u00d75 mm<br \/>\nClart\u00e9 : Tr\u00e8s l\u00e9g\u00e8rement incluse<br \/>\nForme : Ovale<br \/>\nCoupe : Brillant mixte<\/p>","protected":false},"featured_media":1358,"comment_status":"open","ping_status":"closed","template":"","meta":{"_kad_post_transparent":"","_kad_post_title":"","_kad_post_layout":"","_kad_post_sidebar_id":"","_kad_post_content_style":"","_kad_post_vertical_padding":"","_kad_post_feature":"","_kad_post_feature_position":"","_kad_post_header":false,"_kad_post_footer":false},"product_brand":[],"product_cat":[15,16,89,17,70,66,20,69],"product_tag":[30,18,19],"class_list":{"0":"post-1089","1":"product","2":"type-product","3":"status-publish","4":"has-post-thumbnail","6":"product_cat-rings","7":"product_cat-emerald-ring","8":"product_cat-engagement-and-wedding","9":"product_cat-engagement-ring","10":"product_cat-halo-ring","11":"product_cat-natural-gemstones-ring","12":"product_cat-oval-ring","13":"product_cat-solitaire","14":"product_tag-emerald-cut-engagement-rings","15":"product_tag-emerald-ring","16":"product_tag-oval-ring","18":"first","19":"instock","20":"shipping-taxable","21":"purchasable","22":"product-type-simple","23":"entry","24":"content-bg","25":"loop-entry"},"aioseo_notices":[],"_links":{"self":[{"href":"https:\/\/emeraldsring.com\/fr\/wp-json\/wp\/v2\/product\/1089","targetHints":{"allow":["GET"]}}],"collection":[{"href":"https:\/\/emeraldsring.com\/fr\/wp-json\/wp\/v2\/product"}],"about":[{"href":"https:\/\/emeraldsring.com\/fr\/wp-json\/wp\/v2\/types\/product"}],"replies":[{"embeddable":true,"href":"https:\/\/emeraldsring.com\/fr\/wp-json\/wp\/v2\/comments?post=1089"}],"version-history":[{"count":5,"href":"https:\/\/emeraldsring.com\/fr\/wp-json\/wp\/v2\/product\/1089\/revisions"}],"predecessor-version":[{"id":1695,"href":"https:\/\/emeraldsring.com\/fr\/wp-json\/wp\/v2\/product\/1089\/revisions\/1695"}],"wp:featuredmedia":[{"embeddable":true,"href":"https:\/\/emeraldsring.com\/fr\/wp-json\/wp\/v2\/media\/1358"}],"wp:attachment":[{"href":"https:\/\/emeraldsring.com\/fr\/wp-json\/wp\/v2\/media?parent=1089"}],"wp:term":[{"taxonomy":"product_brand","embeddable":true,"href":"https:\/\/emeraldsring.com\/fr\/wp-json\/wp\/v2\/product_brand?post=1089"},{"taxonomy":"product_cat","embeddable":true,"href":"https:\/\/emeraldsring.com\/fr\/wp-json\/wp\/v2\/product_cat?post=1089"},{"taxonomy":"product_tag","embeddable":true,"href":"https:\/\/emeraldsring.com\/fr\/wp-json\/wp\/v2\/product_tag?post=1089"}],"curies":[{"name":"wp","href":"https:\/\/api.w.org\/{rel}","templated":true}]}}