{"id":1097,"date":"2025-02-13T20:02:12","date_gmt":"2025-02-13T15:02:12","guid":{"rendered":"https:\/\/emeraldsring.com\/?post_type=product&#038;p=1097"},"modified":"2025-04-28T19:58:26","modified_gmt":"2025-04-28T14:58:26","slug":"natural-emerald-cut-engagement-rings-gold-statement-ring-women-ring","status":"publish","type":"product","link":"https:\/\/emeraldsring.com\/fr\/produit\/natural-emerald-cut-engagement-rings-gold-statement-ring-women-ring\/","title":{"rendered":"Bague de fian\u00e7ailles \u00e9meraude naturelle Bague de fian\u00e7ailles en or Bague de femme"},"content":{"rendered":"<div data-elementor-type=\"product-post\" data-elementor-id=\"1097\" class=\"elementor elementor-1097\" data-elementor-post-type=\"product\">\n\t\t\t\t<div class=\"elementor-element elementor-element-8218902 e-flex e-con-boxed e-con e-parent\" data-id=\"8218902\" data-element_type=\"container\" data-e-type=\"container\">\n\t\t\t\t\t<div class=\"e-con-inner\">\n\t\t\t\t<div class=\"elementor-element elementor-element-13143a2 elementor-widget elementor-widget-text-editor\" data-id=\"13143a2\" data-element_type=\"widget\" data-e-type=\"widget\" data-widget_type=\"text-editor.default\">\n\t\t\t\t<div class=\"elementor-widget-container\">\n\t\t\t\t\t\t\t\t\t<p data-start=\"350\" data-end=\"770\"><em data-start=\"350\" data-end=\"361\">Vue d'ensemble :<\/em> Notre bague de fian\u00e7ailles en \u00e9meraude naturelle est un m\u00e9lange harmonieux d'\u00e9l\u00e9gance classique et de design moderne. Cette pi\u00e8ce exquise pr\u00e9sente une \u00e9meraude naturelle de taille ovale, r\u00e9put\u00e9e pour sa teinte verte vibrante, sertie dans un anneau d'argent 925k plaqu\u00e9 or m\u00e9ticuleusement travaill\u00e9. Le design ajustable assure un ajustement confortable, ce qui en fait un choix id\u00e9al pour les fian\u00e7ailles, les occasions sp\u00e9ciales ou comme accessoire d'apparat.<\/p><p data-start=\"772\" data-end=\"783\"><em data-start=\"772\" data-end=\"783\">Caract\u00e9ristiques :<\/em><\/p><ul data-start=\"784\" data-end=\"1268\"><li data-start=\"784\" data-end=\"851\"><strong data-start=\"786\" data-end=\"799\">Pierre pr\u00e9cieuse :<\/strong> \u00c9meraude brute naturelle d'une couleur verte captivante.<\/li><li data-start=\"852\" data-end=\"933\"><strong data-start=\"854\" data-end=\"869\">Taille de la pierre :<\/strong> Coupe ovale de 4\u00d76 mm, offrant une pr\u00e9sence d\u00e9licate mais accrocheuse.<\/li><li data-start=\"934\" data-end=\"1024\"><strong data-start=\"936\" data-end=\"946\">M\u00e9tal :<\/strong> Argent 925k avec un placage d'or brillant, alliant durabilit\u00e9 et \u00e9l\u00e9gance.<\/li><li data-start=\"1025\" data-end=\"1092\"><strong data-start=\"1027\" data-end=\"1038\">Conception :<\/strong> Une pi\u00e8ce d'apparat qui respire la sophistication et le style.<\/li><li data-start=\"1093\" data-end=\"1165\"><strong data-start=\"1095\" data-end=\"1115\">Bande r\u00e9glable :<\/strong> Garantit un ajustement confortable pour diff\u00e9rentes tailles de bagues.<\/li><li data-start=\"1166\" data-end=\"1268\"><strong data-start=\"1168\" data-end=\"1180\">Clart\u00e9 :<\/strong> Tr\u00e8s l\u00e9g\u00e8rement inclus (VS), indiquant des inclusions minimales visibles \u00e0 la loupe.<\/li><\/ul><p data-start=\"1270\" data-end=\"1301\"><em data-start=\"1270\" data-end=\"1301\">Pourquoi vous devriez acheter cette bague :<\/em><\/p><ul data-start=\"1302\" data-end=\"1790\"><li data-start=\"1302\" data-end=\"1426\"><strong data-start=\"1304\" data-end=\"1326\">\u00c9l\u00e9gance intemporelle :<\/strong> Le design classique symbolise la beaut\u00e9 durable, ce qui en fait une bague de fian\u00e7ailles parfaite ou un cadeau sp\u00e9cial.<\/li><li data-start=\"1427\" data-end=\"1549\"><strong data-start=\"1429\" data-end=\"1453\">Accessoire polyvalent :<\/strong> Convient pour les fian\u00e7ailles, les anniversaires ou comme compl\u00e9ment pr\u00e9cieux \u00e0 votre collection de bijoux.<\/li><li data-start=\"1550\" data-end=\"1660\"><strong data-start=\"1552\" data-end=\"1578\">Qualit\u00e9 de l'ex\u00e9cution :<\/strong> Fabriqu\u00e9 \u00e0 partir de mat\u00e9riaux de haute qualit\u00e9 pour garantir une long\u00e9vit\u00e9 et une brillance durables.<\/li><li data-start=\"1661\" data-end=\"1790\"><strong data-start=\"1663\" data-end=\"1682\">Ajustable Ajustement :<\/strong> La conception de la bande adaptable offre une grande flexibilit\u00e9, ce qui en fait un excellent choix de cadeau sans souci de taille.<\/li><\/ul><p data-start=\"1792\" data-end=\"1799\"><em data-start=\"1792\" data-end=\"1799\">FAQs :<\/em><\/p><ol data-start=\"1801\" data-end=\"2661\"><li data-start=\"1801\" data-end=\"1944\"><p data-start=\"1804\" data-end=\"1846\"><strong data-start=\"1804\" data-end=\"1846\">L'\u00e9meraude est-elle naturelle ou cr\u00e9\u00e9e en laboratoire ?<\/strong><\/p><ul data-start=\"1850\" data-end=\"1944\"><li data-start=\"1850\" data-end=\"1944\">La bague est orn\u00e9e d'une \u00e9meraude naturelle brute, c\u00e9l\u00e8bre pour sa beaut\u00e9 authentique et sa couleur riche.<\/li><\/ul><\/li><li data-start=\"1946\" data-end=\"2087\"><p data-start=\"1949\" data-end=\"1983\"><strong data-start=\"1949\" data-end=\"1983\">La taille de la bague peut-elle \u00eatre ajust\u00e9e ?<\/strong><\/p><ul data-start=\"1987\" data-end=\"2087\"><li data-start=\"1987\" data-end=\"2087\">Oui, la bague est con\u00e7ue avec un anneau r\u00e9glable pour s'adapter confortablement \u00e0 diff\u00e9rentes tailles de doigts.<\/li><\/ul><\/li><li data-start=\"2089\" data-end=\"2258\"><p data-start=\"2092\" data-end=\"2128\"><strong data-start=\"2092\" data-end=\"2128\">Comment entretenir cette bague ?<\/strong><\/p><ul data-start=\"2132\" data-end=\"2258\"><li data-start=\"2132\" data-end=\"2258\">Pour pr\u00e9server son \u00e9clat, nettoyez l'anneau d\u00e9licatement avec un chiffon doux et \u00e9vitez de l'exposer \u00e0 des produits chimiques agressifs ou \u00e0 des mat\u00e9riaux abrasifs.<\/li><\/ul><\/li><li data-start=\"2260\" data-end=\"2502\"><p data-start=\"2263\" data-end=\"2295\"><strong data-start=\"2263\" data-end=\"2295\">Le placage d'or est-il durable ?<\/strong><\/p><ul data-start=\"2299\" data-end=\"2502\"><li data-start=\"2299\" data-end=\"2502\">Le placage d'or sur l'argent 925k est con\u00e7u pour durer ; toutefois, pour pr\u00e9server son apparence, il est conseill\u00e9 de retirer la bague lors d'activit\u00e9s susceptibles de provoquer des rayures ou une exposition \u00e0 des produits chimiques.<\/li><\/ul><\/li><li data-start=\"2504\" data-end=\"2661\"><p data-start=\"2507\" data-end=\"2563\"><strong data-start=\"2507\" data-end=\"2563\">La bague est-elle assortie d'une garantie ou d'une politique de retour ?<\/strong><\/p><ul data-start=\"2567\" data-end=\"2661\"><li data-start=\"2567\" data-end=\"2661\">Oui, nous offrons une politique de retour de 90 jours pour garantir votre enti\u00e8re satisfaction.<\/li><\/ul><\/li><\/ol>\t\t\t\t\t\t\t\t<\/div>\n\t\t\t\t<\/div>\n\t\t\t\t\t<\/div>\n\t\t\t\t<\/div>\n\t\t\t\t<\/div>","protected":false},"excerpt":{"rendered":"<p>D\u00e9tails du produit :<br \/>\nM\u00e9tal : argent 925k<br \/>\nPierre pr\u00e9cieuse : \u00c9meraude brute naturelle<br \/>\nCouleur des pierres : Vert<br \/>\nCouleur du bracelet : or<br \/>\nTaille de la bague : Ajustable<br \/>\nDiam\u00e8tre de la pierre : 4\u00d76 mm<br \/>\nClart\u00e9 : Tr\u00e8s l\u00e9g\u00e8rement incluse<br \/>\nForme : Ovale<br \/>\nCoupe : Brillant mixte<\/p>\n<div id=\"gtx-trans\" style=\"position: absolute; left: 53px; top: 183px;\">\n<div class=\"gtx-trans-icon\"><\/div>\n<\/div>","protected":false},"featured_media":1360,"comment_status":"open","ping_status":"closed","template":"","meta":{"_kad_post_transparent":"","_kad_post_title":"","_kad_post_layout":"","_kad_post_sidebar_id":"","_kad_post_content_style":"","_kad_post_vertical_padding":"","_kad_post_feature":"","_kad_post_feature_position":"","_kad_post_header":false,"_kad_post_footer":false},"product_brand":[],"product_cat":[15,16,17,66,20],"product_tag":[],"class_list":{"0":"post-1097","1":"product","2":"type-product","3":"status-publish","4":"has-post-thumbnail","6":"product_cat-rings","7":"product_cat-emerald-ring","8":"product_cat-engagement-ring","9":"product_cat-natural-gemstones-ring","10":"product_cat-oval-ring","12":"first","13":"instock","14":"shipping-taxable","15":"purchasable","16":"product-type-variable","17":"entry","18":"content-bg","19":"loop-entry"},"aioseo_notices":[],"_links":{"self":[{"href":"https:\/\/emeraldsring.com\/fr\/wp-json\/wp\/v2\/product\/1097","targetHints":{"allow":["GET"]}}],"collection":[{"href":"https:\/\/emeraldsring.com\/fr\/wp-json\/wp\/v2\/product"}],"about":[{"href":"https:\/\/emeraldsring.com\/fr\/wp-json\/wp\/v2\/types\/product"}],"replies":[{"embeddable":true,"href":"https:\/\/emeraldsring.com\/fr\/wp-json\/wp\/v2\/comments?post=1097"}],"version-history":[{"count":4,"href":"https:\/\/emeraldsring.com\/fr\/wp-json\/wp\/v2\/product\/1097\/revisions"}],"predecessor-version":[{"id":1688,"href":"https:\/\/emeraldsring.com\/fr\/wp-json\/wp\/v2\/product\/1097\/revisions\/1688"}],"wp:featuredmedia":[{"embeddable":true,"href":"https:\/\/emeraldsring.com\/fr\/wp-json\/wp\/v2\/media\/1360"}],"wp:attachment":[{"href":"https:\/\/emeraldsring.com\/fr\/wp-json\/wp\/v2\/media?parent=1097"}],"wp:term":[{"taxonomy":"product_brand","embeddable":true,"href":"https:\/\/emeraldsring.com\/fr\/wp-json\/wp\/v2\/product_brand?post=1097"},{"taxonomy":"product_cat","embeddable":true,"href":"https:\/\/emeraldsring.com\/fr\/wp-json\/wp\/v2\/product_cat?post=1097"},{"taxonomy":"product_tag","embeddable":true,"href":"https:\/\/emeraldsring.com\/fr\/wp-json\/wp\/v2\/product_tag?post=1097"}],"curies":[{"name":"wp","href":"https:\/\/api.w.org\/{rel}","templated":true}]}}