{"id":1109,"date":"2025-02-13T20:19:30","date_gmt":"2025-02-13T15:19:30","guid":{"rendered":"https:\/\/emeraldsring.com\/?post_type=product&#038;p=1109"},"modified":"2025-04-28T19:58:23","modified_gmt":"2025-04-28T14:58:23","slug":"gold-emerald-flower-ring-women-natural-emerald-wedding-ring","status":"publish","type":"product","link":"https:\/\/emeraldsring.com\/fr\/produit\/gold-emerald-flower-ring-women-natural-emerald-wedding-ring\/","title":{"rendered":"Bague Fleur d'Emeraude en Or Bague de Mariage Emeraude Naturelle pour Femme"},"content":{"rendered":"<div data-elementor-type=\"product-post\" data-elementor-id=\"1109\" class=\"elementor elementor-1109\" data-elementor-post-type=\"product\">\n\t\t\t\t<div class=\"elementor-element elementor-element-9a6865d e-flex e-con-boxed e-con e-parent\" data-id=\"9a6865d\" data-element_type=\"container\">\n\t\t\t\t\t<div class=\"e-con-inner\">\n\t\t\t\t<div class=\"elementor-element elementor-element-884fcf7 elementor-widget elementor-widget-text-editor\" data-id=\"884fcf7\" data-element_type=\"widget\" data-widget_type=\"text-editor.default\">\n\t\t\t\t<div class=\"elementor-widget-container\">\n\t\t\t\t\t\t\t\t\t<p data-start=\"377\" data-end=\"795\"><em data-start=\"377\" data-end=\"388\">Vue d'ensemble :<\/em> Voici notre bague fleur d'\u00e9meraude en or, un m\u00e9lange harmonieux de design inspir\u00e9 par la nature et d'\u00e9l\u00e9gance intemporelle. Cette pi\u00e8ce exquise pr\u00e9sente une \u00e9meraude naturelle de taille ovale, r\u00e9put\u00e9e pour sa teinte verte vibrante, sertie dans un motif floral m\u00e9ticuleusement travaill\u00e9. L'anneau en argent 925k plaqu\u00e9 or rehausse l'attrait luxueux de la bague, ce qui en fait un choix id\u00e9al pour les mariages, les anniversaires ou comme accessoire d'apparat.<\/p><p data-start=\"797\" data-end=\"808\"><em data-start=\"797\" data-end=\"808\">Caract\u00e9ristiques :<\/em><\/p><ul data-start=\"809\" data-end=\"1295\"><li data-start=\"809\" data-end=\"876\"><strong data-start=\"811\" data-end=\"824\">Pierre pr\u00e9cieuse :<\/strong> \u00c9meraude brute naturelle d'une couleur verte captivante.<\/li><li data-start=\"877\" data-end=\"958\"><strong data-start=\"879\" data-end=\"894\">Taille de la pierre :<\/strong> Coupe ovale de 4\u00d76 mm, offrant une pr\u00e9sence d\u00e9licate mais accrocheuse.<\/li><li data-start=\"959\" data-end=\"1049\"><strong data-start=\"961\" data-end=\"971\">M\u00e9tal :<\/strong> Argent 925k avec un placage d'or brillant, alliant durabilit\u00e9 et \u00e9l\u00e9gance.<\/li><li data-start=\"1050\" data-end=\"1119\"><strong data-start=\"1052\" data-end=\"1063\">Conception :<\/strong> Motif d'inspiration florale, qui respire la f\u00e9minit\u00e9 et la gr\u00e2ce.<\/li><li data-start=\"1120\" data-end=\"1192\"><strong data-start=\"1122\" data-end=\"1142\">Bande r\u00e9glable :<\/strong> Garantit un ajustement confortable pour diff\u00e9rentes tailles de bagues.<\/li><li data-start=\"1193\" data-end=\"1295\"><strong data-start=\"1195\" data-end=\"1207\">Clart\u00e9 :<\/strong> Tr\u00e8s l\u00e9g\u00e8rement inclus (VS), indiquant des inclusions minimales visibles \u00e0 la loupe.<\/li><\/ul><p data-start=\"1297\" data-end=\"1328\"><em data-start=\"1297\" data-end=\"1328\">Pourquoi vous devriez acheter cette bague :<\/em><\/p><ul data-start=\"1329\" data-end=\"1798\"><li data-start=\"1329\" data-end=\"1439\"><strong data-start=\"1331\" data-end=\"1360\">\u00c9l\u00e9gance inspir\u00e9e de la nature :<\/strong> Le motif floral symbolise la croissance et la beaut\u00e9, en r\u00e9sonance avec les amoureux de la nature.<\/li><li data-start=\"1440\" data-end=\"1557\"><strong data-start=\"1442\" data-end=\"1466\">Accessoire polyvalent :<\/strong> Convient pour les mariages, les fian\u00e7ailles ou comme compl\u00e9ment pr\u00e9cieux \u00e0 votre collection de bijoux.<\/li><li data-start=\"1558\" data-end=\"1668\"><strong data-start=\"1560\" data-end=\"1586\">Qualit\u00e9 de l'ex\u00e9cution :<\/strong> Fabriqu\u00e9 \u00e0 partir de mat\u00e9riaux de haute qualit\u00e9 pour garantir une long\u00e9vit\u00e9 et une brillance durables.<\/li><li data-start=\"1669\" data-end=\"1798\"><strong data-start=\"1671\" data-end=\"1690\">Ajustable Ajustement :<\/strong> La conception de la bande adaptable offre une grande flexibilit\u00e9, ce qui en fait un excellent choix de cadeau sans souci de taille.<\/li><\/ul><p data-start=\"1800\" data-end=\"1807\"><em data-start=\"1800\" data-end=\"1807\">FAQs :<\/em><\/p><ol data-start=\"1809\" data-end=\"2669\"><li data-start=\"1809\" data-end=\"1952\"><p data-start=\"1812\" data-end=\"1854\"><strong data-start=\"1812\" data-end=\"1854\">L'\u00e9meraude est-elle naturelle ou cr\u00e9\u00e9e en laboratoire ?<\/strong><\/p><ul data-start=\"1858\" data-end=\"1952\"><li data-start=\"1858\" data-end=\"1952\">La bague est orn\u00e9e d'une \u00e9meraude naturelle brute, c\u00e9l\u00e8bre pour sa beaut\u00e9 authentique et sa couleur riche.<\/li><\/ul><\/li><li data-start=\"1954\" data-end=\"2095\"><p data-start=\"1957\" data-end=\"1991\"><strong data-start=\"1957\" data-end=\"1991\">La taille de la bague peut-elle \u00eatre ajust\u00e9e ?<\/strong><\/p><ul data-start=\"1995\" data-end=\"2095\"><li data-start=\"1995\" data-end=\"2095\">Oui, la bague est con\u00e7ue avec un anneau r\u00e9glable pour s'adapter confortablement \u00e0 diff\u00e9rentes tailles de doigts.<\/li><\/ul><\/li><li data-start=\"2097\" data-end=\"2266\"><p data-start=\"2100\" data-end=\"2136\"><strong data-start=\"2100\" data-end=\"2136\">Comment entretenir cette bague ?<\/strong><\/p><ul data-start=\"2140\" data-end=\"2266\"><li data-start=\"2140\" data-end=\"2266\">Pour pr\u00e9server son \u00e9clat, nettoyez l'anneau d\u00e9licatement avec un chiffon doux et \u00e9vitez de l'exposer \u00e0 des produits chimiques agressifs ou \u00e0 des mat\u00e9riaux abrasifs.<\/li><\/ul><\/li><li data-start=\"2268\" data-end=\"2510\"><p data-start=\"2271\" data-end=\"2303\"><strong data-start=\"2271\" data-end=\"2303\">Le placage d'or est-il durable ?<\/strong><\/p><ul data-start=\"2307\" data-end=\"2510\"><li data-start=\"2307\" data-end=\"2510\">Le placage d'or sur l'argent 925k est con\u00e7u pour durer ; toutefois, pour pr\u00e9server son apparence, il est conseill\u00e9 de retirer la bague lors d'activit\u00e9s susceptibles de provoquer des rayures ou une exposition \u00e0 des produits chimiques.<\/li><\/ul><\/li><li data-start=\"2512\" data-end=\"2669\"><p data-start=\"2515\" data-end=\"2571\"><strong data-start=\"2515\" data-end=\"2571\">La bague est-elle assortie d'une garantie ou d'une politique de retour ?<\/strong><\/p><ul data-start=\"2575\" data-end=\"2669\"><li data-start=\"2575\" data-end=\"2669\">Oui, nous offrons une politique de retour de 90 jours pour garantir votre enti\u00e8re satisfaction.<\/li><\/ul><\/li><\/ol>\t\t\t\t\t\t\t\t<\/div>\n\t\t\t\t<\/div>\n\t\t\t\t\t<\/div>\n\t\t\t\t<\/div>\n\t\t\t\t<\/div>","protected":false},"excerpt":{"rendered":"<p>D\u00e9tails du produit :<br \/>\nM\u00e9tal : argent 925k<br \/>\nPierre pr\u00e9cieuse : \u00c9meraude brute naturelle<br \/>\nCouleur des pierres : Vert<br \/>\nCouleur du bracelet : or<br \/>\nTaille de la bague : Ajustable<br \/>\nDiam\u00e8tre de la pierre : 4\u00d76 mm<br \/>\nClart\u00e9 : Tr\u00e8s l\u00e9g\u00e8rement incluse<br \/>\nForme : Ovale<br \/>\nCoupe : Brillant mixte<\/p>\n<div id=\"gtx-trans\" style=\"position: absolute; left: 94px; top: 183px;\">\n<div class=\"gtx-trans-icon\"><\/div>\n<\/div>","protected":false},"featured_media":1386,"comment_status":"open","ping_status":"closed","template":"","meta":{"_kad_post_transparent":"","_kad_post_title":"","_kad_post_layout":"","_kad_post_sidebar_id":"","_kad_post_content_style":"","_kad_post_vertical_padding":"","_kad_post_feature":"","_kad_post_feature_position":"","_kad_post_header":false,"_kad_post_footer":false},"product_brand":[],"product_cat":[16,89,17,76,66,20,15],"product_tag":[30,18,31],"class_list":{"0":"post-1109","1":"product","2":"type-product","3":"status-publish","4":"has-post-thumbnail","6":"product_cat-emerald-ring","7":"product_cat-engagement-and-wedding","8":"product_cat-engagement-ring","9":"product_cat-floral","10":"product_cat-natural-gemstones-ring","11":"product_cat-oval-ring","12":"product_cat-rings","13":"product_tag-emerald-cut-engagement-rings","14":"product_tag-emerald-ring","15":"product_tag-engagement-ring","17":"first","18":"instock","19":"shipping-taxable","20":"purchasable","21":"product-type-simple","22":"entry","23":"content-bg","24":"loop-entry"},"aioseo_notices":[],"_links":{"self":[{"href":"https:\/\/emeraldsring.com\/fr\/wp-json\/wp\/v2\/product\/1109","targetHints":{"allow":["GET"]}}],"collection":[{"href":"https:\/\/emeraldsring.com\/fr\/wp-json\/wp\/v2\/product"}],"about":[{"href":"https:\/\/emeraldsring.com\/fr\/wp-json\/wp\/v2\/types\/product"}],"replies":[{"embeddable":true,"href":"https:\/\/emeraldsring.com\/fr\/wp-json\/wp\/v2\/comments?post=1109"}],"version-history":[{"count":7,"href":"https:\/\/emeraldsring.com\/fr\/wp-json\/wp\/v2\/product\/1109\/revisions"}],"predecessor-version":[{"id":1698,"href":"https:\/\/emeraldsring.com\/fr\/wp-json\/wp\/v2\/product\/1109\/revisions\/1698"}],"wp:featuredmedia":[{"embeddable":true,"href":"https:\/\/emeraldsring.com\/fr\/wp-json\/wp\/v2\/media\/1386"}],"wp:attachment":[{"href":"https:\/\/emeraldsring.com\/fr\/wp-json\/wp\/v2\/media?parent=1109"}],"wp:term":[{"taxonomy":"product_brand","embeddable":true,"href":"https:\/\/emeraldsring.com\/fr\/wp-json\/wp\/v2\/product_brand?post=1109"},{"taxonomy":"product_cat","embeddable":true,"href":"https:\/\/emeraldsring.com\/fr\/wp-json\/wp\/v2\/product_cat?post=1109"},{"taxonomy":"product_tag","embeddable":true,"href":"https:\/\/emeraldsring.com\/fr\/wp-json\/wp\/v2\/product_tag?post=1109"}],"curies":[{"name":"wp","href":"https:\/\/api.w.org\/{rel}","templated":true}]}}