{"id":1545,"date":"2025-02-25T20:21:47","date_gmt":"2025-02-25T15:21:47","guid":{"rendered":"https:\/\/emeraldsring.com\/?post_type=product&#038;p=1545"},"modified":"2025-04-29T04:26:25","modified_gmt":"2025-04-28T23:26:25","slug":"women-lab-created-emerald-ring-engagement-rings","status":"publish","type":"product","link":"https:\/\/emeraldsring.com\/fr\/produit\/women-lab-created-emerald-ring-engagement-rings\/","title":{"rendered":"Bagues de fian\u00e7ailles pour femmes avec \u00e9meraude cr\u00e9\u00e9e en laboratoire"},"content":{"rendered":"<p data-start=\"350\" data-end=\"728\"><em data-start=\"350\" data-end=\"361\">Vue d'ensemble :<\/em> C\u00e9l\u00e9brez votre amour avec notre bague de fian\u00e7ailles \u00e9meraude ovale cr\u00e9\u00e9e en laboratoire, un m\u00e9lange harmonieux de design classique et d'\u00e9l\u00e9gance moderne. Cette pi\u00e8ce exquise met en valeur une \u00e9meraude vert vif, cultiv\u00e9e en laboratoire, m\u00e9ticuleusement sertie dans de l'argent sterling 925 de haute qualit\u00e9. Son anneau r\u00e9glable garantit un ajustement parfait, ce qui en fait un choix id\u00e9al pour une demande en mariage m\u00e9morable ou un cadeau pr\u00e9cieux.<\/p>\n<p data-start=\"730\" data-end=\"741\"><em data-start=\"730\" data-end=\"741\">Caract\u00e9ristiques :<\/em><\/p>\n<ul data-start=\"742\" data-end=\"1163\">\n<li data-start=\"742\" data-end=\"871\"><strong data-start=\"744\" data-end=\"757\">Pierre pr\u00e9cieuse :<\/strong> \u00c9meraude ovale d'environ 0,85 carat, cr\u00e9\u00e9e en laboratoire, r\u00e9put\u00e9e pour sa riche teinte verte et sa clart\u00e9 exceptionnelle.<\/li>\n<li data-start=\"872\" data-end=\"986\"><strong data-start=\"874\" data-end=\"884\">M\u00e9tal :<\/strong> Argent sterling 925 durable avec une finition en or blanc lustr\u00e9, offrant \u00e0 la fois \u00e9l\u00e9gance et r\u00e9sistance.<\/li>\n<li data-start=\"987\" data-end=\"1073\"><strong data-start=\"989\" data-end=\"1000\">Conception :<\/strong> Un solitaire intemporel qui met en valeur la beaut\u00e9 naturelle de l'\u00e9meraude.<\/li>\n<li data-start=\"1074\" data-end=\"1163\"><strong data-start=\"1076\" data-end=\"1096\">Bande r\u00e9glable :<\/strong> Garantit un ajustement confortable et personnalisable pour diff\u00e9rentes tailles de bagues.<\/li>\n<\/ul>\n<p data-start=\"1165\" data-end=\"1196\"><em data-start=\"1165\" data-end=\"1196\">Pourquoi vous devriez acheter cette bague :<\/em><\/p>\n<ul data-start=\"1197\" data-end=\"1733\">\n<li data-start=\"1197\" data-end=\"1290\"><strong data-start=\"1199\" data-end=\"1221\">\u00c9l\u00e9gance intemporelle :<\/strong> Le design classique assure un style durable qui convient \u00e0 toutes les occasions.<\/li>\n<li data-start=\"1291\" data-end=\"1415\"><strong data-start=\"1293\" data-end=\"1324\">Pierre pr\u00e9cieuse d'origine \u00e9thique :<\/strong> L'\u00e9meraude est cr\u00e9\u00e9e en laboratoire, ce qui en fait un choix respectueux de l'environnement et socialement responsable.<\/li>\n<li data-start=\"1416\" data-end=\"1543\"><strong data-start=\"1418\" data-end=\"1436\">Coupe polyvalente :<\/strong> La bande r\u00e9glable offre une grande flexibilit\u00e9, ce qui en fait un excellent choix pour les cadeaux sans souci de taille.<\/li>\n<li data-start=\"1544\" data-end=\"1640\"><strong data-start=\"1546\" data-end=\"1576\">Un savoir-faire exceptionnel :<\/strong> Fabriqu\u00e9 avec pr\u00e9cision pour garantir une beaut\u00e9 et une durabilit\u00e9 durables.<\/li>\n<li data-start=\"1641\" data-end=\"1733\"><strong data-start=\"1643\" data-end=\"1665\">Un luxe abordable :<\/strong> Offre l'attrait d'un design haut de gamme sans en avoir le prix.<\/li>\n<\/ul>\n<p data-start=\"1735\" data-end=\"1742\"><em data-start=\"1735\" data-end=\"1742\">FAQs :<\/em><\/p>\n<ol data-start=\"1744\" data-end=\"2591\">\n<li data-start=\"1744\" data-end=\"1944\">\n<p data-start=\"1747\" data-end=\"1789\"><strong data-start=\"1747\" data-end=\"1789\">L'\u00e9meraude est-elle naturelle ou cr\u00e9\u00e9e en laboratoire ?<\/strong><\/p>\n<ul data-start=\"1793\" data-end=\"1944\">\n<li data-start=\"1793\" data-end=\"1944\">La bague comporte une \u00e9meraude cr\u00e9\u00e9e en laboratoire, offrant les m\u00eames caract\u00e9ristiques visuelles que les \u00e9meraudes naturelles, mais avec une clart\u00e9 accrue et un approvisionnement \u00e9thique.<\/li>\n<\/ul>\n<\/li>\n<li data-start=\"1946\" data-end=\"2121\">\n<p data-start=\"1949\" data-end=\"1995\"><strong data-start=\"1949\" data-end=\"1995\">Quelle est la composition m\u00e9tallique de l'anneau ?<\/strong><\/p>\n<ul data-start=\"1999\" data-end=\"2121\">\n<li data-start=\"1999\" data-end=\"2121\">La bague est fabriqu\u00e9e en argent sterling 925 avec une finition en or blanc, alliant durabilit\u00e9 et aspect luxueux.<\/li>\n<\/ul>\n<\/li>\n<li data-start=\"2123\" data-end=\"2269\">\n<p data-start=\"2126\" data-end=\"2160\"><strong data-start=\"2126\" data-end=\"2160\">Comment ajuster la taille de la bague ?<\/strong><\/p>\n<ul data-start=\"2164\" data-end=\"2269\">\n<li data-start=\"2164\" data-end=\"2269\">La bande ajustable permet un ajustement personnalis\u00e9 ; ajustez doucement la bande pour obtenir la taille d\u00e9sir\u00e9e.<\/li>\n<\/ul>\n<\/li>\n<li data-start=\"2271\" data-end=\"2432\">\n<p data-start=\"2274\" data-end=\"2310\"><strong data-start=\"2274\" data-end=\"2310\">Comment entretenir cette bague ?<\/strong><\/p>\n<ul data-start=\"2314\" data-end=\"2432\">\n<li data-start=\"2314\" data-end=\"2432\">Pour conserver son \u00e9clat, nettoyez l'anneau avec un chiffon doux et \u00e9vitez de l'exposer \u00e0 des produits chimiques agressifs ou \u00e0 des mat\u00e9riaux abrasifs.<\/li>\n<\/ul>\n<\/li>\n<li data-start=\"2434\" data-end=\"2591\">\n<p data-start=\"2437\" data-end=\"2493\"><strong data-start=\"2437\" data-end=\"2493\">La bague est-elle assortie d'une garantie ou d'une politique de retour ?<\/strong><\/p>\n<ul data-start=\"2497\" data-end=\"2591\">\n<li data-start=\"2497\" data-end=\"2591\">Oui, nous offrons une politique de retour de 90 jours pour garantir votre enti\u00e8re satisfaction.<\/li>\n<\/ul>\n<\/li>\n<\/ol>","protected":false},"excerpt":{"rendered":"<p>D\u00e9tails du produit :<br \/>\nM\u00e9tal : argent 925k<br \/>\nPierre pr\u00e9cieuse : Cultiv\u00e9e en laboratoire<br \/>\nCouleur des pierres : Vert<br \/>\nCouleur du bracelet : or blanc<br \/>\nTaille de la bague : Ajustable<br \/>\nDiam\u00e8tre de la pierre : 0.85ct<br \/>\nForme : Ovale<\/p>","protected":false},"featured_media":1549,"comment_status":"open","ping_status":"closed","template":"","meta":{"_kad_post_transparent":"","_kad_post_title":"","_kad_post_layout":"","_kad_post_sidebar_id":"","_kad_post_content_style":"","_kad_post_vertical_padding":"","_kad_post_feature":"","_kad_post_feature_position":"","_kad_post_header":false,"_kad_post_footer":false},"product_brand":[],"product_cat":[16,67,20,15],"product_tag":[30,18,31],"class_list":{"0":"post-1545","1":"product","2":"type-product","3":"status-publish","4":"has-post-thumbnail","6":"product_cat-emerald-ring","7":"product_cat-lab-grown-gemstones-ring","8":"product_cat-oval-ring","9":"product_cat-rings","10":"product_tag-emerald-cut-engagement-rings","11":"product_tag-emerald-ring","12":"product_tag-engagement-ring","14":"first","15":"instock","16":"shipping-taxable","17":"purchasable","18":"product-type-simple","19":"entry","20":"content-bg","21":"loop-entry"},"aioseo_notices":[],"_links":{"self":[{"href":"https:\/\/emeraldsring.com\/fr\/wp-json\/wp\/v2\/product\/1545","targetHints":{"allow":["GET"]}}],"collection":[{"href":"https:\/\/emeraldsring.com\/fr\/wp-json\/wp\/v2\/product"}],"about":[{"href":"https:\/\/emeraldsring.com\/fr\/wp-json\/wp\/v2\/types\/product"}],"replies":[{"embeddable":true,"href":"https:\/\/emeraldsring.com\/fr\/wp-json\/wp\/v2\/comments?post=1545"}],"version-history":[{"count":7,"href":"https:\/\/emeraldsring.com\/fr\/wp-json\/wp\/v2\/product\/1545\/revisions"}],"predecessor-version":[{"id":1714,"href":"https:\/\/emeraldsring.com\/fr\/wp-json\/wp\/v2\/product\/1545\/revisions\/1714"}],"wp:featuredmedia":[{"embeddable":true,"href":"https:\/\/emeraldsring.com\/fr\/wp-json\/wp\/v2\/media\/1549"}],"wp:attachment":[{"href":"https:\/\/emeraldsring.com\/fr\/wp-json\/wp\/v2\/media?parent=1545"}],"wp:term":[{"taxonomy":"product_brand","embeddable":true,"href":"https:\/\/emeraldsring.com\/fr\/wp-json\/wp\/v2\/product_brand?post=1545"},{"taxonomy":"product_cat","embeddable":true,"href":"https:\/\/emeraldsring.com\/fr\/wp-json\/wp\/v2\/product_cat?post=1545"},{"taxonomy":"product_tag","embeddable":true,"href":"https:\/\/emeraldsring.com\/fr\/wp-json\/wp\/v2\/product_tag?post=1545"}],"curies":[{"name":"wp","href":"https:\/\/api.w.org\/{rel}","templated":true}]}}