{"id":23,"date":"2025-02-04T10:02:28","date_gmt":"2025-02-04T10:02:28","guid":{"rendered":"https:\/\/emeraldsring.com\/?post_type=product&#038;p=23"},"modified":"2025-03-03T11:32:03","modified_gmt":"2025-03-03T06:32:03","slug":"exquisite-925-sterling-silver-emerald-ring","status":"publish","type":"product","link":"https:\/\/emeraldsring.com\/fr\/produit\/exquisite-925-sterling-silver-emerald-ring\/","title":{"rendered":"Bague exquise en argent sterling 925 avec diamant taille \u00e9meraude"},"content":{"rendered":"<div data-elementor-type=\"wp-post\" data-elementor-id=\"23\" class=\"elementor elementor-23\" data-elementor-post-type=\"product\">\n\t\t\t\t<div class=\"elementor-element elementor-element-1fea1d20 e-flex e-con-boxed e-con e-parent\" data-id=\"1fea1d20\" data-element_type=\"container\">\n\t\t\t\t\t<div class=\"e-con-inner\">\n\t\t\t\t<div class=\"elementor-element elementor-element-45626949 elementor-widget elementor-widget-text-editor\" data-id=\"45626949\" data-element_type=\"widget\" data-widget_type=\"text-editor.default\">\n\t\t\t\t<div class=\"elementor-widget-container\">\n\t\t\t\t\t\t\t\t\t<p data-start=\"366\" data-end=\"777\">D\u00e9couvrez le m\u00e9lange parfait de sophistication et de luxe avec notre bague Emeraude en argent 925. Dot\u00e9e d'une brillante \u00e9meraude de forme ovale au centre, entour\u00e9e d'un halo de diamants \u00e9blouissants, cette bague est con\u00e7ue pour captiver. Son design intemporel et sa fabrication de haute qualit\u00e9 en font un choix id\u00e9al pour les fian\u00e7ailles, les mariages ou comme cadeau sp\u00e9cial pour quelqu'un de vraiment sp\u00e9cial.<\/p><p data-start=\"779\" data-end=\"1054\">La riche \u00e9meraude verte symbolise l'amour et le renouveau, tandis que les diamants rayonnants ajoutent une touche de brillance suppl\u00e9mentaire \u00e0 la pi\u00e8ce. Fabriqu\u00e9e en argent sterling 925 de premi\u00e8re qualit\u00e9, cette bague promet une durabilit\u00e9 et une beaut\u00e9 durable, ce qui en fait un ajout intemporel \u00e0 toute collection de bijoux.<\/p><p data-start=\"1056\" data-end=\"1073\"><strong data-start=\"1056\" data-end=\"1073\">Caract\u00e9ristiques principales :<\/strong><\/p><ul data-start=\"1074\" data-end=\"1357\"><li data-start=\"1074\" data-end=\"1116\">Monture en argent 925 de haute qualit\u00e9<\/li><li data-start=\"1117\" data-end=\"1177\">Pierre centrale ovale en \u00e9meraude entour\u00e9e de diamants \u00e9tincelants<\/li><li data-start=\"1178\" data-end=\"1252\">Un design intemporel parfait pour les mariages, les fian\u00e7ailles et les occasions sp\u00e9ciales<\/li><li data-start=\"1253\" data-end=\"1300\">Disponible en plusieurs tailles pour un ajustement parfait<\/li><li data-start=\"1301\" data-end=\"1357\">Pi\u00e8ce \u00e9l\u00e9gante et luxueuse qui s'adapte \u00e0 tous les styles<\/li><\/ul><p data-start=\"1359\" data-end=\"1521\" data-is-last-node=\"\">Rehaussez votre collection de bijoux avec cette luxueuse bague en \u00e9meraude et ajoutez une touche de glamour \u00e0 toutes vos occasions. Achetez maintenant et faites de cette pi\u00e8ce exquise la v\u00f4tre d\u00e8s aujourd'hui !<\/p>\t\t\t\t\t\t\t\t<\/div>\n\t\t\t\t<\/div>\n\t\t\t\t\t<\/div>\n\t\t\t\t<\/div>\n\t\t\t\t<\/div>","protected":false},"excerpt":{"rendered":"<p><strong>Pourquoi choisir cette bague en \u00e9meraude ?<\/strong><\/p>\n<ol>\n<li><strong>\u00c9l\u00e9gance intemporelle :<\/strong> La pierre pr\u00e9cieuse \u00e9meraude \u00e0 taille rayonnante respire le luxe et la classe, ce qui en fait un ajout remarquable \u00e0 n'importe quelle tenue.<\/li>\n<li><strong>Un savoir-faire exquis :<\/strong> Chaque d\u00e9tail est minutieusement travaill\u00e9, des accents en diamant \u00e0 haute teneur en carbone au bracelet en argent sterling poli.<\/li>\n<li><strong>Cadeau id\u00e9al :<\/strong> Un cadeau \u00e9l\u00e9gant et surprenant pour vos proches lors d'occasions sp\u00e9ciales telles que les anniversaires, les fian\u00e7ailles, les f\u00eates ou les vacances.<\/li>\n<li><strong>Un luxe abordable :<\/strong> Appr\u00e9ciez l'aspect d'un bijou haut de gamme sans vous ruiner.<\/li>\n<\/ol>","protected":false},"featured_media":59,"comment_status":"open","ping_status":"closed","template":"","meta":{"_kad_post_transparent":"","_kad_post_title":"","_kad_post_layout":"","_kad_post_sidebar_id":"","_kad_post_content_style":"","_kad_post_vertical_padding":"","_kad_post_feature":"","_kad_post_feature_position":"","_kad_post_header":false,"_kad_post_footer":false},"product_brand":[],"product_cat":[78,16,89,17,67,20,15,71],"product_tag":[18],"class_list":{"0":"post-23","1":"product","2":"type-product","3":"status-publish","4":"has-post-thumbnail","6":"product_cat-celtic","7":"product_cat-emerald-ring","8":"product_cat-engagement-and-wedding","9":"product_cat-engagement-ring","10":"product_cat-lab-grown-gemstones-ring","11":"product_cat-oval-ring","12":"product_cat-rings","13":"product_cat-three-stone","14":"product_tag-emerald-ring","16":"first","17":"instock","18":"shipping-taxable","19":"purchasable","20":"product-type-variable","21":"has-default-attributes","22":"entry","23":"content-bg","24":"loop-entry"},"aioseo_notices":[],"_links":{"self":[{"href":"https:\/\/emeraldsring.com\/fr\/wp-json\/wp\/v2\/product\/23","targetHints":{"allow":["GET"]}}],"collection":[{"href":"https:\/\/emeraldsring.com\/fr\/wp-json\/wp\/v2\/product"}],"about":[{"href":"https:\/\/emeraldsring.com\/fr\/wp-json\/wp\/v2\/types\/product"}],"replies":[{"embeddable":true,"href":"https:\/\/emeraldsring.com\/fr\/wp-json\/wp\/v2\/comments?post=23"}],"version-history":[{"count":6,"href":"https:\/\/emeraldsring.com\/fr\/wp-json\/wp\/v2\/product\/23\/revisions"}],"predecessor-version":[{"id":1446,"href":"https:\/\/emeraldsring.com\/fr\/wp-json\/wp\/v2\/product\/23\/revisions\/1446"}],"wp:featuredmedia":[{"embeddable":true,"href":"https:\/\/emeraldsring.com\/fr\/wp-json\/wp\/v2\/media\/59"}],"wp:attachment":[{"href":"https:\/\/emeraldsring.com\/fr\/wp-json\/wp\/v2\/media?parent=23"}],"wp:term":[{"taxonomy":"product_brand","embeddable":true,"href":"https:\/\/emeraldsring.com\/fr\/wp-json\/wp\/v2\/product_brand?post=23"},{"taxonomy":"product_cat","embeddable":true,"href":"https:\/\/emeraldsring.com\/fr\/wp-json\/wp\/v2\/product_cat?post=23"},{"taxonomy":"product_tag","embeddable":true,"href":"https:\/\/emeraldsring.com\/fr\/wp-json\/wp\/v2\/product_tag?post=23"}],"curies":[{"name":"wp","href":"https:\/\/api.w.org\/{rel}","templated":true}]}}