{"id":24,"date":"2025-02-04T10:02:28","date_gmt":"2025-02-04T10:02:28","guid":{"rendered":"https:\/\/emeraldsring.com\/?post_type=product&#038;p=24"},"modified":"2025-03-03T11:31:39","modified_gmt":"2025-03-03T06:31:39","slug":"elegant-925-sterling-silver-eternity-band","status":"publish","type":"product","link":"https:\/\/emeraldsring.com\/fr\/produit\/elegant-925-sterling-silver-eternity-band\/","title":{"rendered":"\u00c9l\u00e9gante bague en argent sterling 925 avec anneau d'\u00e9ternit\u00e9 en pierres pr\u00e9cieuses"},"content":{"rendered":"<div data-elementor-type=\"wp-post\" data-elementor-id=\"24\" class=\"elementor elementor-24\" data-elementor-post-type=\"product\">\n\t\t\t\t<div class=\"elementor-element elementor-element-3ddd48dc e-flex e-con-boxed e-con e-parent\" data-id=\"3ddd48dc\" data-element_type=\"container\">\n\t\t\t\t\t<div class=\"e-con-inner\">\n\t\t\t\t<div class=\"elementor-element elementor-element-6435727 elementor-widget elementor-widget-text-editor\" data-id=\"6435727\" data-element_type=\"widget\" data-widget_type=\"text-editor.default\">\n\t\t\t\t<div class=\"elementor-widget-container\">\n\t\t\t\t\t\t\t\t\t<p data-start=\"383\" data-end=\"788\">Laissez-vous s\u00e9duire par la beaut\u00e9 intemporelle de notre bague en argent 925 \u00e0 diamant taille princesse. Cette bague luxueuse est m\u00e9ticuleusement fabriqu\u00e9e \u00e0 l'aide de la technologie du micro-pavage et pr\u00e9sente un \u00e9ventail \u00e9tonnant de pierres de taille princesse \u00e9tincelantes dans des variations d'\u00e9meraude, de saphir ou de diamant. La conception sans faille garantit que la bague brille sous tous les angles, cr\u00e9ant un look sophistiqu\u00e9 pour toutes les occasions.<\/p><p data-start=\"790\" data-end=\"1064\">Que vous souhaitiez c\u00e9l\u00e9brer un moment sp\u00e9cial ou ajouter une touche de glamour \u00e0 votre style quotidien, cette bague est un choix parfait. Sa fabrication en argent sterling de haute qualit\u00e9 lui conf\u00e8re une grande durabilit\u00e9, tandis que les pierres scintillantes en font une pi\u00e8ce \u00e0 part dans toute collection de bijoux.<\/p><p data-start=\"1066\" data-end=\"1083\"><strong data-start=\"1066\" data-end=\"1083\">Caract\u00e9ristiques principales :<\/strong><\/p><ul data-start=\"1084\" data-end=\"1382\"><li data-start=\"1084\" data-end=\"1123\">Fabriqu\u00e9 en argent sterling 925 de premi\u00e8re qualit\u00e9<\/li><li data-start=\"1124\" data-end=\"1200\">Micro-pav\u00e9 avec \u00e9meraude, saphir ou diamant de taille princesse<\/li><li data-start=\"1201\" data-end=\"1259\">Disponible en plusieurs couleurs et tailles pour un ajustement parfait<\/li><li data-start=\"1260\" data-end=\"1322\">Design \u00e9l\u00e9gant et polyvalent pour les occasions formelles et d\u00e9contract\u00e9es<\/li><li data-start=\"1323\" data-end=\"1382\">Une pi\u00e8ce luxueuse qui compl\u00e8te toute collection de bijoux<\/li><\/ul><p data-start=\"1384\" data-end=\"1575\" data-is-last-node=\"\">Ajoutez cette magnifique bague \u00e0 diamant de taille princesse \u00e0 votre collection d\u00e8s aujourd'hui et d\u00e9couvrez l'\u00e9clat et la sophistication qu'elle apporte. Parfaite pour un cadeau ou pour s'offrir quelque chose de sp\u00e9cial !<\/p>\t\t\t\t\t\t\t\t<\/div>\n\t\t\t\t<\/div>\n\t\t\t\t\t<\/div>\n\t\t\t\t<\/div>\n\t\t\t\t<\/div>","protected":false},"excerpt":{"rendered":"<p><strong>Pourquoi choisir ce bracelet \u00e9ternel ?<\/strong><\/p>\n<ol>\n<li><strong>Design sophistiqu\u00e9 :<\/strong> La combinaison complexe de pierres pr\u00e9cieuses de taille princesse et de zircon pave cr\u00e9e un effet visuel \u00e9poustouflant.<\/li>\n<li><strong>Fabrication de haute qualit\u00e9 :<\/strong> Fabriqu\u00e9 de mani\u00e8re experte et avec le souci du d\u00e9tail, il garantit une finition polie et durable.<\/li>\n<li><strong>Parfait pour les cadeaux :<\/strong> Un cadeau attentionn\u00e9 pour les anniversaires, les mariages, les f\u00eates ou autres c\u00e9l\u00e9brations.<\/li>\n<li><strong>Un attrait intemporel :<\/strong> Cette bague polyvalente s'accorde aussi bien avec une tenue d\u00e9contract\u00e9e qu'avec une tenue habill\u00e9e, ce qui en fait un \u00e9l\u00e9ment essentiel de toute collection de bijoux.<\/li>\n<\/ol>","protected":false},"featured_media":66,"comment_status":"open","ping_status":"closed","template":"","meta":{"_kad_post_transparent":"","_kad_post_title":"","_kad_post_layout":"","_kad_post_sidebar_id":"","_kad_post_content_style":"","_kad_post_vertical_padding":"","_kad_post_feature":"","_kad_post_feature_position":"","_kad_post_header":false,"_kad_post_footer":false},"product_brand":[],"product_cat":[16,17,21,67,15],"product_tag":[18,22],"class_list":{"0":"post-24","1":"product","2":"type-product","3":"status-publish","4":"has-post-thumbnail","6":"product_cat-emerald-ring","7":"product_cat-engagement-ring","8":"product_cat-eternity-band","9":"product_cat-lab-grown-gemstones-ring","10":"product_cat-rings","11":"product_tag-emerald-ring","12":"product_tag-eternity-band","14":"first","15":"instock","16":"featured","17":"shipping-taxable","18":"purchasable","19":"product-type-variable","20":"entry","21":"content-bg","22":"loop-entry"},"aioseo_notices":[],"_links":{"self":[{"href":"https:\/\/emeraldsring.com\/fr\/wp-json\/wp\/v2\/product\/24","targetHints":{"allow":["GET"]}}],"collection":[{"href":"https:\/\/emeraldsring.com\/fr\/wp-json\/wp\/v2\/product"}],"about":[{"href":"https:\/\/emeraldsring.com\/fr\/wp-json\/wp\/v2\/types\/product"}],"replies":[{"embeddable":true,"href":"https:\/\/emeraldsring.com\/fr\/wp-json\/wp\/v2\/comments?post=24"}],"version-history":[{"count":6,"href":"https:\/\/emeraldsring.com\/fr\/wp-json\/wp\/v2\/product\/24\/revisions"}],"predecessor-version":[{"id":1448,"href":"https:\/\/emeraldsring.com\/fr\/wp-json\/wp\/v2\/product\/24\/revisions\/1448"}],"wp:featuredmedia":[{"embeddable":true,"href":"https:\/\/emeraldsring.com\/fr\/wp-json\/wp\/v2\/media\/66"}],"wp:attachment":[{"href":"https:\/\/emeraldsring.com\/fr\/wp-json\/wp\/v2\/media?parent=24"}],"wp:term":[{"taxonomy":"product_brand","embeddable":true,"href":"https:\/\/emeraldsring.com\/fr\/wp-json\/wp\/v2\/product_brand?post=24"},{"taxonomy":"product_cat","embeddable":true,"href":"https:\/\/emeraldsring.com\/fr\/wp-json\/wp\/v2\/product_cat?post=24"},{"taxonomy":"product_tag","embeddable":true,"href":"https:\/\/emeraldsring.com\/fr\/wp-json\/wp\/v2\/product_tag?post=24"}],"curies":[{"name":"wp","href":"https:\/\/api.w.org\/{rel}","templated":true}]}}