{"id":25,"date":"2025-02-04T10:02:28","date_gmt":"2025-02-04T10:02:28","guid":{"rendered":"https:\/\/emeraldsring.com\/?post_type=product&#038;p=25"},"modified":"2025-04-28T20:00:05","modified_gmt":"2025-04-28T15:00:05","slug":"elegant-925-sterling-silver-emerald-ring-with-rectangular-gemstones","status":"publish","type":"product","link":"https:\/\/emeraldsring.com\/fr\/produit\/elegant-925-sterling-silver-emerald-ring-with-rectangular-gemstones\/","title":{"rendered":"\u00c9l\u00e9gante bague en argent sterling 925 pour femmes avec taille d'\u00e9meraude"},"content":{"rendered":"<div data-elementor-type=\"wp-post\" data-elementor-id=\"25\" class=\"elementor elementor-25\" data-elementor-post-type=\"product\">\n\t\t\t\t<div class=\"elementor-element elementor-element-eb15cbd e-flex e-con-boxed e-con e-parent\" data-id=\"eb15cbd\" data-element_type=\"container\">\n\t\t\t\t\t<div class=\"e-con-inner\">\n\t\t<div class=\"elementor-element elementor-element-9e33e87 e-con-full e-flex e-con e-child\" data-id=\"9e33e87\" data-element_type=\"container\">\n\t\t\t\t<div class=\"elementor-element elementor-element-fe10d8d elementor-widget elementor-widget-video\" data-id=\"fe10d8d\" data-element_type=\"widget\" data-settings=\"{&quot;youtube_url&quot;:&quot;https:\\\/\\\/youtube.com\\\/watch?v=fWTWuT4TrT8&quot;,&quot;loop&quot;:&quot;yes&quot;,&quot;video_type&quot;:&quot;youtube&quot;,&quot;controls&quot;:&quot;yes&quot;}\" data-widget_type=\"video.default\">\n\t\t\t\t<div class=\"elementor-widget-container\">\n\t\t\t\t\t\t\t<div class=\"elementor-wrapper elementor-open-inline\">\n\t\t\t<div class=\"elementor-video\"><\/div>\t\t<\/div>\n\t\t\t\t\t\t<\/div>\n\t\t\t\t<\/div>\n\t\t\t\t<\/div>\n\t\t\t\t<div class=\"elementor-element elementor-element-36857b8a elementor-widget elementor-widget-text-editor\" data-id=\"36857b8a\" data-element_type=\"widget\" data-widget_type=\"text-editor.default\">\n\t\t\t\t<div class=\"elementor-widget-container\">\n\t\t\t\t\t\t\t\t\t<p><strong>Vue d'ensemble :<\/strong><br \/>Le pr\u00e9sent <strong>Bague en argent 925 Emeraude<\/strong> est une pi\u00e8ce de joaillerie \u00e9blouissante, qui respire la sophistication intemporelle et le flair moderne. Dot\u00e9e de pierres pr\u00e9cieuses rectangulaires en \u00e9meraude simul\u00e9e serties dans un anneau d'\u00e9ternit\u00e9 chic, cette bague est parfaite pour faire une d\u00e9claration audacieuse tout en conservant une touche d'\u00e9l\u00e9gance.<\/p><p><strong>Caract\u00e9ristiques :<\/strong><\/p><ul><li><strong>Mat\u00e9riau de premi\u00e8re qualit\u00e9 :<\/strong> Fabriqu\u00e9 en argent sterling 925 de haute qualit\u00e9, il offre durabilit\u00e9, brillance et propri\u00e9t\u00e9s hypoallerg\u00e9niques.<\/li><li><strong>Pierres pr\u00e9cieuses en simili \u00e9meraude :<\/strong> Les \u00e9meraudes de taille rectangulaire, m\u00e9ticuleusement dispos\u00e9es dans une bande continue, donnent un aspect luxueux et vibrant.<\/li><li><strong>Design \u00e9l\u00e9gant :<\/strong> Son design \u00e9l\u00e9gant et moderne en fait un accessoire polyvalent pour les \u00e9v\u00e9nements formels, les sorties d\u00e9contract\u00e9es ou l'\u00e9l\u00e9gance sur le lieu de travail.<\/li><li><strong>Con\u00e7u pour le confort :<\/strong> La bande int\u00e9rieure lisse assure un port confortable tout au long de la journ\u00e9e.<\/li><li><strong>Id\u00e9al pour les cadeaux :<\/strong> Un cadeau attentionn\u00e9 pour les anniversaires ou les f\u00eates.<\/li><\/ul><p><strong>Pourquoi choisir cette bague en \u00e9meraude ?<\/strong><\/p><ol><li><strong>Un attrait visuel \u00e9poustouflant :<\/strong> Des tons d'\u00e9meraude vibrants et une coupe rectangulaire unique en font une pi\u00e8ce remarquable.<\/li><li><strong>Une polyvalence in\u00e9gal\u00e9e :<\/strong> Parfait pour rehausser n'importe quelle tenue, de la robe de soir\u00e9e \u00e9l\u00e9gante \u00e0 la tenue de bureau chic.<\/li><li><strong>Fabrication de haute qualit\u00e9 :<\/strong> Fabriqu\u00e9 par des experts pour garantir une beaut\u00e9 et une durabilit\u00e9 durables.<\/li><li><strong>D\u00e9claration de style unique :<\/strong> Une version moderne des bagues classiques en pierres pr\u00e9cieuses, offrant une \u00e9l\u00e9gance intemporelle avec une touche contemporaine.<\/li><\/ol><p><strong>Sp\u00e9cifications :<\/strong><\/p><ul><li><strong>Mat\u00e9riau :<\/strong> Argent 925<\/li><li><strong>Principales pierres :<\/strong> \u00c9meraudes simul\u00e9es rectangulaires<\/li><li><strong>Style de bague :<\/strong> Bande d'\u00e9ternit\u00e9<\/li><li><strong>Poids :<\/strong> Environ 3,7 g<\/li><li><strong>Largeur :<\/strong> 5mm<\/li><\/ul><p><strong>Instructions d'entretien :<\/strong><\/p><ul><li>\u00c9vitez l'exposition aux produits chimiques et \u00e0 l'humidit\u00e9 excessive pour pr\u00e9server l'\u00e9clat et la qualit\u00e9 de l'anneau.<\/li><li>Nettoyer d\u00e9licatement avec un chiffon doux pour maintenir la brillance.<\/li><li>A ranger dans une bo\u00eete \u00e0 bijoux pour \u00e9viter les rayures.<\/li><\/ul><p><strong>Parfait pour toutes les occasions :<\/strong><br \/>Que vous souhaitiez ajouter une touche de sophistication \u00e0 votre look quotidien ou rehausser votre tenue lors d'un \u00e9v\u00e9nement sp\u00e9cial, cette bague en argent sterling orn\u00e9e d'une \u00e9meraude offre une \u00e9l\u00e9gance et un style in\u00e9gal\u00e9s.<\/p><p>\u00a0<\/p>\t\t\t\t\t\t\t\t<\/div>\n\t\t\t\t<\/div>\n\t\t\t\t\t<\/div>\n\t\t\t\t<\/div>\n\t\t\t\t<\/div>","protected":false},"excerpt":{"rendered":"<p><strong>Pourquoi choisir cette bague en \u00e9meraude ?<\/strong><\/p>\n<ol>\n<li><strong>Un attrait visuel \u00e9poustouflant :<\/strong> Des tons d'\u00e9meraude vibrants et une coupe rectangulaire unique en font une pi\u00e8ce remarquable.<\/li>\n<li><strong>Une polyvalence in\u00e9gal\u00e9e :<\/strong> Parfait pour rehausser n'importe quelle tenue, de la robe de soir\u00e9e \u00e9l\u00e9gante \u00e0 la tenue de bureau chic.<\/li>\n<li><strong>Fabrication de haute qualit\u00e9 :<\/strong> Fabriqu\u00e9 par des experts pour garantir une beaut\u00e9 et une durabilit\u00e9 durables.<\/li>\n<li><strong>D\u00e9claration de style unique :<\/strong> Une version moderne des bagues classiques en pierres pr\u00e9cieuses, offrant une \u00e9l\u00e9gance intemporelle avec une touche contemporaine.<\/li>\n<\/ol>","protected":false},"featured_media":81,"comment_status":"open","ping_status":"closed","template":"","meta":{"_kad_post_transparent":"","_kad_post_title":"","_kad_post_layout":"","_kad_post_sidebar_id":"","_kad_post_content_style":"","_kad_post_vertical_padding":"","_kad_post_feature":"","_kad_post_feature_position":"","_kad_post_header":false,"_kad_post_footer":false},"product_brand":[],"product_cat":[16,17,21,67,15],"product_tag":[18],"class_list":{"0":"post-25","1":"product","2":"type-product","3":"status-publish","4":"has-post-thumbnail","6":"product_cat-emerald-ring","7":"product_cat-engagement-ring","8":"product_cat-eternity-band","9":"product_cat-lab-grown-gemstones-ring","10":"product_cat-rings","11":"product_tag-emerald-ring","13":"first","14":"instock","15":"featured","16":"shipping-taxable","17":"purchasable","18":"product-type-variable","19":"has-default-attributes","20":"entry","21":"content-bg","22":"loop-entry"},"aioseo_notices":[],"_links":{"self":[{"href":"https:\/\/emeraldsring.com\/fr\/wp-json\/wp\/v2\/product\/25","targetHints":{"allow":["GET"]}}],"collection":[{"href":"https:\/\/emeraldsring.com\/fr\/wp-json\/wp\/v2\/product"}],"about":[{"href":"https:\/\/emeraldsring.com\/fr\/wp-json\/wp\/v2\/types\/product"}],"replies":[{"embeddable":true,"href":"https:\/\/emeraldsring.com\/fr\/wp-json\/wp\/v2\/comments?post=25"}],"version-history":[{"count":13,"href":"https:\/\/emeraldsring.com\/fr\/wp-json\/wp\/v2\/product\/25\/revisions"}],"predecessor-version":[{"id":1449,"href":"https:\/\/emeraldsring.com\/fr\/wp-json\/wp\/v2\/product\/25\/revisions\/1449"}],"wp:featuredmedia":[{"embeddable":true,"href":"https:\/\/emeraldsring.com\/fr\/wp-json\/wp\/v2\/media\/81"}],"wp:attachment":[{"href":"https:\/\/emeraldsring.com\/fr\/wp-json\/wp\/v2\/media?parent=25"}],"wp:term":[{"taxonomy":"product_brand","embeddable":true,"href":"https:\/\/emeraldsring.com\/fr\/wp-json\/wp\/v2\/product_brand?post=25"},{"taxonomy":"product_cat","embeddable":true,"href":"https:\/\/emeraldsring.com\/fr\/wp-json\/wp\/v2\/product_cat?post=25"},{"taxonomy":"product_tag","embeddable":true,"href":"https:\/\/emeraldsring.com\/fr\/wp-json\/wp\/v2\/product_tag?post=25"}],"curies":[{"name":"wp","href":"https:\/\/api.w.org\/{rel}","templated":true}]}}