{"id":27,"date":"2025-02-04T10:02:28","date_gmt":"2025-02-04T10:02:28","guid":{"rendered":"https:\/\/emeraldsring.com\/?post_type=product&#038;p=27"},"modified":"2025-04-28T20:00:16","modified_gmt":"2025-04-28T15:00:16","slug":"elegant-s925-sterling-silver-hollow-water-foam-jade-ring-with-zircon-inlay","status":"publish","type":"product","link":"https:\/\/emeraldsring.com\/fr\/produit\/elegant-s925-sterling-silver-hollow-water-foam-jade-ring-with-zircon-inlay\/","title":{"rendered":"Elegant S925 Sterling Silver Hollow Water Foam Jade Wedding Ring Zircon Inlay"},"content":{"rendered":"<div data-elementor-type=\"wp-post\" data-elementor-id=\"27\" class=\"elementor elementor-27\" data-elementor-post-type=\"product\">\n\t\t\t\t<div class=\"elementor-element elementor-element-279796b2 e-flex e-con-boxed e-con e-parent\" data-id=\"279796b2\" data-element_type=\"container\">\n\t\t\t\t\t<div class=\"e-con-inner\">\n\t\t<div class=\"elementor-element elementor-element-89d47b8 e-con-full e-flex e-con e-child\" data-id=\"89d47b8\" data-element_type=\"container\">\n\t\t\t\t<div class=\"elementor-element elementor-element-82d7429 elementor-widget elementor-widget-video\" data-id=\"82d7429\" data-element_type=\"widget\" data-settings=\"{&quot;youtube_url&quot;:&quot;https:\\\/\\\/www.youtube.com\\\/watch?v=fHmXKQ-CQoI&quot;,&quot;loop&quot;:&quot;yes&quot;,&quot;video_type&quot;:&quot;youtube&quot;,&quot;controls&quot;:&quot;yes&quot;}\" data-widget_type=\"video.default\">\n\t\t\t\t<div class=\"elementor-widget-container\">\n\t\t\t\t\t\t\t<div class=\"elementor-wrapper elementor-open-inline\">\n\t\t\t<div class=\"elementor-video\"><\/div>\t\t<\/div>\n\t\t\t\t\t\t<\/div>\n\t\t\t\t<\/div>\n\t\t\t\t<\/div>\n\t\t\t\t<div class=\"elementor-element elementor-element-28cb2517 elementor-widget elementor-widget-text-editor\" data-id=\"28cb2517\" data-element_type=\"widget\" data-widget_type=\"text-editor.default\">\n\t\t\t\t<div class=\"elementor-widget-container\">\n\t\t\t\t\t\t\t\t\t<p><strong>Vue d'ensemble :<\/strong><br \/>Ajoutez une touche d'\u00e9l\u00e9gance intemporelle \u00e0 votre collection de bijoux avec cette <strong>Bague en argent 925 Emeraude<\/strong>. Con\u00e7ue avec pr\u00e9cision et fabriqu\u00e9e \u00e0 partir de mat\u00e9riaux de haute qualit\u00e9, cette pi\u00e8ce centrale en \u00e9meraude de taille radieuse est compl\u00e9t\u00e9e par des accents en diamant \u00e0 haute teneur en carbone \u00e9tincelants. Cette pi\u00e8ce luxueuse est parfaite pour les fian\u00e7ailles, les anniversaires ou en tant qu'accessoire pour toutes les occasions.<\/p><p><strong>Caract\u00e9ristiques :<\/strong><\/p><ul><li><strong>Mat\u00e9riau de premi\u00e8re qualit\u00e9 :<\/strong> Fabriqu\u00e9 en argent sterling 925, ce qui garantit sa durabilit\u00e9, ses propri\u00e9t\u00e9s hypoallerg\u00e9niques et sa finition polie.<\/li><li><strong>\u00c9meraude taille radieuse Pierre pr\u00e9cieuse :<\/strong> La pi\u00e8ce centrale d'un vert \u00e9clatant (9 mm x 11 mm) rayonne d'\u00e9l\u00e9gance et de sophistication, ce qui en fait un point focal captivant.<\/li><li><strong>Accents diamant\u00e9s \u00e0 haute teneur en carbone :<\/strong> Ils rehaussent l'\u00e9clat et la brillance de l'anneau, offrant un aspect luxueux sans compromettre le prix.<\/li><li><strong>Design confortable :<\/strong> L\u00e9ger et parfaitement con\u00e7u pour s'adapter confortablement \u00e0 tous les doigts.<\/li><li><strong>Style polyvalent :<\/strong> Convient pour les mariages, les f\u00eates, les anniversaires ou pour une utilisation quotidienne.<\/li><\/ul><p><strong>Sp\u00e9cifications :<\/strong><\/p><ul><li><strong>Mat\u00e9riau :<\/strong> Argent 925<\/li><li><strong>Pierre principale :<\/strong> \u00c9meraude taille radiant (9mm x 11mm)<\/li><li><strong>Pierres d'accentuation :<\/strong> Diamants \u00e0 haute teneur en carbone<\/li><li><strong>Poids :<\/strong> Environ 5,0 g<\/li><li><strong>Style :<\/strong> El\u00e9gant et moderne<\/li><\/ul><p><strong>Instructions d'entretien :<\/strong><\/p><ul><li>\u00c9vitez l'exposition aux produits chimiques agressifs et aux parfums.<\/li><li>Conserver dans une bo\u00eete \u00e0 bijoux ou une pochette en tissu doux lorsqu'elle n'est pas utilis\u00e9e.<\/li><li>Nettoyer avec un chiffon doux et sec pour maintenir la brillance.<\/li><\/ul><p><strong>Am\u00e9liorez votre look :<\/strong><br \/>Cette bague en \u00e9meraude est l'incarnation de la gr\u00e2ce et de la beaut\u00e9, con\u00e7ue pour les femmes qui appr\u00e9cient les bijoux raffin\u00e9s et luxueux. Que vous assistiez \u00e0 un \u00e9v\u00e9nement formel ou que vous cherchiez \u00e0 rehausser votre style de tous les jours, cette pi\u00e8ce ne manquera pas de faire tourner les t\u00eates et de laisser une impression durable.<\/p><p>\u00a0<\/p>\t\t\t\t\t\t\t\t<\/div>\n\t\t\t\t<\/div>\n\t\t\t\t\t<\/div>\n\t\t\t\t<\/div>\n\t\t\t\t<\/div>","protected":false},"excerpt":{"rendered":"<p><strong>Pourquoi choisir cette bague en \u00e9meraude ?<\/strong><\/p>\n<ol>\n<li><strong>\u00c9l\u00e9gance intemporelle :<\/strong> La pierre pr\u00e9cieuse \u00e9meraude \u00e0 taille rayonnante respire le luxe et la classe, ce qui en fait un ajout remarquable \u00e0 n'importe quelle tenue.<\/li>\n<li><strong>Un savoir-faire exquis :<\/strong> Chaque d\u00e9tail est minutieusement travaill\u00e9, des accents en diamant \u00e0 haute teneur en carbone au bracelet en argent sterling poli.<\/li>\n<li><strong>Cadeau id\u00e9al :<\/strong> Un cadeau \u00e9l\u00e9gant et surprenant pour vos proches lors d'occasions sp\u00e9ciales telles que les anniversaires, les fian\u00e7ailles, les f\u00eates ou les vacances.<\/li>\n<li><strong>Un luxe abordable :<\/strong> Appr\u00e9ciez l'aspect d'un bijou haut de gamme sans vous ruiner.<\/li>\n<\/ol>","protected":false},"featured_media":104,"comment_status":"open","ping_status":"closed","template":"","meta":{"_kad_post_transparent":"","_kad_post_title":"","_kad_post_layout":"","_kad_post_sidebar_id":"","_kad_post_content_style":"","_kad_post_vertical_padding":"","_kad_post_feature":"","_kad_post_feature_position":"","_kad_post_header":false,"_kad_post_footer":false},"product_brand":[],"product_cat":[16,17,23,20,24,15],"product_tag":[25],"class_list":{"0":"post-27","1":"product","2":"type-product","3":"status-publish","4":"has-post-thumbnail","6":"product_cat-emerald-ring","7":"product_cat-engagement-ring","8":"product_cat-jade-ring","9":"product_cat-oval-ring","10":"product_cat-ring","11":"product_cat-rings","12":"product_tag-jade-ring","14":"first","15":"instock","16":"featured","17":"shipping-taxable","18":"purchasable","19":"product-type-variable","20":"entry","21":"content-bg","22":"loop-entry"},"aioseo_notices":[],"_links":{"self":[{"href":"https:\/\/emeraldsring.com\/fr\/wp-json\/wp\/v2\/product\/27","targetHints":{"allow":["GET"]}}],"collection":[{"href":"https:\/\/emeraldsring.com\/fr\/wp-json\/wp\/v2\/product"}],"about":[{"href":"https:\/\/emeraldsring.com\/fr\/wp-json\/wp\/v2\/types\/product"}],"replies":[{"embeddable":true,"href":"https:\/\/emeraldsring.com\/fr\/wp-json\/wp\/v2\/comments?post=27"}],"version-history":[{"count":10,"href":"https:\/\/emeraldsring.com\/fr\/wp-json\/wp\/v2\/product\/27\/revisions"}],"predecessor-version":[{"id":1491,"href":"https:\/\/emeraldsring.com\/fr\/wp-json\/wp\/v2\/product\/27\/revisions\/1491"}],"wp:featuredmedia":[{"embeddable":true,"href":"https:\/\/emeraldsring.com\/fr\/wp-json\/wp\/v2\/media\/104"}],"wp:attachment":[{"href":"https:\/\/emeraldsring.com\/fr\/wp-json\/wp\/v2\/media?parent=27"}],"wp:term":[{"taxonomy":"product_brand","embeddable":true,"href":"https:\/\/emeraldsring.com\/fr\/wp-json\/wp\/v2\/product_brand?post=27"},{"taxonomy":"product_cat","embeddable":true,"href":"https:\/\/emeraldsring.com\/fr\/wp-json\/wp\/v2\/product_cat?post=27"},{"taxonomy":"product_tag","embeddable":true,"href":"https:\/\/emeraldsring.com\/fr\/wp-json\/wp\/v2\/product_tag?post=27"}],"curies":[{"name":"wp","href":"https:\/\/api.w.org\/{rel}","templated":true}]}}