{"id":28,"date":"2025-02-04T10:02:28","date_gmt":"2025-02-04T10:02:28","guid":{"rendered":"https:\/\/emeraldsring.com\/?post_type=product&#038;p=28"},"modified":"2025-04-28T20:00:13","modified_gmt":"2025-04-28T15:00:13","slug":"elegant-925-sterling-silver-oval-cut-emerald-ring","status":"publish","type":"product","link":"https:\/\/emeraldsring.com\/fr\/produit\/elegant-925-sterling-silver-oval-cut-emerald-ring\/","title":{"rendered":"\u00c9l\u00e9gante bague de fian\u00e7ailles en argent 925 avec \u00e9meraude de taille ovale"},"content":{"rendered":"<div data-elementor-type=\"wp-post\" data-elementor-id=\"28\" class=\"elementor elementor-28\" data-elementor-post-type=\"product\">\n\t\t\t\t<div class=\"elementor-element elementor-element-5071e329 e-flex e-con-boxed e-con e-parent\" data-id=\"5071e329\" data-element_type=\"container\">\n\t\t\t\t\t<div class=\"e-con-inner\">\n\t\t<div class=\"elementor-element elementor-element-b6d7db2 e-con-full e-flex e-con e-child\" data-id=\"b6d7db2\" data-element_type=\"container\">\n\t\t\t\t<div class=\"elementor-element elementor-element-0397cee elementor-widget elementor-widget-video\" data-id=\"0397cee\" data-element_type=\"widget\" data-settings=\"{&quot;youtube_url&quot;:&quot;https:\\\/\\\/youtube.com\\\/watch?v=kpS02AI3ho4&quot;,&quot;loop&quot;:&quot;yes&quot;,&quot;video_type&quot;:&quot;youtube&quot;,&quot;controls&quot;:&quot;yes&quot;}\" data-widget_type=\"video.default\">\n\t\t\t\t<div class=\"elementor-widget-container\">\n\t\t\t\t\t\t\t<div class=\"elementor-wrapper elementor-open-inline\">\n\t\t\t<div class=\"elementor-video\"><\/div>\t\t<\/div>\n\t\t\t\t\t\t<\/div>\n\t\t\t\t<\/div>\n\t\t\t\t<\/div>\n\t\t\t\t<div class=\"elementor-element elementor-element-58130f9b elementor-widget elementor-widget-text-editor\" data-id=\"58130f9b\" data-element_type=\"widget\" data-widget_type=\"text-editor.default\">\n\t\t\t\t<div class=\"elementor-widget-container\">\n\t\t\t\t\t\t\t\t\t<p><strong>Vue d'ensemble :<\/strong> Pr\u00e9sentation de notre <strong>Bague en argent 925 avec \u00e9meraude de taille ovale<\/strong>Cette bague est un chef-d'\u0153uvre qui incarne l'\u00e9l\u00e9gance et la sophistication. Cette bague met en valeur une vibrante \u00e9meraude de taille ovale en son centre, flanqu\u00e9e de pierres de zircon cubique scintillantes, le tout serti dans de l'argent sterling de haute qualit\u00e9.<\/p><p><strong>Caract\u00e9ristiques :<\/strong><\/p><ul><li><strong>Mat\u00e9riau de premi\u00e8re qualit\u00e9 :<\/strong> Fabriqu\u00e9 en argent sterling 925 v\u00e9ritable, il garantit une durabilit\u00e9 et une finition \u00e9clatante.<\/li><li><strong>\u00c9meraude de taille ovale :<\/strong> La pi\u00e8ce ma\u00eetresse est une \u00e9meraude ovale taill\u00e9e avec soin, r\u00e9put\u00e9e pour sa teinte verte et sa clart\u00e9.<\/li><li><strong>Accents en zircon cubique :<\/strong> La bague est orn\u00e9e de pierres en zircon cubique de haute qualit\u00e9 qui en rehaussent l'\u00e9clat et l'allure.<\/li><li><strong>Design intemporel :<\/strong> La combinaison classique de l'\u00e9meraude et de l'argent sterling offre un accessoire polyvalent adapt\u00e9 \u00e0 toutes les occasions.<\/li><li><strong>Confortable :<\/strong> Con\u00e7u avec une bande lisse pour un port confortable tout au long de la journ\u00e9e.<\/li><\/ul><p><strong>Sp\u00e9cifications :<\/strong><\/p><ul><li><strong>Mat\u00e9riau :<\/strong> Argent 925<\/li><li><strong>Pierre principale :<\/strong> \u00c9meraude de taille ovale<\/li><li><strong>Pierres d'accentuation :<\/strong> Zircone cubique<\/li><li><strong>Tailles disponibles :<\/strong> Taille de bague US 5-9<\/li><li><strong>Largeur de bande :<\/strong> Environ 2 mm<\/li><\/ul><p><strong>Instructions d'entretien :<\/strong><\/p><ul><li><strong>\u00c9viter les produits chimiques :<\/strong> Tenir \u00e0 l'\u00e9cart des produits chimiques et des agents de nettoyage agressifs afin de pr\u00e9server l'\u00e9clat du m\u00e9tal.<\/li><li><strong>Stockage :<\/strong> Conserver dans une pochette \u00e0 bijoux souple pour \u00e9viter les rayures et le ternissement.<\/li><li><strong>Nettoyage :<\/strong> Polir d\u00e9licatement avec un chiffon doux pour maintenir l'\u00e9clat et la brillance.<\/li><\/ul><p><strong>Am\u00e9liorez votre collection de bijoux :<\/strong><\/p><p>Cette bague en argent sterling 925 avec \u00e9meraude est plus qu'un simple accessoire ; c'est une pi\u00e8ce d'apparat qui refl\u00e8te la gr\u00e2ce et le style. Que vous vous fassiez plaisir ou que vous l'offriez \u00e0 quelqu'un de sp\u00e9cial, cette bague deviendra \u00e0 coup s\u00fbr un ajout pr\u00e9cieux \u00e0 votre collection de bijoux.<\/p><p><em>Note : En raison des caract\u00e9ristiques naturelles des pierres pr\u00e9cieuses, de l\u00e9g\u00e8res variations de couleur et des inclusions peuvent se produire, rendant chaque bague d'une beaut\u00e9 unique.<\/em><\/p><p>\u00a0<\/p><p>\u00a0<\/p>\t\t\t\t\t\t\t\t<\/div>\n\t\t\t\t<\/div>\n\t\t\t\t\t<\/div>\n\t\t\t\t<\/div>\n\t\t\t\t<\/div>","protected":false},"excerpt":{"rendered":"<p><strong>Pourquoi choisir cette bague en \u00e9meraude ?<\/strong><\/p>\n<ol>\n<li><strong>Une \u00e9l\u00e9gance in\u00e9gal\u00e9e :<\/strong> Le m\u00e9lange harmonieux de l'\u00e9meraude et du zircon cubique d\u00e9gage un charme intemporel.<\/li>\n<li><strong>Une qualit\u00e9 de fabrication sup\u00e9rieure :<\/strong> Chaque bague est m\u00e9ticuleusement fabriqu\u00e9e pour r\u00e9pondre aux normes de qualit\u00e9 les plus \u00e9lev\u00e9es.<\/li>\n<li><strong>Accessoire polyvalent :<\/strong> Parfait pour le quotidien et les occasions sp\u00e9ciales, il ajoute une touche de sophistication \u00e0 toutes les tenues.<\/li>\n<li><strong>Un cadeau bien pens\u00e9 :<\/strong> Un cadeau id\u00e9al pour les anniversaires, ou comme symbole d'amour et d'engagement.<\/li>\n<\/ol>","protected":false},"featured_media":112,"comment_status":"open","ping_status":"closed","template":"","meta":{"_kad_post_transparent":"","_kad_post_title":"","_kad_post_layout":"","_kad_post_sidebar_id":"","_kad_post_content_style":"","_kad_post_vertical_padding":"","_kad_post_feature":"","_kad_post_feature_position":"","_kad_post_header":false,"_kad_post_footer":false},"product_brand":[],"product_cat":[16,89,17,67,15],"product_tag":[18],"class_list":{"0":"post-28","1":"product","2":"type-product","3":"status-publish","4":"has-post-thumbnail","6":"product_cat-emerald-ring","7":"product_cat-engagement-and-wedding","8":"product_cat-engagement-ring","9":"product_cat-lab-grown-gemstones-ring","10":"product_cat-rings","11":"product_tag-emerald-ring","13":"first","14":"instock","15":"shipping-taxable","16":"purchasable","17":"product-type-variable","18":"entry","19":"content-bg","20":"loop-entry"},"aioseo_notices":[],"_links":{"self":[{"href":"https:\/\/emeraldsring.com\/fr\/wp-json\/wp\/v2\/product\/28","targetHints":{"allow":["GET"]}}],"collection":[{"href":"https:\/\/emeraldsring.com\/fr\/wp-json\/wp\/v2\/product"}],"about":[{"href":"https:\/\/emeraldsring.com\/fr\/wp-json\/wp\/v2\/types\/product"}],"replies":[{"embeddable":true,"href":"https:\/\/emeraldsring.com\/fr\/wp-json\/wp\/v2\/comments?post=28"}],"version-history":[{"count":14,"href":"https:\/\/emeraldsring.com\/fr\/wp-json\/wp\/v2\/product\/28\/revisions"}],"predecessor-version":[{"id":1450,"href":"https:\/\/emeraldsring.com\/fr\/wp-json\/wp\/v2\/product\/28\/revisions\/1450"}],"wp:featuredmedia":[{"embeddable":true,"href":"https:\/\/emeraldsring.com\/fr\/wp-json\/wp\/v2\/media\/112"}],"wp:attachment":[{"href":"https:\/\/emeraldsring.com\/fr\/wp-json\/wp\/v2\/media?parent=28"}],"wp:term":[{"taxonomy":"product_brand","embeddable":true,"href":"https:\/\/emeraldsring.com\/fr\/wp-json\/wp\/v2\/product_brand?post=28"},{"taxonomy":"product_cat","embeddable":true,"href":"https:\/\/emeraldsring.com\/fr\/wp-json\/wp\/v2\/product_cat?post=28"},{"taxonomy":"product_tag","embeddable":true,"href":"https:\/\/emeraldsring.com\/fr\/wp-json\/wp\/v2\/product_tag?post=28"}],"curies":[{"name":"wp","href":"https:\/\/api.w.org\/{rel}","templated":true}]}}