{"id":29,"date":"2025-02-04T10:02:28","date_gmt":"2025-02-04T10:02:28","guid":{"rendered":"https:\/\/emeraldsring.com\/?post_type=product&#038;p=29"},"modified":"2025-04-28T20:00:14","modified_gmt":"2025-04-28T15:00:14","slug":"elegant-925-silver-plated-emerald-ring-with-high-ice-green-chalcedony","status":"publish","type":"product","link":"https:\/\/emeraldsring.com\/fr\/produit\/elegant-925-silver-plated-emerald-ring-with-high-ice-green-chalcedony\/","title":{"rendered":"\u00c9l\u00e9gante bague en argent plaqu\u00e9 925 avec \u00e9meraude et calc\u00e9doine verte \u00e0 haute teneur en glace"},"content":{"rendered":"<div data-elementor-type=\"wp-post\" data-elementor-id=\"29\" class=\"elementor elementor-29\" data-elementor-post-type=\"product\">\n\t\t\t\t<div class=\"elementor-element elementor-element-368b9b84 e-flex e-con-boxed e-con e-parent\" data-id=\"368b9b84\" data-element_type=\"container\" data-e-type=\"container\">\n\t\t\t\t\t<div class=\"e-con-inner\">\n\t\t<div class=\"elementor-element elementor-element-4810482 e-con-full e-flex e-con e-child\" data-id=\"4810482\" data-element_type=\"container\" data-e-type=\"container\">\n\t\t\t\t<div class=\"elementor-element elementor-element-e40b941 elementor-widget elementor-widget-video\" data-id=\"e40b941\" data-element_type=\"widget\" data-e-type=\"widget\" data-settings=\"{&quot;youtube_url&quot;:&quot;https:\\\/\\\/youtube.com\\\/watch?v=wIGVcPmazNg&quot;,&quot;loop&quot;:&quot;yes&quot;,&quot;video_type&quot;:&quot;youtube&quot;,&quot;controls&quot;:&quot;yes&quot;}\" data-widget_type=\"video.default\">\n\t\t\t\t<div class=\"elementor-widget-container\">\n\t\t\t\t\t\t\t<div class=\"elementor-wrapper elementor-open-inline\">\n\t\t\t<div class=\"elementor-video\"><\/div>\t\t<\/div>\n\t\t\t\t\t\t<\/div>\n\t\t\t\t<\/div>\n\t\t\t\t<\/div>\n\t\t\t\t<div class=\"elementor-element elementor-element-574e2bcd elementor-widget elementor-widget-text-editor\" data-id=\"574e2bcd\" data-element_type=\"widget\" data-e-type=\"widget\" data-widget_type=\"text-editor.default\">\n\t\t\t\t<div class=\"elementor-widget-container\">\n\t\t\t\t\t\t\t\t\t<em>Vue d'ensemble :<\/em> Voici notre \u00e9l\u00e9gante bague en argent 925 plaqu\u00e9 \u00e9meraude, orn\u00e9e d'une pierre pr\u00e9cieuse en calc\u00e9doine de couleur vert glace. Cette pi\u00e8ce exquise est con\u00e7ue pour ajouter une touche de sophistication \u00e0 n'importe quel ensemble, ce qui la rend parfaite pour les occasions sp\u00e9ciales ou pour \u00eatre port\u00e9e tous les jours.\r\n\r\n<em>Caract\u00e9ristiques :<\/em>\r\n<ul>\r\n \t<li><strong>Mat\u00e9riau :<\/strong> Plaqu\u00e9 argent 925 pour une finition durable et brillante.<\/li>\r\n \t<li><strong>Pierre pr\u00e9cieuse :<\/strong> Calc\u00e9doine verte \u00e0 haute teneur en glace, connue pour sa teinte vibrante et sa clart\u00e9.<\/li>\r\n \t<li><strong>Conception :<\/strong> Serti classique qui met en valeur la beaut\u00e9 naturelle de la pierre pr\u00e9cieuse.<\/li>\r\n \t<li><strong>Taille :<\/strong> Disponible en plusieurs tailles pour garantir un ajustement parfait.<\/li>\r\n \t<li><strong>Occasions :<\/strong> Id\u00e9al pour les mariages, les fian\u00e7ailles, les anniversaires ou comme cadeau attentionn\u00e9.<\/li>\r\n<\/ul>\r\n<em>Instructions d'entretien :<\/em> Pour pr\u00e9server l'\u00e9clat et la durabilit\u00e9 de la bague, \u00e9vitez de l'exposer \u00e0 des produits chimiques agressifs et rangez-la dans une bo\u00eete \u00e0 bijoux lorsque vous ne l'utilisez pas. Nettoyez-la d\u00e9licatement avec un chiffon doux pour pr\u00e9server son \u00e9clat.\r\n\r\n<em>Remarque :<\/em> Veuillez consulter notre guide des tailles pour s\u00e9lectionner la taille de bague appropri\u00e9e. Pour toute question ou assistance, n'h\u00e9sitez pas \u00e0 contacter notre service client\u00e8le.\r\n\r\n<a href=\"https:\/\/emeraldring.shop\/wp-content\/uploads\/2022\/12\/Elegant-925-Silver-Plated-Emerald-Ring-with-High-Ice-Green-Chalcedony-1.jpg\"><img fetchpriority=\"high\" decoding=\"async\" src=\"https:\/\/emeraldring.shop\/wp-content\/uploads\/2022\/12\/Elegant-925-Silver-Plated-Emerald-Ring-with-High-Ice-Green-Chalcedony-1.jpg\" alt=\"Elegant 925 Silver Plated Emerald Ring with High Ice Green Chalcedony\" width=\"800\" height=\"800\" \/><\/a> <a href=\"https:\/\/emeraldring.shop\/wp-content\/uploads\/2022\/12\/Elegant-925-Silver-Plated-Emerald-Ring-with-High-Ice-Green-Chalcedony-3.jpg\"><img decoding=\"async\" src=\"https:\/\/emeraldring.shop\/wp-content\/uploads\/2022\/12\/Elegant-925-Silver-Plated-Emerald-Ring-with-High-Ice-Green-Chalcedony-3.jpg\" alt=\"Elegant 925 Silver Plated Emerald Ring with High Ice Green Chalcedony\" width=\"800\" height=\"800\" \/><\/a> <a href=\"https:\/\/emeraldring.shop\/wp-content\/uploads\/2022\/12\/Elegant-925-Silver-Plated-Emerald-Ring-with-High-Ice-Green-Chalcedony-4.jpg\"><img decoding=\"async\" src=\"https:\/\/emeraldring.shop\/wp-content\/uploads\/2022\/12\/Elegant-925-Silver-Plated-Emerald-Ring-with-High-Ice-Green-Chalcedony-4.jpg\" alt=\"Elegant 925 Silver Plated Emerald Ring with High Ice Green Chalcedony\" width=\"800\" height=\"800\" \/><\/a> <a href=\"https:\/\/emeraldring.shop\/wp-content\/uploads\/2022\/12\/Elegant-925-Silver-Plated-Emerald-Ring-with-High-Ice-Green-Chalcedony-7.jpg\"><img loading=\"lazy\" decoding=\"async\" src=\"https:\/\/emeraldring.shop\/wp-content\/uploads\/2022\/12\/Elegant-925-Silver-Plated-Emerald-Ring-with-High-Ice-Green-Chalcedony-7.jpg\" alt=\"Elegant 925 Silver Plated Emerald Ring with High Ice Green Chalcedony\" width=\"800\" height=\"800\" \/><\/a> <a href=\"https:\/\/emeraldring.shop\/wp-content\/uploads\/2022\/12\/Elegant-925-Silver-Plated-Emerald-Ring-with-High-Ice-Green-Chalcedony-8.jpg\"><img loading=\"lazy\" decoding=\"async\" src=\"https:\/\/emeraldring.shop\/wp-content\/uploads\/2022\/12\/Elegant-925-Silver-Plated-Emerald-Ring-with-High-Ice-Green-Chalcedony-8.jpg\" alt=\"Elegant 925 Silver Plated Emerald Ring with High Ice Green Chalcedony\" width=\"800\" height=\"800\" \/><\/a><a href=\"https:\/\/emeraldring.shop\/wp-content\/uploads\/2022\/12\/Elegant-925-Silver-Plated-Emerald-Ring-with-High-Ice-Green-Chalcedony-2.jpg\"><img loading=\"lazy\" decoding=\"async\" src=\"https:\/\/emeraldring.shop\/wp-content\/uploads\/2022\/12\/Elegant-925-Silver-Plated-Emerald-Ring-with-High-Ice-Green-Chalcedony-2.jpg\" alt=\"Elegant 925 Silver Plated Emerald Ring with High Ice Green Chalcedony\" width=\"800\" height=\"800\" \/><\/a> <a href=\"https:\/\/emeraldring.shop\/wp-content\/uploads\/2022\/12\/Elegant-925-Silver-Plated-Emerald-Ring-with-High-Ice-Green-Chalcedony-5.jpg\"><img loading=\"lazy\" decoding=\"async\" src=\"https:\/\/emeraldring.shop\/wp-content\/uploads\/2022\/12\/Elegant-925-Silver-Plated-Emerald-Ring-with-High-Ice-Green-Chalcedony-5.jpg\" alt=\"Elegant 925 Silver Plated Emerald Ring with High Ice Green Chalcedony\" width=\"800\" height=\"800\" \/><\/a> <a href=\"https:\/\/emeraldring.shop\/wp-content\/uploads\/2022\/12\/Elegant-925-Silver-Plated-Emerald-Ring-with-High-Ice-Green-Chalcedony-6.jpg\"><img loading=\"lazy\" decoding=\"async\" src=\"https:\/\/emeraldring.shop\/wp-content\/uploads\/2022\/12\/Elegant-925-Silver-Plated-Emerald-Ring-with-High-Ice-Green-Chalcedony-6.jpg\" alt=\"Elegant 925 Silver Plated Emerald Ring with High Ice Green Chalcedony\" width=\"800\" height=\"800\" \/><\/a>\t\t\t\t\t\t\t\t<\/div>\n\t\t\t\t<\/div>\n\t\t\t\t\t<\/div>\n\t\t\t\t<\/div>\n\t\t\t\t<\/div>","protected":false},"excerpt":{"rendered":"<p><em><strong>Pourquoi acheter<\/strong>:<\/em> Cette bague en \u00e9meraude n'est pas seulement un symbole d'\u00e9l\u00e9gance, mais aussi un t\u00e9moignage de la finesse de l'artisanat. La pierre pr\u00e9cieuse en calc\u00e9doine verte \u00e0 haute teneur en glace est soigneusement s\u00e9lectionn\u00e9e pour sa qualit\u00e9 et sa brillance, ce qui garantit que chaque bague est unique. Que vous souhaitiez marquer une occasion sp\u00e9ciale ou simplement vous offrir un beau bijou, cette bague est un ajout intemporel \u00e0 toute collection.<\/p>","protected":false},"featured_media":122,"comment_status":"open","ping_status":"closed","template":"","meta":{"_kad_post_transparent":"","_kad_post_title":"","_kad_post_layout":"","_kad_post_sidebar_id":"","_kad_post_content_style":"","_kad_post_vertical_padding":"","_kad_post_feature":"","_kad_post_feature_position":"","_kad_post_header":false,"_kad_post_footer":false},"product_brand":[],"product_cat":[16,89,67,20,15,69],"product_tag":[18],"class_list":{"0":"post-29","1":"product","2":"type-product","3":"status-publish","4":"has-post-thumbnail","6":"product_cat-emerald-ring","7":"product_cat-engagement-and-wedding","8":"product_cat-lab-grown-gemstones-ring","9":"product_cat-oval-ring","10":"product_cat-rings","11":"product_cat-solitaire","12":"product_tag-emerald-ring","14":"first","15":"instock","16":"shipping-taxable","17":"purchasable","18":"product-type-variable","19":"entry","20":"content-bg","21":"loop-entry"},"aioseo_notices":[],"_links":{"self":[{"href":"https:\/\/emeraldsring.com\/fr\/wp-json\/wp\/v2\/product\/29","targetHints":{"allow":["GET"]}}],"collection":[{"href":"https:\/\/emeraldsring.com\/fr\/wp-json\/wp\/v2\/product"}],"about":[{"href":"https:\/\/emeraldsring.com\/fr\/wp-json\/wp\/v2\/types\/product"}],"replies":[{"embeddable":true,"href":"https:\/\/emeraldsring.com\/fr\/wp-json\/wp\/v2\/comments?post=29"}],"version-history":[{"count":4,"href":"https:\/\/emeraldsring.com\/fr\/wp-json\/wp\/v2\/product\/29\/revisions"}],"predecessor-version":[{"id":1179,"href":"https:\/\/emeraldsring.com\/fr\/wp-json\/wp\/v2\/product\/29\/revisions\/1179"}],"wp:featuredmedia":[{"embeddable":true,"href":"https:\/\/emeraldsring.com\/fr\/wp-json\/wp\/v2\/media\/122"}],"wp:attachment":[{"href":"https:\/\/emeraldsring.com\/fr\/wp-json\/wp\/v2\/media?parent=29"}],"wp:term":[{"taxonomy":"product_brand","embeddable":true,"href":"https:\/\/emeraldsring.com\/fr\/wp-json\/wp\/v2\/product_brand?post=29"},{"taxonomy":"product_cat","embeddable":true,"href":"https:\/\/emeraldsring.com\/fr\/wp-json\/wp\/v2\/product_cat?post=29"},{"taxonomy":"product_tag","embeddable":true,"href":"https:\/\/emeraldsring.com\/fr\/wp-json\/wp\/v2\/product_tag?post=29"}],"curies":[{"name":"wp","href":"https:\/\/api.w.org\/{rel}","templated":true}]}}