{"id":30,"date":"2025-02-04T10:02:28","date_gmt":"2025-02-04T10:02:28","guid":{"rendered":"https:\/\/emeraldsring.com\/?post_type=product&#038;p=30"},"modified":"2025-03-03T11:32:02","modified_gmt":"2025-03-03T06:32:02","slug":"elegant-s925-sterling-silver-rectangular-emerald-ring","status":"publish","type":"product","link":"https:\/\/emeraldsring.com\/fr\/produit\/elegant-s925-sterling-silver-rectangular-emerald-ring\/","title":{"rendered":"\u00c9l\u00e9gante bague en argent sterling S925 avec \u00e9meraude rectangulaire"},"content":{"rendered":"<div data-elementor-type=\"wp-post\" data-elementor-id=\"30\" class=\"elementor elementor-30\" data-elementor-post-type=\"product\">\n\t\t\t\t<div class=\"elementor-element elementor-element-4147143d e-flex e-con-boxed e-con e-parent\" data-id=\"4147143d\" data-element_type=\"container\">\n\t\t\t\t\t<div class=\"e-con-inner\">\n\t\t<div class=\"elementor-element elementor-element-d7213af e-con-full e-flex e-con e-child\" data-id=\"d7213af\" data-element_type=\"container\">\n\t\t\t\t<div class=\"elementor-element elementor-element-8f95213 elementor-widget elementor-widget-video\" data-id=\"8f95213\" data-element_type=\"widget\" data-settings=\"{&quot;youtube_url&quot;:&quot;https:\\\/\\\/www.youtube.com\\\/watch?v=F7SxMUS-hm8&quot;,&quot;loop&quot;:&quot;yes&quot;,&quot;video_type&quot;:&quot;youtube&quot;,&quot;controls&quot;:&quot;yes&quot;}\" data-widget_type=\"video.default\">\n\t\t\t\t<div class=\"elementor-widget-container\">\n\t\t\t\t\t\t\t<div class=\"elementor-wrapper elementor-open-inline\">\n\t\t\t<div class=\"elementor-video\"><\/div>\t\t<\/div>\n\t\t\t\t\t\t<\/div>\n\t\t\t\t<\/div>\n\t\t\t\t<\/div>\n\t\t\t\t<div class=\"elementor-element elementor-element-7baf55c9 elementor-widget elementor-widget-text-editor\" data-id=\"7baf55c9\" data-element_type=\"widget\" data-widget_type=\"text-editor.default\">\n\t\t\t\t<div class=\"elementor-widget-container\">\n\t\t\t\t\t\t\t\t\t<p data-start=\"336\" data-end=\"681\">Rehaussez votre collection de bijoux avec cette magnifique bague en argent 925, orn\u00e9e de deux magnifiques \u00e9meraudes vertes qui brillent sur l'anneau d'argent lisse et poli. Le design subtil mais sophistiqu\u00e9 de cette bague en fait un accessoire polyvalent, parfait pour les tenues d\u00e9contract\u00e9es ou habill\u00e9es.<\/p><p data-start=\"683\" data-end=\"1022\">Cette bague exquise est fabriqu\u00e9e en argent sterling 925 de haute qualit\u00e9, offrant une durabilit\u00e9 durable sans compromettre le style. Les \u00e9meraudes, connues pour leur couleur vibrante et leur \u00e9l\u00e9gance intemporelle, ajoutent une touche de luxe \u00e0 cette pi\u00e8ce d\u00e9j\u00e0 \u00e9blouissante. Que vous vous fassiez plaisir ou que vous cherchiez le cadeau id\u00e9al, cette bague ne manquera pas d'impressionner.<\/p><p data-start=\"1024\" data-end=\"1041\"><strong data-start=\"1024\" data-end=\"1041\">Caract\u00e9ristiques principales :<\/strong><\/p><ul data-start=\"1042\" data-end=\"1260\"><li data-start=\"1042\" data-end=\"1081\">Fabriqu\u00e9 en argent sterling 925 de premi\u00e8re qualit\u00e9<\/li><li data-start=\"1082\" data-end=\"1125\">Deux \u00e9meraudes d'un vert \u00e9clatant<\/li><li data-start=\"1126\" data-end=\"1155\">Design \u00e9l\u00e9gant et intemporel<\/li><li data-start=\"1156\" data-end=\"1212\">Pi\u00e8ce polyvalente \u00e0 porter au quotidien ou lors d'occasions sp\u00e9ciales<\/li><li data-start=\"1213\" data-end=\"1260\">Disponible en plusieurs tailles pour un ajustement parfait<\/li><\/ul><p data-start=\"1262\" data-end=\"1367\" data-is-last-node=\"\">Ajoutez cette magnifique bague en \u00e9meraude \u00e0 votre collection d\u00e8s aujourd'hui et d\u00e9couvrez l'\u00e9l\u00e9gance et le luxe qu'elle apporte !<\/p>\t\t\t\t\t\t\t\t<\/div>\n\t\t\t\t<\/div>\n\t\t\t\t\t<\/div>\n\t\t\t\t<\/div>\n\t\t\t\t<\/div>","protected":false},"excerpt":{"rendered":"<p><strong>Pourquoi choisir cette bague en \u00e9meraude ?<\/strong><\/p>\n<ol>\n<li><strong>Une \u00e9l\u00e9gance in\u00e9gal\u00e9e :<\/strong> Le m\u00e9lange harmonieux de l'argent sterling et de l'\u00e9meraude d\u00e9gage un charme intemporel.<\/li>\n<li><strong>Une qualit\u00e9 de fabrication sup\u00e9rieure :<\/strong> Chaque bague est m\u00e9ticuleusement fabriqu\u00e9e pour r\u00e9pondre aux normes de qualit\u00e9 les plus \u00e9lev\u00e9es.<\/li>\n<li><strong>Accessoire polyvalent :<\/strong> Parfait pour le quotidien et les occasions sp\u00e9ciales, il ajoute une touche de sophistication \u00e0 toutes les tenues.<\/li>\n<li><strong>Un cadeau bien pens\u00e9 :<\/strong> Un cadeau id\u00e9al pour les anniversaires, les fian\u00e7ailles ou comme symbole d'amour et d'engagement.<\/li>\n<\/ol>","protected":false},"featured_media":132,"comment_status":"open","ping_status":"closed","template":"","meta":{"_kad_post_transparent":"","_kad_post_title":"","_kad_post_layout":"","_kad_post_sidebar_id":"","_kad_post_content_style":"","_kad_post_vertical_padding":"","_kad_post_feature":"","_kad_post_feature_position":"","_kad_post_header":false,"_kad_post_footer":false},"product_brand":[],"product_cat":[16,89,17,21,67,95,15],"product_tag":[18],"class_list":{"0":"post-30","1":"product","2":"type-product","3":"status-publish","4":"has-post-thumbnail","6":"product_cat-emerald-ring","7":"product_cat-engagement-and-wedding","8":"product_cat-engagement-ring","9":"product_cat-eternity-band","10":"product_cat-lab-grown-gemstones-ring","11":"product_cat-mens-rings","12":"product_cat-rings","13":"product_tag-emerald-ring","15":"first","16":"instock","17":"shipping-taxable","18":"purchasable","19":"product-type-variable","20":"entry","21":"content-bg","22":"loop-entry"},"aioseo_notices":[],"_links":{"self":[{"href":"https:\/\/emeraldsring.com\/fr\/wp-json\/wp\/v2\/product\/30","targetHints":{"allow":["GET"]}}],"collection":[{"href":"https:\/\/emeraldsring.com\/fr\/wp-json\/wp\/v2\/product"}],"about":[{"href":"https:\/\/emeraldsring.com\/fr\/wp-json\/wp\/v2\/types\/product"}],"replies":[{"embeddable":true,"href":"https:\/\/emeraldsring.com\/fr\/wp-json\/wp\/v2\/comments?post=30"}],"version-history":[{"count":11,"href":"https:\/\/emeraldsring.com\/fr\/wp-json\/wp\/v2\/product\/30\/revisions"}],"predecessor-version":[{"id":1559,"href":"https:\/\/emeraldsring.com\/fr\/wp-json\/wp\/v2\/product\/30\/revisions\/1559"}],"wp:featuredmedia":[{"embeddable":true,"href":"https:\/\/emeraldsring.com\/fr\/wp-json\/wp\/v2\/media\/132"}],"wp:attachment":[{"href":"https:\/\/emeraldsring.com\/fr\/wp-json\/wp\/v2\/media?parent=30"}],"wp:term":[{"taxonomy":"product_brand","embeddable":true,"href":"https:\/\/emeraldsring.com\/fr\/wp-json\/wp\/v2\/product_brand?post=30"},{"taxonomy":"product_cat","embeddable":true,"href":"https:\/\/emeraldsring.com\/fr\/wp-json\/wp\/v2\/product_cat?post=30"},{"taxonomy":"product_tag","embeddable":true,"href":"https:\/\/emeraldsring.com\/fr\/wp-json\/wp\/v2\/product_tag?post=30"}],"curies":[{"name":"wp","href":"https:\/\/api.w.org\/{rel}","templated":true}]}}