{"id":32,"date":"2025-02-04T10:02:29","date_gmt":"2025-02-04T10:02:29","guid":{"rendered":"https:\/\/emeraldsring.com\/?post_type=product&#038;p=32"},"modified":"2025-04-28T19:59:57","modified_gmt":"2025-04-28T14:59:57","slug":"elegant-european-and-american-style-interwoven-emerald-ring","status":"publish","type":"product","link":"https:\/\/emeraldsring.com\/fr\/produit\/elegant-european-and-american-style-interwoven-emerald-ring\/","title":{"rendered":"\u00c9l\u00e9gante bague en argent sterling 925 avec diamant taille \u00e9meraude entrelac\u00e9"},"content":{"rendered":"<div data-elementor-type=\"wp-post\" data-elementor-id=\"32\" class=\"elementor elementor-32\" data-elementor-post-type=\"product\">\n\t\t\t\t<div class=\"elementor-element elementor-element-23860f0b e-flex e-con-boxed e-con e-parent\" data-id=\"23860f0b\" data-element_type=\"container\">\n\t\t\t\t\t<div class=\"e-con-inner\">\n\t\t<div class=\"elementor-element elementor-element-833c928 e-con-full e-flex e-con e-child\" data-id=\"833c928\" data-element_type=\"container\">\n\t\t\t\t<div class=\"elementor-element elementor-element-9c5ec22 elementor-widget elementor-widget-video\" data-id=\"9c5ec22\" data-element_type=\"widget\" data-settings=\"{&quot;youtube_url&quot;:&quot;https:\\\/\\\/youtube.com\\\/watch?v=cI4SJxatrMc&quot;,&quot;video_type&quot;:&quot;youtube&quot;,&quot;controls&quot;:&quot;yes&quot;}\" data-widget_type=\"video.default\">\n\t\t\t\t<div class=\"elementor-widget-container\">\n\t\t\t\t\t\t\t<div class=\"elementor-wrapper elementor-open-inline\">\n\t\t\t<div class=\"elementor-video\"><\/div>\t\t<\/div>\n\t\t\t\t\t\t<\/div>\n\t\t\t\t<\/div>\n\t\t\t\t<\/div>\n\t\t\t\t<div class=\"elementor-element elementor-element-7e5d6e44 elementor-widget elementor-widget-text-editor\" data-id=\"7e5d6e44\" data-element_type=\"widget\" data-widget_type=\"text-editor.default\">\n\t\t\t\t<div class=\"elementor-widget-container\">\n\t\t\t\t\t\t\t\t\t<p data-start=\"385\" data-end=\"833\">Laissez-vous s\u00e9duire par la beaut\u00e9 de notre bague en argent 925 diamant vert, une pi\u00e8ce \u00e9tonnante con\u00e7ue pour captiver avec son arrangement complexe de diamants verts et blancs. L'alternance de pierres vertes et claires cr\u00e9e un contraste envo\u00fbtant, tandis que la monture en argent sterling poli permet \u00e0 la bague de briller sous tous les angles. Cette bague respire le luxe et la sophistication, ce qui en fait l'accessoire id\u00e9al pour toutes les occasions.<\/p><p data-start=\"835\" data-end=\"1121\">Que vous assistiez \u00e0 un \u00e9v\u00e9nement sp\u00e9cial, que vous c\u00e9l\u00e9briez une \u00e9tape importante ou que vous souhaitiez simplement rehausser votre look de tous les jours, cette bague ajoutera une touche d'\u00e9l\u00e9gance \u00e0 votre style. Gr\u00e2ce \u00e0 sa qualit\u00e9 de fabrication et \u00e0 son design intemporel, cette bague n'est pas seulement un bel accessoire, mais aussi un tr\u00e9sor durable.<\/p><p data-start=\"1123\" data-end=\"1140\"><strong data-start=\"1123\" data-end=\"1140\">Caract\u00e9ristiques principales :<\/strong><\/p><ul data-start=\"1141\" data-end=\"1402\"><li data-start=\"1141\" data-end=\"1180\">Fabriqu\u00e9 en argent sterling 925 de premi\u00e8re qualit\u00e9<\/li><li data-start=\"1181\" data-end=\"1243\">Combinaison \u00e9blouissante de diamants verts et blancs<\/li><li data-start=\"1244\" data-end=\"1304\">Design \u00e9l\u00e9gant et sophistiqu\u00e9 convenant \u00e0 toutes les occasions<\/li><li data-start=\"1305\" data-end=\"1352\">Disponible en plusieurs tailles pour un ajustement parfait<\/li><li data-start=\"1353\" data-end=\"1402\">Un compl\u00e9ment luxueux \u00e0 votre collection de bijoux<\/li><\/ul><p data-start=\"1404\" data-end=\"1591\" data-is-last-node=\"\">Ajoutez cette exquise bague en diamant vert \u00e0 votre collection et d\u00e9couvrez l'\u00e9l\u00e9gance qu'elle apporte \u00e0 chaque occasion. Ne manquez pas de passer commande d\u00e8s maintenant pour une pi\u00e8ce qui durera toute une vie !<\/p>\t\t\t\t\t\t\t\t<\/div>\n\t\t\t\t<\/div>\n\t\t\t\t\t<\/div>\n\t\t\t\t<\/div>\n\t\t\t\t<\/div>","protected":false},"excerpt":{"rendered":"<p><em>Pourquoi acheter ?<\/em> Cette bague en \u00e9meraude entrelac\u00e9e est plus qu'un simple bijou, c'est une d\u00e9claration de style et d'\u00e9l\u00e9gance. Son design unique et sa pierre pr\u00e9cieuse vibrante en font un cadeau id\u00e9al pour vous-m\u00eame ou pour un \u00eatre cher, \u00e0 porter lors d'occasions sp\u00e9ciales ou au quotidien.<\/p>","protected":false},"featured_media":152,"comment_status":"open","ping_status":"closed","template":"","meta":{"_kad_post_transparent":"","_kad_post_title":"","_kad_post_layout":"","_kad_post_sidebar_id":"","_kad_post_content_style":"","_kad_post_vertical_padding":"","_kad_post_feature":"","_kad_post_feature_position":"","_kad_post_header":false,"_kad_post_footer":false},"product_brand":[],"product_cat":[16,89,17,21,67,15],"product_tag":[18],"class_list":{"0":"post-32","1":"product","2":"type-product","3":"status-publish","4":"has-post-thumbnail","6":"product_cat-emerald-ring","7":"product_cat-engagement-and-wedding","8":"product_cat-engagement-ring","9":"product_cat-eternity-band","10":"product_cat-lab-grown-gemstones-ring","11":"product_cat-rings","12":"product_tag-emerald-ring","14":"first","15":"instock","16":"shipping-taxable","17":"purchasable","18":"product-type-variable","19":"entry","20":"content-bg","21":"loop-entry"},"aioseo_notices":[],"_links":{"self":[{"href":"https:\/\/emeraldsring.com\/fr\/wp-json\/wp\/v2\/product\/32","targetHints":{"allow":["GET"]}}],"collection":[{"href":"https:\/\/emeraldsring.com\/fr\/wp-json\/wp\/v2\/product"}],"about":[{"href":"https:\/\/emeraldsring.com\/fr\/wp-json\/wp\/v2\/types\/product"}],"replies":[{"embeddable":true,"href":"https:\/\/emeraldsring.com\/fr\/wp-json\/wp\/v2\/comments?post=32"}],"version-history":[{"count":5,"href":"https:\/\/emeraldsring.com\/fr\/wp-json\/wp\/v2\/product\/32\/revisions"}],"predecessor-version":[{"id":1439,"href":"https:\/\/emeraldsring.com\/fr\/wp-json\/wp\/v2\/product\/32\/revisions\/1439"}],"wp:featuredmedia":[{"embeddable":true,"href":"https:\/\/emeraldsring.com\/fr\/wp-json\/wp\/v2\/media\/152"}],"wp:attachment":[{"href":"https:\/\/emeraldsring.com\/fr\/wp-json\/wp\/v2\/media?parent=32"}],"wp:term":[{"taxonomy":"product_brand","embeddable":true,"href":"https:\/\/emeraldsring.com\/fr\/wp-json\/wp\/v2\/product_brand?post=32"},{"taxonomy":"product_cat","embeddable":true,"href":"https:\/\/emeraldsring.com\/fr\/wp-json\/wp\/v2\/product_cat?post=32"},{"taxonomy":"product_tag","embeddable":true,"href":"https:\/\/emeraldsring.com\/fr\/wp-json\/wp\/v2\/product_tag?post=32"}],"curies":[{"name":"wp","href":"https:\/\/api.w.org\/{rel}","templated":true}]}}