{"id":33,"date":"2025-02-04T10:02:29","date_gmt":"2025-02-04T10:02:29","guid":{"rendered":"https:\/\/emeraldsring.com\/?post_type=product&#038;p=33"},"modified":"2025-03-03T11:32:42","modified_gmt":"2025-03-03T06:32:42","slug":"stunning-rectangular-cut-emerald-ring-in-925-sterling-silver","status":"publish","type":"product","link":"https:\/\/emeraldsring.com\/fr\/produit\/stunning-rectangular-cut-emerald-ring-in-925-sterling-silver\/","title":{"rendered":"Superbe bague en argent sterling 925 avec \u00e9meraude de taille rectangulaire"},"content":{"rendered":"<h4><strong>Caract\u00e9ristiques principales :<\/strong><\/h4>\n<ul>\n<li><strong>\u00c9meraudes de taille rectangulaire :<\/strong> Une \u00e9tonnante rang\u00e9e de pierres pr\u00e9cieuses \u00e9meraude dans une forme rectangulaire \u00e9l\u00e9gante, offrant une esth\u00e9tique moderne et \u00e9l\u00e9gante.<\/li>\n<li><strong>Argent 925 Sterling Bande :<\/strong> Argent de haute qualit\u00e9 avec une finition polie pour une durabilit\u00e9 et une brillance durables.<\/li>\n<li><strong>Conception polyvalente :<\/strong> Parfait pour une tenue d\u00e9contract\u00e9e, formelle ou d'affaires, il s'agit d'un ajout polyvalent \u00e0 votre collection de bijoux.<\/li>\n<li><strong>Confortable :<\/strong> Con\u00e7ue pour \u00eatre port\u00e9e toute la journ\u00e9e sans compromis sur le style.<\/li>\n<\/ul>\n<hr \/>\n<h4><strong>Pourquoi choisir cette bague en \u00e9meraude ?<\/strong><\/h4>\n<ul>\n<li><strong>Une \u00e9l\u00e9gance in\u00e9gal\u00e9e :<\/strong> Un m\u00e9lange de design contemporain et de beaut\u00e9 intemporelle des pierres pr\u00e9cieuses.<\/li>\n<li><strong>Parfait pour toutes les occasions :<\/strong> Qu'elle soit port\u00e9e au quotidien ou lors de c\u00e9l\u00e9brations sp\u00e9ciales, cette bague s'adapte \u00e0 toutes les tenues.<\/li>\n<li><strong>Un emballage digne d'un cadeau :<\/strong> Livr\u00e9 dans une \u00e9l\u00e9gante bo\u00eete \u00e0 bijoux, pr\u00eat \u00e0 \u00eatre offert.<\/li>\n<\/ul>\n<hr \/>\n<h4><strong>Instructions d'entretien :<\/strong><\/h4>\n<p>Pour pr\u00e9server l'\u00e9clat de votre bague en \u00e9meraude, nettoyez-la avec un chiffon doux et \u00e9vitez de l'exposer \u00e0 des produits chimiques agressifs. Rangez-la dans une bo\u00eete \u00e0 bijoux pour \u00e9viter les rayures et le ternissement.<\/p>\n<p><a href=\"https:\/\/emeraldring.shop\/wp-content\/uploads\/2022\/12\/Stunning-Rectangular-Cut-Emerald-Ring-in-925-Sterling-Silver-1.jpg\"><img fetchpriority=\"high\" decoding=\"async\" src=\"https:\/\/emeraldring.shop\/wp-content\/uploads\/2022\/12\/Stunning-Rectangular-Cut-Emerald-Ring-in-925-Sterling-Silver-1.jpg\" alt=\"Stunning Rectangular Cut Emerald Ring in 925 Sterling Silver\" width=\"800\" height=\"800\" \/><\/a> <a href=\"https:\/\/emeraldring.shop\/wp-content\/uploads\/2022\/12\/Stunning-Rectangular-Cut-Emerald-Ring-in-925-Sterling-Silver-2.jpg\"><img decoding=\"async\" src=\"https:\/\/emeraldring.shop\/wp-content\/uploads\/2022\/12\/Stunning-Rectangular-Cut-Emerald-Ring-in-925-Sterling-Silver-2.jpg\" alt=\"Stunning Rectangular Cut Emerald Ring in 925 Sterling Silver\" width=\"800\" height=\"800\" \/><\/a> <a href=\"https:\/\/emeraldring.shop\/wp-content\/uploads\/2022\/12\/Stunning-Rectangular-Cut-Emerald-Ring-in-925-Sterling-Silver-3.jpg\"><img decoding=\"async\" src=\"https:\/\/emeraldring.shop\/wp-content\/uploads\/2022\/12\/Stunning-Rectangular-Cut-Emerald-Ring-in-925-Sterling-Silver-3.jpg\" alt=\"Stunning Rectangular Cut Emerald Ring in 925 Sterling Silver\" width=\"800\" height=\"800\" \/><\/a> <a href=\"https:\/\/emeraldring.shop\/wp-content\/uploads\/2022\/12\/Stunning-Rectangular-Cut-Emerald-Ring-in-925-Sterling-Silver-4.jpg\"><img loading=\"lazy\" decoding=\"async\" src=\"https:\/\/emeraldring.shop\/wp-content\/uploads\/2022\/12\/Stunning-Rectangular-Cut-Emerald-Ring-in-925-Sterling-Silver-4.jpg\" alt=\"Stunning Rectangular Cut Emerald Ring in 925 Sterling Silver\" width=\"800\" height=\"800\" \/><\/a> <a href=\"https:\/\/emeraldring.shop\/wp-content\/uploads\/2022\/12\/Stunning-Rectangular-Cut-Emerald-Ring-in-925-Sterling-Silver-6.jpg\"><img loading=\"lazy\" decoding=\"async\" src=\"https:\/\/emeraldring.shop\/wp-content\/uploads\/2022\/12\/Stunning-Rectangular-Cut-Emerald-Ring-in-925-Sterling-Silver-6.jpg\" alt=\"Stunning Rectangular Cut Emerald Ring in 925 Sterling Silver\" width=\"800\" height=\"800\" \/><\/a> <a href=\"https:\/\/emeraldring.shop\/wp-content\/uploads\/2022\/12\/Stunning-Rectangular-Cut-Emerald-Ring-in-925-Sterling-Silver-7.jpg\"><img loading=\"lazy\" decoding=\"async\" src=\"https:\/\/emeraldring.shop\/wp-content\/uploads\/2022\/12\/Stunning-Rectangular-Cut-Emerald-Ring-in-925-Sterling-Silver-7.jpg\" alt=\"Stunning Rectangular Cut Emerald Ring in 925 Sterling Silver\" width=\"800\" height=\"800\" \/><\/a> <a href=\"https:\/\/emeraldring.shop\/wp-content\/uploads\/2022\/12\/Stunning-Rectangular-Cut-Emerald-Ring-in-925-Sterling-Silver-8.jpg\"><img loading=\"lazy\" decoding=\"async\" src=\"https:\/\/emeraldring.shop\/wp-content\/uploads\/2022\/12\/Stunning-Rectangular-Cut-Emerald-Ring-in-925-Sterling-Silver-8.jpg\" alt=\"Stunning Rectangular Cut Emerald Ring in 925 Sterling Silver\" width=\"800\" height=\"800\" \/><\/a><\/p>","protected":false},"excerpt":{"rendered":"<h4><strong>Vue d'ensemble :<\/strong><\/h4>\n<p>Faites-vous remarquer avec cette bague en \u00e9meraude sophistiqu\u00e9e, fabriqu\u00e9e en argent sterling 925 de premi\u00e8re qualit\u00e9 et orn\u00e9e d'\u00e9meraudes \u00e9blouissantes de taille rectangulaire. Ce mod\u00e8le intemporel est id\u00e9al pour les personnes \u00e0 la pointe de la mode qui appr\u00e9cient l'\u00e9l\u00e9gance et la qualit\u00e9. Qu'il s'agisse d'un cadeau pour un \u00eatre cher ou d'un plaisir personnel, cette bague ne manquera pas d'impressionner.<\/p>","protected":false},"featured_media":162,"comment_status":"open","ping_status":"closed","template":"","meta":{"_kad_post_transparent":"","_kad_post_title":"","_kad_post_layout":"","_kad_post_sidebar_id":"","_kad_post_content_style":"","_kad_post_vertical_padding":"","_kad_post_feature":"","_kad_post_feature_position":"","_kad_post_header":false,"_kad_post_footer":false},"product_brand":[],"product_cat":[15,16,89,21,67,20],"product_tag":[18],"class_list":{"0":"post-33","1":"product","2":"type-product","3":"status-publish","4":"has-post-thumbnail","6":"product_cat-rings","7":"product_cat-emerald-ring","8":"product_cat-engagement-and-wedding","9":"product_cat-eternity-band","10":"product_cat-lab-grown-gemstones-ring","11":"product_cat-oval-ring","12":"product_tag-emerald-ring","14":"first","15":"instock","16":"featured","17":"shipping-taxable","18":"purchasable","19":"product-type-variable","20":"entry","21":"content-bg","22":"loop-entry"},"aioseo_notices":[],"_links":{"self":[{"href":"https:\/\/emeraldsring.com\/fr\/wp-json\/wp\/v2\/product\/33","targetHints":{"allow":["GET"]}}],"collection":[{"href":"https:\/\/emeraldsring.com\/fr\/wp-json\/wp\/v2\/product"}],"about":[{"href":"https:\/\/emeraldsring.com\/fr\/wp-json\/wp\/v2\/types\/product"}],"replies":[{"embeddable":true,"href":"https:\/\/emeraldsring.com\/fr\/wp-json\/wp\/v2\/comments?post=33"}],"version-history":[{"count":1,"href":"https:\/\/emeraldsring.com\/fr\/wp-json\/wp\/v2\/product\/33\/revisions"}],"predecessor-version":[{"id":595,"href":"https:\/\/emeraldsring.com\/fr\/wp-json\/wp\/v2\/product\/33\/revisions\/595"}],"wp:featuredmedia":[{"embeddable":true,"href":"https:\/\/emeraldsring.com\/fr\/wp-json\/wp\/v2\/media\/162"}],"wp:attachment":[{"href":"https:\/\/emeraldsring.com\/fr\/wp-json\/wp\/v2\/media?parent=33"}],"wp:term":[{"taxonomy":"product_brand","embeddable":true,"href":"https:\/\/emeraldsring.com\/fr\/wp-json\/wp\/v2\/product_brand?post=33"},{"taxonomy":"product_cat","embeddable":true,"href":"https:\/\/emeraldsring.com\/fr\/wp-json\/wp\/v2\/product_cat?post=33"},{"taxonomy":"product_tag","embeddable":true,"href":"https:\/\/emeraldsring.com\/fr\/wp-json\/wp\/v2\/product_tag?post=33"}],"curies":[{"name":"wp","href":"https:\/\/api.w.org\/{rel}","templated":true}]}}