{"id":34,"date":"2025-02-04T10:02:29","date_gmt":"2025-02-04T10:02:29","guid":{"rendered":"https:\/\/emeraldsring.com\/?post_type=product&#038;p=34"},"modified":"2026-04-16T04:12:26","modified_gmt":"2026-04-15T23:12:26","slug":"elegant-s925-sterling-silver-ring-with-emerald-zircon","status":"publish","type":"product","link":"https:\/\/emeraldsring.com\/fr\/produit\/elegant-s925-sterling-silver-ring-with-emerald-zircon\/","title":{"rendered":"\u00c9l\u00e9gante bague en argent sterling S925 avec diamants et \u00e9meraudes"},"content":{"rendered":"<p><strong>Caract\u00e9ristiques principales :<\/strong><\/p>\n<ul>\n<li><strong>Mat\u00e9riau de premi\u00e8re qualit\u00e9 :<\/strong> Fabriqu\u00e9 en argent sterling 925 de haute qualit\u00e9, il garantit une durabilit\u00e9 et un \u00e9clat durables.<\/li>\n<li><strong>Zircon \u00e9meraude vibrant :<\/strong> Dot\u00e9 d'un zircon brillant de couleur \u00e9meraude, il offre un aspect luxueux sans en avoir le prix.<\/li>\n<li><strong>Conception polyvalente :<\/strong> Convient pour les anniversaires, les fian\u00e7ailles, les mariages, les f\u00eates ou le port quotidien.<\/li>\n<li><strong>Tailles disponibles :<\/strong> Propos\u00e9s dans des tailles allant de 5 \u00e0 10, ils r\u00e9pondent \u00e0 des pr\u00e9f\u00e9rences vari\u00e9es.<\/li>\n<li><strong>Options de placage :<\/strong> Disponible en or blanc, en or 14k\/18k ou en argent pour s'adapter \u00e0 votre style.<\/li>\n<\/ul>\n<p><strong>Pourquoi choisir cette bague ?<\/strong><\/p>\n<ul>\n<li><strong>Un luxe abordable :<\/strong> D\u00e9couvrez l'aspect d'un bijou haut de gamme \u00e0 une fraction du prix.<\/li>\n<li><strong>Cadeau id\u00e9al :<\/strong> Un cadeau id\u00e9al pour les anniversaires ou les occasions sp\u00e9ciales.<\/li>\n<li><strong>Hypoallerg\u00e9nique :<\/strong> Fabriqu\u00e9 avec des mat\u00e9riaux adapt\u00e9s aux peaux sensibles.<\/li>\n<\/ul>\n<p><strong>Instructions d'entretien :<\/strong> Pour pr\u00e9server l'\u00e9clat de la bague, \u00e9vitez de l'exposer \u00e0 des produits chimiques agressifs et nettoyez-la r\u00e9guli\u00e8rement avec un chiffon doux. Rangez-la dans une bo\u00eete \u00e0 bijoux lorsque vous ne l'utilisez pas afin d'\u00e9viter les rayures.<\/p>\n<p><a href=\"https:\/\/emeraldring.shop\/wp-content\/uploads\/2022\/12\/Elegant-S925-Sterling-Silver-Ring-with-Emerald-Zircon-2.jpg\"><img fetchpriority=\"high\" decoding=\"async\" src=\"https:\/\/emeraldring.shop\/wp-content\/uploads\/2022\/12\/Elegant-S925-Sterling-Silver-Ring-with-Emerald-Zircon-2.jpg\" alt=\"Elegant S925 Sterling Silver Ring with Emerald Zircon\" width=\"800\" height=\"800\" \/><\/a> <a href=\"https:\/\/emeraldring.shop\/wp-content\/uploads\/2022\/12\/Elegant-S925-Sterling-Silver-Ring-with-Emerald-Zircon-5.jpg\"><img decoding=\"async\" src=\"https:\/\/emeraldring.shop\/wp-content\/uploads\/2022\/12\/Elegant-S925-Sterling-Silver-Ring-with-Emerald-Zircon-5.jpg\" alt=\"Elegant S925 Sterling Silver Ring with Emerald Zircon\" width=\"800\" height=\"800\" \/><\/a> <a href=\"https:\/\/emeraldring.shop\/wp-content\/uploads\/2022\/12\/Elegant-S925-Sterling-Silver-Ring-with-Emerald-Zircon-6.jpg\"><img decoding=\"async\" src=\"https:\/\/emeraldring.shop\/wp-content\/uploads\/2022\/12\/Elegant-S925-Sterling-Silver-Ring-with-Emerald-Zircon-6-300x300.jpg\" alt=\"Elegant S925 Sterling Silver Ring with Emerald Zircon\" width=\"800\" height=\"800\" \/><\/a> <a href=\"https:\/\/emeraldring.shop\/wp-content\/uploads\/2022\/12\/Elegant-S925-Sterling-Silver-Ring-with-Emerald-Zircon-7.jpg\"><img loading=\"lazy\" decoding=\"async\" src=\"https:\/\/emeraldring.shop\/wp-content\/uploads\/2022\/12\/Elegant-S925-Sterling-Silver-Ring-with-Emerald-Zircon-7.jpg\" alt=\"Elegant S925 Sterling Silver Ring with Emerald Zircon\" width=\"800\" height=\"800\" \/><\/a> <a href=\"https:\/\/emeraldring.shop\/wp-content\/uploads\/2022\/12\/Elegant-S925-Sterling-Silver-Ring-with-Emerald-Zircon-8.jpg\"><img loading=\"lazy\" decoding=\"async\" src=\"https:\/\/emeraldring.shop\/wp-content\/uploads\/2022\/12\/Elegant-S925-Sterling-Silver-Ring-with-Emerald-Zircon-8-300x300.jpg\" alt=\"Elegant S925 Sterling Silver Ring with Emerald Zircon\" width=\"800\" height=\"799\" \/><\/a> <a href=\"https:\/\/emeraldring.shop\/wp-content\/uploads\/2022\/12\/Elegant-S925-Sterling-Silver-Ring-with-Emerald-Zircon-10.jpg\"><img loading=\"lazy\" decoding=\"async\" src=\"https:\/\/emeraldring.shop\/wp-content\/uploads\/2022\/12\/Elegant-S925-Sterling-Silver-Ring-with-Emerald-Zircon-10.jpg\" alt=\"Elegant S925 Sterling Silver Ring with Emerald Zircon\" width=\"800\" height=\"800\" \/><\/a> <a href=\"https:\/\/emeraldring.shop\/wp-content\/uploads\/2022\/12\/Elegant-S925-Sterling-Silver-Ring-with-Emerald-Zircon-12.jpg\"><img loading=\"lazy\" decoding=\"async\" src=\"https:\/\/emeraldring.shop\/wp-content\/uploads\/2022\/12\/Elegant-S925-Sterling-Silver-Ring-with-Emerald-Zircon-12-300x300.jpg\" alt=\"Elegant S925 Sterling Silver Ring with Emerald Zircon\" width=\"800\" height=\"800\" \/><\/a> <a href=\"https:\/\/emeraldring.shop\/wp-content\/uploads\/2022\/12\/Elegant-S925-Sterling-Silver-Ring-with-Emerald-Zircon-1.jpg\"><img loading=\"lazy\" decoding=\"async\" src=\"https:\/\/emeraldring.shop\/wp-content\/uploads\/2022\/12\/Elegant-S925-Sterling-Silver-Ring-with-Emerald-Zircon-1.jpg\" alt=\"Elegant S925 Sterling Silver Ring with Emerald Zircon\" width=\"800\" height=\"800\" \/><\/a> <a href=\"https:\/\/emeraldring.shop\/wp-content\/uploads\/2022\/12\/Elegant-S925-Sterling-Silver-Ring-with-Emerald-Zircon-3.jpg\"><img loading=\"lazy\" decoding=\"async\" src=\"https:\/\/emeraldring.shop\/wp-content\/uploads\/2022\/12\/Elegant-S925-Sterling-Silver-Ring-with-Emerald-Zircon-3.jpg\" alt=\"Elegant S925 Sterling Silver Ring with Emerald Zircon\" width=\"800\" height=\"800\" \/><\/a> <a href=\"https:\/\/emeraldring.shop\/wp-content\/uploads\/2022\/12\/Elegant-S925-Sterling-Silver-Ring-with-Emerald-Zircon-4.jpg\"><img loading=\"lazy\" decoding=\"async\" src=\"https:\/\/emeraldring.shop\/wp-content\/uploads\/2022\/12\/Elegant-S925-Sterling-Silver-Ring-with-Emerald-Zircon-4.jpg\" alt=\"Elegant S925 Sterling Silver Ring with Emerald Zircon\" width=\"800\" height=\"800\" \/><\/a> <a href=\"https:\/\/emeraldring.shop\/wp-content\/uploads\/2022\/12\/Elegant-S925-Sterling-Silver-Rectangular-Emerald-Ring-9.jpg\"><img loading=\"lazy\" decoding=\"async\" src=\"https:\/\/emeraldring.shop\/wp-content\/uploads\/2022\/12\/Elegant-S925-Sterling-Silver-Rectangular-Emerald-Ring-9.jpg\" alt=\"Elegant S925 Sterling Silver Rectangular Emerald Ring\" width=\"750\" height=\"656\" \/><\/a><\/p>","protected":false},"excerpt":{"rendered":"<p>Rehaussez votre collection de bijoux avec cette exquise bague en argent sterling S925, orn\u00e9e d'un superbe zircon de couleur \u00e9meraude. Son design intemporel allie harmonieusement \u00e9l\u00e9gance classique et style contemporain, ce qui en fait un accessoire polyvalent pour toutes les occasions.<\/p>","protected":false},"featured_media":172,"comment_status":"open","ping_status":"closed","template":"","meta":{"_kad_post_transparent":"","_kad_post_title":"","_kad_post_layout":"","_kad_post_sidebar_id":"","_kad_post_content_style":"","_kad_post_vertical_padding":"","_kad_post_feature":"","_kad_post_feature_position":"","_kad_post_header":false,"_kad_post_footer":false},"product_brand":[],"product_cat":[16,67,20,15],"product_tag":[18],"class_list":{"0":"post-34","1":"product","2":"type-product","3":"status-publish","4":"has-post-thumbnail","6":"product_cat-emerald-ring","7":"product_cat-lab-grown-gemstones-ring","8":"product_cat-oval-ring","9":"product_cat-rings","10":"product_tag-emerald-ring","12":"first","13":"instock","14":"featured","15":"shipping-taxable","16":"purchasable","17":"product-type-variable","18":"entry","19":"content-bg","20":"loop-entry"},"aioseo_notices":[],"_links":{"self":[{"href":"https:\/\/emeraldsring.com\/fr\/wp-json\/wp\/v2\/product\/34","targetHints":{"allow":["GET"]}}],"collection":[{"href":"https:\/\/emeraldsring.com\/fr\/wp-json\/wp\/v2\/product"}],"about":[{"href":"https:\/\/emeraldsring.com\/fr\/wp-json\/wp\/v2\/types\/product"}],"replies":[{"embeddable":true,"href":"https:\/\/emeraldsring.com\/fr\/wp-json\/wp\/v2\/comments?post=34"}],"version-history":[{"count":1,"href":"https:\/\/emeraldsring.com\/fr\/wp-json\/wp\/v2\/product\/34\/revisions"}],"predecessor-version":[{"id":600,"href":"https:\/\/emeraldsring.com\/fr\/wp-json\/wp\/v2\/product\/34\/revisions\/600"}],"wp:featuredmedia":[{"embeddable":true,"href":"https:\/\/emeraldsring.com\/fr\/wp-json\/wp\/v2\/media\/172"}],"wp:attachment":[{"href":"https:\/\/emeraldsring.com\/fr\/wp-json\/wp\/v2\/media?parent=34"}],"wp:term":[{"taxonomy":"product_brand","embeddable":true,"href":"https:\/\/emeraldsring.com\/fr\/wp-json\/wp\/v2\/product_brand?post=34"},{"taxonomy":"product_cat","embeddable":true,"href":"https:\/\/emeraldsring.com\/fr\/wp-json\/wp\/v2\/product_cat?post=34"},{"taxonomy":"product_tag","embeddable":true,"href":"https:\/\/emeraldsring.com\/fr\/wp-json\/wp\/v2\/product_tag?post=34"}],"curies":[{"name":"wp","href":"https:\/\/api.w.org\/{rel}","templated":true}]}}