{"id":35,"date":"2025-02-04T10:02:29","date_gmt":"2025-02-04T10:02:29","guid":{"rendered":"https:\/\/emeraldsring.com\/?post_type=product&#038;p=35"},"modified":"2025-04-29T18:15:51","modified_gmt":"2025-04-29T13:15:51","slug":"elegant-s925-sterling-silver-ring-with-white-and-green-zircon","status":"publish","type":"product","link":"https:\/\/emeraldsring.com\/fr\/produit\/elegant-s925-sterling-silver-ring-with-white-and-green-zircon\/","title":{"rendered":"\u00c9l\u00e9gante bague en argent sterling S925 avec zircon blanc et vert"},"content":{"rendered":"<div data-elementor-type=\"wp-post\" data-elementor-id=\"35\" class=\"elementor elementor-35\" data-elementor-post-type=\"product\">\n\t\t\t\t<div class=\"elementor-element elementor-element-53077073 e-flex e-con-boxed e-con e-parent\" data-id=\"53077073\" data-element_type=\"container\">\n\t\t\t\t\t<div class=\"e-con-inner\">\n\t\t<div class=\"elementor-element elementor-element-da3c0fa e-con-full e-flex e-con e-child\" data-id=\"da3c0fa\" data-element_type=\"container\">\n\t\t\t\t<div class=\"elementor-element elementor-element-a900a96 elementor-widget elementor-widget-video\" data-id=\"a900a96\" data-element_type=\"widget\" data-settings=\"{&quot;youtube_url&quot;:&quot;https:\\\/\\\/www.youtube.com\\\/watch?v=hvxpTH98Nu8&quot;,&quot;loop&quot;:&quot;yes&quot;,&quot;video_type&quot;:&quot;youtube&quot;,&quot;controls&quot;:&quot;yes&quot;}\" data-widget_type=\"video.default\">\n\t\t\t\t<div class=\"elementor-widget-container\">\n\t\t\t\t\t\t\t<div class=\"elementor-wrapper elementor-open-inline\">\n\t\t\t<div class=\"elementor-video\"><\/div>\t\t<\/div>\n\t\t\t\t\t\t<\/div>\n\t\t\t\t<\/div>\n\t\t\t\t<\/div>\n\t\t\t\t<div class=\"elementor-element elementor-element-9b4af7a elementor-widget elementor-widget-text-editor\" data-id=\"9b4af7a\" data-element_type=\"widget\" data-widget_type=\"text-editor.default\">\n\t\t\t\t<div class=\"elementor-widget-container\">\n\t\t\t\t\t\t\t\t\t<p><strong>Caract\u00e9ristiques principales :<\/strong><\/p><ul><li><strong>Mat\u00e9riau de premi\u00e8re qualit\u00e9 :<\/strong> Fabriqu\u00e9 en argent sterling 925 de haute qualit\u00e9, il garantit une durabilit\u00e9 et un \u00e9clat durables.<\/li><li><strong>Pierres en zircon \u00e9blouissantes :<\/strong> Les pierres de zircon blanc et vert sont brillantes et offrent un aspect luxueux sans pour autant \u00eatre trop ch\u00e8res.<\/li><li><strong>Conception polyvalente :<\/strong> Convient pour les anniversaires, les fian\u00e7ailles, les mariages, les f\u00eates ou le port quotidien.<\/li><li><strong>Tailles disponibles :<\/strong> Propos\u00e9s en diff\u00e9rentes tailles, ils r\u00e9pondent aux diff\u00e9rentes pr\u00e9f\u00e9rences.<\/li><li><strong>Options de placage :<\/strong> Disponible en plaqu\u00e9 or pour s'adapter \u00e0 votre style.<\/li><\/ul><p><strong>Pourquoi choisir cette bague ?<\/strong><\/p><ul><li><strong>Un luxe abordable :<\/strong> D\u00e9couvrez l'aspect d'un bijou haut de gamme \u00e0 une fraction du prix.<\/li><li><strong>Cadeau id\u00e9al :<\/strong> Un cadeau id\u00e9al pour les anniversaires ou les occasions sp\u00e9ciales.<\/li><li><strong>Hypoallerg\u00e9nique :<\/strong> Fabriqu\u00e9 avec des mat\u00e9riaux adapt\u00e9s aux peaux sensibles.<\/li><\/ul><p><strong>Instructions d'entretien :<\/strong> Pour pr\u00e9server l'\u00e9clat de la bague, \u00e9vitez de l'exposer \u00e0 des produits chimiques agressifs et nettoyez-la r\u00e9guli\u00e8rement avec un chiffon doux. Rangez-la dans une bo\u00eete \u00e0 bijoux lorsque vous ne l'utilisez pas afin d'\u00e9viter les rayures.<\/p><p>\u00a0<\/p>\t\t\t\t\t\t\t\t<\/div>\n\t\t\t\t<\/div>\n\t\t\t\t\t<\/div>\n\t\t\t\t<\/div>\n\t\t\t\t<\/div>","protected":false},"excerpt":{"rendered":"<p>Rehaussez votre collection de bijoux avec cette exquise bague en argent sterling S925, orn\u00e9e de superbes zircons blancs et verts. Son design intemporel allie harmonieusement \u00e9l\u00e9gance classique et style contemporain, ce qui en fait un accessoire polyvalent pour toutes les occasions.<\/p>","protected":false},"featured_media":185,"comment_status":"open","ping_status":"closed","template":"","meta":{"_kad_post_transparent":"","_kad_post_title":"","_kad_post_layout":"","_kad_post_sidebar_id":"","_kad_post_content_style":"","_kad_post_vertical_padding":"","_kad_post_feature":"","_kad_post_feature_position":"","_kad_post_header":false,"_kad_post_footer":false},"product_brand":[],"product_cat":[16,89,17,67,15,57],"product_tag":[18],"class_list":{"0":"post-35","1":"product","2":"type-product","3":"status-publish","4":"has-post-thumbnail","6":"product_cat-emerald-ring","7":"product_cat-engagement-and-wedding","8":"product_cat-engagement-ring","9":"product_cat-lab-grown-gemstones-ring","10":"product_cat-rings","11":"product_cat-round","12":"product_tag-emerald-ring","14":"first","15":"instock","16":"featured","17":"shipping-taxable","18":"purchasable","19":"product-type-variable","20":"entry","21":"content-bg","22":"loop-entry"},"aioseo_notices":[],"_links":{"self":[{"href":"https:\/\/emeraldsring.com\/fr\/wp-json\/wp\/v2\/product\/35","targetHints":{"allow":["GET"]}}],"collection":[{"href":"https:\/\/emeraldsring.com\/fr\/wp-json\/wp\/v2\/product"}],"about":[{"href":"https:\/\/emeraldsring.com\/fr\/wp-json\/wp\/v2\/types\/product"}],"replies":[{"embeddable":true,"href":"https:\/\/emeraldsring.com\/fr\/wp-json\/wp\/v2\/comments?post=35"}],"version-history":[{"count":11,"href":"https:\/\/emeraldsring.com\/fr\/wp-json\/wp\/v2\/product\/35\/revisions"}],"predecessor-version":[{"id":1440,"href":"https:\/\/emeraldsring.com\/fr\/wp-json\/wp\/v2\/product\/35\/revisions\/1440"}],"wp:featuredmedia":[{"embeddable":true,"href":"https:\/\/emeraldsring.com\/fr\/wp-json\/wp\/v2\/media\/185"}],"wp:attachment":[{"href":"https:\/\/emeraldsring.com\/fr\/wp-json\/wp\/v2\/media?parent=35"}],"wp:term":[{"taxonomy":"product_brand","embeddable":true,"href":"https:\/\/emeraldsring.com\/fr\/wp-json\/wp\/v2\/product_brand?post=35"},{"taxonomy":"product_cat","embeddable":true,"href":"https:\/\/emeraldsring.com\/fr\/wp-json\/wp\/v2\/product_cat?post=35"},{"taxonomy":"product_tag","embeddable":true,"href":"https:\/\/emeraldsring.com\/fr\/wp-json\/wp\/v2\/product_tag?post=35"}],"curies":[{"name":"wp","href":"https:\/\/api.w.org\/{rel}","templated":true}]}}