{"id":36,"date":"2025-02-04T10:02:29","date_gmt":"2025-02-04T10:02:29","guid":{"rendered":"https:\/\/emeraldsring.com\/?post_type=product&#038;p=36"},"modified":"2025-04-28T19:59:49","modified_gmt":"2025-04-28T14:59:49","slug":"high-ice-green-jade-chalcedony-agate-ring-elegant-wedding-jewelry","status":"publish","type":"product","link":"https:\/\/emeraldsring.com\/fr\/produit\/high-ice-green-jade-chalcedony-agate-ring-elegant-wedding-jewelry\/","title":{"rendered":"Bague Jade Vert Calc\u00e9doine Agate Bague de Mariage El\u00e9gante"},"content":{"rendered":"<div data-elementor-type=\"wp-post\" data-elementor-id=\"36\" class=\"elementor elementor-36\" data-elementor-post-type=\"product\">\n\t\t\t\t<div class=\"elementor-element elementor-element-b4438ff e-flex e-con-boxed e-con e-parent\" data-id=\"b4438ff\" data-element_type=\"container\" data-e-type=\"container\">\n\t\t\t\t\t<div class=\"e-con-inner\">\n\t\t<div class=\"elementor-element elementor-element-5a479e8 e-con-full e-flex e-con e-child\" data-id=\"5a479e8\" data-element_type=\"container\" data-e-type=\"container\">\n\t\t\t\t<div class=\"elementor-element elementor-element-657e331 elementor-widget elementor-widget-video\" data-id=\"657e331\" data-element_type=\"widget\" data-e-type=\"widget\" data-settings=\"{&quot;youtube_url&quot;:&quot;https:\\\/\\\/youtube.com\\\/watch?v=ckOlrGheir8&quot;,&quot;video_type&quot;:&quot;youtube&quot;,&quot;controls&quot;:&quot;yes&quot;}\" data-widget_type=\"video.default\">\n\t\t\t\t<div class=\"elementor-widget-container\">\n\t\t\t\t\t\t\t<div class=\"elementor-wrapper elementor-open-inline\">\n\t\t\t<div class=\"elementor-video\"><\/div>\t\t<\/div>\n\t\t\t\t\t\t<\/div>\n\t\t\t\t<\/div>\n\t\t\t\t<\/div>\n\t\t\t\t<div class=\"elementor-element elementor-element-68082ab6 elementor-widget elementor-widget-text-editor\" data-id=\"68082ab6\" data-element_type=\"widget\" data-e-type=\"widget\" data-widget_type=\"text-editor.default\">\n\t\t\t\t<div class=\"elementor-widget-container\">\n\t\t\t\t\t\t\t\t\t<p data-start=\"375\" data-end=\"780\">Adoptez l'\u00e9l\u00e9gance intemporelle avec notre exquise bague \u00e9meraude en argent 925. Dot\u00e9e d'une pierre vert jade rayonnante, cette bague pr\u00e9sente un design unique avec une monture en argent finement travaill\u00e9e qui met en valeur la couleur vibrante de l'\u00e9meraude. Le contraste saisissant des couleurs et les d\u00e9tails complexes de l'argent en font une pi\u00e8ce qui attire l'attention et qui est parfaite pour les occasions d\u00e9contract\u00e9es ou formelles.<\/p><p data-start=\"782\" data-end=\"1088\">Fabriqu\u00e9e en argent sterling 925 de haute qualit\u00e9, cette bague offre \u00e0 la fois durabilit\u00e9 et beaut\u00e9, ce qui en fait un cadeau parfait pour ceux que vous aimez ou un plaisir sp\u00e9cial pour vous-m\u00eame. Que vous assistiez \u00e0 un \u00e9v\u00e9nement sp\u00e9cial ou que vous souhaitiez simplement ajouter une touche de sophistication \u00e0 votre look de tous les jours, cette bague en \u00e9meraude est indispensable.<\/p><p data-start=\"1090\" data-end=\"1107\"><strong data-start=\"1090\" data-end=\"1107\">Caract\u00e9ristiques principales :<\/strong><\/p><ul data-start=\"1108\" data-end=\"1306\"><li data-start=\"1108\" data-end=\"1142\">Argent 925 de haute qualit\u00e9<\/li><li data-start=\"1143\" data-end=\"1183\">Centre de table \u00e9l\u00e9gant en jade vert \u00e9meraude<\/li><li data-start=\"1184\" data-end=\"1219\">Un design sophistiqu\u00e9 et intemporel<\/li><li data-start=\"1220\" data-end=\"1258\">Parfait pour un cadeau ou une tenue personnelle<\/li><li data-start=\"1259\" data-end=\"1306\">Disponible en plusieurs tailles pour un ajustement parfait<\/li><\/ul><p>Ajoutez cette bague en \u00e9meraude radieuse \u00e0 votre collection d\u00e8s aujourd'hui et laissez sa beaut\u00e9 briller \u00e0 chaque instant !<\/p>\t\t\t\t\t\t\t\t<\/div>\n\t\t\t\t<\/div>\n\t\t\t\t\t<\/div>\n\t\t\t\t<\/div>\n\t\t\t\t<\/div>","protected":false},"excerpt":{"rendered":"<p>Magasinez cette exquise bague en argent sterling 925, orn\u00e9e de calc\u00e9doine de jade vert et de zircon cubique AAAAA. Parfaite pour les mariages, les anniversaires ou les cadeaux. Disponible en plusieurs tailles.<\/p>","protected":false},"featured_media":196,"comment_status":"open","ping_status":"closed","template":"","meta":{"_kad_post_transparent":"","_kad_post_title":"","_kad_post_layout":"","_kad_post_sidebar_id":"","_kad_post_content_style":"","_kad_post_vertical_padding":"","_kad_post_feature":"","_kad_post_feature_position":"","_kad_post_header":false,"_kad_post_footer":false},"product_brand":[],"product_cat":[16,89,17,23,20,15,90],"product_tag":[],"class_list":{"0":"post-36","1":"product","2":"type-product","3":"status-publish","4":"has-post-thumbnail","6":"product_cat-emerald-ring","7":"product_cat-engagement-and-wedding","8":"product_cat-engagement-ring","9":"product_cat-jade-ring","10":"product_cat-oval-ring","11":"product_cat-rings","12":"product_cat-wedding-ring","14":"first","15":"instock","16":"shipping-taxable","17":"purchasable","18":"product-type-variable","19":"entry","20":"content-bg","21":"loop-entry"},"aioseo_notices":[],"_links":{"self":[{"href":"https:\/\/emeraldsring.com\/fr\/wp-json\/wp\/v2\/product\/36","targetHints":{"allow":["GET"]}}],"collection":[{"href":"https:\/\/emeraldsring.com\/fr\/wp-json\/wp\/v2\/product"}],"about":[{"href":"https:\/\/emeraldsring.com\/fr\/wp-json\/wp\/v2\/types\/product"}],"replies":[{"embeddable":true,"href":"https:\/\/emeraldsring.com\/fr\/wp-json\/wp\/v2\/comments?post=36"}],"version-history":[{"count":6,"href":"https:\/\/emeraldsring.com\/fr\/wp-json\/wp\/v2\/product\/36\/revisions"}],"predecessor-version":[{"id":1442,"href":"https:\/\/emeraldsring.com\/fr\/wp-json\/wp\/v2\/product\/36\/revisions\/1442"}],"wp:featuredmedia":[{"embeddable":true,"href":"https:\/\/emeraldsring.com\/fr\/wp-json\/wp\/v2\/media\/196"}],"wp:attachment":[{"href":"https:\/\/emeraldsring.com\/fr\/wp-json\/wp\/v2\/media?parent=36"}],"wp:term":[{"taxonomy":"product_brand","embeddable":true,"href":"https:\/\/emeraldsring.com\/fr\/wp-json\/wp\/v2\/product_brand?post=36"},{"taxonomy":"product_cat","embeddable":true,"href":"https:\/\/emeraldsring.com\/fr\/wp-json\/wp\/v2\/product_cat?post=36"},{"taxonomy":"product_tag","embeddable":true,"href":"https:\/\/emeraldsring.com\/fr\/wp-json\/wp\/v2\/product_tag?post=36"}],"curies":[{"name":"wp","href":"https:\/\/api.w.org\/{rel}","templated":true}]}}