{"id":39,"date":"2025-02-04T10:02:29","date_gmt":"2025-02-04T10:02:29","guid":{"rendered":"https:\/\/emeraldsring.com\/?post_type=product&#038;p=39"},"modified":"2025-04-28T19:59:55","modified_gmt":"2025-04-28T14:59:55","slug":"exquisite-emerald-ring-elegant-design-for-engagement","status":"publish","type":"product","link":"https:\/\/emeraldsring.com\/fr\/produit\/exquisite-emerald-ring-elegant-design-for-engagement\/","title":{"rendered":"Bague de fian\u00e7ailles en forme d'\u00e9meraude et de coeur"},"content":{"rendered":"<div data-elementor-type=\"wp-post\" data-elementor-id=\"39\" class=\"elementor elementor-39\" data-elementor-post-type=\"product\">\n\t\t\t\t<div class=\"elementor-element elementor-element-5d27b73b e-flex e-con-boxed e-con e-parent\" data-id=\"5d27b73b\" data-element_type=\"container\">\n\t\t\t\t\t<div class=\"e-con-inner\">\n\t\t<div class=\"elementor-element elementor-element-2e323c7 e-flex e-con-boxed e-con e-child\" data-id=\"2e323c7\" data-element_type=\"container\">\n\t\t\t\t\t<div class=\"e-con-inner\">\n\t\t\t\t<div class=\"elementor-element elementor-element-0032deb elementor-widget elementor-widget-video\" data-id=\"0032deb\" data-element_type=\"widget\" data-settings=\"{&quot;youtube_url&quot;:&quot;https:\\\/\\\/www.youtube.com\\\/watch?v=FU7mSwE2B9Q&quot;,&quot;loop&quot;:&quot;yes&quot;,&quot;video_type&quot;:&quot;youtube&quot;,&quot;controls&quot;:&quot;yes&quot;}\" data-widget_type=\"video.default\">\n\t\t\t\t<div class=\"elementor-widget-container\">\n\t\t\t\t\t\t\t<div class=\"elementor-wrapper elementor-open-inline\">\n\t\t\t<div class=\"elementor-video\"><\/div>\t\t<\/div>\n\t\t\t\t\t\t<\/div>\n\t\t\t\t<\/div>\n\t\t\t\t\t<\/div>\n\t\t\t\t<\/div>\n\t\t\t\t<div class=\"elementor-element elementor-element-6716d915 elementor-widget elementor-widget-text-editor\" data-id=\"6716d915\" data-element_type=\"widget\" data-widget_type=\"text-editor.default\">\n\t\t\t\t<div class=\"elementor-widget-container\">\n\t\t\t\t\t\t\t\t\t<strong>Caract\u00e9ristiques principales :<\/strong>\r\n<ul>\r\n \t<li><strong>Mat\u00e9riau de premi\u00e8re qualit\u00e9<\/strong>: La bague est fabriqu\u00e9e en [pr\u00e9ciser le mat\u00e9riau : par exemple, argent sterling, or 18 carats] de haute qualit\u00e9 pour garantir sa durabilit\u00e9 et sa finition luxueuse.<\/li>\r\n \t<li><strong>Pierre pr\u00e9cieuse \u00c9meraude brillante<\/strong>: La pierre est une \u00e9meraude vibrante, soigneusement s\u00e9lectionn\u00e9e pour sa clart\u00e9, sa couleur et sa brillance. La pierre est habilement taill\u00e9e pour rehausser sa beaut\u00e9 naturelle.<\/li>\r\n \t<li><strong>Design \u00e9l\u00e9gant<\/strong>: La bague pr\u00e9sente un design intemporel, adapt\u00e9 aux fian\u00e7ailles, aux mariages, aux anniversaires ou aux occasions sp\u00e9ciales.<\/li>\r\n \t<li><strong>Coupe confortable<\/strong>: Con\u00e7u pour le confort, il peut \u00eatre port\u00e9 tous les jours sans compromettre le style.<\/li>\r\n<\/ul>\r\n<strong>Pourquoi choisir notre bague en \u00e9meraude ?<\/strong>\r\n<ul>\r\n \t<li>Un cadeau parfait pour les personnes aim\u00e9es, symbolisant l'amour, la prosp\u00e9rit\u00e9 et la sagesse.<\/li>\r\n \t<li>Ajoute une touche de luxe et de classe \u00e0 n'importe quelle tenue.<\/li>\r\n \t<li>Fabriqu\u00e9 avec pr\u00e9cision pour offrir une finition impeccable qui attire l'attention.<\/li>\r\n<\/ul>\r\n<strong>Sp\u00e9cifications :<\/strong>\r\n<ul>\r\n \t<li>Mat\u00e9riau : [par exemple, or 18k, platine]<\/li>\r\n \t<li>Pierre pr\u00e9cieuse : \u00c9meraude naturelle<\/li>\r\n \t<li>Tailles disponibles : [par exemple, tailles US 5-9].<\/li>\r\n \t<li>Emballage : Livr\u00e9 dans une \u00e9l\u00e9gante bo\u00eete cadeau, pr\u00eat \u00e0 \u00eatre offert.<\/li>\r\n<\/ul>\r\nLe pr\u00e9sent <strong>Anneau d'\u00e9meraude<\/strong> est plus qu'un simple bijou, c'est une d\u00e9claration d'\u00e9l\u00e9gance et d'amour. Que vous souhaitiez marquer un moment sp\u00e9cial ou vous faire plaisir, cette bague ne manquera pas d'impressionner.\r\n\r\nCommandez d\u00e8s maintenant et laissez cette magnifique pi\u00e8ce faire partie de vos souvenirs les plus chers !\r\n\r\n<a href=\"https:\/\/emeraldring.shop\/wp-content\/uploads\/2022\/12\/Exquisite-Emerald-Ring-Elegant-Design-for-Special-Occasions-1.jpg\"><img fetchpriority=\"high\" decoding=\"async\" src=\"https:\/\/emeraldring.shop\/wp-content\/uploads\/2022\/12\/Exquisite-Emerald-Ring-Elegant-Design-for-Special-Occasions-1.jpg\" alt=\"Exquisite Emerald Ring - Elegant Design for Engagement Occasions (1)\" width=\"800\" height=\"800\" \/><\/a> <a href=\"https:\/\/emeraldring.shop\/wp-content\/uploads\/2022\/12\/Exquisite-Emerald-Ring-Elegant-Design-for-Special-Occasions-10.jpg\"><img decoding=\"async\" src=\"https:\/\/emeraldring.shop\/wp-content\/uploads\/2022\/12\/Exquisite-Emerald-Ring-Elegant-Design-for-Special-Occasions-10.jpg\" alt=\"Exquisite Emerald Ring - Elegant Design for Engagement Occasions\" width=\"800\" height=\"800\" \/><\/a> <a href=\"https:\/\/emeraldring.shop\/wp-content\/uploads\/2022\/12\/Exquisite-Emerald-Ring-Elegant-Design-for-Special-Occasions-9.jpg\"><img decoding=\"async\" src=\"https:\/\/emeraldring.shop\/wp-content\/uploads\/2022\/12\/Exquisite-Emerald-Ring-Elegant-Design-for-Special-Occasions-9.jpg\" alt=\"Exquisite Emerald Ring - Elegant Design for Engagement Occasions\" width=\"800\" height=\"800\" \/><\/a> <a href=\"https:\/\/emeraldring.shop\/wp-content\/uploads\/2022\/12\/Exquisite-Emerald-Ring-Elegant-Design-for-Special-Occasions-8.jpg\"><img loading=\"lazy\" decoding=\"async\" src=\"https:\/\/emeraldring.shop\/wp-content\/uploads\/2022\/12\/Exquisite-Emerald-Ring-Elegant-Design-for-Special-Occasions-8.jpg\" alt=\"Exquisite Emerald Ring - Elegant Design for Engagement Occasions\" width=\"800\" height=\"800\" \/><\/a> <a href=\"https:\/\/emeraldring.shop\/wp-content\/uploads\/2022\/12\/Exquisite-Emerald-Ring-Elegant-Design-for-Special-Occasions-6.jpg\"><img loading=\"lazy\" decoding=\"async\" src=\"https:\/\/emeraldring.shop\/wp-content\/uploads\/2022\/12\/Exquisite-Emerald-Ring-Elegant-Design-for-Special-Occasions-6.jpg\" alt=\"Exquisite Emerald Ring - Elegant Design for Engagement Occasions\" width=\"800\" height=\"800\" \/><\/a> <a href=\"https:\/\/emeraldring.shop\/wp-content\/uploads\/2022\/12\/Exquisite-Emerald-Ring-Elegant-Design-for-Special-Occasions-5.jpg\"><img loading=\"lazy\" decoding=\"async\" src=\"https:\/\/emeraldring.shop\/wp-content\/uploads\/2022\/12\/Exquisite-Emerald-Ring-Elegant-Design-for-Special-Occasions-5.jpg\" alt=\"Exquisite Emerald Ring - Elegant Design for Engagement Occasions\" width=\"800\" height=\"800\" \/><\/a> <a href=\"https:\/\/emeraldring.shop\/wp-content\/uploads\/2022\/12\/Exquisite-Emerald-Ring-Elegant-Design-for-Special-Occasions-4.jpg\"><img loading=\"lazy\" decoding=\"async\" src=\"https:\/\/emeraldring.shop\/wp-content\/uploads\/2022\/12\/Exquisite-Emerald-Ring-Elegant-Design-for-Special-Occasions-4.jpg\" alt=\"Exquisite Emerald Ring - Elegant Design for Engagement Occasions\" width=\"800\" height=\"800\" \/><\/a> <a href=\"https:\/\/emeraldring.shop\/wp-content\/uploads\/2022\/12\/Exquisite-Emerald-Ring-Elegant-Design-for-Special-Occasions-3.jpg\"><img loading=\"lazy\" decoding=\"async\" src=\"https:\/\/emeraldring.shop\/wp-content\/uploads\/2022\/12\/Exquisite-Emerald-Ring-Elegant-Design-for-Special-Occasions-3.jpg\" alt=\"Exquisite Emerald Ring - Elegant Design for Engagement Occasions\" width=\"800\" height=\"800\" \/><\/a> <a href=\"https:\/\/emeraldring.shop\/wp-content\/uploads\/2022\/12\/Exquisite-Emerald-Ring-Elegant-Design-for-Special-Occasions-2.jpg\"><img loading=\"lazy\" decoding=\"async\" src=\"https:\/\/emeraldring.shop\/wp-content\/uploads\/2022\/12\/Exquisite-Emerald-Ring-Elegant-Design-for-Special-Occasions-2.jpg\" alt=\"Exquisite Emerald Ring - Elegant Design for Engagement Occasions\" width=\"800\" height=\"800\" \/><\/a>\t\t\t\t\t\t\t\t<\/div>\n\t\t\t\t<\/div>\n\t\t\t\t\t<\/div>\n\t\t\t\t<\/div>\n\t\t\t\t<\/div>","protected":false},"excerpt":{"rendered":"<p>Pr\u00e9sentation de notre exquise <strong>Anneau d'\u00e9meraude<\/strong>Cette bague est un chef-d'\u0153uvre qui incarne l'\u00e9l\u00e9gance et la sophistication. Cette bague est con\u00e7ue pour ceux qui appr\u00e9cient la finesse de l'artisanat et la beaut\u00e9 intemporelle.<\/p>","protected":false},"featured_media":225,"comment_status":"open","ping_status":"closed","template":"","meta":{"_kad_post_transparent":"","_kad_post_title":"","_kad_post_layout":"","_kad_post_sidebar_id":"","_kad_post_content_style":"","_kad_post_vertical_padding":"","_kad_post_feature":"","_kad_post_feature_position":"","_kad_post_header":false,"_kad_post_footer":false},"product_brand":[],"product_cat":[15,16,89,17,44,67],"product_tag":[30,18,31],"class_list":{"0":"post-39","1":"product","2":"type-product","3":"status-publish","4":"has-post-thumbnail","6":"product_cat-rings","7":"product_cat-emerald-ring","8":"product_cat-engagement-and-wedding","9":"product_cat-engagement-ring","10":"product_cat-heart-ring","11":"product_cat-lab-grown-gemstones-ring","12":"product_tag-emerald-cut-engagement-rings","13":"product_tag-emerald-ring","14":"product_tag-engagement-ring","16":"first","17":"instock","18":"shipping-taxable","19":"purchasable","20":"product-type-variable","21":"entry","22":"content-bg","23":"loop-entry"},"aioseo_notices":[],"_links":{"self":[{"href":"https:\/\/emeraldsring.com\/fr\/wp-json\/wp\/v2\/product\/39","targetHints":{"allow":["GET"]}}],"collection":[{"href":"https:\/\/emeraldsring.com\/fr\/wp-json\/wp\/v2\/product"}],"about":[{"href":"https:\/\/emeraldsring.com\/fr\/wp-json\/wp\/v2\/types\/product"}],"replies":[{"embeddable":true,"href":"https:\/\/emeraldsring.com\/fr\/wp-json\/wp\/v2\/comments?post=39"}],"version-history":[{"count":5,"href":"https:\/\/emeraldsring.com\/fr\/wp-json\/wp\/v2\/product\/39\/revisions"}],"predecessor-version":[{"id":1444,"href":"https:\/\/emeraldsring.com\/fr\/wp-json\/wp\/v2\/product\/39\/revisions\/1444"}],"wp:featuredmedia":[{"embeddable":true,"href":"https:\/\/emeraldsring.com\/fr\/wp-json\/wp\/v2\/media\/225"}],"wp:attachment":[{"href":"https:\/\/emeraldsring.com\/fr\/wp-json\/wp\/v2\/media?parent=39"}],"wp:term":[{"taxonomy":"product_brand","embeddable":true,"href":"https:\/\/emeraldsring.com\/fr\/wp-json\/wp\/v2\/product_brand?post=39"},{"taxonomy":"product_cat","embeddable":true,"href":"https:\/\/emeraldsring.com\/fr\/wp-json\/wp\/v2\/product_cat?post=39"},{"taxonomy":"product_tag","embeddable":true,"href":"https:\/\/emeraldsring.com\/fr\/wp-json\/wp\/v2\/product_tag?post=39"}],"curies":[{"name":"wp","href":"https:\/\/api.w.org\/{rel}","templated":true}]}}