{"id":40,"date":"2025-02-04T10:02:29","date_gmt":"2025-02-04T10:02:29","guid":{"rendered":"https:\/\/emeraldsring.com\/?post_type=product&#038;p=40"},"modified":"2025-03-03T11:31:39","modified_gmt":"2025-03-03T06:31:39","slug":"elegant-925-sterling-silver-eternity-band-with-emerald","status":"publish","type":"product","link":"https:\/\/emeraldsring.com\/fr\/produit\/elegant-925-sterling-silver-eternity-band-with-emerald\/","title":{"rendered":"El\u00e9gant bracelet \u00e9ternel en argent 925 avec \u00e9meraude"},"content":{"rendered":"<div data-elementor-type=\"wp-post\" data-elementor-id=\"40\" class=\"elementor elementor-40\" data-elementor-post-type=\"product\">\n\t\t\t\t<div class=\"elementor-element elementor-element-5911d0d4 e-flex e-con-boxed e-con e-parent\" data-id=\"5911d0d4\" data-element_type=\"container\" data-e-type=\"container\">\n\t\t\t\t\t<div class=\"e-con-inner\">\n\t\t<div class=\"elementor-element elementor-element-6c03046 e-con-full e-flex e-con e-child\" data-id=\"6c03046\" data-element_type=\"container\" data-e-type=\"container\">\n\t\t\t\t<div class=\"elementor-element elementor-element-6a8365f elementor-widget elementor-widget-video\" data-id=\"6a8365f\" data-element_type=\"widget\" data-e-type=\"widget\" data-settings=\"{&quot;youtube_url&quot;:&quot;https:\\\/\\\/youtube.com\\\/watch?v=hPLNEoJ0cdE&quot;,&quot;loop&quot;:&quot;yes&quot;,&quot;video_type&quot;:&quot;youtube&quot;,&quot;controls&quot;:&quot;yes&quot;}\" data-widget_type=\"video.default\">\n\t\t\t\t<div class=\"elementor-widget-container\">\n\t\t\t\t\t\t\t<div class=\"elementor-wrapper elementor-open-inline\">\n\t\t\t<div class=\"elementor-video\"><\/div>\t\t<\/div>\n\t\t\t\t\t\t<\/div>\n\t\t\t\t<\/div>\n\t\t\t\t<\/div>\n\t\t\t\t<div class=\"elementor-element elementor-element-6576f0a6 elementor-widget elementor-widget-text-editor\" data-id=\"6576f0a6\" data-element_type=\"widget\" data-e-type=\"widget\" data-widget_type=\"text-editor.default\">\n\t\t\t\t<div class=\"elementor-widget-container\">\n\t\t\t\t\t\t\t\t\t<p><strong>Caract\u00e9ristiques principales<\/strong><\/p><ol><li><strong>Mat\u00e9riaux de premi\u00e8re qualit\u00e9<\/strong>:<br \/>Fabriqu\u00e9e en argent sterling 925 et plaqu\u00e9e d'or blanc 18 carats, cette bague est durable et d'un \u00e9clat luxueux. Les mat\u00e9riaux de qualit\u00e9 sup\u00e9rieure r\u00e9sistent au ternissement et conservent leur beaut\u00e9 au fil du temps.<\/li><li><strong>Pierres pr\u00e9cieuses sophistiqu\u00e9es<\/strong>:<ul><li><strong>\u00c9meraudes<\/strong>: Une teinte verte vibrante symbolise la prosp\u00e9rit\u00e9, l'amour et le renouveau.<\/li><li><strong>Zircone blanche<\/strong>: L'\u00e9clat est comparable \u00e0 celui des diamants, ce qui en fait une alternative luxueuse mais abordable.<\/li><\/ul><\/li><li><strong>Mod\u00e8le de bracelet d'\u00e9ternit\u00e9<\/strong>:<br \/>L'arrangement circulaire d'\u00e9meraudes et de zircons blancs altern\u00e9s repr\u00e9sente l'amour \u00e9ternel et l'unit\u00e9, ce qui en fait une pi\u00e8ce significative pour les mariages, les anniversaires ou les promesses.<\/li><li><strong>Un savoir-faire exceptionnel<\/strong>:<br \/>Chaque pierre pr\u00e9cieuse est solidement sertie \u00e0 l'aide de techniques d'incrustation avanc\u00e9es, garantissant une finition impeccable et un port durable.<\/li><li><strong>Conception confortable et ajust\u00e9e<\/strong>:<br \/>Con\u00e7ue pour un ajustement confortable, cette bague est parfaite pour le quotidien ou les occasions sp\u00e9ciales.<\/li><\/ol><p><strong>Sp\u00e9cifications<\/strong><\/p><ul><li><strong>Mat\u00e9riau de base<\/strong>Argent : 925 Sterling Silver<\/li><li><strong>Placage<\/strong>: Or blanc 18k<\/li><li><strong>Pierres pr\u00e9cieuses<\/strong>: \u00c9meraude et zircon blanc<\/li><li><strong>Tailles disponibles<\/strong>: Gamme compl\u00e8te de US 5 \u00e0 US 9<\/li><li><strong>Emballage<\/strong>: Bo\u00eete cadeau \u00e9l\u00e9gante, pr\u00eate \u00e0 \u00eatre offerte<\/li><\/ul><p><strong>Pourquoi choisir ce bracelet \u00e9ternel ?<\/strong><\/p><ul><li>Parfait pour c\u00e9l\u00e9brer l'amour, les \u00e9tapes importantes ou comme cadeau attentionn\u00e9.<\/li><li>Ajoute sophistication et luxe \u00e0 n'importe quelle tenue.<\/li><li>M\u00e9ticuleusement con\u00e7u pour \u00eatre \u00e0 la fois beau et durable.<\/li><\/ul><p><strong>Instructions d'entretien<\/strong><\/p><ul><li>\u00c9viter le contact direct avec l'eau, les parfums ou les produits chimiques agressifs.<\/li><li>A ranger dans la bo\u00eete \u00e0 bijoux fournie pour pr\u00e9server l'\u00e9clat et la long\u00e9vit\u00e9.<\/li><\/ul><p><strong>Commander<\/strong><br \/>Am\u00e9liorez votre collection de bijoux avec cette magnifique <strong>Bracelet \u00e9ternel en argent 925<\/strong>. Que ce soit pour vous ou pour un \u00eatre cher, c'est un tr\u00e9sor intemporel qui sera ch\u00e9ri \u00e0 jamais.<\/p><p>Faites de vos moments sp\u00e9ciaux des moments inoubliables - commandez d\u00e8s aujourd'hui !<\/p><p>\u00a0<\/p>\t\t\t\t\t\t\t\t<\/div>\n\t\t\t\t<\/div>\n\t\t\t\t\t<\/div>\n\t\t\t\t<\/div>\n\t\t\t\t<\/div>","protected":false},"excerpt":{"rendered":"<p>C\u00e9l\u00e9brez l'\u00e9l\u00e9gance intemporelle avec notre <strong>Bracelet \u00e9ternel en argent 925<\/strong>. Cette bague exquise allie la brillance des pierres \u00e9meraude \u00e0 l'\u00e9clat des zircons blancs, cr\u00e9ant ainsi un design \u00e9poustouflant qui attire l'attention et suscite l'admiration.<\/p>","protected":false},"featured_media":236,"comment_status":"open","ping_status":"closed","template":"","meta":{"_kad_post_transparent":"","_kad_post_title":"","_kad_post_layout":"","_kad_post_sidebar_id":"","_kad_post_content_style":"","_kad_post_vertical_padding":"","_kad_post_feature":"","_kad_post_feature_position":"","_kad_post_header":false,"_kad_post_footer":false},"product_brand":[],"product_cat":[16,89,17,21,67,15],"product_tag":[18,31,22,28],"class_list":{"0":"post-40","1":"product","2":"type-product","3":"status-publish","4":"has-post-thumbnail","6":"product_cat-emerald-ring","7":"product_cat-engagement-and-wedding","8":"product_cat-engagement-ring","9":"product_cat-eternity-band","10":"product_cat-lab-grown-gemstones-ring","11":"product_cat-rings","12":"product_tag-emerald-ring","13":"product_tag-engagement-ring","14":"product_tag-eternity-band","15":"product_tag-zircon-ring","17":"first","18":"instock","19":"shipping-taxable","20":"purchasable","21":"product-type-variable","22":"entry","23":"content-bg","24":"loop-entry"},"aioseo_notices":[],"_links":{"self":[{"href":"https:\/\/emeraldsring.com\/fr\/wp-json\/wp\/v2\/product\/40","targetHints":{"allow":["GET"]}}],"collection":[{"href":"https:\/\/emeraldsring.com\/fr\/wp-json\/wp\/v2\/product"}],"about":[{"href":"https:\/\/emeraldsring.com\/fr\/wp-json\/wp\/v2\/types\/product"}],"replies":[{"embeddable":true,"href":"https:\/\/emeraldsring.com\/fr\/wp-json\/wp\/v2\/comments?post=40"}],"version-history":[{"count":9,"href":"https:\/\/emeraldsring.com\/fr\/wp-json\/wp\/v2\/product\/40\/revisions"}],"predecessor-version":[{"id":1445,"href":"https:\/\/emeraldsring.com\/fr\/wp-json\/wp\/v2\/product\/40\/revisions\/1445"}],"wp:featuredmedia":[{"embeddable":true,"href":"https:\/\/emeraldsring.com\/fr\/wp-json\/wp\/v2\/media\/236"}],"wp:attachment":[{"href":"https:\/\/emeraldsring.com\/fr\/wp-json\/wp\/v2\/media?parent=40"}],"wp:term":[{"taxonomy":"product_brand","embeddable":true,"href":"https:\/\/emeraldsring.com\/fr\/wp-json\/wp\/v2\/product_brand?post=40"},{"taxonomy":"product_cat","embeddable":true,"href":"https:\/\/emeraldsring.com\/fr\/wp-json\/wp\/v2\/product_cat?post=40"},{"taxonomy":"product_tag","embeddable":true,"href":"https:\/\/emeraldsring.com\/fr\/wp-json\/wp\/v2\/product_tag?post=40"}],"curies":[{"name":"wp","href":"https:\/\/api.w.org\/{rel}","templated":true}]}}