{"id":618,"date":"2025-02-05T20:34:34","date_gmt":"2025-02-05T15:34:34","guid":{"rendered":"https:\/\/emeraldsring.com\/?post_type=product&#038;p=618"},"modified":"2025-04-28T19:59:37","modified_gmt":"2025-04-28T14:59:37","slug":"sterling-silver-natural-emerald-band-ring-green-stone-oval-ring-engagement-ring","status":"publish","type":"product","link":"https:\/\/emeraldsring.com\/fr\/produit\/sterling-silver-natural-emerald-band-ring-green-stone-oval-ring-engagement-ring\/","title":{"rendered":"Bague en argent sterling avec \u00e9meraude naturelle, bague ovale en pierre verte, bague de fian\u00e7ailles"},"content":{"rendered":"<div data-elementor-type=\"product-post\" data-elementor-id=\"618\" class=\"elementor elementor-618\" data-elementor-post-type=\"product\">\n\t\t\t\t<div class=\"elementor-element elementor-element-461f638 e-flex e-con-boxed e-con e-parent\" data-id=\"461f638\" data-element_type=\"container\">\n\t\t\t\t\t<div class=\"e-con-inner\">\n\t\t<div class=\"elementor-element elementor-element-eaf81e3 e-con-full e-flex e-con e-child\" data-id=\"eaf81e3\" data-element_type=\"container\">\n\t\t\t\t<div class=\"elementor-element elementor-element-a72fa5c elementor-widget elementor-widget-video\" data-id=\"a72fa5c\" data-element_type=\"widget\" data-settings=\"{&quot;youtube_url&quot;:&quot;https:\\\/\\\/youtube.com\\\/watch?v=FNA2i1-dGOk&quot;,&quot;loop&quot;:&quot;yes&quot;,&quot;video_type&quot;:&quot;youtube&quot;,&quot;controls&quot;:&quot;yes&quot;}\" data-widget_type=\"video.default\">\n\t\t\t\t<div class=\"elementor-widget-container\">\n\t\t\t\t\t\t\t<div class=\"elementor-wrapper elementor-open-inline\">\n\t\t\t<div class=\"elementor-video\"><\/div>\t\t<\/div>\n\t\t\t\t\t\t<\/div>\n\t\t\t\t<\/div>\n\t\t\t\t<\/div>\n\t\t\t\t<div class=\"elementor-element elementor-element-0d5f1e4 elementor-widget elementor-widget-text-editor\" data-id=\"0d5f1e4\" data-element_type=\"widget\" data-widget_type=\"text-editor.default\">\n\t\t\t\t<div class=\"elementor-widget-container\">\n\t\t\t\t\t\t\t\t\t<p>\u00c9levez votre style gr\u00e2ce \u00e0 cette exquise <strong>Anneau d'\u00e9meraude<\/strong> en argent sterling de haute qualit\u00e9. La forme ovale de l'anneau est un atout majeur. <strong>pierre d'\u00e9meraude naturelle<\/strong>L'\u00e9meraude est un symbole de renouveau, d'amour et de croissance, ce qui fait de cette bague un choix id\u00e9al pour des fian\u00e7ailles ou un cadeau sp\u00e9cial pour c\u00e9l\u00e9brer un moment important. Connue pour sa teinte verte captivante, l'\u00e9meraude est un symbole de renouveau, d'amour et de croissance, ce qui fait de cette bague un choix id\u00e9al pour des fian\u00e7ailles ou un cadeau sp\u00e9cial pour c\u00e9l\u00e9brer un moment important.<\/p><p><strong>Caract\u00e9ristiques du produit :<\/strong><\/p><ul><li><strong>Mat\u00e9riau<\/strong>: Fabriqu\u00e9 en argent sterling durable et hypoallerg\u00e9nique, il garantit long\u00e9vit\u00e9 et confort pour un usage quotidien.<\/li><li><strong>Pierre<\/strong>: \u00c9meraude naturelle de taille ovale - vibrante et pleine de vie, offrant une touche d'\u00e9l\u00e9gance \u00e0 toute tenue.<\/li><li><strong>Conception<\/strong>: Un design classique avec une touche de modernit\u00e9, parfait pour ceux qui appr\u00e9cient la beaut\u00e9 intemporelle et la sophistication.<\/li><li><strong>Polyvalent<\/strong>: Que vous recherchiez une bague de fian\u00e7ailles unique ou une pi\u00e8ce d'apparat \u00e0 porter au quotidien, cette bague \u00e0 anneau en \u00e9meraude s'adapte \u00e0 toutes les occasions.<\/li><li><strong>Cadeau id\u00e9al<\/strong>: Un cadeau parfait pour les anniversaires, les fian\u00e7ailles ou un geste sinc\u00e8re envers quelqu'un de sp\u00e9cial.<\/li><\/ul><p>Laissez la riche lueur verte de l'\u00e9meraude vous rappeler la beaut\u00e9 des moments les plus pr\u00e9cieux de la vie. Ne passez pas \u00e0 c\u00f4t\u00e9 de ce bijou \u00e9l\u00e9gant et intemporel. <strong>Anneau d'\u00e9meraude<\/strong> - Commandez le v\u00f4tre d\u00e8s aujourd'hui et rendez chaque moment inoubliable !<\/p>\t\t\t\t\t\t\t\t<\/div>\n\t\t\t\t<\/div>\n\t\t\t\t\t<\/div>\n\t\t\t\t<\/div>\n\t\t\t\t<\/div>","protected":false},"excerpt":{"rendered":"<p><strong>D\u00e9tails du produit :<\/strong><br \/>\nM\u00e9tal : argent 925k<br \/>\nPierre pr\u00e9cieuse : \u00c9meraude brute naturelle<br \/>\nCouleur des pierres : Vert<br \/>\nCouleur du bracelet : or rose, argent<br \/>\nTaille de la bague : Ajustable<br \/>\nDiam\u00e8tre de la pierre : 4*6 mm \/ 3*3 mm<br \/>\nClart\u00e9 : Tr\u00e8s l\u00e9g\u00e8rement incluse<br \/>\nForme : Ovale<br \/>\nCoupe : Brillant mixte<\/p>","protected":false},"featured_media":631,"comment_status":"open","ping_status":"closed","template":"","meta":{"_kad_post_transparent":"","_kad_post_title":"","_kad_post_layout":"","_kad_post_sidebar_id":"","_kad_post_content_style":"","_kad_post_vertical_padding":"","_kad_post_feature":"","_kad_post_feature_position":"","_kad_post_header":false,"_kad_post_footer":false},"product_brand":[],"product_cat":[15,16,17,66,20],"product_tag":[],"class_list":{"0":"post-618","1":"product","2":"type-product","3":"status-publish","4":"has-post-thumbnail","6":"product_cat-rings","7":"product_cat-emerald-ring","8":"product_cat-engagement-ring","9":"product_cat-natural-gemstones-ring","10":"product_cat-oval-ring","12":"first","13":"instock","14":"shipping-taxable","15":"purchasable","16":"product-type-variable","17":"entry","18":"content-bg","19":"loop-entry"},"aioseo_notices":[],"_links":{"self":[{"href":"https:\/\/emeraldsring.com\/fr\/wp-json\/wp\/v2\/product\/618","targetHints":{"allow":["GET"]}}],"collection":[{"href":"https:\/\/emeraldsring.com\/fr\/wp-json\/wp\/v2\/product"}],"about":[{"href":"https:\/\/emeraldsring.com\/fr\/wp-json\/wp\/v2\/types\/product"}],"replies":[{"embeddable":true,"href":"https:\/\/emeraldsring.com\/fr\/wp-json\/wp\/v2\/comments?post=618"}],"version-history":[{"count":10,"href":"https:\/\/emeraldsring.com\/fr\/wp-json\/wp\/v2\/product\/618\/revisions"}],"predecessor-version":[{"id":1500,"href":"https:\/\/emeraldsring.com\/fr\/wp-json\/wp\/v2\/product\/618\/revisions\/1500"}],"wp:featuredmedia":[{"embeddable":true,"href":"https:\/\/emeraldsring.com\/fr\/wp-json\/wp\/v2\/media\/631"}],"wp:attachment":[{"href":"https:\/\/emeraldsring.com\/fr\/wp-json\/wp\/v2\/media?parent=618"}],"wp:term":[{"taxonomy":"product_brand","embeddable":true,"href":"https:\/\/emeraldsring.com\/fr\/wp-json\/wp\/v2\/product_brand?post=618"},{"taxonomy":"product_cat","embeddable":true,"href":"https:\/\/emeraldsring.com\/fr\/wp-json\/wp\/v2\/product_cat?post=618"},{"taxonomy":"product_tag","embeddable":true,"href":"https:\/\/emeraldsring.com\/fr\/wp-json\/wp\/v2\/product_tag?post=618"}],"curies":[{"name":"wp","href":"https:\/\/api.w.org\/{rel}","templated":true}]}}