{"id":661,"date":"2025-02-06T10:30:27","date_gmt":"2025-02-06T05:30:27","guid":{"rendered":"https:\/\/emeraldsring.com\/?post_type=product&#038;p=661"},"modified":"2025-04-28T19:59:31","modified_gmt":"2025-04-28T14:59:31","slug":"emerald-oval-cut-ring-sterling-silver-real-emerald-engagement-ring","status":"publish","type":"product","link":"https:\/\/emeraldsring.com\/fr\/produit\/emerald-oval-cut-ring-sterling-silver-real-emerald-engagement-ring\/","title":{"rendered":"Emerald Oval Cut Ring Bague de fian\u00e7ailles en argent sterling Emerald Real Emerald"},"content":{"rendered":"<div data-elementor-type=\"product-post\" data-elementor-id=\"661\" class=\"elementor elementor-661\" data-elementor-post-type=\"product\">\n\t\t\t\t<div class=\"elementor-element elementor-element-1ddb17d e-flex e-con-boxed e-con e-parent\" data-id=\"1ddb17d\" data-element_type=\"container\">\n\t\t\t\t\t<div class=\"e-con-inner\">\n\t\t<div class=\"elementor-element elementor-element-1af08f7 e-flex e-con-boxed e-con e-child\" data-id=\"1af08f7\" data-element_type=\"container\">\n\t\t\t\t\t<div class=\"e-con-inner\">\n\t\t\t\t<div class=\"elementor-element elementor-element-10aefb8 elementor-widget elementor-widget-video\" data-id=\"10aefb8\" data-element_type=\"widget\" data-settings=\"{&quot;youtube_url&quot;:&quot;https:\\\/\\\/www.youtube.com\\\/watch?v=K4cHhRuwjkk&quot;,&quot;loop&quot;:&quot;yes&quot;,&quot;video_type&quot;:&quot;youtube&quot;,&quot;controls&quot;:&quot;yes&quot;}\" data-widget_type=\"video.default\">\n\t\t\t\t<div class=\"elementor-widget-container\">\n\t\t\t\t\t\t\t<div class=\"elementor-wrapper elementor-open-inline\">\n\t\t\t<div class=\"elementor-video\"><\/div>\t\t<\/div>\n\t\t\t\t\t\t<\/div>\n\t\t\t\t<\/div>\n\t\t\t\t\t<\/div>\n\t\t\t\t<\/div>\n\t\t\t\t<div class=\"elementor-element elementor-element-5afc5ee elementor-widget elementor-widget-text-editor\" data-id=\"5afc5ee\" data-element_type=\"widget\" data-widget_type=\"text-editor.default\">\n\t\t\t\t<div class=\"elementor-widget-container\">\n\t\t\t\t\t\t\t\t\t<h3>Bague de fian\u00e7ailles \u00e9meraude - Bague de fian\u00e7ailles \u00e9meraude v\u00e9ritable en argent sterling<\/h3><p>Laissez-vous s\u00e9duire par la beaut\u00e9 et la sophistication de cette magnifique <strong>Anneau d'\u00e9meraude<\/strong>avec un brillant ovale <strong>\u00e9meraude naturelle<\/strong> en argent sterling de haute qualit\u00e9. Cette pi\u00e8ce exquise est con\u00e7ue pour attirer l'attention gr\u00e2ce \u00e0 son design audacieux et \u00e9l\u00e9gant, ce qui en fait le choix id\u00e9al pour un mariage. <strong>bague de fian\u00e7ailles<\/strong> ou un cadeau pr\u00e9cieux pour une occasion sp\u00e9ciale. Le vert vibrant de l'\u00e9meraude symbolise l'amour, le renouveau et la croissance, apportant \u00e0 la fois beaut\u00e9 et signification \u00e0 votre collection de bijoux.<\/p><p><strong>Caract\u00e9ristiques du produit :<\/strong><\/p><ul><li><strong>Mat\u00e9riau<\/strong>: Fabriqu\u00e9 en argent sterling hypoallerg\u00e9nique de haute qualit\u00e9, il garantit \u00e0 la fois la durabilit\u00e9 et le confort pour un usage quotidien.<\/li><li><strong>Pierre<\/strong>: Une radieuse \u00e9meraude naturelle de taille ovale avec une teinte verte profonde, mettant en valeur la beaut\u00e9 et la raret\u00e9 de cette pierre pr\u00e9cieuse intemporelle.<\/li><li><strong>Conception<\/strong>: Classique et raffin\u00e9e, l'\u00e9meraude de taille ovale est magnifiquement sertie dans un \u00e9l\u00e9gant bracelet en argent, permettant \u00e0 la pierre de briller \u00e0 chaque mouvement. Son \u00e9l\u00e9gante simplicit\u00e9 convient parfaitement aux go\u00fbts modernes et traditionnels.<\/li><li><strong>Parfait pour les fian\u00e7ailles<\/strong>: Un choix significatif pour une bague de fian\u00e7ailles, symbolisant l'amour et l'engagement \u00e9ternels. Cette bague ne manquera pas de conqu\u00e9rir le c\u0153ur de votre partenaire.<\/li><li><strong>Polyvalent et intemporel<\/strong>: Qu'elle soit port\u00e9e comme bague de fian\u00e7ailles ou comme pi\u00e8ce d'apparat, cette bague en \u00e9meraude s'int\u00e8gre parfaitement \u00e0 toute collection, ce qui la rend id\u00e9ale pour un usage quotidien ou pour des occasions sp\u00e9ciales.<\/li><\/ul><p>Laissez-vous s\u00e9duire par la beaut\u00e9 naturelle de cette <strong>Anneau d'\u00e9meraude<\/strong> Le tableau d'honneur est un objet qui brille dans votre vie, apportant de l'\u00e9l\u00e9gance et du sens \u00e0 vos moments les plus pr\u00e9cieux. N'attendez pas - procurez-vous cette pi\u00e8ce intemporelle d\u00e8s aujourd'hui et faites une impression durable !<\/p>\t\t\t\t\t\t\t\t<\/div>\n\t\t\t\t<\/div>\n\t\t\t\t\t<\/div>\n\t\t\t\t<\/div>\n\t\t\t\t<\/div>","protected":false},"excerpt":{"rendered":"<p><strong>D\u00e9tails du produit :<\/strong><br \/>\nM\u00e9tal : argent 925k<br \/>\nPierre pr\u00e9cieuse : \u00c9meraude brute naturelle<br \/>\nCouleur des pierres : Vert<br \/>\nCouleur du bracelet : or blanc<br \/>\nTaille de la bague : Ajustable<br \/>\nDiam\u00e8tre de la pierre : 8\u00d76 mm<br \/>\nClart\u00e9 : Tr\u00e8s l\u00e9g\u00e8rement incluse<br \/>\nForme : Ovale<br \/>\nCoupe : Brillant mixte<\/p>","protected":false},"featured_media":1307,"comment_status":"open","ping_status":"closed","template":"","meta":{"_kad_post_transparent":"","_kad_post_title":"","_kad_post_layout":"","_kad_post_sidebar_id":"","_kad_post_content_style":"","_kad_post_vertical_padding":"","_kad_post_feature":"","_kad_post_feature_position":"","_kad_post_header":false,"_kad_post_footer":false},"product_brand":[],"product_cat":[17,66,20,15,69],"product_tag":[],"class_list":{"0":"post-661","1":"product","2":"type-product","3":"status-publish","4":"has-post-thumbnail","6":"product_cat-engagement-ring","7":"product_cat-natural-gemstones-ring","8":"product_cat-oval-ring","9":"product_cat-rings","10":"product_cat-solitaire","12":"first","13":"instock","14":"shipping-taxable","15":"purchasable","16":"product-type-simple","17":"entry","18":"content-bg","19":"loop-entry"},"aioseo_notices":[],"_links":{"self":[{"href":"https:\/\/emeraldsring.com\/fr\/wp-json\/wp\/v2\/product\/661","targetHints":{"allow":["GET"]}}],"collection":[{"href":"https:\/\/emeraldsring.com\/fr\/wp-json\/wp\/v2\/product"}],"about":[{"href":"https:\/\/emeraldsring.com\/fr\/wp-json\/wp\/v2\/types\/product"}],"replies":[{"embeddable":true,"href":"https:\/\/emeraldsring.com\/fr\/wp-json\/wp\/v2\/comments?post=661"}],"version-history":[{"count":11,"href":"https:\/\/emeraldsring.com\/fr\/wp-json\/wp\/v2\/product\/661\/revisions"}],"predecessor-version":[{"id":1308,"href":"https:\/\/emeraldsring.com\/fr\/wp-json\/wp\/v2\/product\/661\/revisions\/1308"}],"wp:featuredmedia":[{"embeddable":true,"href":"https:\/\/emeraldsring.com\/fr\/wp-json\/wp\/v2\/media\/1307"}],"wp:attachment":[{"href":"https:\/\/emeraldsring.com\/fr\/wp-json\/wp\/v2\/media?parent=661"}],"wp:term":[{"taxonomy":"product_brand","embeddable":true,"href":"https:\/\/emeraldsring.com\/fr\/wp-json\/wp\/v2\/product_brand?post=661"},{"taxonomy":"product_cat","embeddable":true,"href":"https:\/\/emeraldsring.com\/fr\/wp-json\/wp\/v2\/product_cat?post=661"},{"taxonomy":"product_tag","embeddable":true,"href":"https:\/\/emeraldsring.com\/fr\/wp-json\/wp\/v2\/product_tag?post=661"}],"curies":[{"name":"wp","href":"https:\/\/api.w.org\/{rel}","templated":true}]}}