{"id":669,"date":"2025-02-06T10:54:05","date_gmt":"2025-02-06T05:54:05","guid":{"rendered":"https:\/\/emeraldsring.com\/?post_type=product&#038;p=669"},"modified":"2025-04-28T19:59:26","modified_gmt":"2025-04-28T14:59:26","slug":"natural-emerald-ring-925-sterling-silver-emerald-wedding-rings","status":"publish","type":"product","link":"https:\/\/emeraldsring.com\/fr\/produit\/natural-emerald-ring-925-sterling-silver-emerald-wedding-rings\/","title":{"rendered":"Bague en argent 925 Emeraude naturelle Bagues de mariage en argent 925 Emeraude"},"content":{"rendered":"<div data-elementor-type=\"product-post\" data-elementor-id=\"669\" class=\"elementor elementor-669\" data-elementor-post-type=\"product\">\n\t\t\t\t<div class=\"elementor-element elementor-element-6430e29 e-flex e-con-boxed e-con e-parent\" data-id=\"6430e29\" data-element_type=\"container\" data-e-type=\"container\">\n\t\t\t\t\t<div class=\"e-con-inner\">\n\t\t<div class=\"elementor-element elementor-element-9281524 e-con-full e-flex e-con e-child\" data-id=\"9281524\" data-element_type=\"container\" data-e-type=\"container\">\n\t\t\t\t<div class=\"elementor-element elementor-element-2ea63bd elementor-widget elementor-widget-video\" data-id=\"2ea63bd\" data-element_type=\"widget\" data-e-type=\"widget\" data-settings=\"{&quot;youtube_url&quot;:&quot;https:\\\/\\\/www.youtube.com\\\/watch?v=VZxuqZDJxRs&quot;,&quot;video_type&quot;:&quot;youtube&quot;,&quot;controls&quot;:&quot;yes&quot;}\" data-widget_type=\"video.default\">\n\t\t\t\t<div class=\"elementor-widget-container\">\n\t\t\t\t\t\t\t<div class=\"elementor-wrapper elementor-open-inline\">\n\t\t\t<div class=\"elementor-video\"><\/div>\t\t<\/div>\n\t\t\t\t\t\t<\/div>\n\t\t\t\t<\/div>\n\t\t\t\t<\/div>\n\t\t\t\t<div class=\"elementor-element elementor-element-c60ec35 elementor-widget elementor-widget-text-editor\" data-id=\"c60ec35\" data-element_type=\"widget\" data-e-type=\"widget\" data-widget_type=\"text-editor.default\">\n\t\t\t\t<div class=\"elementor-widget-container\">\n\t\t\t\t\t\t\t\t\t<p>C\u00e9l\u00e9brez l'amour \u00e9ternel avec cette exquise <strong>Anneau d'\u00e9meraude<\/strong>Cette bague a \u00e9t\u00e9 r\u00e9alis\u00e9e en argent 925 luxueux. Cette bague, orn\u00e9e d'une \u00e9meraude naturelle \u00e9blouissante, est le choix id\u00e9al pour un mariage. <strong>alliance de mariage<\/strong>Il s'agit d'une bague de fian\u00e7ailles ou d'un cadeau significatif \u00e0 ch\u00e9rir pour toujours. Le vert riche de l'\u00e9meraude symbolise la croissance, l'amour et la vitalit\u00e9, ce qui en fait une pi\u00e8ce intemporelle qui vous rappellera toujours les plus beaux moments de la vie.<\/p><p><strong>Caract\u00e9ristiques du produit :<\/strong><\/p><ul><li><strong>Mat\u00e9riau<\/strong>: Fabriqu\u00e9 de mani\u00e8re experte en argent sterling 925, il garantit la durabilit\u00e9, le confort et une brillance durable. La base parfaite pour mettre en valeur la pierre d'\u00e9meraude vibrante.<\/li><li><strong>Pierre<\/strong>: V\u00e9ritable \u00e9meraude naturelle, soigneusement s\u00e9lectionn\u00e9e pour sa teinte verte et sa clart\u00e9. L'\u00e9clat de la pierre pr\u00e9cieuse est rehauss\u00e9 par l'\u00e9l\u00e9gante monture, qui en fait le point central de la cr\u00e9ation.<\/li><li><strong>Conception<\/strong>: D'un design \u00e0 la fois classique et moderne, l'\u00e9meraude est magnifiquement sertie dans le bracelet en argent sterling, ce qui lui conf\u00e8re un aspect sophistiqu\u00e9 et \u00e9l\u00e9gant. Son attrait intemporel lui permet de convenir \u00e0 toutes les occasions.<\/li><li><strong>Parfait pour les mariages<\/strong>: Une parfaite <strong>alliance de mariage<\/strong> pour repr\u00e9senter votre amour et votre engagement. Le vert profond de l'\u00e9meraude incarne l'harmonie et la croissance, ce qui en fait un symbole inoubliable de votre voyage \u00e0 deux.<\/li><li><strong>Beaut\u00e9 polyvalente<\/strong>: Qu'il soit port\u00e9 au quotidien ou lors d'occasions sp\u00e9ciales, ce <strong>Anneau d'\u00e9meraude<\/strong> ajoute une touche de luxe et d'\u00e9l\u00e9gance \u00e0 tout ensemble. Son design sobre s'associe parfaitement \u00e0 toutes les tenues, qu'elles soient d\u00e9contract\u00e9es ou habill\u00e9es.<\/li><\/ul><p>Cette magnifique <strong>Anneau d'\u00e9meraude<\/strong> est plus qu'un simple bijou ; c'est un symbole d'amour, de vitalit\u00e9 et d'engagement qui sera ch\u00e9ri toute une vie. Ne manquez pas la chance de poss\u00e9der cette pi\u00e8ce intemporelle - commandez aujourd'hui et c\u00e9l\u00e9brez vos moments sp\u00e9ciaux avec une \u00e9l\u00e9gance in\u00e9gal\u00e9e.<\/p>\t\t\t\t\t\t\t\t<\/div>\n\t\t\t\t<\/div>\n\t\t\t\t\t<\/div>\n\t\t\t\t<\/div>\n\t\t\t\t<\/div>","protected":false},"excerpt":{"rendered":"<p><strong>D\u00e9tails du produit :<\/strong><br \/>\nM\u00e9tal : argent 925k<br \/>\nPierre pr\u00e9cieuse : \u00c9meraude brute naturelle<br \/>\nCouleur des pierres : Vert<br \/>\nCouleur du bracelet : or blanc<br \/>\nTaille de la bague : Ajustable<br \/>\nDiam\u00e8tre de la pierre : 8*6 mm<br \/>\nClart\u00e9 : Tr\u00e8s l\u00e9g\u00e8rement incluse<br \/>\nForme : Ovale<br \/>\nCoupe : Brillant mixte<\/p>\n<div id=\"gtx-trans\" style=\"position: absolute; left: 61px; top: 183px;\">\n<div class=\"gtx-trans-icon\"><\/div>\n<\/div>","protected":false},"featured_media":1313,"comment_status":"open","ping_status":"closed","template":"","meta":{"_kad_post_transparent":"","_kad_post_title":"","_kad_post_layout":"","_kad_post_sidebar_id":"","_kad_post_content_style":"","_kad_post_vertical_padding":"","_kad_post_feature":"","_kad_post_feature_position":"","_kad_post_header":false,"_kad_post_footer":false},"product_brand":[],"product_cat":[16,17,70,77,66,20,15],"product_tag":[],"class_list":{"0":"post-669","1":"product","2":"type-product","3":"status-publish","4":"has-post-thumbnail","6":"product_cat-emerald-ring","7":"product_cat-engagement-ring","8":"product_cat-halo-ring","9":"product_cat-lady-diana","10":"product_cat-natural-gemstones-ring","11":"product_cat-oval-ring","12":"product_cat-rings","14":"first","15":"instock","16":"shipping-taxable","17":"purchasable","18":"product-type-simple","19":"entry","20":"content-bg","21":"loop-entry"},"aioseo_notices":[],"_links":{"self":[{"href":"https:\/\/emeraldsring.com\/fr\/wp-json\/wp\/v2\/product\/669","targetHints":{"allow":["GET"]}}],"collection":[{"href":"https:\/\/emeraldsring.com\/fr\/wp-json\/wp\/v2\/product"}],"about":[{"href":"https:\/\/emeraldsring.com\/fr\/wp-json\/wp\/v2\/types\/product"}],"replies":[{"embeddable":true,"href":"https:\/\/emeraldsring.com\/fr\/wp-json\/wp\/v2\/comments?post=669"}],"version-history":[{"count":8,"href":"https:\/\/emeraldsring.com\/fr\/wp-json\/wp\/v2\/product\/669\/revisions"}],"predecessor-version":[{"id":1315,"href":"https:\/\/emeraldsring.com\/fr\/wp-json\/wp\/v2\/product\/669\/revisions\/1315"}],"wp:featuredmedia":[{"embeddable":true,"href":"https:\/\/emeraldsring.com\/fr\/wp-json\/wp\/v2\/media\/1313"}],"wp:attachment":[{"href":"https:\/\/emeraldsring.com\/fr\/wp-json\/wp\/v2\/media?parent=669"}],"wp:term":[{"taxonomy":"product_brand","embeddable":true,"href":"https:\/\/emeraldsring.com\/fr\/wp-json\/wp\/v2\/product_brand?post=669"},{"taxonomy":"product_cat","embeddable":true,"href":"https:\/\/emeraldsring.com\/fr\/wp-json\/wp\/v2\/product_cat?post=669"},{"taxonomy":"product_tag","embeddable":true,"href":"https:\/\/emeraldsring.com\/fr\/wp-json\/wp\/v2\/product_tag?post=669"}],"curies":[{"name":"wp","href":"https:\/\/api.w.org\/{rel}","templated":true}]}}