{"id":687,"date":"2025-02-06T11:36:34","date_gmt":"2025-02-06T06:36:34","guid":{"rendered":"https:\/\/emeraldsring.com\/?post_type=product&#038;p=687"},"modified":"2025-04-28T19:59:20","modified_gmt":"2025-04-28T14:59:20","slug":"natural-emerald-ring-emerald-engagement-ring-jewelry-gemstone-ring","status":"publish","type":"product","link":"https:\/\/emeraldsring.com\/fr\/produit\/natural-emerald-ring-emerald-engagement-ring-jewelry-gemstone-ring\/","title":{"rendered":"Bague de diamant en \u00e9meraude naturelle Bague de fian\u00e7ailles en \u00e9meraude Bague en pierre pr\u00e9cieuse"},"content":{"rendered":"<div data-elementor-type=\"product-post\" data-elementor-id=\"687\" class=\"elementor elementor-687\" data-elementor-post-type=\"product\">\n\t\t\t\t<div class=\"elementor-element elementor-element-dc2c7bd e-flex e-con-boxed e-con e-parent\" data-id=\"dc2c7bd\" data-element_type=\"container\" data-e-type=\"container\">\n\t\t\t\t\t<div class=\"e-con-inner\">\n\t\t<div class=\"elementor-element elementor-element-e12ea1d e-con-full e-flex e-con e-child\" data-id=\"e12ea1d\" data-element_type=\"container\" data-e-type=\"container\">\n\t\t\t\t<div class=\"elementor-element elementor-element-afc401b elementor-widget elementor-widget-video\" data-id=\"afc401b\" data-element_type=\"widget\" data-e-type=\"widget\" data-settings=\"{&quot;youtube_url&quot;:&quot;https:\\\/\\\/www.youtube.com\\\/watch?v=yLprattVis8&quot;,&quot;loop&quot;:&quot;yes&quot;,&quot;video_type&quot;:&quot;youtube&quot;,&quot;controls&quot;:&quot;yes&quot;}\" data-widget_type=\"video.default\">\n\t\t\t\t<div class=\"elementor-widget-container\">\n\t\t\t\t\t\t\t<div class=\"elementor-wrapper elementor-open-inline\">\n\t\t\t<div class=\"elementor-video\"><\/div>\t\t<\/div>\n\t\t\t\t\t\t<\/div>\n\t\t\t\t<\/div>\n\t\t\t\t<\/div>\n\t\t\t\t<div class=\"elementor-element elementor-element-b8c7be0 elementor-widget elementor-widget-text-editor\" data-id=\"b8c7be0\" data-element_type=\"widget\" data-e-type=\"widget\" data-widget_type=\"text-editor.default\">\n\t\t\t\t<div class=\"elementor-widget-container\">\n\t\t\t\t\t\t\t\t\t<p>Rendez votre histoire d'amour inoubliable gr\u00e2ce \u00e0 cette exquise <strong>Anneau d'\u00e9meraude<\/strong>Ce bracelet est compos\u00e9 d'une \u00e9meraude naturelle captivante sertie dans un anneau magnifiquement travaill\u00e9. Connue pour sa teinte verte profonde et vibrante, l'\u00e9meraude est un symbole d'amour, de renouveau et d'harmonie, ce qui en fait la pierre pr\u00e9cieuse id\u00e9ale pour un mariage. <strong>bague de fian\u00e7ailles<\/strong> qui durera toute une vie. Que vous c\u00e9l\u00e9briez un moment sp\u00e9cial ou que vous cherchiez \u00e0 poser la question, cette <strong>Bague de fian\u00e7ailles \u00e9meraude<\/strong> ne manquera pas de laisser une impression durable.<\/p><p><strong>Caract\u00e9ristiques du produit :<\/strong><\/p><ul><li><strong>Mat\u00e9riau<\/strong>: La pierre d'\u00e9meraude est mise en valeur par un m\u00e9tal de haute qualit\u00e9 (choisissez l'option que vous pr\u00e9f\u00e9rez), offrant un \u00e9quilibre parfait entre durabilit\u00e9 et \u00e9l\u00e9gance.<\/li><li><strong>Pierre<\/strong>: Une v\u00e9ritable \u00e9meraude naturelle, soigneusement s\u00e9lectionn\u00e9e pour sa couleur verte vive et sa clart\u00e9 frappante. La riche pierre d'\u00e9meraude est la pi\u00e8ce ma\u00eetresse de cette bague, exsudant \u00e0 la fois la beaut\u00e9 et la sophistication.<\/li><li><strong>Conception<\/strong>: Un design classique et raffin\u00e9 qui permet \u00e0 l'\u00e9meraude de briller. Sa simplicit\u00e9 et son \u00e9l\u00e9gance en font le choix id\u00e9al pour un environnement moderne. <strong>bague de fian\u00e7ailles<\/strong> ou un superbe compl\u00e9ment \u00e0 toute collection de bijoux.<\/li><li><strong>Symbole de l'amour<\/strong>: L'\u00e9meraude est un symbole de renouveau, de loyaut\u00e9 et d'amour \u00e9ternel, ce qui fait de cette bague une pi\u00e8ce significative pour symboliser votre engagement.<\/li><li><strong>Parfait pour les fian\u00e7ailles<\/strong>: Cette <strong>Bague de fian\u00e7ailles \u00e9meraude<\/strong> est id\u00e9al pour ceux qui recherchent une fa\u00e7on unique, significative et magnifique de demander une vie d'amour. C'est une pi\u00e8ce remarquable qui fera chavirer le c\u0153ur de votre partenaire.<\/li><\/ul><p>C\u00e9l\u00e9brez votre amour avec cet extraordinaire <strong>Anneau d'\u00e9meraude<\/strong>Cette pi\u00e8ce est une expression \u00e9tonnante de la beaut\u00e9 et de la signification \u00e9motionnelle profonde. Commandez aujourd'hui et rendez chaque moment m\u00e9morable avec cette pi\u00e8ce intemporelle !<\/p>\t\t\t\t\t\t\t\t<\/div>\n\t\t\t\t<\/div>\n\t\t\t\t\t<\/div>\n\t\t\t\t<\/div>\n\t\t\t\t<\/div>","protected":false},"excerpt":{"rendered":"<p><strong>D\u00e9tails du produit :<\/strong><br \/>\nM\u00e9tal : argent 925k<br \/>\nPierre pr\u00e9cieuse : \u00c9meraude brute naturelle<br \/>\nCouleur des pierres : Vert<br \/>\nCouleur du bracelet : or blanc<br \/>\nTaille de la bague : Ajustable<br \/>\nDiam\u00e8tre de la pierre : 8\u00d76 mm<br \/>\nClart\u00e9 : Tr\u00e8s l\u00e9g\u00e8rement incluse<br \/>\nForme : Ovale<br \/>\nCoupe : Brillant mixte<\/p>\n<div id=\"gtx-trans\" style=\"position: absolute; left: 71px; top: 183px;\">\n<div class=\"gtx-trans-icon\"><\/div>\n<\/div>","protected":false},"featured_media":1326,"comment_status":"open","ping_status":"closed","template":"","meta":{"_kad_post_transparent":"","_kad_post_title":"","_kad_post_layout":"","_kad_post_sidebar_id":"","_kad_post_content_style":"","_kad_post_vertical_padding":"","_kad_post_feature":"","_kad_post_feature_position":"","_kad_post_header":false,"_kad_post_footer":false},"product_brand":[],"product_cat":[16,17,70,77,66,20,15,69],"product_tag":[],"class_list":{"0":"post-687","1":"product","2":"type-product","3":"status-publish","4":"has-post-thumbnail","6":"product_cat-emerald-ring","7":"product_cat-engagement-ring","8":"product_cat-halo-ring","9":"product_cat-lady-diana","10":"product_cat-natural-gemstones-ring","11":"product_cat-oval-ring","12":"product_cat-rings","13":"product_cat-solitaire","15":"first","16":"instock","17":"shipping-taxable","18":"purchasable","19":"product-type-simple","20":"entry","21":"content-bg","22":"loop-entry"},"aioseo_notices":[],"_links":{"self":[{"href":"https:\/\/emeraldsring.com\/fr\/wp-json\/wp\/v2\/product\/687","targetHints":{"allow":["GET"]}}],"collection":[{"href":"https:\/\/emeraldsring.com\/fr\/wp-json\/wp\/v2\/product"}],"about":[{"href":"https:\/\/emeraldsring.com\/fr\/wp-json\/wp\/v2\/types\/product"}],"replies":[{"embeddable":true,"href":"https:\/\/emeraldsring.com\/fr\/wp-json\/wp\/v2\/comments?post=687"}],"version-history":[{"count":9,"href":"https:\/\/emeraldsring.com\/fr\/wp-json\/wp\/v2\/product\/687\/revisions"}],"predecessor-version":[{"id":1328,"href":"https:\/\/emeraldsring.com\/fr\/wp-json\/wp\/v2\/product\/687\/revisions\/1328"}],"wp:featuredmedia":[{"embeddable":true,"href":"https:\/\/emeraldsring.com\/fr\/wp-json\/wp\/v2\/media\/1326"}],"wp:attachment":[{"href":"https:\/\/emeraldsring.com\/fr\/wp-json\/wp\/v2\/media?parent=687"}],"wp:term":[{"taxonomy":"product_brand","embeddable":true,"href":"https:\/\/emeraldsring.com\/fr\/wp-json\/wp\/v2\/product_brand?post=687"},{"taxonomy":"product_cat","embeddable":true,"href":"https:\/\/emeraldsring.com\/fr\/wp-json\/wp\/v2\/product_cat?post=687"},{"taxonomy":"product_tag","embeddable":true,"href":"https:\/\/emeraldsring.com\/fr\/wp-json\/wp\/v2\/product_tag?post=687"}],"curies":[{"name":"wp","href":"https:\/\/api.w.org\/{rel}","templated":true}]}}